{"id":120,"date":"2024-08-28T08:31:14","date_gmt":"2024-08-28T11:31:14","guid":{"rendered":"http:\/\/150.164.63.212:9000\/portal-novo\/?page_id=120"},"modified":"2025-07-29T15:40:59","modified_gmt":"2025-07-29T18:40:59","slug":"onibus","status":"publish","type":"page","link":"http:\/\/150.164.63.212:9000\/portal-novo-dev\/onibus\/","title":{"rendered":"\u00d4nibus Interno"},"content":{"rendered":"\n<h2 class=\"wp-block-heading\">Linha de \u00f4nibus para moradias universit\u00e1rias<\/h2>\n\n\n\n<p>As moradias universit\u00e1rias Ouro Preto I, II e III, em Belo Horizonte, disponibilizam para os estudantes moradores linha exclusiva de \u00f4nibus para o campus Pampulha da UFMG. Tamb\u00e9m em Montes Claros, \u00e9 oferecida linha que interliga a moradia universit\u00e1ria da UFMG ao campus do ICA.<\/p>\n\n\n\n<p>O transporte \u00e9 gratuito e funciona de segunda a sexta-feira. Os \u00f4nibus s\u00e3o equipados com elevadores para atender cadeirantes.<\/p>\n\n\n\n<p><strong>Informa\u00e7\u00f5es:<\/strong><br>Telefone 3498\u20132573 e e-mail:&nbsp;<a href=\"mailto:moradia@fump.ufmg.br\">moradia@fump.ufmg.br<\/a><br>Informe-se sobre os quadros de hor\u00e1rios.<\/p>\n\n\n\n<hr class=\"wp-block-separator has-alpha-channel-opacity\"\/>\n\n\n\n<h2 class=\"wp-block-heading\">Divis\u00e3o de Transportes<\/h2>\n\n\n\n<p>Informa\u00e7\u00f5es, reclama\u00e7\u00f5es, d\u00favidas e sugest\u00f5es<br><strong>Telefones:<\/strong>&nbsp;3409\u20134601, 3409\u20134606<br><strong>E-mail:<\/strong>&nbsp;<a href=\"mailto:sfrota@dsg.ufmg.br\">sfrota@dsg.ufmg.br<\/a><\/p>\n","protected":false},"excerpt":{"rendered":"<p>Linha de \u00f4nibus para moradias universit\u00e1rias As moradias universit\u00e1rias Ouro Preto I, II e III, em Belo Horizonte, disponibilizam para os estudantes moradores linha exclusiva de \u00f4nibus para o campus Pampulha da UFMG. Tamb\u00e9m em Montes Claros, \u00e9 oferecida linha que interliga a moradia universit\u00e1ria da UFMG ao campus do ICA. O transporte \u00e9 gratuito [&hellip;]<\/p>\n","protected":false},"author":1,"featured_media":0,"parent":0,"menu_order":0,"comment_status":"closed","ping_status":"closed","template":"page-templates\/page-bus_line.php","meta":{"_acf_changed":false,"footnotes":""},"class_list":["post-120","page","type-page","status-publish","hentry"],"acf":[],"_links":{"self":[{"href":"http:\/\/150.164.63.212:9000\/portal-novo-dev\/wp-json\/wp\/v2\/pages\/120","targetHints":{"allow":["GET"]}}],"collection":[{"href":"http:\/\/150.164.63.212:9000\/portal-novo-dev\/wp-json\/wp\/v2\/pages"}],"about":[{"href":"http:\/\/150.164.63.212:9000\/portal-novo-dev\/wp-json\/wp\/v2\/types\/page"}],"author":[{"embeddable":true,"href":"http:\/\/150.164.63.212:9000\/portal-novo-dev\/wp-json\/wp\/v2\/users\/1"}],"replies":[{"embeddable":true,"href":"http:\/\/150.164.63.212:9000\/portal-novo-dev\/wp-json\/wp\/v2\/comments?post=120"}],"version-history":[{"count":0,"href":"http:\/\/150.164.63.212:9000\/portal-novo-dev\/wp-json\/wp\/v2\/pages\/120\/revisions"}],"wp:attachment":[{"href":"http:\/\/150.164.63.212:9000\/portal-novo-dev\/wp-json\/wp\/v2\/media?parent=120"}],"curies":[{"name":"wp","href":"https:\/\/api.w.org\/{rel}","templated":true}]}}