{"id":158,"date":"2024-09-13T09:30:55","date_gmt":"2024-09-13T12:30:55","guid":{"rendered":"http:\/\/150.164.63.212:9000\/portal-novo\/?page_id=158"},"modified":"2025-07-18T14:26:44","modified_gmt":"2025-07-18T17:26:44","slug":"linha-do-tempo","status":"publish","type":"page","link":"http:\/\/150.164.63.212:9000\/portal-novo-dev\/a-universidade\/linha-do-tempo\/","title":{"rendered":"Linha do Tempo"},"content":{"rendered":"\n<p>Mais antiga universidade de Minas Gerais, a origem da UFMG se entrela\u00e7a com a hist\u00f3ria das primeiras institui\u00e7\u00f5es de ensino superior do Estado. Ela foi criada em 7 de setembro de 1927 com o nome Universidade de Minas Gerais (UMG) &#8211; uma institui\u00e7\u00e3o privada e subsidiada pelo Estado.<br><br>Sua funda\u00e7\u00e3o decorreu da uni\u00e3o entre quatro escolas de n\u00edvel superior que ent\u00e3o existiam em Belo Horizonte: a Faculdade de Direito (criada em 1892 em Ouro Preto e transferida para a atual capital em 1898), a Escola Livre de Odontologia (1907), a Faculdade de Medicina (1911) e a Escola de Engenharia (1911).<br><br>Na segunda metade dos anos 1940, a UMG ampliou-se consideravelmente, no plano acad\u00eamico, com a incorpora\u00e7\u00e3o de diversas escolas livres criadas\u00a0em Belo Horizonte, posteriormente \u00e0 funda\u00e7\u00e3o da Universidade: a de Arquitetura, em 1946, e as Escolas Livres de Filosofia, Ci\u00eancias e Letras e de Ci\u00eancias Econ\u00f4micas e Administrativas, em 1948. Em 1949, houve a federaliza\u00e7\u00e3o da UMG, mas seu nome e sua sigla permaneceram inalterados.<br><br>Em 1950, ocorreu a incorpora\u00e7\u00e3o da Escola de Enfermagem. Nos anos de 1960, a UMG sofreria profundas transforma\u00e7\u00f5es. Na primeira metade da d\u00e9cada, teve um expressivo programa de expans\u00e3o, com a incorpora\u00e7\u00e3o da Escola de Veterin\u00e1ria, em 1961, do Conservat\u00f3rio Mineiro de M\u00fasica \u2013 que daria origem \u00e0 Escola de M\u00fasica \u2013, em 1962, da Escola de Biblioteconomia \u2013 a atual Escola de Ci\u00eancia da Informa\u00e7\u00e3o \u2013, em 1963, e, no mesmo ano, a cria\u00e7\u00e3o da Escola de Belas Artes.<br><br>Adotando o nome Universidade Federal de Minas Gerais, a partir de 1965, por determina\u00e7\u00e3o do Governo Federal, a institui\u00e7\u00e3o passa a ser pessoa jur\u00eddica de direito p\u00fablico, de ensino gratuito, mantida pela Uni\u00e3o, dotada de autonomia did\u00e1tico-cient\u00edfica, administrativa, disciplinar e de gest\u00e3o financeira e patrimonial.<\/p>\n","protected":false},"excerpt":{"rendered":"<p>Mais antiga universidade de Minas Gerais, a origem da UFMG se entrela\u00e7a com a hist\u00f3ria das primeiras institui\u00e7\u00f5es de ensino superior do Estado. Ela foi criada em 7 de setembro de 1927 com o nome Universidade de Minas Gerais (UMG) &#8211; uma institui\u00e7\u00e3o privada e subsidiada pelo Estado. Sua funda\u00e7\u00e3o decorreu da uni\u00e3o entre quatro [&hellip;]<\/p>\n","protected":false},"author":1,"featured_media":3183,"parent":2918,"menu_order":0,"comment_status":"closed","ping_status":"closed","template":"page-templates\/page-timeline.php","meta":{"_acf_changed":false,"footnotes":""},"class_list":["post-158","page","type-page","status-publish","has-post-thumbnail","hentry"],"acf":[],"_links":{"self":[{"href":"http:\/\/150.164.63.212:9000\/portal-novo-dev\/wp-json\/wp\/v2\/pages\/158","targetHints":{"allow":["GET"]}}],"collection":[{"href":"http:\/\/150.164.63.212:9000\/portal-novo-dev\/wp-json\/wp\/v2\/pages"}],"about":[{"href":"http:\/\/150.164.63.212:9000\/portal-novo-dev\/wp-json\/wp\/v2\/types\/page"}],"author":[{"embeddable":true,"href":"http:\/\/150.164.63.212:9000\/portal-novo-dev\/wp-json\/wp\/v2\/users\/1"}],"replies":[{"embeddable":true,"href":"http:\/\/150.164.63.212:9000\/portal-novo-dev\/wp-json\/wp\/v2\/comments?post=158"}],"version-history":[{"count":0,"href":"http:\/\/150.164.63.212:9000\/portal-novo-dev\/wp-json\/wp\/v2\/pages\/158\/revisions"}],"up":[{"embeddable":true,"href":"http:\/\/150.164.63.212:9000\/portal-novo-dev\/wp-json\/wp\/v2\/pages\/2918"}],"wp:featuredmedia":[{"embeddable":true,"href":"http:\/\/150.164.63.212:9000\/portal-novo-dev\/wp-json\/wp\/v2\/media\/3183"}],"wp:attachment":[{"href":"http:\/\/150.164.63.212:9000\/portal-novo-dev\/wp-json\/wp\/v2\/media?parent=158"}],"curies":[{"name":"wp","href":"https:\/\/api.w.org\/{rel}","templated":true}]}}