{"id":2643,"date":"2025-05-06T08:42:29","date_gmt":"2025-05-06T11:42:29","guid":{"rendered":"http:\/\/localhost\/portal-ufmg\/?page_id=2250"},"modified":"2025-08-07T14:13:34","modified_gmt":"2025-08-07T17:13:34","slug":"comunicacao","status":"publish","type":"page","link":"http:\/\/150.164.63.212:9000\/portal-novo-dev\/comunicacao\/","title":{"rendered":"Comunica\u00e7\u00e3o"},"content":{"rendered":"\n<p>O Centro de Comunica\u00e7\u00e3o da UFMG (Cedecom) \u00e9 a principal estrutura de comunica\u00e7\u00e3o institucional da Universidade, \u00f3rg\u00e3o auxiliar da Reitoria da UFMG, e tem entre suas atribui\u00e7\u00f5es contribuir para que os programas, projetos e a\u00e7\u00f5es da UFMG nas \u00e1reas de ensino, pesquisa e extens\u00e3o se tornem conhecidos pela sociedade e zelar pela imagem institucional.<\/p>\n\n\n\n<p>Para atingir seus objetivos institucionais, o Cedecom atua por meio de suas m\u00eddias e servi\u00e7os oferecidos \u00e0 comunidade acad\u00eamica, em uma perspectiva integrada.<\/p>\n","protected":false},"excerpt":{"rendered":"<p>O Centro de Comunica\u00e7\u00e3o da UFMG (Cedecom) \u00e9 a principal estrutura de comunica\u00e7\u00e3o institucional da Universidade, \u00f3rg\u00e3o auxiliar da Reitoria da UFMG, e tem entre suas atribui\u00e7\u00f5es contribuir para que os programas, projetos e a\u00e7\u00f5es da UFMG nas \u00e1reas de ensino, pesquisa e extens\u00e3o se tornem conhecidos pela sociedade e zelar pela imagem institucional. Para [&hellip;]<\/p>\n","protected":false},"author":1,"featured_media":0,"parent":0,"menu_order":0,"comment_status":"closed","ping_status":"closed","template":"page-templates\/page-communication.php","meta":{"_acf_changed":false,"footnotes":""},"class_list":["post-2643","page","type-page","status-publish","hentry"],"acf":[],"_links":{"self":[{"href":"http:\/\/150.164.63.212:9000\/portal-novo-dev\/wp-json\/wp\/v2\/pages\/2643","targetHints":{"allow":["GET"]}}],"collection":[{"href":"http:\/\/150.164.63.212:9000\/portal-novo-dev\/wp-json\/wp\/v2\/pages"}],"about":[{"href":"http:\/\/150.164.63.212:9000\/portal-novo-dev\/wp-json\/wp\/v2\/types\/page"}],"author":[{"embeddable":true,"href":"http:\/\/150.164.63.212:9000\/portal-novo-dev\/wp-json\/wp\/v2\/users\/1"}],"replies":[{"embeddable":true,"href":"http:\/\/150.164.63.212:9000\/portal-novo-dev\/wp-json\/wp\/v2\/comments?post=2643"}],"version-history":[{"count":0,"href":"http:\/\/150.164.63.212:9000\/portal-novo-dev\/wp-json\/wp\/v2\/pages\/2643\/revisions"}],"wp:attachment":[{"href":"http:\/\/150.164.63.212:9000\/portal-novo-dev\/wp-json\/wp\/v2\/media?parent=2643"}],"curies":[{"name":"wp","href":"https:\/\/api.w.org\/{rel}","templated":true}]}}