{"id":2918,"date":"2025-06-17T13:15:27","date_gmt":"2025-06-17T16:15:27","guid":{"rendered":"http:\/\/150.164.63.212:9000\/portal-novo-dev\/?page_id=2918"},"modified":"2025-11-18T10:00:49","modified_gmt":"2025-11-18T13:00:49","slug":"a-universidade","status":"publish","type":"page","link":"http:\/\/150.164.63.212:9000\/portal-novo-dev\/a-universidade\/","title":{"rendered":"A Universidade"},"content":{"rendered":"\n<p>Localizada na Regi\u00e3o Sudeste, a Universidade Federal de Minas Gerais, conhecida como UFMG, \u00e9 uma institui\u00e7\u00e3o p\u00fablica de ensino superior gratuito, sendo a universidade mais antiga do estado de Minas Gerais. Fundada em 7 de setembro de 1927, com o nome de Universidade de Minas Gerais (UMG), ap\u00f3s quase um s\u00e9culo, a institui\u00e7\u00e3o \u00e9 l\u00edder regional e nacional em ensino, extens\u00e3o, cultura, pesquisa cient\u00edfica e gera\u00e7\u00e3o de patentes em diversas \u00e1reas do conhecimento.<br><br>A comunidade da UFMG re\u00fane mais de 50 mil pessoas nas cidades de Belo Horizonte, Montes Claros, Diamantina e Tiradentes, que se organizam entre 97 cursos de gradua\u00e7\u00e3o, 93 programas de p\u00f3s-gradua\u00e7\u00e3o e mais de 700 n\u00facleos de pesquisa. Desde a cria\u00e7\u00e3o da Universidade, os seus formandos exercem grande influ\u00eancia na vida cultural, pol\u00edtica e econ\u00f4mica, sendo capazes de atuar, com destaque, como formadores da intelectualidade, das artes e da ci\u00eancia, al\u00e9m de ocupar assentos na gest\u00e3o de empresas e de entidades diversas a n\u00edvel estadual ou nacional.<br><br>A UFMG ocupa as primeiras posi\u00e7\u00f5es nos rankings dos principais sistemas de avalia\u00e7\u00e3o do ensino superior no Brasil. As pesquisas realizadas nas 21 Unidades Acad\u00eamicas da Universidade conquistam crescente espa\u00e7o em revistas especializadas, no Brasil e no mundo, al\u00e9m do destaque no n\u00famero de patentes nacionais e internacionais registradas pela UFMG nos \u00faltimos anos.<\/p>\n\n\n\n<figure class=\"wp-block-embed is-type-video is-provider-youtube wp-block-embed-youtube wp-embed-aspect-16-9 wp-has-aspect-ratio\"><div class=\"wp-block-embed__wrapper\">\n<iframe loading=\"lazy\" title=\"Recep\u00e7\u00e3o de calouros 2021\/2\" width=\"640\" height=\"360\" src=\"https:\/\/www.youtube.com\/embed\/28V9pc3OE2Y?start=1&#038;feature=oembed\" frameborder=\"0\" allow=\"accelerometer; autoplay; clipboard-write; encrypted-media; gyroscope; picture-in-picture; web-share\" referrerpolicy=\"strict-origin-when-cross-origin\" allowfullscreen><\/iframe>\n<\/div><\/figure>\n\n\n\n<p>Belo Horizonte, a capital de Minas Gerais, aloca grande parte da estrutura da UFMG no campus Pampulha, reunindo a Reitoria, os \u00f3rg\u00e3os da administra\u00e7\u00e3o central e a maioria das Unidades Acad\u00eamicas. O campus Sa\u00fade, situado na regi\u00e3o hospitalar de Belo Horizonte, abriga a Faculdade de Medicina, a Escola de Enfermagem e o Complexo do Hospital das Cl\u00ednicas. Na capital mineira tamb\u00e9m est\u00e3o presentes a Faculdade de Direito e a Escola de Arquitetura, localizadas em pr\u00e9dios na regi\u00e3o central da cidade.<br><\/p>\n\n\n\n<p>A presen\u00e7a da UFMG, entretanto, ultrapassa as fronteiras da capital, impactando diversas regi\u00f5es no Estado. Em Montes Claros, no norte de Minas Gerais, est\u00e1 localizado o campus regional que abriga o Instituto de Ci\u00eancias Agr\u00e1rias (ICA) e outras Unidades Acad\u00eamicas de cursos de gradua\u00e7\u00e3o e de p\u00f3s-gradua\u00e7\u00e3o. Tiradentes, cidade da regi\u00e3o central mineira, sedia projetos realizados pela Universidade relacionados \u00e0 arte e \u00e0 cultura. O impacto da UFMG tamb\u00e9m alcan\u00e7a 24 cidades-polo com cursos de educa\u00e7\u00e3o a dist\u00e2ncia, estruturados nos n\u00edveis de gradua\u00e7\u00e3o, especializa\u00e7\u00e3o, aperfei\u00e7oamento e atualiza\u00e7\u00e3o.<\/p>\n\n\n\n\n\t<figure data-size=\"medium\"\n\t\tclass=\"group space-y-2 data-[size=small]:w-[21rem] sm:data-[size=medium]:w-[40rem] lg:data-[size=small]:float-left lg:data-[size=small]:mr-8 mx-auto\">\n\t\t\t\t\t<img loading=\"lazy\" decoding=\"async\" width=\"640\" height=\"445\" src=\"http:\/\/150.164.63.212:9000\/portal-novo-dev\/app\/uploads\/2025\/06\/Image.png\" class=\"group-data-[size=small]:w-[21rem] group-data-[size=small]:h-[29.75rem] sm:group-data-[size=medium]:w-[40rem] sm:group-data-[size=small]:h-[27.8125rem] lg:group-data-[size=medium]:h-[27.8125rem] group-data-[size=large]:w-full group-data-[size=large]:h-[9.875rem] md:group-data-[size=large]:h-[27.8125rem] rounded object-fill\" alt=\"Centro de Conserva\u00e7\u00e3o e Restaura\u00e7\u00e3o de Bens Culturais\" \/>\t\t\t\t<div\n\t\t\tclass=\"group-data-[size=small]:w-[21rem] px-3 pt-3 pb-6 md:px-6 group-data-[size=small]:px-3 text-neutral-300 text-xs md:text-sm\">\n\t\t\t<figcaption title=\"Centro de Conserva\u00e7\u00e3o e Restaura\u00e7\u00e3o de Bens Culturais\" class=\"block line-clamp-4 md:line-clamp-3\">\n\t\t\t\tCentro de Conserva\u00e7\u00e3o e Restaura\u00e7\u00e3o de Bens Culturais\t\t\t<\/figcaption>\n\t\t\t<cite\n\t\t\t\tclass=\"relative block not-italic after:absolute after:left-0 after:right-0 after:-bottom-3 after:h-px after:bg-neutral-100\">\n\t\t\t\tLucas Braga | UFMG\t\t\t<\/cite>\n\t\t<\/div>\n\t<\/figure>\n\n\n\n<h3 class=\"wp-block-heading\">Objetivos<\/h3>\n\n\n\n<p>A UFMG, nos termos do seu <a href=\"https:\/\/www2.ufmg.br\/sods\/Sods\/Sobre-a-UFMG\/Estatuto\">Estatuto<\/a>, estabelece como finalidades fundamentais a gera\u00e7\u00e3o, o desenvolvimento, a transmiss\u00e3o e a aplica\u00e7\u00e3o de conhecimentos por meio do ensino, da pesquisa e da extens\u00e3o. Sendo esses tr\u00eas aspectos compreendidos de forma indissociada e integrados na educa\u00e7\u00e3o e na forma\u00e7\u00e3o cient\u00edfica e t\u00e9cnico-profissional de cidad\u00e3os imbu\u00eddos de responsabilidades sociais, bem como na difus\u00e3o da cultura e na cria\u00e7\u00e3o filos\u00f3fica, art\u00edstica e tecnol\u00f3gica.<br><br>No cumprimento dos seus objetivos, a UFMG mant\u00e9m coopera\u00e7\u00e3o acad\u00eamica, cient\u00edfica, tecnol\u00f3gica e cultural com institui\u00e7\u00f5es nacionais, estrangeiras e internacionais. Al\u00e9m de constituir-se em ve\u00edculo de desenvolvimento regional, nacional e mundial, almejando a consolida\u00e7\u00e3o enquanto Universidade de excel\u00eancia e relev\u00e2ncia, mundialmente reconhecida.<\/p>\n\n\n\n<h3 class=\"wp-block-heading\">Miss\u00e3o<\/h3>\n\n\n\n<p>Visando o cumprimento integral das suas finalidades e do seu compromisso com os interesses sociais, a UFMG assume como miss\u00e3o gerar e difundir conhecimentos cient\u00edficos, tecnol\u00f3gicos e culturais.<br><\/p>\n\n\n\n<p>Destacando-se como Institui\u00e7\u00e3o de refer\u00eancia na forma\u00e7\u00e3o de indiv\u00edduos cr\u00edticos e \u00e9ticos, dotados de s\u00f3lida base cient\u00edfica e human\u00edstica, e comprometidos com interven\u00e7\u00f5es transformadoras na sociedade. Com vistas \u00e0 promo\u00e7\u00e3o do desenvolvimento econ\u00f4mico, da diminui\u00e7\u00e3o de desigualdades sociais, da redu\u00e7\u00e3o das assimetrias regionais, bem como do desenvolvimento sustent\u00e1vel.<br>&nbsp;<br>Agregada a esses princ\u00edpios, a UFMG assume as responsabilidades de desenhar solu\u00e7\u00f5es para os problemas socioecon\u00f4micos dos munic\u00edpios onde est\u00e1 instalada, de Minas Gerais, do Brasil e de pa\u00edses cooperantes. Al\u00e9m de qualificar e oferecer educa\u00e7\u00e3o permanente aos indiv\u00edduos e \u00e0s comunidades das diferentes localidades que abrigam os in\u00fameros projetos e programas extramuros.<\/p>\n\n\n\n\n\t<figure data-size=\"large\"\n\t\tclass=\"group space-y-2 data-[size=small]:w-[21rem] sm:data-[size=medium]:w-[40rem] lg:data-[size=small]:float-left lg:data-[size=small]:mr-8 mx-auto\">\n\t\t\t\t\t<img loading=\"lazy\" decoding=\"async\" width=\"640\" height=\"330\" src=\"http:\/\/150.164.63.212:9000\/portal-novo-dev\/app\/uploads\/2025\/06\/109e6e76aefb316f4074b6c8d102b173_14554749309892_226725954-864x445.jpg\" class=\"group-data-[size=small]:w-[21rem] group-data-[size=small]:h-[29.75rem] sm:group-data-[size=medium]:w-[40rem] sm:group-data-[size=small]:h-[27.8125rem] lg:group-data-[size=medium]:h-[27.8125rem] group-data-[size=large]:w-full group-data-[size=large]:h-[9.875rem] md:group-data-[size=large]:h-[27.8125rem] rounded object-fill\" alt=\"Campus Pampulha\" \/>\t\t\t\t<div\n\t\t\tclass=\"group-data-[size=small]:w-[21rem] px-3 pt-3 pb-6 md:px-6 group-data-[size=small]:px-3 text-neutral-300 text-xs md:text-sm\">\n\t\t\t<figcaption title=\"Campus Pampulha\" class=\"block line-clamp-4 md:line-clamp-3\">\n\t\t\t\tCampus Pampulha\t\t\t<\/figcaption>\n\t\t\t<cite\n\t\t\t\tclass=\"relative block not-italic after:absolute after:left-0 after:right-0 after:-bottom-3 after:h-px after:bg-neutral-100\">\n\t\t\t\tFoca Lisboa | UFMG\t\t\t<\/cite>\n\t\t<\/div>\n\t<\/figure>\n\n\n<?xml encoding=\"utf-8\"?><ul class=\"wp-block-ufmg-hub-links [&amp;&gt;li_a]:flex [&amp;&gt;li_a]:items-center [&amp;&gt;li_a]:justify-between [&amp;&gt;li_a]:bg-neutral-50 [&amp;&gt;li_a]:px-4 [&amp;&gt;li_a]:py-3 md:[&amp;&gt;li_a]:py-5 [&amp;&gt;li_a]:border-b [&amp;&gt;li_a]:border-b-neutral-200 [&amp;&gt;li_a]:text-primary-300 [&amp;&gt;li_a]:text-base md:[&amp;&gt;li_a]:text-lg [&amp;&gt;li_a]:font-lexend [&amp;&gt;li_a]:font-medium [&amp;&gt;li_a]:transition-colors [&amp;&gt;li_a&gt;i]:text-[1rem] md:[&amp;&gt;li_a&gt;i]:text-[1.5rem] hover:[&amp;&gt;li_a]:bg-neutral-100 hover:[&amp;&gt;li_a]:border-b-primary-300\"><li class=\" wp-block-navigation-item wp-block-navigation-link\"><a class=\"wp-block-navigation-item__content\" href=\"http:\/\/150.164.63.212:9000\/portal-novo-dev\/linha-do-tempo\/\"><span class=\"wp-block-navigation-item__label\">Linha do Tempo<\/span><i class=\"ti ti-chevron-right\"><\/i><\/a><\/li>\n\n<li class=\" wp-block-navigation-item wp-block-navigation-link\"><a class=\"wp-block-navigation-item__content\" href=\"https:\/\/ufmg.br\/a-universidade\/apresentacao\/todos-os-reitores\"><span class=\"wp-block-navigation-item__label\">Todos os Reitores<\/span><i class=\"ti ti-chevron-right\"><\/i><\/a><\/li>\n\n<li class=\" wp-block-navigation-item wp-block-navigation-link\"><a class=\"wp-block-navigation-item__content\" href=\"https:\/\/ufmg.br\/a-universidade\/apresentacao\/ufmg-em-numeros\"><span class=\"wp-block-navigation-item__label\">UFMG em N&uacute;meros<\/span><i class=\"ti ti-chevron-right\"><\/i><\/a><\/li>\n\n<li class=\" wp-block-navigation-item wp-block-navigation-link\"><a class=\"wp-block-navigation-item__content\" href=\"http:\/\/150.164.63.212:9000\/portal-novo-dev\/belo-horizonte\/\"><span class=\"wp-block-navigation-item__label\">UFMG e a Cidade<\/span><i class=\"ti ti-chevron-right\"><\/i><\/a><\/li><\/ul>\n\n\n\n<p><\/p>\n","protected":false},"excerpt":{"rendered":"<p>Localizada na Regi\u00e3o Sudeste, a Universidade Federal de Minas Gerais, conhecida como UFMG, \u00e9 uma institui\u00e7\u00e3o p\u00fablica de ensino superior gratuito, sendo a universidade mais antiga do estado de Minas Gerais. Fundada em 7 de setembro de 1927, com o nome de Universidade de Minas Gerais (UMG), ap\u00f3s quase um s\u00e9culo, a institui\u00e7\u00e3o \u00e9 l\u00edder [&hellip;]<\/p>\n","protected":false},"author":1,"featured_media":3853,"parent":0,"menu_order":0,"comment_status":"closed","ping_status":"closed","template":"","meta":{"_acf_changed":false,"footnotes":""},"class_list":["post-2918","page","type-page","status-publish","has-post-thumbnail","hentry"],"acf":[],"_links":{"self":[{"href":"http:\/\/150.164.63.212:9000\/portal-novo-dev\/wp-json\/wp\/v2\/pages\/2918","targetHints":{"allow":["GET"]}}],"collection":[{"href":"http:\/\/150.164.63.212:9000\/portal-novo-dev\/wp-json\/wp\/v2\/pages"}],"about":[{"href":"http:\/\/150.164.63.212:9000\/portal-novo-dev\/wp-json\/wp\/v2\/types\/page"}],"author":[{"embeddable":true,"href":"http:\/\/150.164.63.212:9000\/portal-novo-dev\/wp-json\/wp\/v2\/users\/1"}],"replies":[{"embeddable":true,"href":"http:\/\/150.164.63.212:9000\/portal-novo-dev\/wp-json\/wp\/v2\/comments?post=2918"}],"version-history":[{"count":0,"href":"http:\/\/150.164.63.212:9000\/portal-novo-dev\/wp-json\/wp\/v2\/pages\/2918\/revisions"}],"wp:featuredmedia":[{"embeddable":true,"href":"http:\/\/150.164.63.212:9000\/portal-novo-dev\/wp-json\/wp\/v2\/media\/3853"}],"wp:attachment":[{"href":"http:\/\/150.164.63.212:9000\/portal-novo-dev\/wp-json\/wp\/v2\/media?parent=2918"}],"curies":[{"name":"wp","href":"https:\/\/api.w.org\/{rel}","templated":true}]}}