{"id":3131,"date":"2025-09-17T09:45:35","date_gmt":"2025-09-17T12:45:35","guid":{"rendered":"http:\/\/localhost\/portal-ufmg\/?page_id=2626"},"modified":"2025-09-17T09:47:51","modified_gmt":"2025-09-17T12:47:51","slug":"belo-horizonte","status":"publish","type":"page","link":"http:\/\/150.164.63.212:9000\/portal-novo-dev\/a-universidade\/ufmg-e-a-cidade\/belo-horizonte\/","title":{"rendered":"Belo Horizonte"},"content":{"rendered":"\n<hr class=\"wp-block-separator has-alpha-channel-opacity\"\/>\n\n\n\n<details class=\"wp-block-ufmg-navigation-menu group py-4\" open><summary class=\"bg-neutral-100 text-primary-400 flex items-center gap-2 p-2 rounded [&amp;&gt;i]:text-[1rem] md:[&amp;&gt;i]:text-[1.25rem] group-open:[&amp;&gt;i]:-rotate-180 [&amp;&gt;i]:transition-transform cursor-pointer\"><span class=\"basis-full text-base md:text-lg font-semibold\">Outras cidades<\/span><i class=\"ti ti-chevrons-down\"><\/i><\/summary><ul class=\"[&amp;_li]:text-base md:[&amp;_li]:text-lg [&amp;_li]:border-b [&amp;_li]:border-b-neutral-200 [&amp;_li]:px-1 [&amp;_li]:py-2 [&amp;_li_a]:block [&amp;_li_a]:py-1 [&amp;_li_a]:pl-4 [&amp;_li_a]:text-neutral-600 [&amp;_li_a]:rounded aria-[current=page]:[&amp;_li_a]:bg-primary-300 aria-[current=page]:[&amp;_li_a]:text-neutral-50 hover:[&amp;_li_a]:bg-primary-300 hover:[&amp;_li_a]:text-neutral-50 [&amp;_li_a]:transition-colors\"><li class=\" wp-block-navigation-item wp-block-navigation-link\"><a class=\"wp-block-navigation-item__content\"  href=\"http:\/\/150.164.63.212:9000\/portal-novo-dev\/a-universidade\/ufmg-e-a-cidade\/belo-horizonte\/\"><span class=\"wp-block-navigation-item__label\">Belo Horizonte<\/span><\/a><\/li>\n\n<li class=\" wp-block-navigation-item wp-block-navigation-link\"><a class=\"wp-block-navigation-item__content\"  href=\"http:\/\/150.164.63.212:9000\/portal-novo-dev\/diamantina\/\"><span class=\"wp-block-navigation-item__label\">Diamantina<\/span><\/a><\/li>\n\n<li class=\" wp-block-navigation-item wp-block-navigation-link\"><a class=\"wp-block-navigation-item__content\"  href=\"http:\/\/150.164.63.212:9000\/portal-novo-dev\/montes-claros\/\"><span class=\"wp-block-navigation-item__label\">Montes Claros<\/span><\/a><\/li>\n\n<li class=\" wp-block-navigation-item wp-block-navigation-link\"><a class=\"wp-block-navigation-item__content\"  href=\"http:\/\/150.164.63.212:9000\/portal-novo-dev\/ufmg-e-a-cidade\/tiradentes\/\"><span class=\"wp-block-navigation-item__label\">Tiradentes<\/span><\/a><\/li><\/ul><\/details>\n\n\n\n<p>Cercada pela Serra do Curral, Belo Horizonte \u00e9 a capital do estado de Minas Gerais, localizado na regi\u00e3o Sudeste do pa\u00eds. Com 2,3 milh\u00f5es de habitantes e \u00e1rea de aproximadamente 330 km\u00b2, a cidade abriga o maior conjunto de unidades e campi da Universidade Federal de Minas Gerais. O munic\u00edpio \u00e9 um dos pontos nacionais de influ\u00eancia pol\u00edtica e intelectual, e conta com aspectos marcantes em rela\u00e7\u00e3o \u00e0 geografia \u2013 situada entre morros e baixadas, e ao clima \u2013 com invernos secos e ver\u00f5es quentes e \u00famidos.<\/p>\n\n\n\n<p>Centen\u00e1ria e jovem, Belo Horizonte foi inaugurada em 1897 e planejada para ser a capital pol\u00edtica e administrativa de Minas Gerais. A UFMG esteve presente na origem de Belo Horizonte com a instala\u00e7\u00e3o, em 1898, da Faculdade de Direito \u2013 que foi transferida da antiga capital, Ouro Preto. D\u00e9cadas depois, em 1927, a escola constituiria o n\u00facleo fundador da Universidade de Minas Gerais, que antecedeu a forma\u00e7\u00e3o da UFMG.<\/p>\n\n\n\n<p>Apesar de estar localizado em um estado com tradi\u00e7\u00e3o em explora\u00e7\u00e3o mineral, a economia de Belo Horizonte atualmente se concentra em com\u00e9rcio, servi\u00e7os financeiros, atividades imobili\u00e1rias e administra\u00e7\u00e3o p\u00fablica. Nas \u00faltimas d\u00e9cadas, a capital tem atra\u00eddo empresas baseadas em conhecimento, como tecnologia de informa\u00e7\u00e3o, devido \u00e0 forma\u00e7\u00e3o de alta qualidade de recursos humanos proporcionada pela UFMG.<\/p>\n\n\n<?xml encoding=\"utf-8\"?><ul class=\"wp-block-ufmg-hub-links [&amp;&gt;li_a]:flex [&amp;&gt;li_a]:items-center [&amp;&gt;li_a]:justify-between [&amp;&gt;li_a]:bg-neutral-50 [&amp;&gt;li_a]:px-4 [&amp;&gt;li_a]:py-3 md:[&amp;&gt;li_a]:py-5 [&amp;&gt;li_a]:border-b [&amp;&gt;li_a]:border-b-neutral-200 [&amp;&gt;li_a]:text-primary-300 [&amp;&gt;li_a]:text-base md:[&amp;&gt;li_a]:text-lg [&amp;&gt;li_a]:font-lexend [&amp;&gt;li_a]:font-medium [&amp;&gt;li_a]:transition-colors [&amp;&gt;li_a&gt;i]:text-[1rem] md:[&amp;&gt;li_a&gt;i]:text-[1.5rem] hover:[&amp;&gt;li_a]:bg-neutral-100 hover:[&amp;&gt;li_a]:border-b-primary-300\"><\/ul>\n\n\n<?xml encoding=\"utf-8\"?><ul class=\"wp-block-ufmg-hub-links [&amp;&gt;li_a]:flex [&amp;&gt;li_a]:items-center [&amp;&gt;li_a]:justify-between [&amp;&gt;li_a]:bg-neutral-50 [&amp;&gt;li_a]:px-4 [&amp;&gt;li_a]:py-3 md:[&amp;&gt;li_a]:py-5 [&amp;&gt;li_a]:border-b [&amp;&gt;li_a]:border-b-neutral-200 [&amp;&gt;li_a]:text-primary-300 [&amp;&gt;li_a]:text-base md:[&amp;&gt;li_a]:text-lg [&amp;&gt;li_a]:font-lexend [&amp;&gt;li_a]:font-medium [&amp;&gt;li_a]:transition-colors [&amp;&gt;li_a&gt;i]:text-[1rem] md:[&amp;&gt;li_a&gt;i]:text-[1.5rem] hover:[&amp;&gt;li_a]:bg-neutral-100 hover:[&amp;&gt;li_a]:border-b-primary-300\"><\/ul>\n\n\n\n\n\t<figure data-size=\"large\"\n\t\tclass=\"group space-y-2 data-[size=small]:w-[21rem] sm:data-[size=medium]:w-[40rem] lg:data-[size=small]:float-left lg:data-[size=small]:mr-8 mx-auto\">\n\t\t\t\t\t<img loading=\"lazy\" decoding=\"async\" width=\"640\" height=\"330\" src=\"http:\/\/150.164.63.212:9000\/portal-novo-dev\/app\/uploads\/2025\/06\/Image-2.png\" class=\"group-data-[size=small]:w-[21rem] group-data-[size=small]:h-[29.75rem] sm:group-data-[size=medium]:w-[40rem] sm:group-data-[size=small]:h-[27.8125rem] lg:group-data-[size=medium]:h-[27.8125rem] group-data-[size=large]:w-full group-data-[size=large]:h-[9.875rem] md:group-data-[size=large]:h-[27.8125rem] rounded object-fill\" alt=\"\" srcset=\"http:\/\/150.164.63.212:9000\/portal-novo-dev\/app\/uploads\/2025\/06\/Image-2.png 864w, http:\/\/150.164.63.212:9000\/portal-novo-dev\/app\/uploads\/2025\/06\/Image-2-768x396.png 768w\" sizes=\"auto, (max-width: 640px) 100vw, 640px\" \/>\t\t\t\t<div\n\t\t\tclass=\"group-data-[size=small]:w-[21rem] px-3 pt-3 pb-6 md:px-6 group-data-[size=small]:px-3 text-neutral-300 text-xs md:text-sm\">\n\t\t\t<figcaption title=\"Belo Horizonte vista do Mirante Mangabeiras\" class=\"block line-clamp-4 md:line-clamp-3\">\n\t\t\t\tBelo Horizonte vista do Mirante Mangabeiras\t\t\t<\/figcaption>\n\t\t\t<cite\n\t\t\t\tclass=\"relative block not-italic after:absolute after:left-0 after:right-0 after:-bottom-3 after:h-px after:bg-neutral-100\">\n\t\t\t\tLucas Braga UFMG\t\t\t<\/cite>\n\t\t<\/div>\n\t<\/figure>\n\n\n\n<p>Uma caracter\u00edstica de destaque em Belo Horizonte \u00e9 a sua arquitetura, abrigando conjuntos de edif\u00edcios em estilos neocl\u00e1ssico, neo-rom\u00e2ntico e neog\u00f3tico. A cidade \u00e9 um dos ber\u00e7os da arquitetura brasileira moderna, ganhando reconhecimento na d\u00e9cada de 40, com a constru\u00e7\u00e3o do conjunto arquitet\u00f4nico da Pampulha, projetado por Oscar Niemeyer.<\/p>\n\n\n\n<p>Entre os destaques arquitet\u00f4nicos p\u00f3s-Pampulha, est\u00e1 o pr\u00e9dio da Reitoria da UFMG, localizado dentro do campus e constru\u00eddo em 1962, foi incorporado ao conjunto de obras do Patrim\u00f4nio Hist\u00f3rico e Cultural de Belo Horizonte, em 2003. O pr\u00e9dio foi projetado pelo arquiteto Eduardo Mendes Guimar\u00e3es J\u00fanior, respons\u00e1vel tamb\u00e9m pelas obras do Mineir\u00e3o.<\/p>\n\n\n\n<p>Em rela\u00e7\u00e3o ao lazer e ao turismo, Belo Horizonte oferece m\u00faltiplas op\u00e7\u00f5es relacionadas \u00e0 cultura, ao entretenimento e \u00e0 natureza. S\u00e3o mais de 20 museus dispon\u00edveis para visita\u00e7\u00e3o, dentre eles o Museu de Hist\u00f3ria Natural e Jardim Bot\u00e2nico da UFMG, o Inhotim e o Museu de Artes e Of\u00edcios, e mais de 70 parques municipais, como o Parque Municipal e o Parque das Mangabeiras.<\/p>\n\n\n\n\n\t<figure data-size=\"large\"\n\t\tclass=\"group space-y-2 data-[size=small]:w-[21rem] sm:data-[size=medium]:w-[40rem] lg:data-[size=small]:float-left lg:data-[size=small]:mr-8 mx-auto\">\n\t\t\t\t\t<img loading=\"lazy\" decoding=\"async\" width=\"640\" height=\"330\" src=\"http:\/\/150.164.63.212:9000\/portal-novo-dev\/app\/uploads\/2025\/06\/56213c7c3fc6894b5053d655641648a7_14557115913014_498124702-864x445.jpg\" class=\"group-data-[size=small]:w-[21rem] group-data-[size=small]:h-[29.75rem] sm:group-data-[size=medium]:w-[40rem] sm:group-data-[size=small]:h-[27.8125rem] lg:group-data-[size=medium]:h-[27.8125rem] group-data-[size=large]:w-full group-data-[size=large]:h-[9.875rem] md:group-data-[size=large]:h-[27.8125rem] rounded object-fill\" alt=\"\" \/>\t\t\t\t<div\n\t\t\tclass=\"group-data-[size=small]:w-[21rem] px-3 pt-3 pb-6 md:px-6 group-data-[size=small]:px-3 text-neutral-300 text-xs md:text-sm\">\n\t\t\t<figcaption title=\"Escada da Reitoria no Campus Pampulha\" class=\"block line-clamp-4 md:line-clamp-3\">\n\t\t\t\tEscada da Reitoria no Campus Pampulha\t\t\t<\/figcaption>\n\t\t\t<cite\n\t\t\t\tclass=\"relative block not-italic after:absolute after:left-0 after:right-0 after:-bottom-3 after:h-px after:bg-neutral-100\">\n\t\t\t\tLucas Braga UFMG\t\t\t<\/cite>\n\t\t<\/div>\n\t<\/figure>\n\n\n\n<h2 class=\"wp-block-heading\">Informa\u00e7\u00f5es Importantes<\/h2>\n\n\n\n<div class=\"wp-block-ufmg-cards grid grid-cols-1 lg:grid-cols-cards gap-8\">\n\t<div class=\"flex flex-col gap-6 p-6 md:py-8 border border-neutral-200 rounded-lg\">\n\n\t\t\t\t\t<h2 class=\"pl-2 border-l-2 border-l-primary-400 text-neutral-600 text-xl md:text-2xl font-semibold\">\n\t\t\t\tPortal Belo Horizonte\t\t\t<\/h2>\n\t\t\n\t\t\t\t\t<p class=\"flex-1 text-base md:text-lg text-neutral-500\">\n\t\t\t\tPara encontrar mapas tur\u00edsticos, eventos, hospedagens e outras informa\u00e7\u00f5es sobre a cidade est\u00e1 dispon\u00edvel o Portal Belo Horizonte.\n\t\t\t<\/p>\n\t\t\n\t\t\t\t\t<a href=\"https:\/\/portalbelohorizonte.com.br\/\" target=\"_blank\" rel=\"noopener noreferrer\"\t\t\t\tclass=\"w-fit ml-auto flex items-center gap-4 text-primary-300 font-lexend font-medium text-base md:text-lg\">\n\t\t\t\tSaiba mais\t\t\t\t<i class=\"ti ti-chevron-right text-[1rem] md:text-[1.25rem]\"><\/i>\n\t\t\t<\/a>\n\t\t\t<\/div>\n\n\n\n\t<div class=\"flex flex-col gap-6 p-6 md:py-8 border border-neutral-200 rounded-lg\">\n\n\t\t\t\t\t<h2 class=\"pl-2 border-l-2 border-l-primary-400 text-neutral-600 text-xl md:text-2xl font-semibold\">\n\t\t\t\tBHTrans\t\t\t<\/h2>\n\t\t\n\t\t\t\t\t<p class=\"flex-1 text-base md:text-lg text-neutral-500\">\n\t\t\t\tPara encontrar informa\u00e7\u00f5es sobre o sistema de transporte e linhas de \u00f4nibus que levam \u00e0s unidades da UFMG, est\u00e1 dispon\u00edvel o site da Empresa de Transportes e Tr\u00e2nsito de Belo Horizonte, a BHTrans.\t\t\t<\/p>\n\t\t\n\t\t\t\t\t<a href=\"https:\/\/prefeitura.pbh.gov.br\/bhtrans\" target=\"_blank\" rel=\"noopener noreferrer\"\t\t\t\tclass=\"w-fit ml-auto flex items-center gap-4 text-primary-300 font-lexend font-medium text-base md:text-lg\">\n\t\t\t\tSaiba mais\t\t\t\t<i class=\"ti ti-chevron-right text-[1rem] md:text-[1.25rem]\"><\/i>\n\t\t\t<\/a>\n\t\t\t<\/div>\n<\/div>\n\n\n\n<h2 class=\"wp-block-heading\">Vida Cultural<\/h2>\n\n\n\n\n\t<figure data-size=\"medium\"\n\t\tclass=\"group space-y-2 data-[size=small]:w-[21rem] sm:data-[size=medium]:w-[40rem] lg:data-[size=small]:float-left lg:data-[size=small]:mr-8 mx-auto\">\n\t\t\t\t\t<img loading=\"lazy\" decoding=\"async\" width=\"640\" height=\"445\" src=\"http:\/\/150.164.63.212:9000\/portal-novo-dev\/app\/uploads\/2025\/06\/e3ebc4cede7e913076ab0f4c21e4ad49_14557122887153_1435629856-640x445.jpg\" class=\"group-data-[size=small]:w-[21rem] group-data-[size=small]:h-[29.75rem] sm:group-data-[size=medium]:w-[40rem] sm:group-data-[size=small]:h-[27.8125rem] lg:group-data-[size=medium]:h-[27.8125rem] group-data-[size=large]:w-full group-data-[size=large]:h-[9.875rem] md:group-data-[size=large]:h-[27.8125rem] rounded object-fill\" alt=\"\" \/>\t\t\t\t<div\n\t\t\tclass=\"group-data-[size=small]:w-[21rem] px-3 pt-3 pb-6 md:px-6 group-data-[size=small]:px-3 text-neutral-300 text-xs md:text-sm\">\n\t\t\t<figcaption title=\"Yayoi Kusama, Narcissus garden, 1966\" class=\"block line-clamp-4 md:line-clamp-3\">\n\t\t\t\tYayoi Kusama, Narcissus garden, 1966\t\t\t<\/figcaption>\n\t\t\t<cite\n\t\t\t\tclass=\"relative block not-italic after:absolute after:left-0 after:right-0 after:-bottom-3 after:h-px after:bg-neutral-100\">\n\t\t\t\tDivulga\u00e7\u00e3o Inhotim\t\t\t<\/cite>\n\t\t<\/div>\n\t<\/figure>\n\n\n<?xml encoding=\"utf-8\"?><ul class=\"wp-block-ufmg-hub-links [&amp;&gt;li_a]:flex [&amp;&gt;li_a]:items-center [&amp;&gt;li_a]:justify-between [&amp;&gt;li_a]:bg-neutral-50 [&amp;&gt;li_a]:px-4 [&amp;&gt;li_a]:py-3 md:[&amp;&gt;li_a]:py-5 [&amp;&gt;li_a]:border-b [&amp;&gt;li_a]:border-b-neutral-200 [&amp;&gt;li_a]:text-primary-300 [&amp;&gt;li_a]:text-base md:[&amp;&gt;li_a]:text-lg [&amp;&gt;li_a]:font-lexend [&amp;&gt;li_a]:font-medium [&amp;&gt;li_a]:transition-colors [&amp;&gt;li_a&gt;i]:text-[1rem] md:[&amp;&gt;li_a&gt;i]:text-[1.5rem] hover:[&amp;&gt;li_a]:bg-neutral-100 hover:[&amp;&gt;li_a]:border-b-primary-300\"><li class=\" wp-block-navigation-item wp-block-navigation-link\"><a class=\"wp-block-navigation-item__content\" href=\"https:\/\/www.inhotim.org.br\/\"><span class=\"wp-block-navigation-item__label\">Inhotim<\/span><i class=\"ti ti-chevron-right\"><\/i><\/a><\/li>\n\n<li class=\" wp-block-navigation-item wp-block-navigation-link\"><a class=\"wp-block-navigation-item__content\" href=\"https:\/\/www.wikiwand.com\/pt\/articles\/Museu_de_Arte_da_Pampulha\"><span class=\"wp-block-navigation-item__label\">Museu de Arte da Pampulha<\/span><i class=\"ti ti-chevron-right\"><\/i><\/a><\/li>\n\n<li class=\" wp-block-navigation-item wp-block-navigation-link\"><a class=\"wp-block-navigation-item__content\" href=\"https:\/\/www.wikiwand.com\/pt\/articles\/Museu_de_Artes_e_Of%C3%ADcios\"><span class=\"wp-block-navigation-item__label\">Museu de Artes e Of&iacute;cios<\/span><i class=\"ti ti-chevron-right\"><\/i><\/a><\/li><\/ul>\n\n\n\n\n\t<figure data-size=\"medium\"\n\t\tclass=\"group space-y-2 data-[size=small]:w-[21rem] sm:data-[size=medium]:w-[40rem] lg:data-[size=small]:float-left lg:data-[size=small]:mr-8 mx-auto\">\n\t\t\t\t\t<img loading=\"lazy\" decoding=\"async\" width=\"640\" height=\"445\" src=\"http:\/\/150.164.63.212:9000\/portal-novo-dev\/app\/uploads\/2025\/06\/268bb5b0f0fde759fac6947acb1e246e_14557131448758_1635207839-640x445.jpg\" class=\"group-data-[size=small]:w-[21rem] group-data-[size=small]:h-[29.75rem] sm:group-data-[size=medium]:w-[40rem] sm:group-data-[size=small]:h-[27.8125rem] lg:group-data-[size=medium]:h-[27.8125rem] group-data-[size=large]:w-full group-data-[size=large]:h-[9.875rem] md:group-data-[size=large]:h-[27.8125rem] rounded object-fill\" alt=\"\" \/>\t\t\t\t<div\n\t\t\tclass=\"group-data-[size=small]:w-[21rem] px-3 pt-3 pb-6 md:px-6 group-data-[size=small]:px-3 text-neutral-300 text-xs md:text-sm\">\n\t\t\t<figcaption title=\"Museu de Hist\u00f3ria Natural da UFMG\" class=\"block line-clamp-4 md:line-clamp-3\">\n\t\t\t\tMuseu de Hist\u00f3ria Natural da UFMG\t\t\t<\/figcaption>\n\t\t\t<cite\n\t\t\t\tclass=\"relative block not-italic after:absolute after:left-0 after:right-0 after:-bottom-3 after:h-px after:bg-neutral-100\">\n\t\t\t\tLucas Braga UFMG\t\t\t<\/cite>\n\t\t<\/div>\n\t<\/figure>\n\n\n<?xml encoding=\"utf-8\"?><ul class=\"wp-block-ufmg-hub-links [&amp;&gt;li_a]:flex [&amp;&gt;li_a]:items-center [&amp;&gt;li_a]:justify-between [&amp;&gt;li_a]:bg-neutral-50 [&amp;&gt;li_a]:px-4 [&amp;&gt;li_a]:py-3 md:[&amp;&gt;li_a]:py-5 [&amp;&gt;li_a]:border-b [&amp;&gt;li_a]:border-b-neutral-200 [&amp;&gt;li_a]:text-primary-300 [&amp;&gt;li_a]:text-base md:[&amp;&gt;li_a]:text-lg [&amp;&gt;li_a]:font-lexend [&amp;&gt;li_a]:font-medium [&amp;&gt;li_a]:transition-colors [&amp;&gt;li_a&gt;i]:text-[1rem] md:[&amp;&gt;li_a&gt;i]:text-[1.5rem] hover:[&amp;&gt;li_a]:bg-neutral-100 hover:[&amp;&gt;li_a]:border-b-primary-300\"><li class=\" wp-block-navigation-item wp-block-navigation-link\"><a class=\"wp-block-navigation-item__content\" href=\"http:\/\/www.mhnjb.ufmg.br\/\"><span class=\"wp-block-navigation-item__label\">Museu de Hist&oacute;ria Natural e Jardim Bot&acirc;nico da UFMG<\/span><i class=\"ti ti-chevron-right\"><\/i><\/a><\/li>\n\n<li class=\" wp-block-navigation-item wp-block-navigation-link\"><a class=\"wp-block-navigation-item__content\" href=\"https:\/\/www.wikiwand.com\/pt\/articles\/Museu_de_Ci%C3%AAncias_Naturais_da_PUC_Minas\"><span class=\"wp-block-navigation-item__label\">Museu de Ci&ecirc;ncias Naturais da PUC Minas<\/span><i class=\"ti ti-chevron-right\"><\/i><\/a><\/li><\/ul>\n\n\n\n\n\t<figure data-size=\"medium\"\n\t\tclass=\"group space-y-2 data-[size=small]:w-[21rem] sm:data-[size=medium]:w-[40rem] lg:data-[size=small]:float-left lg:data-[size=small]:mr-8 mx-auto\">\n\t\t\t\t\t<img loading=\"lazy\" decoding=\"async\" width=\"640\" height=\"445\" src=\"http:\/\/150.164.63.212:9000\/portal-novo-dev\/app\/uploads\/2025\/06\/81d229a376e77a954d4a16ed9dc3b485_14557129065975_139073731-640x445.jpg\" class=\"group-data-[size=small]:w-[21rem] group-data-[size=small]:h-[29.75rem] sm:group-data-[size=medium]:w-[40rem] sm:group-data-[size=small]:h-[27.8125rem] lg:group-data-[size=medium]:h-[27.8125rem] group-data-[size=large]:w-full group-data-[size=large]:h-[9.875rem] md:group-data-[size=large]:h-[27.8125rem] rounded object-fill\" alt=\"\" \/>\t\t\t\t<div\n\t\t\tclass=\"group-data-[size=small]:w-[21rem] px-3 pt-3 pb-6 md:px-6 group-data-[size=small]:px-3 text-neutral-300 text-xs md:text-sm\">\n\t\t\t<figcaption title=\"Vista do lago do Parque Municipal no Centro de BH\" class=\"block line-clamp-4 md:line-clamp-3\">\n\t\t\t\tVista do lago do Parque Municipal no Centro de BH\t\t\t<\/figcaption>\n\t\t\t<cite\n\t\t\t\tclass=\"relative block not-italic after:absolute after:left-0 after:right-0 after:-bottom-3 after:h-px after:bg-neutral-100\">\n\t\t\t\tPaulo Borges UFMG\t\t\t<\/cite>\n\t\t<\/div>\n\t<\/figure>\n\n\n<?xml encoding=\"utf-8\"?><ul class=\"wp-block-ufmg-hub-links [&amp;&gt;li_a]:flex [&amp;&gt;li_a]:items-center [&amp;&gt;li_a]:justify-between [&amp;&gt;li_a]:bg-neutral-50 [&amp;&gt;li_a]:px-4 [&amp;&gt;li_a]:py-3 md:[&amp;&gt;li_a]:py-5 [&amp;&gt;li_a]:border-b [&amp;&gt;li_a]:border-b-neutral-200 [&amp;&gt;li_a]:text-primary-300 [&amp;&gt;li_a]:text-base md:[&amp;&gt;li_a]:text-lg [&amp;&gt;li_a]:font-lexend [&amp;&gt;li_a]:font-medium [&amp;&gt;li_a]:transition-colors [&amp;&gt;li_a&gt;i]:text-[1rem] md:[&amp;&gt;li_a&gt;i]:text-[1.5rem] hover:[&amp;&gt;li_a]:bg-neutral-100 hover:[&amp;&gt;li_a]:border-b-primary-300\"><li class=\" wp-block-navigation-item wp-block-navigation-link\"><a class=\"wp-block-navigation-item__content\" href=\"https:\/\/portalbelohorizonte.com.br\/o-que-fazer\/ao-ar-livre-e-esportes\/parque\/parque-municipal-americo-renne-giannetti\"><span class=\"wp-block-navigation-item__label\">Parque Municipal<\/span><i class=\"ti ti-chevron-right\"><\/i><\/a><\/li>\n\n<li class=\" wp-block-navigation-item wp-block-navigation-link\"><a class=\"wp-block-navigation-item__content\" href=\"https:\/\/portalbelohorizonte.com.br\/o-que-fazer\/ao-ar-livre-e-esportes\/parque\/parque-do-palacio-palacio-das-mangabeiras\"><span class=\"wp-block-navigation-item__label\">Parque Mangabeiras<\/span><i class=\"ti ti-chevron-right\"><\/i><\/a><\/li>\n\n<li class=\" wp-block-navigation-item wp-block-navigation-link\"><a class=\"wp-block-navigation-item__content\" href=\"https:\/\/www.ufmg.br\/estacaoecologica\/\"><span class=\"wp-block-navigation-item__label\">Esta&ccedil;&atilde;o Ecol&oacute;gica da UFMG<\/span><i class=\"ti ti-chevron-right\"><\/i><\/a><\/li><\/ul>\n\n\n\n\n\t<figure data-size=\"medium\"\n\t\tclass=\"group space-y-2 data-[size=small]:w-[21rem] sm:data-[size=medium]:w-[40rem] lg:data-[size=small]:float-left lg:data-[size=small]:mr-8 mx-auto\">\n\t\t\t\t\t<img loading=\"lazy\" decoding=\"async\" width=\"330\" height=\"445\" src=\"http:\/\/150.164.63.212:9000\/portal-novo-dev\/app\/uploads\/2025\/06\/74dbde464ddd1a458cbf8d73227cc8b2_14557134079761_152973662-e1755617614103-330x445.jpeg\" class=\"group-data-[size=small]:w-[21rem] group-data-[size=small]:h-[29.75rem] sm:group-data-[size=medium]:w-[40rem] sm:group-data-[size=small]:h-[27.8125rem] lg:group-data-[size=medium]:h-[27.8125rem] group-data-[size=large]:w-full group-data-[size=large]:h-[9.875rem] md:group-data-[size=large]:h-[27.8125rem] rounded object-fill\" alt=\"\" srcset=\"http:\/\/150.164.63.212:9000\/portal-novo-dev\/app\/uploads\/2025\/06\/74dbde464ddd1a458cbf8d73227cc8b2_14557134079761_152973662-e1755617614103-330x445.jpeg 330w, http:\/\/150.164.63.212:9000\/portal-novo-dev\/app\/uploads\/2025\/06\/74dbde464ddd1a458cbf8d73227cc8b2_14557134079761_152973662-e1755617614103-192x260.jpeg 192w\" sizes=\"auto, (max-width: 330px) 100vw, 330px\" \/>\t\t\t\t<div\n\t\t\tclass=\"group-data-[size=small]:w-[21rem] px-3 pt-3 pb-6 md:px-6 group-data-[size=small]:px-3 text-neutral-300 text-xs md:text-sm\">\n\t\t\t<figcaption title=\"Coreto da Pra\u00e7a da Liberdade\" class=\"block line-clamp-4 md:line-clamp-3\">\n\t\t\t\tCoreto da Pra\u00e7a da Liberdade\t\t\t<\/figcaption>\n\t\t\t<cite\n\t\t\t\tclass=\"relative block not-italic after:absolute after:left-0 after:right-0 after:-bottom-3 after:h-px after:bg-neutral-100\">\n\t\t\t\tLucas Braga UFMG\t\t\t<\/cite>\n\t\t<\/div>\n\t<\/figure>\n\n\n<?xml encoding=\"utf-8\"?><ul class=\"wp-block-ufmg-hub-links [&amp;&gt;li_a]:flex [&amp;&gt;li_a]:items-center [&amp;&gt;li_a]:justify-between [&amp;&gt;li_a]:bg-neutral-50 [&amp;&gt;li_a]:px-4 [&amp;&gt;li_a]:py-3 md:[&amp;&gt;li_a]:py-5 [&amp;&gt;li_a]:border-b [&amp;&gt;li_a]:border-b-neutral-200 [&amp;&gt;li_a]:text-primary-300 [&amp;&gt;li_a]:text-base md:[&amp;&gt;li_a]:text-lg [&amp;&gt;li_a]:font-lexend [&amp;&gt;li_a]:font-medium [&amp;&gt;li_a]:transition-colors [&amp;&gt;li_a&gt;i]:text-[1rem] md:[&amp;&gt;li_a&gt;i]:text-[1.5rem] hover:[&amp;&gt;li_a]:bg-neutral-100 hover:[&amp;&gt;li_a]:border-b-primary-300\"><li class=\" wp-block-navigation-item wp-block-navigation-link\"><a class=\"wp-block-navigation-item__content\" href=\"https:\/\/www.wikiwand.com\/pt\/articles\/Circuito_Cultural_Pra%C3%A7a_da_Liberdade\"><span class=\"wp-block-navigation-item__label\">Circuito Cultural Pra&ccedil;a da Liberdade<\/span><i class=\"ti ti-chevron-right\"><\/i><\/a><\/li>\n\n<li class=\" wp-block-navigation-item wp-block-navigation-link\"><a class=\"wp-block-navigation-item__content\" href=\"https:\/\/www.ufmg.br\/conservatorio\/\"><span class=\"wp-block-navigation-item__label\">Conservat&oacute;rio UFMG<\/span><i class=\"ti ti-chevron-right\"><\/i><\/a><\/li>\n\n<li class=\" wp-block-navigation-item wp-block-navigation-link\"><a class=\"wp-block-navigation-item__content\" href=\"https:\/\/www.ufmg.br\/centrocultural\/\"><span class=\"wp-block-navigation-item__label\">Centro Cultural UFMG<\/span><i class=\"ti ti-chevron-right\"><\/i><\/a><\/li><\/ul>\n\n\n\n\n\t<figure data-size=\"medium\"\n\t\tclass=\"group space-y-2 data-[size=small]:w-[21rem] sm:data-[size=medium]:w-[40rem] lg:data-[size=small]:float-left lg:data-[size=small]:mr-8 mx-auto\">\n\t\t\t\t\t<img loading=\"lazy\" decoding=\"async\" width=\"640\" height=\"445\" src=\"http:\/\/150.164.63.212:9000\/portal-novo-dev\/app\/uploads\/2025\/06\/Image-3.png\" class=\"group-data-[size=small]:w-[21rem] group-data-[size=small]:h-[29.75rem] sm:group-data-[size=medium]:w-[40rem] sm:group-data-[size=small]:h-[27.8125rem] lg:group-data-[size=medium]:h-[27.8125rem] group-data-[size=large]:w-full group-data-[size=large]:h-[9.875rem] md:group-data-[size=large]:h-[27.8125rem] rounded object-fill\" alt=\"\" \/>\t\t\t\t<div\n\t\t\tclass=\"group-data-[size=small]:w-[21rem] px-3 pt-3 pb-6 md:px-6 group-data-[size=small]:px-3 text-neutral-300 text-xs md:text-sm\">\n\t\t\t<figcaption title=\"Queijos artesanais no Mercado Central\" class=\"block line-clamp-4 md:line-clamp-3\">\n\t\t\t\tQueijos artesanais no Mercado Central\t\t\t<\/figcaption>\n\t\t\t<cite\n\t\t\t\tclass=\"relative block not-italic after:absolute after:left-0 after:right-0 after:-bottom-3 after:h-px after:bg-neutral-100\">\n\t\t\t\tPaulo Borges UFMG\t\t\t<\/cite>\n\t\t<\/div>\n\t<\/figure>\n","protected":false},"excerpt":{"rendered":"<p>Cercada pela Serra do Curral, Belo Horizonte \u00e9 a capital do estado de Minas Gerais, localizado na regi\u00e3o Sudeste do pa\u00eds. Com 2,3 milh\u00f5es de habitantes e \u00e1rea de aproximadamente 330 km\u00b2, a cidade abriga o maior conjunto de unidades e campi da Universidade Federal de Minas Gerais. O munic\u00edpio \u00e9 um dos pontos nacionais [&hellip;]<\/p>\n","protected":false},"author":1,"featured_media":3169,"parent":3167,"menu_order":0,"comment_status":"closed","ping_status":"closed","template":"","meta":{"_acf_changed":false,"footnotes":""},"class_list":["post-3131","page","type-page","status-publish","has-post-thumbnail","hentry"],"acf":[],"_links":{"self":[{"href":"http:\/\/150.164.63.212:9000\/portal-novo-dev\/wp-json\/wp\/v2\/pages\/3131","targetHints":{"allow":["GET"]}}],"collection":[{"href":"http:\/\/150.164.63.212:9000\/portal-novo-dev\/wp-json\/wp\/v2\/pages"}],"about":[{"href":"http:\/\/150.164.63.212:9000\/portal-novo-dev\/wp-json\/wp\/v2\/types\/page"}],"author":[{"embeddable":true,"href":"http:\/\/150.164.63.212:9000\/portal-novo-dev\/wp-json\/wp\/v2\/users\/1"}],"replies":[{"embeddable":true,"href":"http:\/\/150.164.63.212:9000\/portal-novo-dev\/wp-json\/wp\/v2\/comments?post=3131"}],"version-history":[{"count":0,"href":"http:\/\/150.164.63.212:9000\/portal-novo-dev\/wp-json\/wp\/v2\/pages\/3131\/revisions"}],"up":[{"embeddable":true,"href":"http:\/\/150.164.63.212:9000\/portal-novo-dev\/wp-json\/wp\/v2\/pages\/3167"}],"wp:featuredmedia":[{"embeddable":true,"href":"http:\/\/150.164.63.212:9000\/portal-novo-dev\/wp-json\/wp\/v2\/media\/3169"}],"wp:attachment":[{"href":"http:\/\/150.164.63.212:9000\/portal-novo-dev\/wp-json\/wp\/v2\/media?parent=3131"}],"curies":[{"name":"wp","href":"https:\/\/api.w.org\/{rel}","templated":true}]}}