{"id":3132,"date":"2025-09-17T09:45:35","date_gmt":"2025-09-17T12:45:35","guid":{"rendered":"http:\/\/localhost\/portal-ufmg\/?page_id=2629"},"modified":"2025-09-17T09:47:08","modified_gmt":"2025-09-17T12:47:08","slug":"diamantina","status":"publish","type":"page","link":"http:\/\/150.164.63.212:9000\/portal-novo-dev\/a-universidade\/ufmg-e-a-cidade\/diamantina\/","title":{"rendered":"Diamantina"},"content":{"rendered":"\n<hr class=\"wp-block-separator has-alpha-channel-opacity\"\/>\n\n\n\n<details class=\"wp-block-ufmg-navigation-menu group py-4\" open><summary class=\"bg-neutral-100 text-primary-400 flex items-center gap-2 p-2 rounded [&amp;&gt;i]:text-[1rem] md:[&amp;&gt;i]:text-[1.25rem] group-open:[&amp;&gt;i]:-rotate-180 [&amp;&gt;i]:transition-transform cursor-pointer\"><span class=\"basis-full text-base md:text-lg font-semibold\">Outras cidades<\/span><i class=\"ti ti-chevrons-down\"><\/i><\/summary><ul class=\"[&amp;_li]:text-base md:[&amp;_li]:text-lg [&amp;_li]:border-b [&amp;_li]:border-b-neutral-200 [&amp;_li]:px-1 [&amp;_li]:py-2 [&amp;_li_a]:block [&amp;_li_a]:py-1 [&amp;_li_a]:pl-4 [&amp;_li_a]:text-neutral-600 [&amp;_li_a]:rounded aria-[current=page]:[&amp;_li_a]:bg-primary-300 aria-[current=page]:[&amp;_li_a]:text-neutral-50 hover:[&amp;_li_a]:bg-primary-300 hover:[&amp;_li_a]:text-neutral-50 [&amp;_li_a]:transition-colors\"><li class=\" wp-block-navigation-item wp-block-navigation-link\"><a class=\"wp-block-navigation-item__content\"  href=\"http:\/\/150.164.63.212:9000\/portal-novo-dev\/ufmg-e-a-cidade\/belo-horizonte\/\"><span class=\"wp-block-navigation-item__label\">Belo Horizonte<\/span><\/a><\/li>\n\n<li class=\" wp-block-navigation-item wp-block-navigation-link\"><a class=\"wp-block-navigation-item__content\"  href=\"http:\/\/150.164.63.212:9000\/portal-novo-dev\/a-universidade\/ufmg-e-a-cidade\/diamantina\/\"><span class=\"wp-block-navigation-item__label\">Diamantina<\/span><\/a><\/li>\n\n<li class=\" wp-block-navigation-item wp-block-navigation-link\"><a class=\"wp-block-navigation-item__content\"  href=\"http:\/\/150.164.63.212:9000\/portal-novo-dev\/ufmg-e-a-cidade\/montes-claros\/\"><span class=\"wp-block-navigation-item__label\">Montes Claros<\/span><\/a><\/li>\n\n<li class=\" wp-block-navigation-item wp-block-navigation-link\"><a class=\"wp-block-navigation-item__content\"  href=\"http:\/\/150.164.63.212:9000\/portal-novo-dev\/ufmg-e-a-cidade\/tiradentes\/\"><span class=\"wp-block-navigation-item__label\">Tiradentes<\/span><\/a><\/li><\/ul><\/details>\n\n\n\n<p>Dois casar\u00f5es hist\u00f3ricos localizados em lados opostos da rua e interligados por um passadi\u00e7o formam uma das imagens mais ic\u00f4nicas da cidade mineira de Diamantina: a Casa da Gl\u00f3ria. Os espa\u00e7os, que ao longo da hist\u00f3ria serviram a diversos fins, desde 1979 integram a UFMG e s\u00e3o importante ponto de apoio a atividades de pesquisa, ensino e extens\u00e3o promovidas pela Universidade, nas \u00e1reas de geologia, turismo e cartografia cultural e hist\u00f3rica.<\/p>\n\n\n\n\n\t<figure data-size=\"large\"\n\t\tclass=\"group space-y-2 data-[size=small]:w-[21rem] sm:data-[size=medium]:w-[40rem] lg:data-[size=small]:float-left lg:data-[size=small]:mr-8 mx-auto\">\n\t\t\t\t\t<img loading=\"lazy\" decoding=\"async\" width=\"640\" height=\"400\" src=\"http:\/\/150.164.63.212:9000\/portal-novo-dev\/app\/uploads\/2025\/06\/ecf2313485f31864658cf477c6b9d717_14900323245212_1970245709-712x445.jpg\" class=\"group-data-[size=small]:w-[21rem] group-data-[size=small]:h-[29.75rem] sm:group-data-[size=medium]:w-[40rem] sm:group-data-[size=small]:h-[27.8125rem] lg:group-data-[size=medium]:h-[27.8125rem] group-data-[size=large]:w-full group-data-[size=large]:h-[9.875rem] md:group-data-[size=large]:h-[27.8125rem] rounded object-fill\" alt=\"\" \/>\t\t\t\t<div\n\t\t\tclass=\"group-data-[size=small]:w-[21rem] px-3 pt-3 pb-6 md:px-6 group-data-[size=small]:px-3 text-neutral-300 text-xs md:text-sm\">\n\t\t\t<figcaption title=\"Passadi\u00e7o da Casa Gl\u00f3ria\" class=\"block line-clamp-4 md:line-clamp-3\">\n\t\t\t\tPassadi\u00e7o da Casa Gl\u00f3ria\t\t\t<\/figcaption>\n\t\t\t<cite\n\t\t\t\tclass=\"relative block not-italic after:absolute after:left-0 after:right-0 after:-bottom-3 after:h-px after:bg-neutral-100\">\n\t\t\t\tFoca Lisboa UFMG\t\t\t<\/cite>\n\t\t<\/div>\n\t<\/figure>\n\n\n\n<p>A presen\u00e7a da UFMG na regi\u00e3o vai al\u00e9m desse espa\u00e7o. Historicamente, a Universidade criou la\u00e7os com a comunidade local por meio de atividades de extens\u00e3o, como o Festival de Inverno, da promo\u00e7\u00e3o de eventos como o influente Semin\u00e1rio de Economia Mineira, de parcerias diversas visando ao desenvolvimento local e de la\u00e7os acad\u00eamicos com a Universidade Federal dos Vales do Jequitinhonha e Mucuri.<\/p>\n\n\n\n<h2 class=\"wp-block-heading\">Diamantes<\/h2>\n\n\n\n<p>Localizada na Serra do Espinha\u00e7o, antiga forma\u00e7\u00e3o geol\u00f3gica, na regi\u00e3o do Vale do Jequitinhonha, a cidade est\u00e1 a cerca de 300 Km de Belo Horizonte, Sua economia, ainda hoje, decorre de atividades mineradoras, al\u00e9m de outras nos segmentos t\u00eaxtil, tur\u00edstico, moveleiro, agr\u00edcola, do artesanato e extrativo vegetal, como das flores sempre-vivas.<\/p>\n\n\n\n\n\t<figure data-size=\"large\"\n\t\tclass=\"group space-y-2 data-[size=small]:w-[21rem] sm:data-[size=medium]:w-[40rem] lg:data-[size=small]:float-left lg:data-[size=small]:mr-8 mx-auto\">\n\t\t\t\t\t<img loading=\"lazy\" decoding=\"async\" width=\"640\" height=\"330\" src=\"http:\/\/150.164.63.212:9000\/portal-novo-dev\/app\/uploads\/2025\/06\/b96a457e96e3127d4566994f0711cd96_14900184061423_1467691551-864x445.jpg\" class=\"group-data-[size=small]:w-[21rem] group-data-[size=small]:h-[29.75rem] sm:group-data-[size=medium]:w-[40rem] sm:group-data-[size=small]:h-[27.8125rem] lg:group-data-[size=medium]:h-[27.8125rem] group-data-[size=large]:w-full group-data-[size=large]:h-[9.875rem] md:group-data-[size=large]:h-[27.8125rem] rounded object-fill\" alt=\"\" \/>\t\t\t\t<div\n\t\t\tclass=\"group-data-[size=small]:w-[21rem] px-3 pt-3 pb-6 md:px-6 group-data-[size=small]:px-3 text-neutral-300 text-xs md:text-sm\">\n\t\t\t<figcaption title=\"Vale Jequitinhonha\" class=\"block line-clamp-4 md:line-clamp-3\">\n\t\t\t\tVale Jequitinhonha\t\t\t<\/figcaption>\n\t\t\t<cite\n\t\t\t\tclass=\"relative block not-italic after:absolute after:left-0 after:right-0 after:-bottom-3 after:h-px after:bg-neutral-100\">\n\t\t\t\tFoca Lisboa UFMG\t\t\t<\/cite>\n\t\t<\/div>\n\t<\/figure>\n\n\n\n<p>Fundada como Arraial do Tejuco em 1713, o povoado experimentou, pouco mais de uma d\u00e9cada depois, grande crescimento populacional devido \u00e0 descoberta de diamantes. Recebeu o seu nome atual ap\u00f3s ter se emancipado do munic\u00edpio do Serro, em 1831. Por\u00e9m, antes de sua coloniza\u00e7\u00e3o, o &#8216;Tejuco&#8217; era ocupado por povos ind\u00edgenas.<\/p>\n\n\n\n<p>Diamantina \u00e9 ber\u00e7o de hist\u00f3ria e de personagens como o ex-presidente da Rep\u00fablica Juscelino Kubitschek de Oliveira e de Francisca da Silva de Oliveira, a Chica da Silva. Desde 1999, foi elevada a Patrim\u00f4nio da Humanidade pela Unesco. Antes, em 1938, recebeu o&nbsp;t\u00edtulo de Patrim\u00f4nio Hist\u00f3rico Nacional pelo Instituto do Patrim\u00f4nio Hist\u00f3rico e Art\u00edstico Nacional.<\/p>\n\n\n\n<h2 class=\"wp-block-heading\">Noites Frescas<\/h2>\n\n\n\n<p>Segundo o \u00faltimo Censo, o munic\u00edpio de Diamantina possui cerca de 48 mil habitantes. A cidade, pavimentada com antigas capistranas, e contando com relevante casario colonial, possui boa infraestrutura hoteleira e agenda cultural que atraem visitantes nacionais e estrangeiros.<\/p>\n\n\n\n<p>O clima local conta com ver\u00f5es \u00famidos e invernos secos. As noites s\u00e3o sempre frescas ou frias.<\/p>\n\n\n\n\n\t<figure data-size=\"medium\"\n\t\tclass=\"group space-y-2 data-[size=small]:w-[21rem] sm:data-[size=medium]:w-[40rem] lg:data-[size=small]:float-left lg:data-[size=small]:mr-8 mx-auto\">\n\t\t\t\t\t<img loading=\"lazy\" decoding=\"async\" width=\"640\" height=\"445\" src=\"http:\/\/150.164.63.212:9000\/portal-novo-dev\/app\/uploads\/2025\/06\/381bd6b6967cb383966d4594d0f0910a_14900329012826_206792678-640x445.jpg\" class=\"group-data-[size=small]:w-[21rem] group-data-[size=small]:h-[29.75rem] sm:group-data-[size=medium]:w-[40rem] sm:group-data-[size=small]:h-[27.8125rem] lg:group-data-[size=medium]:h-[27.8125rem] group-data-[size=large]:w-full group-data-[size=large]:h-[9.875rem] md:group-data-[size=large]:h-[27.8125rem] rounded object-fill\" alt=\"\" \/>\t\t\t\t<div\n\t\t\tclass=\"group-data-[size=small]:w-[21rem] px-3 pt-3 pb-6 md:px-6 group-data-[size=small]:px-3 text-neutral-300 text-xs md:text-sm\">\n\t\t\t<figcaption title=\"Diamantina\" class=\"block line-clamp-4 md:line-clamp-3\">\n\t\t\t\tDiamantina\t\t\t<\/figcaption>\n\t\t\t<cite\n\t\t\t\tclass=\"relative block not-italic after:absolute after:left-0 after:right-0 after:-bottom-3 after:h-px after:bg-neutral-100\">\n\t\t\t\tFoca Lisboa UFMG\t\t\t<\/cite>\n\t\t<\/div>\n\t<\/figure>\n\n\n\n<h2 class=\"wp-block-heading\">Casa da Gl\u00f3ria: um pouco de hist\u00f3ria<\/h2>\n\n\n\n<p>Vinculada ao Instituto de Geoci\u00eancias da UFMG, a Casa da Gl\u00f3ria, espa\u00e7o da UFMG em Diamantina, abra\u00e7a edif\u00edcios de \u00e9pocas e estilos diferentes. Estima-se que o edif\u00edcio principal tenha sido constru\u00eddo entre 1775 e 1800 por Manuel Viana, marido de Dona Josefa Maria da Gl\u00f3ria, que residiu na casa at\u00e9 1813, decorrendo da\u00ed a denomina\u00e7\u00e3o&nbsp; \u2018Casa da Gl\u00f3ria\u2019.<\/p>\n\n\n\n\n\t<figure data-size=\"medium\"\n\t\tclass=\"group space-y-2 data-[size=small]:w-[21rem] sm:data-[size=medium]:w-[40rem] lg:data-[size=small]:float-left lg:data-[size=small]:mr-8 mx-auto\">\n\t\t\t\t\t<img loading=\"lazy\" decoding=\"async\" width=\"640\" height=\"445\" src=\"http:\/\/150.164.63.212:9000\/portal-novo-dev\/app\/uploads\/2025\/06\/30a7d407e12f6190eb2c3b23f78b7b1e_14900182725638_1109126500-640x445.png\" class=\"group-data-[size=small]:w-[21rem] group-data-[size=small]:h-[29.75rem] sm:group-data-[size=medium]:w-[40rem] sm:group-data-[size=small]:h-[27.8125rem] lg:group-data-[size=medium]:h-[27.8125rem] group-data-[size=large]:w-full group-data-[size=large]:h-[9.875rem] md:group-data-[size=large]:h-[27.8125rem] rounded object-fill\" alt=\"\" \/>\t\t\t\t<div\n\t\t\tclass=\"group-data-[size=small]:w-[21rem] px-3 pt-3 pb-6 md:px-6 group-data-[size=small]:px-3 text-neutral-300 text-xs md:text-sm\">\n\t\t\t<figcaption title=\"Casa da Gl\u00f3ria\" class=\"block line-clamp-4 md:line-clamp-3\">\n\t\t\t\tCasa da Gl\u00f3ria\t\t\t<\/figcaption>\n\t\t\t<cite\n\t\t\t\tclass=\"relative block not-italic after:absolute after:left-0 after:right-0 after:-bottom-3 after:h-px after:bg-neutral-100\">\n\t\t\t\tFoca Lisboa UFMG\t\t\t<\/cite>\n\t\t<\/div>\n\t<\/figure>\n\n\n\n<p>No in\u00edcio do s\u00e9culo 19, a Casa passou para as m\u00e3os do Estado, servindo de resid\u00eancia para os seus intendentes. Consta que ela recebeu visitas de estudiosos como Auguste de Saint Hilaire, John Mawe, Bar\u00e3o Wilhelm Ludwig von Eschwege, J.B. Von Spix, Von Martius, entre outros.<\/p>\n\n\n\n<p>Em 1864, a propriedade foi transferida para a Igreja, que transformou a Casa em sede do Segundo Bispado de Minas Gerais e resid\u00eancia oficial dos Bispos de Diamantina. Por volta de 1867, sua finalidade muda e passa a abrigar religiosas da Ordem de S\u00e3o Vicente de Paulo, que fundam um orfanato no local, e, posteriormente, o Educand\u00e1rio Feminino de Nossa Senhora das Dores. A fim de ligar as duas casas, foi erguido um passadi\u00e7o entre elas.<\/p>\n\n\n\n<p>Em 1979, o conjunto foi adquirido pelo Minist\u00e9rio da Educa\u00e7\u00e3o e Cultura para sediar o Instituto Eschwege, mais tarde denominado Centro de Geologia Eschwege. Por meio da Resolu\u00e7\u00e3o 05\/79 de 23\/03\/79 do Conselho Universit\u00e1rio da UFMG, o local&nbsp; foi incorporado como \u00f3rg\u00e3o complementar do Instituto de Geoci\u00eancias da UFMG.<\/p>\n\n\n\n<h4 class=\"wp-block-heading\">Contato<\/h4>\n\n\n\n<p>Telefone: (38) 3531-1394<br>E-mail: casadagloria@igc.ufmg.br<br>Instituto Casa da Gl\u00f3ria, 298 \u2013 Centro \u2013 Diamantina &#8211;&nbsp;CEP: 39.100-000 \u2013 MG<\/p>\n\n\n\n<div class=\"wp-block-ufmg-cards grid grid-cols-1 lg:grid-cols-cards gap-8\">\n\t<div class=\"flex flex-col gap-6 p-6 md:py-8 border border-neutral-200 rounded-lg\">\n\n\t\t\t\t\t<h2 class=\"pl-2 border-l-2 border-l-primary-400 text-neutral-600 text-xl md:text-2xl font-semibold\">\n\t\t\t\tPrefeitura de Diamantina\t\t\t<\/h2>\n\t\t\n\t\t\t\t\t<p class=\"flex-1 text-base md:text-lg text-neutral-500\">\n\t\t\t\tFique a par das informa\u00e7\u00f5es sobre a cidade, hospedagem e atra\u00e7\u00f5es naturais e culturais.\t\t\t<\/p>\n\t\t\n\t\t\t\t\t<a href=\"https:\/\/www.diamantina.mg.gov.br\/\" target=\"_blank\" rel=\"noopener noreferrer\"\t\t\t\tclass=\"w-fit ml-auto flex items-center gap-4 text-primary-300 font-lexend font-medium text-base md:text-lg\">\n\t\t\t\tSaiba mais\t\t\t\t<i class=\"ti ti-chevron-right text-[1rem] md:text-[1.25rem]\"><\/i>\n\t\t\t<\/a>\n\t\t\t<\/div>\n\n\n\n\t<div class=\"flex flex-col gap-6 p-6 md:py-8 border border-neutral-200 rounded-lg\">\n\n\t\t\t\t\t<h2 class=\"pl-2 border-l-2 border-l-primary-400 text-neutral-600 text-xl md:text-2xl font-semibold\">\n\t\t\t\tCasa da Gl\u00f3ria\/IGC\t\t\t<\/h2>\n\t\t\n\t\t\t\t\t<p class=\"flex-1 text-base md:text-lg text-neutral-500\">\n\t\t\t\tAl\u00e9m de abrigar grupos de estudos e de est\u00e1gios da UFMG e de outras institui\u00e7\u00f5es de ensino, a Casa da Gl\u00f3ria recebe visita\u00e7\u00e3o do p\u00fablico.\t\t\t<\/p>\n\t\t\n\t\t\t\t\t<a href=\"https:\/\/www.igc.ufmg.br\/?option=com_content&#038;view=category&#038;layout=blog&#038;id=56&#038;Itemid=315\" target=\"_blank\" rel=\"noopener noreferrer\"\t\t\t\tclass=\"w-fit ml-auto flex items-center gap-4 text-primary-300 font-lexend font-medium text-base md:text-lg\">\n\t\t\t\tSaiba mais\t\t\t\t<i class=\"ti ti-chevron-right text-[1rem] md:text-[1.25rem]\"><\/i>\n\t\t\t<\/a>\n\t\t\t<\/div>\n<\/div>\n\n\n\n<p>[Fonte:&nbsp;<a href=\"http:\/\/www.igc.ufmg.br\/index.php?option=com_content&amp;view=category&amp;layout=blog&amp;id=56&amp;Itemid=315\" target=\"_blank\" rel=\"noreferrer noopener\">Casa da Gl\u00f3ria\/IGC<\/a>]<\/p>\n\n\n\n<p><\/p>\n","protected":false},"excerpt":{"rendered":"<p>Dois casar\u00f5es hist\u00f3ricos localizados em lados opostos da rua e interligados por um passadi\u00e7o formam uma das imagens mais ic\u00f4nicas da cidade mineira de Diamantina: a Casa da Gl\u00f3ria. Os espa\u00e7os, que ao longo da hist\u00f3ria serviram a diversos fins, desde 1979 integram a UFMG e s\u00e3o importante ponto de apoio a atividades de pesquisa, [&hellip;]<\/p>\n","protected":false},"author":1,"featured_media":3176,"parent":3167,"menu_order":0,"comment_status":"closed","ping_status":"closed","template":"","meta":{"_acf_changed":false,"footnotes":""},"class_list":["post-3132","page","type-page","status-publish","has-post-thumbnail","hentry"],"acf":[],"_links":{"self":[{"href":"http:\/\/150.164.63.212:9000\/portal-novo-dev\/wp-json\/wp\/v2\/pages\/3132","targetHints":{"allow":["GET"]}}],"collection":[{"href":"http:\/\/150.164.63.212:9000\/portal-novo-dev\/wp-json\/wp\/v2\/pages"}],"about":[{"href":"http:\/\/150.164.63.212:9000\/portal-novo-dev\/wp-json\/wp\/v2\/types\/page"}],"author":[{"embeddable":true,"href":"http:\/\/150.164.63.212:9000\/portal-novo-dev\/wp-json\/wp\/v2\/users\/1"}],"replies":[{"embeddable":true,"href":"http:\/\/150.164.63.212:9000\/portal-novo-dev\/wp-json\/wp\/v2\/comments?post=3132"}],"version-history":[{"count":0,"href":"http:\/\/150.164.63.212:9000\/portal-novo-dev\/wp-json\/wp\/v2\/pages\/3132\/revisions"}],"up":[{"embeddable":true,"href":"http:\/\/150.164.63.212:9000\/portal-novo-dev\/wp-json\/wp\/v2\/pages\/3167"}],"wp:featuredmedia":[{"embeddable":true,"href":"http:\/\/150.164.63.212:9000\/portal-novo-dev\/wp-json\/wp\/v2\/media\/3176"}],"wp:attachment":[{"href":"http:\/\/150.164.63.212:9000\/portal-novo-dev\/wp-json\/wp\/v2\/media?parent=3132"}],"curies":[{"name":"wp","href":"https:\/\/api.w.org\/{rel}","templated":true}]}}