{"id":3167,"date":"2025-06-26T11:28:00","date_gmt":"2025-06-26T14:28:00","guid":{"rendered":"http:\/\/150.164.63.212:9000\/portal-novo-dev\/?page_id=3167"},"modified":"2025-07-18T15:13:37","modified_gmt":"2025-07-18T18:13:37","slug":"ufmg-e-a-cidade","status":"publish","type":"page","link":"http:\/\/150.164.63.212:9000\/portal-novo-dev\/a-universidade\/ufmg-e-a-cidade\/","title":{"rendered":"UFMG e a Cidade"},"content":{"rendered":"\n<p>Al\u00e9m dos quatro campi presentes no estado, o v\u00ednculo da UFMG com outras centenas de cidades mineiras e de outros estados \u00e9 favorecido pelas a\u00e7\u00f5es de extens\u00e3o, ensino e pesquisa organizados pela universidade.<\/p>\n\n\n\n<p>As iniciativas junto as cidades-polos possibilitam a realiza\u00e7\u00e3o de cursos a dist\u00e2ncia, al\u00e9m de projetos de apoio \u00e0 qualidade de vida, \u00e0 conex\u00e3o entre comunidades e ao desenvolvimento social. S\u00e3o exemplos o Internato Rural, est\u00e1gio do curso de Medicina em que os alunos cuidam da sa\u00fade e da seguran\u00e7a sanit\u00e1ria de cidades do interior do estado, e o Polo de Integra\u00e7\u00e3o da UFMG que oferece educa\u00e7\u00e3o, sa\u00fade, cultura e lazer para a popula\u00e7\u00e3o do Vale do Jequitinhonha.<\/p>\n\n\n\n<p>Al\u00e9m desses programas, o impacto da UFMG \u00e9 especialmente marcante<strong> <\/strong>nas cidades onde estabeleceu seus campi e infraestrutura de apoio a atividades acad\u00eamicas presenciais. Conhe\u00e7a mais sobre os munic\u00edpios em que a Universidade est\u00e1 presente: Belo Horizonte, Montes Claros, Tiradentes e Diamantina.&nbsp;<\/p>\n\n\n<?xml encoding=\"utf-8\"?><ul class=\"wp-block-ufmg-hub-links [&amp;&gt;li_a]:flex [&amp;&gt;li_a]:items-center [&amp;&gt;li_a]:justify-between [&amp;&gt;li_a]:bg-neutral-50 [&amp;&gt;li_a]:px-4 [&amp;&gt;li_a]:py-3 md:[&amp;&gt;li_a]:py-5 [&amp;&gt;li_a]:border-b [&amp;&gt;li_a]:border-b-neutral-200 [&amp;&gt;li_a]:text-primary-300 [&amp;&gt;li_a]:text-base md:[&amp;&gt;li_a]:text-lg [&amp;&gt;li_a]:font-lexend [&amp;&gt;li_a]:font-medium [&amp;&gt;li_a]:transition-colors [&amp;&gt;li_a&gt;i]:text-[1rem] md:[&amp;&gt;li_a&gt;i]:text-[1.5rem] hover:[&amp;&gt;li_a]:bg-neutral-100 hover:[&amp;&gt;li_a]:border-b-primary-300\"><li class=\" wp-block-navigation-item wp-block-navigation-link\"><a class=\"wp-block-navigation-item__content\" href=\"http:\/\/150.164.63.212:9000\/portal-novo-dev\/belo-horizonte\/\"><span class=\"wp-block-navigation-item__label\">Belo Horizonte<\/span><i class=\"ti ti-chevron-right\"><\/i><\/a><\/li>\n\n<li class=\" wp-block-navigation-item wp-block-navigation-link\"><a class=\"wp-block-navigation-item__content\" href=\"http:\/\/150.164.63.212:9000\/portal-novo-dev\/diamantina\/\"><span class=\"wp-block-navigation-item__label\">Diamantina<\/span><i class=\"ti ti-chevron-right\"><\/i><\/a><\/li>\n\n<li class=\" wp-block-navigation-item wp-block-navigation-link\"><a class=\"wp-block-navigation-item__content\" href=\"http:\/\/150.164.63.212:9000\/portal-novo-dev\/montes-claros\/\"><span class=\"wp-block-navigation-item__label\">Montes Claros<\/span><i class=\"ti ti-chevron-right\"><\/i><\/a><\/li>\n\n<li class=\" wp-block-navigation-item wp-block-navigation-link\"><a class=\"wp-block-navigation-item__content\" href=\"http:\/\/150.164.63.212:9000\/portal-novo-dev\/belo-horizonte\/\"><span class=\"wp-block-navigation-item__label\">Tiradentes<\/span><i class=\"ti ti-chevron-right\"><\/i><\/a><\/li><\/ul>\n","protected":false},"excerpt":{"rendered":"<p>Al\u00e9m dos quatro campi presentes no estado, o v\u00ednculo da UFMG com outras centenas de cidades mineiras e de outros estados \u00e9 favorecido pelas a\u00e7\u00f5es de extens\u00e3o, ensino e pesquisa organizados pela universidade. As iniciativas junto as cidades-polos possibilitam a realiza\u00e7\u00e3o de cursos a dist\u00e2ncia, al\u00e9m de projetos de apoio \u00e0 qualidade de vida, \u00e0 [&hellip;]<\/p>\n","protected":false},"author":1,"featured_media":3168,"parent":2918,"menu_order":0,"comment_status":"closed","ping_status":"closed","template":"","meta":{"_acf_changed":false,"footnotes":""},"class_list":["post-3167","page","type-page","status-publish","has-post-thumbnail","hentry"],"acf":[],"_links":{"self":[{"href":"http:\/\/150.164.63.212:9000\/portal-novo-dev\/wp-json\/wp\/v2\/pages\/3167","targetHints":{"allow":["GET"]}}],"collection":[{"href":"http:\/\/150.164.63.212:9000\/portal-novo-dev\/wp-json\/wp\/v2\/pages"}],"about":[{"href":"http:\/\/150.164.63.212:9000\/portal-novo-dev\/wp-json\/wp\/v2\/types\/page"}],"author":[{"embeddable":true,"href":"http:\/\/150.164.63.212:9000\/portal-novo-dev\/wp-json\/wp\/v2\/users\/1"}],"replies":[{"embeddable":true,"href":"http:\/\/150.164.63.212:9000\/portal-novo-dev\/wp-json\/wp\/v2\/comments?post=3167"}],"version-history":[{"count":0,"href":"http:\/\/150.164.63.212:9000\/portal-novo-dev\/wp-json\/wp\/v2\/pages\/3167\/revisions"}],"up":[{"embeddable":true,"href":"http:\/\/150.164.63.212:9000\/portal-novo-dev\/wp-json\/wp\/v2\/pages\/2918"}],"wp:featuredmedia":[{"embeddable":true,"href":"http:\/\/150.164.63.212:9000\/portal-novo-dev\/wp-json\/wp\/v2\/media\/3168"}],"wp:attachment":[{"href":"http:\/\/150.164.63.212:9000\/portal-novo-dev\/wp-json\/wp\/v2\/media?parent=3167"}],"curies":[{"name":"wp","href":"https:\/\/api.w.org\/{rel}","templated":true}]}}