{"id":3692,"date":"2025-08-20T10:18:16","date_gmt":"2025-08-20T13:18:16","guid":{"rendered":"http:\/\/150.164.63.212:9000\/portal-novo-dev\/?page_id=3692"},"modified":"2025-08-20T10:18:17","modified_gmt":"2025-08-20T13:18:17","slug":"sobre-a-tv-ufmg","status":"publish","type":"page","link":"http:\/\/150.164.63.212:9000\/portal-novo-dev\/comunicacao\/tv-ufmg\/sobre-a-tv-ufmg\/","title":{"rendered":"Sobre a TV UFMG"},"content":{"rendered":"\n<h3 class=\"wp-block-heading\">P\u00fablica, Educativa e Diversa<\/h3>\n\n\n\n<p>Lorem ipsum dolor sit amet, consectetur adipiscing elit. Integer tellus tortor, scelerisque a ex id, tristique facilisis risus. Fusce nibh arcu, viverra et lacinia in, tempus at ipsum. Curabitur non sagittis odio. Fusce ut urna lectus. Fusce a dignissim massa, a aliquet velit. Nullam ac ultricies augue. Nullam ac purus eget justo malesuada ultricies at id enim. Cras porttitor velit eu pellentesque porta. <\/p>\n\n\n\n<p>Donec mattis velit quis est condimentum bibendum. Proin rutrum neque est, ac egestas turpis congue non. Nam facilisis nibh dictum, suscipit ex quis, vehicula nibh. Ut molestie ipsum risus, sed rhoncus ligula maximus nec. Etiam gravida maximus elit a convallis. Class aptent taciti sociosqu ad litora torquent per conubia nostra, per inceptos himenaeos. Aenean massa felis, hendrerit sit amet est at, pretium vehicula quam. Aliquam condimentum egestas turpis, sed placerat est.<\/p>\n\n\n\n<div class=\"wp-block-ufmg-cards grid grid-cols-1 lg:grid-cols-cards gap-8\">\n\t<div class=\"flex flex-col gap-6 p-6 md:py-8 border border-neutral-200 rounded-lg\">\n\n\t\t\t\t\t<h2 class=\"pl-2 border-l-2 border-l-primary-400 text-neutral-600 text-xl md:text-2xl font-semibold\">\n\t\t\t\tCanal do Youtube\t\t\t<\/h2>\n\t\t\n\t\t\t\t\t<p class=\"flex-1 text-base md:text-lg text-neutral-500\">\n\t\t\t\tAcesse aqui o canal oficial da TV UFMG no Youtube e fique por dentro de todos os novos v\u00eddeos.\t\t\t<\/p>\n\t\t\n\t\t\t\t\t<a href=\"https:\/\/www.youtube.com\/tvufmg\" target=\"_blank\" rel=\"noopener noreferrer\"\t\t\t\tclass=\"w-fit ml-auto flex items-center gap-4 text-primary-300 font-lexend font-medium text-base md:text-lg\">\n\t\t\t\tSaiba mais\t\t\t\t<i class=\"ti ti-chevron-right text-[1rem] md:text-[1.25rem]\"><\/i>\n\t\t\t<\/a>\n\t\t\t<\/div>\n\n\n\n\t<div class=\"flex flex-col gap-6 p-6 md:py-8 border border-neutral-200 rounded-lg\">\n\n\t\t\t\t\t<h2 class=\"pl-2 border-l-2 border-l-primary-400 text-neutral-600 text-xl md:text-2xl font-semibold\">\n\t\t\t\tInstagram\t\t\t<\/h2>\n\t\t\n\t\t\t\t\t<p class=\"flex-1 text-base md:text-lg text-neutral-500\">\n\t\t\t\tAcesse o perfil oficial da TV UFMG no Instagram para ver e interagir com o n\u00facleo nas redes sociais.\t\t\t<\/p>\n\t\t\n\t\t\t\t\t<a href=\"https:\/\/www.instagram.com\/tvufmg\/\" target=\"_blank\" rel=\"noopener noreferrer\"\t\t\t\tclass=\"w-fit ml-auto flex items-center gap-4 text-primary-300 font-lexend font-medium text-base md:text-lg\">\n\t\t\t\tSaiba mais\t\t\t\t<i class=\"ti ti-chevron-right text-[1rem] md:text-[1.25rem]\"><\/i>\n\t\t\t<\/a>\n\t\t\t<\/div>\n\n\n\n\t<div class=\"flex flex-col gap-6 p-6 md:py-8 border border-neutral-200 rounded-lg\">\n\n\t\t\t\t\t<h2 class=\"pl-2 border-l-2 border-l-primary-400 text-neutral-600 text-xl md:text-2xl font-semibold\">\n\t\t\t\tLinktree\t\t\t<\/h2>\n\t\t\n\t\t\t\t\t<p class=\"flex-1 text-base md:text-lg text-neutral-500\">\n\t\t\t\tTenha acesso \u00e0s informa\u00e7\u00f5es mais pertinentes compiladas aqui.\t\t\t<\/p>\n\t\t\n\t\t\t\t\t<a href=\"https:\/\/linktr.ee\/tvufmg\" target=\"_blank\" rel=\"noopener noreferrer\"\t\t\t\tclass=\"w-fit ml-auto flex items-center gap-4 text-primary-300 font-lexend font-medium text-base md:text-lg\">\n\t\t\t\tSaiba mais\t\t\t\t<i class=\"ti ti-chevron-right text-[1rem] md:text-[1.25rem]\"><\/i>\n\t\t\t<\/a>\n\t\t\t<\/div>\n<\/div>\n\n\n\n<h3 class=\"wp-block-heading\">Conhe\u00e7a mais sobre a TV UFMG nas abas abaixo:<\/h3>\n\n\n\n<div class=\"wp-block-ufmg-details-group\"><?xml encoding=\"utf-8\"?><details class=\"group\/accordion\"><summary class=\"flex gap-4 items-center bg-neutral-50 border-x border-t group-last-of-type\/accordion:border-b border-neutral-200 group-open\/accordion:border-primary-300 group-open\/accordion:bg-primary-300 p-3 group-[&amp;:first-of-type]\/accordion:rounded-t group-[&amp;:last-of-type]\/accordion:rounded-b group-open\/accordion:[&amp;:last-of-type]:rounded-b-none text-neutral-600 group-open\/accordion:text-neutral-50 text-lg font-semibold [&amp;&gt;i]:text-[1.5rem] group-open\/accordion:[&amp;&gt;i]:text-neutral-50 [&amp;&gt;i]:text-primary-300 group-open\/accordion:[&amp;&gt;i]:-rotate-180 [&amp;&gt;i]:transition-transform transition-colors cursor-pointer\"><span class=\"grow\">Pr&ecirc;mios<\/span><i class=\"ti ti-chevron-down\"><\/i><\/summary><div class=\"space-y-4 p-3 border-x group-[&amp;:last-of-type]\/accordion:border-b border-neutral-200 text-base text-neutral-400 group-[&amp;:last-of-type]\/accordion:rounded-bl group-[&amp;:last-of-type]\/accordion:rounded-br [&amp;_.wp-block-heading+p]:!mt-0\">\n<p>Lorem ipsum dolor sit amet, consectetur adipiscing elit. Integer tellus tortor, scelerisque a ex id, tristique facilisis risus. Fusce nibh arcu, viverra et lacinia in, tempus at ipsum. Curabitur non sagittis odio. Fusce ut urna lectus. Fusce a dignissim massa, a aliquet velit. Nullam ac ultricies augue. Nullam ac purus eget justo malesuada ultricies at id enim. Cras porttitor velit eu pellentesque porta.<\/p>\n<\/div><\/details>\n\n\n<?xml encoding=\"utf-8\"?><details class=\"group\/accordion\"><summary class=\"flex gap-4 items-center bg-neutral-50 border-x border-t group-last-of-type\/accordion:border-b border-neutral-200 group-open\/accordion:border-primary-300 group-open\/accordion:bg-primary-300 p-3 group-[&amp;:first-of-type]\/accordion:rounded-t group-[&amp;:last-of-type]\/accordion:rounded-b group-open\/accordion:[&amp;:last-of-type]:rounded-b-none text-neutral-600 group-open\/accordion:text-neutral-50 text-lg font-semibold [&amp;&gt;i]:text-[1.5rem] group-open\/accordion:[&amp;&gt;i]:text-neutral-50 [&amp;&gt;i]:text-primary-300 group-open\/accordion:[&amp;&gt;i]:-rotate-180 [&amp;&gt;i]:transition-transform transition-colors cursor-pointer\"><span class=\"grow\">Forma&ccedil;&atilde;o Complementar<\/span><i class=\"ti ti-chevron-down\"><\/i><\/summary><div class=\"space-y-4 p-3 border-x group-[&amp;:last-of-type]\/accordion:border-b border-neutral-200 text-base text-neutral-400 group-[&amp;:last-of-type]\/accordion:rounded-bl group-[&amp;:last-of-type]\/accordion:rounded-br [&amp;_.wp-block-heading+p]:!mt-0\">\n<p>Lorem ipsum dolor sit amet, consectetur adipiscing elit. Integer tellus tortor, scelerisque a ex id, tristique facilisis risus. Fusce nibh arcu, viverra et lacinia in, tempus at ipsum. Curabitur non sagittis odio. Fusce ut urna lectus. Fusce a dignissim massa, a aliquet velit. Nullam ac ultricies augue. Nullam ac purus eget justo malesuada ultricies at id enim. Cras porttitor velit eu pellentesque porta.<\/p>\n<\/div><\/details>\n\n\n<?xml encoding=\"utf-8\"?><details class=\"group\/accordion\"><summary class=\"flex gap-4 items-center bg-neutral-50 border-x border-t group-last-of-type\/accordion:border-b border-neutral-200 group-open\/accordion:border-primary-300 group-open\/accordion:bg-primary-300 p-3 group-[&amp;:first-of-type]\/accordion:rounded-t group-[&amp;:last-of-type]\/accordion:rounded-b group-open\/accordion:[&amp;:last-of-type]:rounded-b-none text-neutral-600 group-open\/accordion:text-neutral-50 text-lg font-semibold [&amp;&gt;i]:text-[1.5rem] group-open\/accordion:[&amp;&gt;i]:text-neutral-50 [&amp;&gt;i]:text-primary-300 group-open\/accordion:[&amp;&gt;i]:-rotate-180 [&amp;&gt;i]:transition-transform transition-colors cursor-pointer\"><span class=\"grow\">Equipe<\/span><i class=\"ti ti-chevron-down\"><\/i><\/summary><div class=\"space-y-4 p-3 border-x group-[&amp;:last-of-type]\/accordion:border-b border-neutral-200 text-base text-neutral-400 group-[&amp;:last-of-type]\/accordion:rounded-bl group-[&amp;:last-of-type]\/accordion:rounded-br [&amp;_.wp-block-heading+p]:!mt-0\">\n<p><strong>Coordena&ccedil;&atilde;o<br><\/strong>Ana Fatorelli<\/p>\n\n\n\n<p><strong>Equipe<\/strong><br>Ruleandson do Carmo<br>Fl&aacute;via Moraes<br>Angelo Ara&uacute;jo<br>Lucas Tunes<br>Marcelo Duarte Moreira<br>M&aacute;rcia Botelho<br>Ot&aacute;vio Zonatto<br>M&aacute;rcia&nbsp;Milagre<br>Ravik Gomes<br>Renata Valentim<br>Samuel do Vale<br>Soraya Fideles<br>Ol&iacute;via Resende<br>Vit&oacute;ria Brunini<\/p>\n<\/div><\/details>\n<\/div>\n\n\n\n<h3 class=\"wp-block-heading\">Contato<\/h3>\n\n\n\n<p><strong>Telefones<br><\/strong>(31) 3409-4569 \/ 3409-4579<\/p>\n\n\n\n<p><strong>E-mail<br><\/strong><a href=\"mailto:tvufmg@ufmg.br\">tvufmg@ufmg.br<\/a>\u00a0<\/p>\n\n\n\n<p><\/p>\n","protected":false},"excerpt":{"rendered":"<p>P\u00fablica, Educativa e Diversa Lorem ipsum dolor sit amet, consectetur adipiscing elit. Integer tellus tortor, scelerisque a ex id, tristique facilisis risus. Fusce nibh arcu, viverra et lacinia in, tempus at ipsum. Curabitur non sagittis odio. Fusce ut urna lectus. Fusce a dignissim massa, a aliquet velit. Nullam ac ultricies augue. Nullam ac purus eget [&hellip;]<\/p>\n","protected":false},"author":1,"featured_media":3693,"parent":2648,"menu_order":0,"comment_status":"closed","ping_status":"closed","template":"","meta":{"_acf_changed":false,"footnotes":""},"class_list":["post-3692","page","type-page","status-publish","has-post-thumbnail","hentry"],"acf":[],"_links":{"self":[{"href":"http:\/\/150.164.63.212:9000\/portal-novo-dev\/wp-json\/wp\/v2\/pages\/3692","targetHints":{"allow":["GET"]}}],"collection":[{"href":"http:\/\/150.164.63.212:9000\/portal-novo-dev\/wp-json\/wp\/v2\/pages"}],"about":[{"href":"http:\/\/150.164.63.212:9000\/portal-novo-dev\/wp-json\/wp\/v2\/types\/page"}],"author":[{"embeddable":true,"href":"http:\/\/150.164.63.212:9000\/portal-novo-dev\/wp-json\/wp\/v2\/users\/1"}],"replies":[{"embeddable":true,"href":"http:\/\/150.164.63.212:9000\/portal-novo-dev\/wp-json\/wp\/v2\/comments?post=3692"}],"version-history":[{"count":0,"href":"http:\/\/150.164.63.212:9000\/portal-novo-dev\/wp-json\/wp\/v2\/pages\/3692\/revisions"}],"up":[{"embeddable":true,"href":"http:\/\/150.164.63.212:9000\/portal-novo-dev\/wp-json\/wp\/v2\/pages\/2648"}],"wp:featuredmedia":[{"embeddable":true,"href":"http:\/\/150.164.63.212:9000\/portal-novo-dev\/wp-json\/wp\/v2\/media\/3693"}],"wp:attachment":[{"href":"http:\/\/150.164.63.212:9000\/portal-novo-dev\/wp-json\/wp\/v2\/media?parent=3692"}],"curies":[{"name":"wp","href":"https:\/\/api.w.org\/{rel}","templated":true}]}}