{"id":10071,"date":"2025-10-01T14:22:59","date_gmt":"2025-10-01T17:22:59","guid":{"rendered":"http:\/\/150.164.63.212:9000\/portal-novo-test\/?page_id=10071"},"modified":"2025-10-08T13:37:24","modified_gmt":"2025-10-08T16:37:24","slug":"linhas-editoriais","status":"publish","type":"page","link":"http:\/\/150.164.63.212:9000\/portal-novo-test\/comunicacao\/tv-ufmg\/linhas-editoriais\/","title":{"rendered":"Linhas Editoriais"},"content":{"rendered":"\n<p><br>Os Selos da TV UFMG s\u00e3o uma proposta editorial e visual que organiza nosso conte\u00fado em cinco eixos: <mark style=\"background-color:rgba(0, 0, 0, 0)\" class=\"has-inline-color has-primary-700-color\">Circuito UFMG<\/mark>, <mark style=\"background-color:rgba(0, 0, 0, 0)\" class=\"has-inline-color has-primary-700-color\">C\u00e2mera Aberta<\/mark>, <mark style=\"background-color:rgba(0, 0, 0, 0)\" class=\"has-inline-color has-primary-700-color\">Ci\u00eancias em Foco<\/mark>, <mark style=\"background-color:rgba(0, 0, 0, 0)\" class=\"has-inline-color has-primary-700-color\">Diversidade<\/mark> e <mark style=\"background-color:rgba(0, 0, 0, 0)\" class=\"has-inline-color has-primary-700-color\">Panor\u00e2mica<\/mark>.<\/p>\n","protected":false},"excerpt":{"rendered":"<p>Os Selos da TV UFMG s\u00e3o uma proposta editorial e visual que organiza nosso conte\u00fado em cinco eixos: Circuito UFMG, C\u00e2mera Aberta, Ci\u00eancias em Foco, Diversidade e Panor\u00e2mica.<\/p>\n","protected":false},"author":1,"featured_media":0,"parent":5444,"menu_order":0,"comment_status":"closed","ping_status":"closed","template":"page-templates\/page-editorial_line.php","meta":{"_acf_changed":false,"footnotes":""},"class_list":["post-10071","page","type-page","status-publish","hentry"],"acf":[],"_links":{"self":[{"href":"http:\/\/150.164.63.212:9000\/portal-novo-test\/wp-json\/wp\/v2\/pages\/10071","targetHints":{"allow":["GET"]}}],"collection":[{"href":"http:\/\/150.164.63.212:9000\/portal-novo-test\/wp-json\/wp\/v2\/pages"}],"about":[{"href":"http:\/\/150.164.63.212:9000\/portal-novo-test\/wp-json\/wp\/v2\/types\/page"}],"author":[{"embeddable":true,"href":"http:\/\/150.164.63.212:9000\/portal-novo-test\/wp-json\/wp\/v2\/users\/1"}],"replies":[{"embeddable":true,"href":"http:\/\/150.164.63.212:9000\/portal-novo-test\/wp-json\/wp\/v2\/comments?post=10071"}],"version-history":[{"count":0,"href":"http:\/\/150.164.63.212:9000\/portal-novo-test\/wp-json\/wp\/v2\/pages\/10071\/revisions"}],"up":[{"embeddable":true,"href":"http:\/\/150.164.63.212:9000\/portal-novo-test\/wp-json\/wp\/v2\/pages\/5444"}],"wp:attachment":[{"href":"http:\/\/150.164.63.212:9000\/portal-novo-test\/wp-json\/wp\/v2\/media?parent=10071"}],"curies":[{"name":"wp","href":"https:\/\/api.w.org\/{rel}","templated":true}]}}