{"id":11261,"date":"2025-10-20T13:27:04","date_gmt":"2025-10-20T16:27:04","guid":{"rendered":"http:\/\/150.164.63.212:9000\/portal-novo-test\/?page_id=11261"},"modified":"2025-10-31T10:17:36","modified_gmt":"2025-10-31T13:17:36","slug":"cultura","status":"publish","type":"page","link":"http:\/\/150.164.63.212:9000\/portal-novo-test\/cultura\/","title":{"rendered":"Cultura"},"content":{"rendered":"\n<p>A UFMG \u00e9 um dos mais importantes polos produtores de cultura de Minas Gerais. Isso se deve a uma pol\u00edtica que compreende a cultura como espa\u00e7o de intera\u00e7\u00e3o com todos os segmentos da comunidade universit\u00e1ria, com a comunidade externa e com as cidades com as quais se relaciona. A cultura potencializa a intera\u00e7\u00e3o dos saberes produzidos na Universidade com os saberes tradicioanis e plurais, abrindo espa\u00e7o para a reflex\u00e3o cr\u00edtica e a constru\u00e7\u00e3o coletiva em campos como direitos humanos, direitos sociais, inclus\u00e3o e cidadania. Em raz\u00e3o da relev\u00e2ncia e transversalisdade da cultura, a UFMG criou em 2022 a <a href=\"https:\/\/www.ufmg.br\/procult\/conheca-a-procult\/apresentacao\/\" data-type=\"link\" data-id=\"https:\/\/www.ufmg.br\/procult\/conheca-a-procult\/apresentacao\/\" target=\"_blank\" rel=\"noreferrer noopener\">Pr\u00f3-reitoria de Cultura (Procult)<\/a>.<\/p>\n\n\n\n<h3 class=\"wp-block-heading\">Apoio \u00e0 produ\u00e7\u00e3o cultural    <\/h3>\n\n\n\n<p>A UFMG conta com o apoio de funda\u00e7\u00f5es credenciadas pelo Minist\u00e9rio da Educa\u00e7\u00e3o (MEC) e pelo Minist\u00e9rio da Ci\u00eancia, Tecnologia e Inova\u00e7\u00e3o (MCTI) para a execu\u00e7\u00e3o de seus projetos de ensino, pesquisa, extens\u00e3o, desenvolvimento institucional, cient\u00edfico e tecnol\u00f3gico, al\u00e9m de a\u00e7\u00f5es de est\u00edmulo \u00e0 inova\u00e7\u00e3o. Os projetos de desenvolvimento institucional abrangem programas, atividades e opera\u00e7\u00f5es especiais \u2014 inclusive de natureza infraestrutural, material e laboratorial \u2014 que contribuam para o aprimoramento da atua\u00e7\u00e3o da Universidade no cumprimento eficiente e eficaz de sua miss\u00e3o. Atualmente, a UFMG \u00e9 apoiada por <a href=\"http:\/\/150.164.63.212:9000\/portal-novo-test\/a-universidade\/estrutura-organizacional\/fundacoes-de-apoio\/\" data-type=\"link\" data-id=\"http:\/\/150.164.63.212:9000\/portal-novo-test\/a-universidade\/estrutura-organizacional\/fundacoes-de-apoio\/\" target=\"_blank\" rel=\"noreferrer noopener\">cinco funda\u00e7\u00f5es<\/a>, todas credenciadas de acordo com a legisla\u00e7\u00e3o vigente.<\/p>\n\n\n\n<p>Al\u00e9m disso, a Procult tamb\u00e9m \u00e9 respons\u00e1vel pela programa\u00e7\u00e3o cont\u00ednua de seus espa\u00e7os culturais \u2014 Centro Cultural UFMG, Conservat\u00f3rio UFMG, Espa\u00e7o do Conhecimento UFMG e Campus Cultural UFMG em Tiradentes \u2014, promovendo uma agenda diversificada que contempla projetos de arte, ci\u00eancia, mem\u00f3ria e educa\u00e7\u00e3o. Entre seus programas art\u00edstico-culturais de maior alcance, destacam-se o Festival de Inverno, o Festival de Ver\u00e3o, a Feira do Jequitinhonha e o Circuito Cultural UFMG.<\/p>\n\n\n\n<p>A UFMG tamb\u00e9m desenvolve a\u00e7\u00f5es de forma\u00e7\u00e3o e circula\u00e7\u00e3o cultural, como o Mapeamento Cultural UFMG, a Forma\u00e7\u00e3o Transversal <em>Culturas em Movimento e Processos Criativos<\/em> e projetos realizados no Vale do Jequitinhonha, por meio do Polo de Integra\u00e7\u00e3o, entre eles: <em>Rio Lil\u00e1s<\/em>, <em>Comunica\u00e7\u00e3o e Juventude Quilombola<\/em> e o <em>F\u00f3rum da Mulher do Jequitinhonha<\/em>.<\/p>\n\n\n\n<p>O Centro Cultural UFMG lan\u00e7a chamadas p\u00fablicas anuais para sele\u00e7\u00e3o de projetos e atividades. Informa\u00e7\u00f5es, editais e resultados s\u00e3o divulgados no site e nas redes sociais da institui\u00e7\u00e3o. A lista de chamadas e resultados est\u00e1 dispon\u00edvel ao final desta p\u00e1gina. Acompanhe!<\/p>\n\n\n\n<h4 class=\"wp-block-heading\">Funda\u00e7\u00e3o Rodrigo Mello Franco de Andrade (FRMFA)<\/h4>\n\n\n\n<p>Em 2022, a <a href=\"https:\/\/frmfa.com.br\/\" data-type=\"link\" data-id=\"https:\/\/frmfa.com.br\/\" target=\"_blank\" rel=\"noreferrer noopener\">Funda\u00e7\u00e3o Rodrigo Mello Franco de Andrade (FRMFA)<\/a> foi credenciada pelos Minist\u00e9rios da Educa\u00e7\u00e3o e da Ci\u00eancia, Tecnologia e Inova\u00e7\u00e3o como funda\u00e7\u00e3o de apoio \u00e0 cultura da UFMG. Desde ent\u00e3o, passou a atuar na gest\u00e3o de projetos, cursos, eventos e outras iniciativas que envolvem diferentes \u00e1reas do conhecimento, reafirmando a dimens\u00e3o transversal da cultura no ensino, na pesquisa e na extens\u00e3o.<\/p>\n\n\n\n<p>Criada em 1970 para colaborar com \u00f3rg\u00e3os p\u00fablicos na preserva\u00e7\u00e3o do patrim\u00f4nio hist\u00f3rico, art\u00edstico e cultural de Tiradentes, a Funda\u00e7\u00e3o mant\u00e9m, desde 2010, uma parceria com o <a href=\"https:\/\/www.ufmg.br\/campustiradentes\/\" data-type=\"link\" data-id=\"https:\/\/www.ufmg.br\/campustiradentes\/\" target=\"_blank\" rel=\"noreferrer noopener\">Campus Cultural UFMG <\/a>na cidade. Juntas, as institui\u00e7\u00f5es desenvolvem a\u00e7\u00f5es nos seguintes espa\u00e7os culturais: <\/p>\n\n\n<?xml encoding=\"utf-8\"?><ul class=\"wp-block-ufmg-hub-links [&amp;&gt;li_a]:flex [&amp;&gt;li_a]:items-center [&amp;&gt;li_a]:justify-between [&amp;&gt;li_a]:bg-neutral-50 [&amp;&gt;li_a]:px-4 [&amp;&gt;li_a]:py-3 md:[&amp;&gt;li_a]:py-5 [&amp;&gt;li_a]:border-b [&amp;&gt;li_a]:border-b-neutral-200 [&amp;&gt;li_a]:text-primary-300 [&amp;&gt;li_a]:text-base md:[&amp;&gt;li_a]:text-lg [&amp;&gt;li_a]:font-lexend [&amp;&gt;li_a]:font-medium [&amp;&gt;li_a]:transition-colors [&amp;&gt;li_a&gt;i]:text-[1rem] md:[&amp;&gt;li_a&gt;i]:text-[1.5rem] hover:[&amp;&gt;li_a]:bg-neutral-100 hover:[&amp;&gt;li_a]:border-b-primary-300\"><li class=\" wp-block-navigation-item wp-block-navigation-link\"><a class=\"wp-block-navigation-item__content\" href=\"https:\/\/www.ufmg.br\/campustiradentes\/\" target=\"_blank\"><span class=\"wp-block-navigation-item__label\">Campus Cultural UFMG <\/span><i class=\"ti ti-chevron-right\"><\/i><\/a><\/li>\n\n<li class=\" wp-block-navigation-item wp-block-navigation-link\"><a class=\"wp-block-navigation-item__content\" href=\"https:\/\/www.ufmg.br\/campustiradentes\/nossos-espacos\/museu-casa-padre-toledo\/\" target=\"_blank\"><span class=\"wp-block-navigation-item__label\">Museu Casa Padre Toledo<\/span><i class=\"ti ti-chevron-right\"><\/i><\/a><\/li>\n\n<li class=\" wp-block-navigation-item wp-block-navigation-link\"><a class=\"wp-block-navigation-item__content\" href=\"https:\/\/www.bu.ufmg.br\/bu_atual\/biblioteca\/centro-de-estudos-e-biblioteca-campus-cultural-tiradentes\/\" target=\"_blank\"><span class=\"wp-block-navigation-item__label\">Centro de Estudos e Biblioteca <\/span><i class=\"ti ti-chevron-right\"><\/i><\/a><\/li>\n\n<li class=\" wp-block-navigation-item wp-block-navigation-link\"><a class=\"wp-block-navigation-item__content\" href=\"https:\/\/www.ufmg.br\/procult\/espacos-de-cultura\/campus-cultural-ufmg-em-tiradentes\/quatro-cantos-espaco-cultural\/\" target=\"_blank\"><span class=\"wp-block-navigation-item__label\">Quatro Cantos Espa&ccedil;o Cultural<\/span><i class=\"ti ti-chevron-right\"><\/i><\/a><\/li><\/ul>\n\n\n<?xml encoding=\"utf-8\"?><ul class=\"wp-block-ufmg-hub-links [&amp;&gt;li_a]:flex [&amp;&gt;li_a]:items-center [&amp;&gt;li_a]:justify-between [&amp;&gt;li_a]:bg-neutral-50 [&amp;&gt;li_a]:px-4 [&amp;&gt;li_a]:py-3 md:[&amp;&gt;li_a]:py-5 [&amp;&gt;li_a]:border-b [&amp;&gt;li_a]:border-b-neutral-200 [&amp;&gt;li_a]:text-primary-300 [&amp;&gt;li_a]:text-base md:[&amp;&gt;li_a]:text-lg [&amp;&gt;li_a]:font-lexend [&amp;&gt;li_a]:font-medium [&amp;&gt;li_a]:transition-colors [&amp;&gt;li_a&gt;i]:text-[1rem] md:[&amp;&gt;li_a&gt;i]:text-[1.5rem] hover:[&amp;&gt;li_a]:bg-neutral-100 hover:[&amp;&gt;li_a]:border-b-primary-300\"><\/ul>\n\n\n<?xml encoding=\"utf-8\"?><ul class=\"wp-block-ufmg-hub-links [&amp;&gt;li_a]:flex [&amp;&gt;li_a]:items-center [&amp;&gt;li_a]:justify-between [&amp;&gt;li_a]:bg-neutral-50 [&amp;&gt;li_a]:px-4 [&amp;&gt;li_a]:py-3 md:[&amp;&gt;li_a]:py-5 [&amp;&gt;li_a]:border-b [&amp;&gt;li_a]:border-b-neutral-200 [&amp;&gt;li_a]:text-primary-300 [&amp;&gt;li_a]:text-base md:[&amp;&gt;li_a]:text-lg [&amp;&gt;li_a]:font-lexend [&amp;&gt;li_a]:font-medium [&amp;&gt;li_a]:transition-colors [&amp;&gt;li_a&gt;i]:text-[1rem] md:[&amp;&gt;li_a&gt;i]:text-[1.5rem] hover:[&amp;&gt;li_a]:bg-neutral-100 hover:[&amp;&gt;li_a]:border-b-primary-300\"><\/ul>\n\n\n\n<h4 class=\"wp-block-heading\">Estruturas de Apoio<\/h4>\n\n\n\n<p>Al\u00e9m dos <a href=\"http:\/\/150.164.63.212:9000\/portal-novo-test\/wp\/wp-admin\/post.php?post=11398&amp;action=edit\" data-type=\"link\" data-id=\"http:\/\/150.164.63.212:9000\/portal-novo-test\/wp\/wp-admin\/post.php?post=11398&amp;action=edit\" target=\"_blank\" rel=\"noreferrer noopener\">espa\u00e7os culturais<\/a> e das funda\u00e7\u00f5es de apoio, a UFMG conta com um conjunto de Unidades e Centros Especiais que abrigam atividades de forma\u00e7\u00e3o, pesquisa e extens\u00e3o. Entre eles destacam-se o Hospital das Cl\u00ednicas, o Hospital Risoleta Tolentino Neves, o Instituto Casa da Gl\u00f3ria, o Hospital Veterin\u00e1rio, as quatro fazendas experimentais \u2014 localizadas em Igarap\u00e9, Pedro Leopoldo e Montes Claros \u2014 e o Campus Cultural UFMG em Tiradentes. A universidade disp\u00f5e ainda de diversas outras estruturas de apoio vinculadas \u00e0s Unidades Acad\u00eamicas, as <a href=\"http:\/\/150.164.63.212:9000\/portal-novo-test\/pesquisa-e-inovacao\/ecossistema-de-inovacao\/infraestruturas-institucionais-de-pesquisa\/\" data-type=\"link\" data-id=\"http:\/\/150.164.63.212:9000\/portal-novo-test\/pesquisa-e-inovacao\/ecossistema-de-inovacao\/infraestruturas-institucionais-de-pesquisa\/\" target=\"_blank\" rel=\"noreferrer noopener\">Infraestruturas Institucionais de Pesquisa.<\/a> <br>Conhe\u00e7a as Unidades e Centros Especiais que abrigam forma\u00e7\u00e3o e atividades acad\u00eamicas da UFMG.<\/p>\n\n\n<?xml encoding=\"utf-8\"?><ul class=\"wp-block-ufmg-hub-links [&amp;&gt;li_a]:flex [&amp;&gt;li_a]:items-center [&amp;&gt;li_a]:justify-between [&amp;&gt;li_a]:bg-neutral-50 [&amp;&gt;li_a]:px-4 [&amp;&gt;li_a]:py-3 md:[&amp;&gt;li_a]:py-5 [&amp;&gt;li_a]:border-b [&amp;&gt;li_a]:border-b-neutral-200 [&amp;&gt;li_a]:text-primary-300 [&amp;&gt;li_a]:text-base md:[&amp;&gt;li_a]:text-lg [&amp;&gt;li_a]:font-lexend [&amp;&gt;li_a]:font-medium [&amp;&gt;li_a]:transition-colors [&amp;&gt;li_a&gt;i]:text-[1rem] md:[&amp;&gt;li_a&gt;i]:text-[1.5rem] hover:[&amp;&gt;li_a]:bg-neutral-100 hover:[&amp;&gt;li_a]:border-b-primary-300\"><li class=\" wp-block-navigation-item wp-block-navigation-link\"><a class=\"wp-block-navigation-item__content\" href=\"https:\/\/www.igc.ufmg.br\/casa-da-gloria\/\" target=\"_blank\"><span class=\"wp-block-navigation-item__label\">Instituto Casa da Gl&oacute;ria<\/span><i class=\"ti ti-chevron-right\"><\/i><\/a><\/li>\n\n<li class=\" wp-block-navigation-item wp-block-navigation-link\"><a class=\"wp-block-navigation-item__content\" href=\"https:\/\/vet.ufmg.br\/setor\/fazenda-de-pedro-leopoldo\/\" target=\"_blank\"><span class=\"wp-block-navigation-item__label\">Fazenda Modelo de Pedro Leopoldo<\/span><i class=\"ti ti-chevron-right\"><\/i><\/a><\/li>\n\n<li class=\" wp-block-navigation-item wp-block-navigation-link\"><a class=\"wp-block-navigation-item__content\" href=\"https:\/\/vet.ufmg.br\/setor\/fazenda-de-igarape\/\" target=\"_blank\"><span class=\"wp-block-navigation-item__label\">Fazenda Experimental Professor H&eacute;lio Barbosa<\/span><i class=\"ti ti-chevron-right\"><\/i><\/a><\/li>\n\n<li class=\" wp-block-navigation-item wp-block-navigation-link\"><a class=\"wp-block-navigation-item__content\" href=\"https:\/\/www.ufmg.br\/montesclaros\/fazenda-experimental\/?doing_wp_cron=1760636696.5011410713195800781250\" target=\"_blank\"><span class=\"wp-block-navigation-item__label\">Fazenda Experimental Professor Hamilton de Abreu Navarro<\/span><i class=\"ti ti-chevron-right\"><\/i><\/a><\/li>\n\n<li class=\" wp-block-navigation-item wp-block-navigation-link\"><a class=\"wp-block-navigation-item__content\" href=\"https:\/\/www.ufmg.br\/campustiradentes\/\" target=\"_blank\"><span class=\"wp-block-navigation-item__label\">Campus Cultural UFMG em Tiradentes<\/span><i class=\"ti ti-chevron-right\"><\/i><\/a><\/li>\n\n<li class=\" wp-block-navigation-item wp-block-navigation-link\"><a class=\"wp-block-navigation-item__content\" href=\"https:\/\/www.ufmg.br\/rededemuseus\/\" target=\"_blank\"><span class=\"wp-block-navigation-item__label\">Rede de Museus e Espa&ccedil;os de Ci&ecirc;ncia e Cultura da UFMG<\/span><i class=\"ti ti-chevron-right\"><\/i><\/a><\/li><\/ul>\n\n\n<?xml encoding=\"utf-8\"?><ul class=\"wp-block-ufmg-hub-links [&amp;&gt;li_a]:flex [&amp;&gt;li_a]:items-center [&amp;&gt;li_a]:justify-between [&amp;&gt;li_a]:bg-neutral-50 [&amp;&gt;li_a]:px-4 [&amp;&gt;li_a]:py-3 md:[&amp;&gt;li_a]:py-5 [&amp;&gt;li_a]:border-b [&amp;&gt;li_a]:border-b-neutral-200 [&amp;&gt;li_a]:text-primary-300 [&amp;&gt;li_a]:text-base md:[&amp;&gt;li_a]:text-lg [&amp;&gt;li_a]:font-lexend [&amp;&gt;li_a]:font-medium [&amp;&gt;li_a]:transition-colors [&amp;&gt;li_a&gt;i]:text-[1rem] md:[&amp;&gt;li_a&gt;i]:text-[1.5rem] hover:[&amp;&gt;li_a]:bg-neutral-100 hover:[&amp;&gt;li_a]:border-b-primary-300\"><\/ul>\n\n\n\n<h4 class=\"wp-block-heading\"><\/h4>\n\n\n\n<p><\/p>\n","protected":false},"excerpt":{"rendered":"<p>A UFMG \u00e9 um dos mais importantes polos produtores de cultura de Minas Gerais. Isso se deve a uma pol\u00edtica que compreende a cultura como espa\u00e7o de intera\u00e7\u00e3o com todos os segmentos da comunidade universit\u00e1ria, com a comunidade externa e com as cidades com as quais se relaciona. A cultura potencializa a intera\u00e7\u00e3o dos saberes [&hellip;]<\/p>\n","protected":false},"author":1,"featured_media":0,"parent":0,"menu_order":0,"comment_status":"closed","ping_status":"closed","template":"","meta":{"_acf_changed":false,"footnotes":""},"class_list":["post-11261","page","type-page","status-publish","hentry"],"acf":[],"_links":{"self":[{"href":"http:\/\/150.164.63.212:9000\/portal-novo-test\/wp-json\/wp\/v2\/pages\/11261","targetHints":{"allow":["GET"]}}],"collection":[{"href":"http:\/\/150.164.63.212:9000\/portal-novo-test\/wp-json\/wp\/v2\/pages"}],"about":[{"href":"http:\/\/150.164.63.212:9000\/portal-novo-test\/wp-json\/wp\/v2\/types\/page"}],"author":[{"embeddable":true,"href":"http:\/\/150.164.63.212:9000\/portal-novo-test\/wp-json\/wp\/v2\/users\/1"}],"replies":[{"embeddable":true,"href":"http:\/\/150.164.63.212:9000\/portal-novo-test\/wp-json\/wp\/v2\/comments?post=11261"}],"version-history":[{"count":0,"href":"http:\/\/150.164.63.212:9000\/portal-novo-test\/wp-json\/wp\/v2\/pages\/11261\/revisions"}],"wp:attachment":[{"href":"http:\/\/150.164.63.212:9000\/portal-novo-test\/wp-json\/wp\/v2\/media?parent=11261"}],"curies":[{"name":"wp","href":"https:\/\/api.w.org\/{rel}","templated":true}]}}