{"id":11308,"date":"2025-10-20T11:47:07","date_gmt":"2025-10-20T14:47:07","guid":{"rendered":"http:\/\/150.164.63.212:9000\/portal-novo-test\/?page_id=11308"},"modified":"2025-10-20T11:50:27","modified_gmt":"2025-10-20T14:50:27","slug":"extensao","status":"publish","type":"page","link":"http:\/\/150.164.63.212:9000\/portal-novo-test\/extensao\/","title":{"rendered":"Extens\u00e3o"},"content":{"rendered":"\n<p>A Extens\u00e3o Universit\u00e1ria \u00e9 o princ\u00edpio institucional que consolida a <strong>intera\u00e7\u00e3o e o di\u00e1logo permanente da UFMG com a sociedade<\/strong>, articulando o conhecimento acad\u00eamico com as necessidades da comunidade e promovendo o desenvolvimento social, ambiental, cultural, cient\u00edfico e tecnol\u00f3gico. \u00c9 a via de m\u00e3o dupla que materializa o compromisso social da Universidade.<\/p>\n\n\n\n<p>A Extens\u00e3o atende ao princ\u00edpio constitucional da <strong>indissociabilidade entre Ensino, Pesquisa e Extens\u00e3o<\/strong>, assegurando que a UFMG cumpra sua finalidade de:<\/p>\n\n\n\n<ul class=\"wp-block-list\">\n<li><strong>Consolidar o di\u00e1logo<\/strong> com a sociedade, democratizando os saberes.<\/li>\n\n\n\n<li>Promover os <strong>direitos humanos<\/strong> e o <strong>desenvolvimento social e ambiental<\/strong>.<\/li>\n\n\n\n<li><strong>Qualificar a forma\u00e7\u00e3o<\/strong> dos estudantes, contextualizando seus conhecimentos.<\/li>\n<\/ul>\n\n\n\n<h2 class=\"wp-block-heading\">A Dimens\u00e3o da Extens\u00e3o na UFMG<\/h2>\n\n\n\n<p>O impacto da UFMG na sociedade \u00e9 vasto e cont\u00ednuo. Anualmente, a Universidade registra milhares de atividades (Projetos, Programas, Cursos, Eventos e Presta\u00e7\u00e3o de Servi\u00e7os) que mobilizam um grande contingente da comunidade acad\u00eamica.<\/p>\n\n\n\n<p>Para garantir a transpar\u00eancia e a atualidade, os <a href=\"https:\/\/www.ufmg.br\/proex\/extensao-na-ufmg\/\" data-type=\"link\" data-id=\"https:\/\/www.ufmg.br\/proex\/extensao-na-ufmg\/\" target=\"_blank\" rel=\"noreferrer noopener\">dados e estat\u00edsticas<\/a> detalhadas sobre as a\u00e7\u00f5es de Extens\u00e3o \u2014 incluindo o n\u00famero exato de projetos, programas, participantes e p\u00fablico alcan\u00e7ado a cada ano \u2014 est\u00e3o dispon\u00edveis para consulta p\u00fablica diretamente nos canais oficiais da <a href=\"https:\/\/www.ufmg.br\/proex\/\" data-type=\"link\" data-id=\"https:\/\/www.ufmg.br\/proex\/\" target=\"_blank\" rel=\"noreferrer noopener\">Pr\u00f3-Reitoria de Extens\u00e3o<\/a> (Proex).<\/p>\n\n\n\n<div class=\"wp-block-ufmg-cards grid grid-cols-1 lg:grid-cols-cards gap-8\">\n\t<div class=\"flex flex-col gap-6 p-6 md:py-8 border border-neutral-200 rounded-lg\">\n\n\t\t\t\t\t<h2 class=\"pl-2 border-l-2 border-l-primary-400 text-neutral-600 text-xl md:text-2xl font-semibold\">\n\t\t\t\tConsulte os dados mais recentes\t\t\t<\/h2>\n\t\t\n\t\t\t\t\t<p class=\"flex-1 text-base md:text-lg text-neutral-500\">\n\t\t\t\tPara informa\u00e7\u00f5es detalhadas e em tempo real sobre a Extens\u00e3o da UFMG, acesse o Sistema de Informa\u00e7\u00e3o da Extens\u00e3o (SIEX).\t\t\t<\/p>\n\t\t\n\t\t\t\t\t<a href=\"https:\/\/sistemas.ufmg.br\/siex\/PrincipalVisitante.do\" target=\"_blank\" rel=\"noopener noreferrer\"\t\t\t\tclass=\"w-fit ml-auto flex items-center gap-4 text-primary-300 font-lexend font-medium text-base md:text-lg\">\n\t\t\t\tAcesse aqui\t\t\t\t<i class=\"ti ti-chevron-right text-[1rem] md:text-[1.25rem]\"><\/i>\n\t\t\t<\/a>\n\t\t\t<\/div>\n<\/div>\n\n\n\n<h2 class=\"wp-block-heading\">Pol\u00edtica e Normas Gerais da Extens\u00e3o<\/h2>\n\n\n\n<p>A exist\u00eancia de uma <strong>Pol\u00edtica de Extens\u00e3o<\/strong> \u00e9 crucial, pois ela <strong>orienta, estrutura e garante a qualidade e o impacto<\/strong> das a\u00e7\u00f5es extensionistas. \u00c9 o marco legal que estabelece a Extens\u00e3o como um componente curricular e uma atividade acad\u00eamica de alto valor.<\/p>\n\n\n\n<h3 class=\"wp-block-heading\">Normas Gerais da Extens\u00e3o da UFMG<\/h3>\n\n\n\n<p>Em 2024, entraram em vigor as <a href=\"https:\/\/www.ufmg.br\/proex\/wp-content\/uploads\/2024\/07\/Resolucao-03_2024-CEPE-Normas-Gerais-da-Extensao.pdf\" data-type=\"link\" data-id=\"https:\/\/www.ufmg.br\/proex\/wp-content\/uploads\/2024\/07\/Resolucao-03_2024-CEPE-Normas-Gerais-da-Extensao.pdf\" target=\"_blank\" rel=\"noreferrer noopener\">Normas Gerais da Extens\u00e3o<\/a> da UFMG (Resolu\u00e7\u00e3o Complementar n\u00ba 03\/2024), que consolidam o conjunto de diretrizes e preceitos para a atividade na Universidade.<\/p>\n\n\n\n<div class=\"wp-block-ufmg-cards grid grid-cols-1 lg:grid-cols-cards gap-8\">\n\t<div class=\"flex flex-col gap-6 p-6 md:py-8 border border-neutral-200 rounded-lg\">\n\n\t\t\t\t\t<h2 class=\"pl-2 border-l-2 border-l-primary-400 text-neutral-600 text-xl md:text-2xl font-semibold\">\n\t\t\t\tAcesse o documento completo\t\t\t<\/h2>\n\t\t\n\t\t\t\t\t<p class=\"flex-1 text-base md:text-lg text-neutral-500\">\n\t\t\t\tO documento consolida as diretrizes da Extens\u00e3o, formalizando a atividade como pilar acad\u00eamico essencial.\t\t\t<\/p>\n\t\t\n\t\t\t\t\t<a href=\"https:\/\/www.ufmg.br\/proex\/wp-content\/uploads\/2024\/07\/Resolucao-03_2024-CEPE-Normas-Gerais-da-Extensao.pdf\" target=\"_blank\" rel=\"noopener noreferrer\"\t\t\t\tclass=\"w-fit ml-auto flex items-center gap-4 text-primary-300 font-lexend font-medium text-base md:text-lg\">\n\t\t\t\tAcesse aqui\t\t\t\t<i class=\"ti ti-chevron-right text-[1rem] md:text-[1.25rem]\"><\/i>\n\t\t\t<\/a>\n\t\t\t<\/div>\n<\/div>\n\n\n\n<h3 class=\"wp-block-heading\">Estrutura da Gest\u00e3o<\/h3>\n\n\n\n<p>A estrutura de gest\u00e3o acad\u00eamica e administrativa da Extens\u00e3o na UFMG \u00e9 constitu\u00edda pelos seguintes \u00f3rg\u00e3os:<\/p>\n\n\n\n<div class=\"wp-block-ufmg-details-group\"><?xml encoding=\"utf-8\"?><details class=\"group\/accordion\"><summary class=\"flex gap-4 items-center bg-neutral-50 border-x border-t group-last-of-type\/accordion:border-b border-neutral-200 group-open\/accordion:border-primary-300 group-open\/accordion:bg-primary-300 p-3 group-[&amp;:first-of-type]\/accordion:rounded-t group-[&amp;:last-of-type]\/accordion:rounded-b group-open\/accordion:[&amp;:last-of-type]:rounded-b-none text-neutral-600 group-open\/accordion:text-neutral-50 text-lg font-semibold [&amp;&gt;i]:text-[1.5rem] group-open\/accordion:[&amp;&gt;i]:text-neutral-50 [&amp;&gt;i]:text-primary-300 group-open\/accordion:[&amp;&gt;i]:-rotate-180 [&amp;&gt;i]:transition-transform transition-colors cursor-pointer\"><span class=\"grow\">C&acirc;mara de Extens&atilde;o<\/span><i class=\"ti ti-chevron-down\"><\/i><\/summary><div class=\"space-y-4 p-3 border-x group-[&amp;:last-of-type]\/accordion:border-b border-neutral-200 text-base text-neutral-400 group-[&amp;:last-of-type]\/accordion:rounded-bl group-[&amp;:last-of-type]\/accordion:rounded-br [&amp;_.wp-block-heading+p]:!mt-0\">\n<p>A C&acirc;mara de Extens&atilde;o, &oacute;rg&atilde;o integrante do Conselho de Ensino, Pesquisa e Extens&atilde;o, &eacute; respons&aacute;vel por implementar e acompanhar a pol&iacute;tica extensionista na UFMG, cabendo-lhe, dentro do limite de sua compet&ecirc;ncia, pronunciar-se sobre qualquer mat&eacute;ria relacionada &agrave; extens&atilde;o e propor ao plen&aacute;rio do CEPE normas que regulamentem as atividades de extens&atilde;o da UFMG. Acesse mais informa&ccedil;&otilde;es <a href=\"https:\/\/www.ufmg.br\/proex\/camara-de-extensao\/\" data-type=\"link\" data-id=\"https:\/\/www.ufmg.br\/proex\/camara-de-extensao\/\">aqui<\/a>.<\/p>\n<\/div><\/details>\n\n\n<?xml encoding=\"utf-8\"?><details class=\"group\/accordion\"><summary class=\"flex gap-4 items-center bg-neutral-50 border-x border-t group-last-of-type\/accordion:border-b border-neutral-200 group-open\/accordion:border-primary-300 group-open\/accordion:bg-primary-300 p-3 group-[&amp;:first-of-type]\/accordion:rounded-t group-[&amp;:last-of-type]\/accordion:rounded-b group-open\/accordion:[&amp;:last-of-type]:rounded-b-none text-neutral-600 group-open\/accordion:text-neutral-50 text-lg font-semibold [&amp;&gt;i]:text-[1.5rem] group-open\/accordion:[&amp;&gt;i]:text-neutral-50 [&amp;&gt;i]:text-primary-300 group-open\/accordion:[&amp;&gt;i]:-rotate-180 [&amp;&gt;i]:transition-transform transition-colors cursor-pointer\"><span class=\"grow\">Pr&oacute;-Reitoria de Extens&atilde;o (Proex)<\/span><i class=\"ti ti-chevron-down\"><\/i><\/summary><div class=\"space-y-4 p-3 border-x group-[&amp;:last-of-type]\/accordion:border-b border-neutral-200 text-base text-neutral-400 group-[&amp;:last-of-type]\/accordion:rounded-bl group-[&amp;:last-of-type]\/accordion:rounded-br [&amp;_.wp-block-heading+p]:!mt-0\">\n<p>A Pr&oacute;-Reitoria de Extens&atilde;o (Proex), &oacute;rg&atilde;o da Administra&ccedil;&atilde;o Central da Universidade, &eacute; respons&aacute;vel por fomentar, acompanhar, avaliar, articular, divulgar e coordenar as atividades de extens&atilde;o de acordo com as delibera&ccedil;&otilde;es do CEPE e de sua C&acirc;mara de Extens&atilde;o. Acesse mais informa&ccedil;&otilde;es <a href=\"https:\/\/www.ufmg.br\/proex\/\" data-type=\"link\" data-id=\"https:\/\/www.ufmg.br\/proex\/\" target=\"_blank\" rel=\"noreferrer noopener\">aqui<\/a>.<\/p>\n<\/div><\/details>\n\n\n<?xml encoding=\"utf-8\"?><details class=\"group\/accordion\"><summary class=\"flex gap-4 items-center bg-neutral-50 border-x border-t group-last-of-type\/accordion:border-b border-neutral-200 group-open\/accordion:border-primary-300 group-open\/accordion:bg-primary-300 p-3 group-[&amp;:first-of-type]\/accordion:rounded-t group-[&amp;:last-of-type]\/accordion:rounded-b group-open\/accordion:[&amp;:last-of-type]:rounded-b-none text-neutral-600 group-open\/accordion:text-neutral-50 text-lg font-semibold [&amp;&gt;i]:text-[1.5rem] group-open\/accordion:[&amp;&gt;i]:text-neutral-50 [&amp;&gt;i]:text-primary-300 group-open\/accordion:[&amp;&gt;i]:-rotate-180 [&amp;&gt;i]:transition-transform transition-colors cursor-pointer\"><span class=\"grow\">Centros de Extens&atilde;o (Cenex)<\/span><i class=\"ti ti-chevron-down\"><\/i><\/summary><div class=\"space-y-4 p-3 border-x group-[&amp;:last-of-type]\/accordion:border-b border-neutral-200 text-base text-neutral-400 group-[&amp;:last-of-type]\/accordion:rounded-bl group-[&amp;:last-of-type]\/accordion:rounded-br [&amp;_.wp-block-heading+p]:!mt-0\">\n<p>Cada uma das Unidades Acad&ecirc;micas ou Unidades Especiais da UFMG tem seu&nbsp;<a href=\"https:\/\/www.ufmg.br\/proex\/centros-de-extensao\/\" target=\"_blank\" rel=\"noreferrer noopener\">Centro de Extens&atilde;o<\/a>. Eles s&atilde;o respons&aacute;veis pela gest&atilde;o acad&ecirc;mica e administrativa da extens&atilde;o nas unidades em articula&ccedil;&atilde;o com Pr&oacute;-Reitoria de Extens&atilde;o e em conformidade com as normas e procedimentos disciplinados pelos &oacute;rg&atilde;os competentes. Acesse mais informa&ccedil;&otilde;es <a href=\"https:\/\/www.ufmg.br\/proex\/centros-de-extensao\/\" data-type=\"link\" data-id=\"https:\/\/www.ufmg.br\/proex\/centros-de-extensao\/\" target=\"_blank\" rel=\"noreferrer noopener\">aqui<\/a>.<\/p>\n<\/div><\/details>\n<\/div>\n\n\n\n<h2 class=\"wp-block-heading\">Mem\u00f3ria da Extens\u00e3o<\/h2>\n\n\n\n<p>O <a href=\"https:\/\/www.ufmg.br\/cevex\/\" data-type=\"link\" data-id=\"https:\/\/www.ufmg.br\/cevex\/\" target=\"_blank\" rel=\"noreferrer noopener\">Centro Virtual de Mem\u00f3ria da Extens\u00e3o<\/a> (Cevex) \u00e9 o espa\u00e7o dedicado a <strong>preservar e divulgar<\/strong> a rica trajet\u00f3ria da Extens\u00e3o Universit\u00e1ria na UFMG. O Cevex <strong>resgata a hist\u00f3ria<\/strong> das a\u00e7\u00f5es, programas e projetos que marcaram a rela\u00e7\u00e3o da Universidade com a comunidade ao longo das d\u00e9cadas, mostrando a evolu\u00e7\u00e3o da Extens\u00e3o como um componente vital da institui\u00e7\u00e3o.<\/p>\n\n\n\n\n\t<figure data-size=\"large\"\n\t\tclass=\"group space-y-2 data-[size=small]:w-[21rem] sm:data-[size=medium]:w-[40rem] lg:data-[size=small]:float-left lg:data-[size=small]:mr-8 mx-auto\">\n\t\t\t\t\t<img loading=\"lazy\" decoding=\"async\" width=\"640\" height=\"330\" src=\"http:\/\/150.164.63.212:9000\/portal-novo-test\/app\/uploads\/2025\/10\/https___www.ufmg_.br_cevex_wp-content_uploads_2017_07_IMG_9083-2-864x445.jpg\" class=\"group-data-[size=small]:w-[21rem] group-data-[size=small]:h-[29.75rem] sm:group-data-[size=medium]:w-[40rem] sm:group-data-[size=small]:h-[27.8125rem] lg:group-data-[size=medium]:h-[27.8125rem] group-data-[size=large]:w-full group-data-[size=large]:h-[9.875rem] md:group-data-[size=large]:h-[27.8125rem] rounded object-fill\" alt=\"\" \/>\t\t\t\t<div\n\t\t\tclass=\"group-data-[size=small]:w-[21rem] px-3 pt-3 pb-6 md:px-6 group-data-[size=small]:px-3 text-neutral-300 text-xs md:text-sm\">\n\t\t\t<figcaption title=\"Ata da primeira reuni\u00e3o ordin\u00e1ria do Conselho de Extens\u00e3o da UFMG.\" class=\"block line-clamp-4 md:line-clamp-3\">\n\t\t\t\tAta da primeira reuni\u00e3o ordin\u00e1ria do Conselho de Extens\u00e3o da UFMG.\t\t\t<\/figcaption>\n\t\t\t<cite\n\t\t\t\tclass=\"relative block not-italic after:absolute after:left-0 after:right-0 after:-bottom-3 after:h-px after:bg-neutral-100\">\n\t\t\t\tJosu\u00e9 Gomes | 2017\t\t\t<\/cite>\n\t\t<\/div>\n\t<\/figure>\n\n\n\n<p>A miss\u00e3o do Cevex \u00e9 levantar e organizar, <strong>juntamente com a comunidade acad\u00eamica<\/strong>, as produ\u00e7\u00f5es da extens\u00e3o, seus documentos, registros em v\u00eddeo e fotogr\u00e1ficos com foco na pol\u00edtica institucional, programas e projetos, experi\u00eancia e participa\u00e7\u00e3o estudantil e experi\u00eancia e participa\u00e7\u00e3o comunit\u00e1ria.<\/p>\n\n\n\n<div class=\"wp-block-ufmg-cards grid grid-cols-1 lg:grid-cols-cards gap-8\">\n\t<div class=\"flex flex-col gap-6 p-6 md:py-8 border border-neutral-200 rounded-lg\">\n\n\t\t\t\t\t<h2 class=\"pl-2 border-l-2 border-l-primary-400 text-neutral-600 text-xl md:text-2xl font-semibold\">\n\t\t\t\tHist\u00f3ria da Extens\u00e3o\t\t\t<\/h2>\n\t\t\n\t\t\t\t\t<p class=\"flex-1 text-base md:text-lg text-neutral-500\">\n\t\t\t\tO Cevex \u00e9 uma iniciativa da Proex que busca reunir informa\u00e7\u00f5es sobre a extens\u00e3o produzida na UFMG, articulando sua hist\u00f3ria e mem\u00f3ria.\t\t\t<\/p>\n\t\t\n\t\t\t\t\t<a href=\"https:\/\/www.ufmg.br\/cevex\/o-cevex\/\" target=\"_blank\" rel=\"noopener noreferrer\"\t\t\t\tclass=\"w-fit ml-auto flex items-center gap-4 text-primary-300 font-lexend font-medium text-base md:text-lg\">\n\t\t\t\tAcesse aqui\t\t\t\t<i class=\"ti ti-chevron-right text-[1rem] md:text-[1.25rem]\"><\/i>\n\t\t\t<\/a>\n\t\t\t<\/div>\n<\/div>\n\n\n\n<h2 class=\"wp-block-heading\">Revista Interfaces<\/h2>\n\n\n\n<p>A <a href=\"https:\/\/periodicos.ufmg.br\/index.php\/revistainterfaces\/index\" data-type=\"link\" data-id=\"https:\/\/periodicos.ufmg.br\/index.php\/revistainterfaces\/index\">Revista Interfaces<\/a> \u00e9 um dos principais ve\u00edculos de <strong>divulga\u00e7\u00e3o cient\u00edfica e cultural da Extens\u00e3o<\/strong> da UFMG. Ela publica artigos e trabalhos que refletem a experi\u00eancia extensionista, estimulando a reflex\u00e3o sobre o papel da universidade na sociedade e difundindo o conhecimento gerado por meio das atividades de extens\u00e3o.<\/p>\n\n\n\n<div class=\"wp-block-ufmg-cards grid grid-cols-1 lg:grid-cols-cards gap-8\">\n\t<div class=\"flex flex-col gap-6 p-6 md:py-8 border border-neutral-200 rounded-lg\">\n\n\t\t\t\t\t<h2 class=\"pl-2 border-l-2 border-l-primary-400 text-neutral-600 text-xl md:text-2xl font-semibold\">\n\t\t\t\tSobre a Revista\t\t\t<\/h2>\n\t\t\n\t\t\t\t\t<p class=\"flex-1 text-base md:text-lg text-neutral-500\">\n\t\t\t\tA Interfaces \u00e9 o peri\u00f3dico editorado pela Proex\/UFMG, dedicado aos estudos extensionistas desenvolvidos nos contextos nacional e internacional.\t\t\t<\/p>\n\t\t\n\t\t\t\t\t<a href=\"https:\/\/periodicos.ufmg.br\/index.php\/revistainterfaces\/about\" target=\"_blank\" rel=\"noopener noreferrer\"\t\t\t\tclass=\"w-fit ml-auto flex items-center gap-4 text-primary-300 font-lexend font-medium text-base md:text-lg\">\n\t\t\t\tAcesse aqui\t\t\t\t<i class=\"ti ti-chevron-right text-[1rem] md:text-[1.25rem]\"><\/i>\n\t\t\t<\/a>\n\t\t\t<\/div>\n<\/div>\n\n\n\n<h2 class=\"wp-block-heading\">Cursos de extens\u00e3o<\/h2>\n\n\n\n<p>A Universidade Federal de Minas Gerais (UFMG) oferece\u00a0cursos e atividades de extens\u00e3o\u00a0abertos \u00e0 sociedade na modalidade de extens\u00e3o. As atividades s\u00e3o promovidas pelas Unidades Acad\u00eamicas e Unidades Especiais, em todas as \u00e1reas do conhecimento.<\/p>\n\n\n\n<div class=\"wp-block-ufmg-cards grid grid-cols-1 lg:grid-cols-cards gap-8\">\n\t<div class=\"flex flex-col gap-6 p-6 md:py-8 border border-neutral-200 rounded-lg\">\n\n\t\t\t\t\t<h2 class=\"pl-2 border-l-2 border-l-primary-400 text-neutral-600 text-xl md:text-2xl font-semibold\">\n\t\t\t\tSobre os cursos\t\t\t<\/h2>\n\t\t\n\t\t\t\t\t<p class=\"flex-1 text-base md:text-lg text-neutral-500\">\n\t\t\t\tConhe\u00e7a as diferentes formas de ingresso e mais informa\u00e7\u00f5es sobre os cursos de extens\u00e3o da UFMG.\t\t\t<\/p>\n\t\t\n\t\t\t\t\t<a href=\"http:\/\/150.164.63.212:9000\/portal-novo-test\/cursos\/estude-na-ufmg\/cursos-de-extensao\/\" target=\"_blank\" rel=\"noopener noreferrer\"\t\t\t\tclass=\"w-fit ml-auto flex items-center gap-4 text-primary-300 font-lexend font-medium text-base md:text-lg\">\n\t\t\t\tAcesse aqui\t\t\t\t<i class=\"ti ti-chevron-right text-[1rem] md:text-[1.25rem]\"><\/i>\n\t\t\t<\/a>\n\t\t\t<\/div>\n<\/div>\n","protected":false},"excerpt":{"rendered":"<p>A Extens\u00e3o Universit\u00e1ria \u00e9 o princ\u00edpio institucional que consolida a intera\u00e7\u00e3o e o di\u00e1logo permanente da UFMG com a sociedade, articulando o conhecimento acad\u00eamico com as necessidades da comunidade e promovendo o desenvolvimento social, ambiental, cultural, cient\u00edfico e tecnol\u00f3gico. \u00c9 a via de m\u00e3o dupla que materializa o compromisso social da Universidade. A Extens\u00e3o atende [&hellip;]<\/p>\n","protected":false},"author":1,"featured_media":0,"parent":0,"menu_order":0,"comment_status":"closed","ping_status":"closed","template":"","meta":{"_acf_changed":false,"footnotes":""},"class_list":["post-11308","page","type-page","status-publish","hentry"],"acf":[],"_links":{"self":[{"href":"http:\/\/150.164.63.212:9000\/portal-novo-test\/wp-json\/wp\/v2\/pages\/11308","targetHints":{"allow":["GET"]}}],"collection":[{"href":"http:\/\/150.164.63.212:9000\/portal-novo-test\/wp-json\/wp\/v2\/pages"}],"about":[{"href":"http:\/\/150.164.63.212:9000\/portal-novo-test\/wp-json\/wp\/v2\/types\/page"}],"author":[{"embeddable":true,"href":"http:\/\/150.164.63.212:9000\/portal-novo-test\/wp-json\/wp\/v2\/users\/1"}],"replies":[{"embeddable":true,"href":"http:\/\/150.164.63.212:9000\/portal-novo-test\/wp-json\/wp\/v2\/comments?post=11308"}],"version-history":[{"count":0,"href":"http:\/\/150.164.63.212:9000\/portal-novo-test\/wp-json\/wp\/v2\/pages\/11308\/revisions"}],"wp:attachment":[{"href":"http:\/\/150.164.63.212:9000\/portal-novo-test\/wp-json\/wp\/v2\/media?parent=11308"}],"curies":[{"name":"wp","href":"https:\/\/api.w.org\/{rel}","templated":true}]}}