{"id":11358,"date":"2025-10-20T11:55:19","date_gmt":"2025-10-20T14:55:19","guid":{"rendered":"http:\/\/150.164.63.212:9000\/portal-novo-test\/?page_id=11358"},"modified":"2025-10-20T11:55:19","modified_gmt":"2025-10-20T14:55:19","slug":"extensao-no-percurso-academico","status":"publish","type":"page","link":"http:\/\/150.164.63.212:9000\/portal-novo-test\/extensao\/extensao-no-percurso-academico\/","title":{"rendered":"Extens\u00e3o no Percurso Acad\u00eamico"},"content":{"rendered":"\n<p>A Forma\u00e7\u00e3o em Extens\u00e3o Universit\u00e1ria visa incluir, nos cursos de gradua\u00e7\u00e3o, conte\u00fados relacionados \u00e0s realidades regionais do pa\u00eds, em suas dimens\u00f5es sociais, culturais, ambientais e econ\u00f4micas, cumprindo as <a href=\"https:\/\/portal.mec.gov.br\/index.php?option=com_docman&amp;view=download&amp;alias=104251-rces007-18&amp;category_slug=dezembro-2018-pdf&amp;Itemid=30192\" target=\"_blank\" rel=\"noreferrer noopener\">Diretrizes para a Extens\u00e3o na Educa\u00e7\u00e3o Superior Brasileira<\/a>, que estabelece que 10% dos cr\u00e9ditos exigidos para a integraliza\u00e7\u00e3o de cursos de gradua\u00e7\u00e3o dever\u00e3o ser obtidos por meio da participa\u00e7\u00e3o dos alunos em programas ou projetos de extens\u00e3o universit\u00e1ria.<\/p>\n\n\n\n<p>As atividades de extens\u00e3o s\u00e3o organizadas de maneira a se integrarem aos curr\u00edculos de gradua\u00e7\u00e3o facilitando o c\u00f4mputo de cr\u00e9ditos. Na UFMG, a forma\u00e7\u00e3o existe desde 2015. Em 2019, novas diretrizes curriculares para a integraliza\u00e7\u00e3o de atividades curriculares de Forma\u00e7\u00e3o em Extens\u00e3o Universit\u00e1ria nos cursos de gradua\u00e7\u00e3o da UFMG\u00a0<a href=\"https:\/\/www.ufmg.br\/prograd\/arquivos\/docs\/Res1019.pdf\" target=\"_blank\" rel=\"noreferrer noopener\">foram aprovadas pelo Cepe<\/a>. Mais informa\u00e7\u00f5es est\u00e3o no site da\u00a0<a href=\"https:\/\/www2.ufmg.br\/proex\/Fomento\/Formacao-em-Extensao\" target=\"_blank\" rel=\"noreferrer noopener\">Pr\u00f3-reitoria de Extens\u00e3o<\/a>.<\/p>\n\n\n\n<h2 class=\"wp-block-heading\">Extens\u00e3o na Gradua\u00e7\u00e3o<\/h2>\n\n\n\n<p>A integra\u00e7\u00e3o da Extens\u00e3o nos cursos de Gradua\u00e7\u00e3o da UFMG segue as Diretrizes Curriculares Nacionais e as normas internas, consolidando a experi\u00eancia pr\u00e1tica e o aprendizado contextualizado.<\/p>\n\n\n\n<h3 class=\"wp-block-heading\">Componente Curricular Obrigat\u00f3rio<\/h3>\n\n\n\n<p>A Extens\u00e3o \u00e9 uma dimens\u00e3o obrigat\u00f3ria na matriz curricular, garantindo que o estudante desenvolva uma forma\u00e7\u00e3o acad\u00eamico-profissional-cidad\u00e3, conforme o Art. 3\u00ba das <a href=\"https:\/\/www.ufmg.br\/proex\/wp-content\/uploads\/2024\/07\/Resolucao-03_2024-CEPE-Normas-Gerais-da-Extensao.pdf\" target=\"_blank\" rel=\"noreferrer noopener\">Normas Gerais da Extens\u00e3o<\/a>.<\/p>\n\n\n\n<p><strong>Integraliza\u00e7\u00e3o Curricular:<\/strong> A participa\u00e7\u00e3o em atividades de extens\u00e3o \u00e9 indispens\u00e1vel para a forma\u00e7\u00e3o. Os curr\u00edculos de Gradua\u00e7\u00e3o devem integrar, no m\u00ednimo, <strong>10% da carga hor\u00e1ria total<\/strong> do curso em atividades de extens\u00e3o, segundo o Art. 3\u00ba da <a href=\"https:\/\/www.ufmg.br\/proex\/wp-content\/uploads\/2021\/12\/RESOLUCAO-CEPE-10.2019-1.pdf\" data-type=\"link\" data-id=\"https:\/\/www.ufmg.br\/proex\/wp-content\/uploads\/2021\/12\/RESOLUCAO-CEPE-10.2019-1.pdf\">Resolu\u00e7\u00e3o n\u00ba 10\/2019<\/a>.<\/p>\n\n\n\n<p><strong>Oportunidades de Experi\u00eancia:<\/strong> Essa integra\u00e7\u00e3o se d\u00e1 por meio de diferentes modalidades:<br>I &#8211; projeto de extens\u00e3o;<br>II &#8211; programa de extens\u00e3o;<br>III &#8211; presta\u00e7\u00e3o de servi\u00e7o;<br>IV &#8211; curso;<br>V &#8211; evento.<br>As modalidades de atividades de extens\u00e3o poder\u00e3o incluir, al\u00e9m das a\u00e7\u00f5es institucionais, as de natureza<br>governamental e n\u00e3o governamental, que atendam a pol\u00edticas p\u00fablicas municipais, estaduais e nacionais.<\/p>\n\n\n\n<h3 class=\"wp-block-heading\">Normatiza\u00e7\u00e3o e Evolu\u00e7\u00e3o na UFMG<\/h3>\n\n\n\n<p>A Forma\u00e7\u00e3o em Extens\u00e3o na UFMG j\u00e1 existe desde 2015. Com a evolu\u00e7\u00e3o das pol\u00edticas nacionais, novas diretrizes curriculares para a integraliza\u00e7\u00e3o de atividades de Forma\u00e7\u00e3o em Extens\u00e3o Universit\u00e1ria nos cursos de gradua\u00e7\u00e3o da UFMG foram aprovadas pela <a href=\"https:\/\/www.ufmg.br\/proex\/wp-content\/uploads\/2021\/12\/RESOLUCAO-CEPE-10.2019-1.pdf\" data-type=\"link\" data-id=\"https:\/\/www.ufmg.br\/proex\/wp-content\/uploads\/2021\/12\/RESOLUCAO-CEPE-10.2019-1.pdf\" target=\"_blank\" rel=\"noreferrer noopener\">Resolu\u00e7\u00e3o CEPE 10\/2019<\/a>, consolidando o papel central da Extens\u00e3o no percurso acad\u00eamico.<br>O engajamento extensionista \u00e9 fundamental para o desenvolvimento de compet\u00eancias al\u00e9m do saber t\u00e9cnico: <\/p>\n\n\n\n<blockquote class=\"wp-block-quote is-layout-flow wp-block-quote-is-layout-flow\">\n<p>&#8220;A forma\u00e7\u00e3o de estudantes, marcada e constitu\u00edda pela experi\u00eancia dos seus conhecimentos de forma contextualizada e conectada com as quest\u00f5es contempor\u00e2neas, valorizada e integrada \u00e0s atividades acad\u00eamicas curriculares, <strong>estimulando sua forma\u00e7\u00e3o acad\u00eamico-profissional-cidad\u00e3<\/strong>.&#8221; <em>(Normas Gerais da Extens\u00e3o, Art. 3\u00ba, II)<\/em><\/p>\n<\/blockquote>\n\n\n\n<h3 class=\"wp-block-heading\">Formas de participar<\/h3>\n\n\n\n<div class=\"wp-block-ufmg-details-group\"><?xml encoding=\"utf-8\"?><details class=\"group\/accordion\"><summary class=\"flex gap-4 items-center bg-neutral-50 border-x border-t group-last-of-type\/accordion:border-b border-neutral-200 group-open\/accordion:border-primary-300 group-open\/accordion:bg-primary-300 p-3 group-[&amp;:first-of-type]\/accordion:rounded-t group-[&amp;:last-of-type]\/accordion:rounded-b group-open\/accordion:[&amp;:last-of-type]:rounded-b-none text-neutral-600 group-open\/accordion:text-neutral-50 text-lg font-semibold [&amp;&gt;i]:text-[1.5rem] group-open\/accordion:[&amp;&gt;i]:text-neutral-50 [&amp;&gt;i]:text-primary-300 group-open\/accordion:[&amp;&gt;i]:-rotate-180 [&amp;&gt;i]:transition-transform transition-colors cursor-pointer\"><span class=\"grow\">Editais de fomento<\/span><i class=\"ti ti-chevron-down\"><\/i><\/summary><div class=\"space-y-4 p-3 border-x group-[&amp;:last-of-type]\/accordion:border-b border-neutral-200 text-base text-neutral-400 group-[&amp;:last-of-type]\/accordion:rounded-bl group-[&amp;:last-of-type]\/accordion:rounded-br [&amp;_.wp-block-heading+p]:!mt-0\">\n<p>Os Editais de Fomento representam as chamadas p&uacute;blicas que disponibilizam recursos financeiros e bolsas para o desenvolvimento de projetos e programas de Extens&atilde;o. Nesta se&ccedil;&atilde;o, voc&ecirc; pode consultar as oportunidades internas e externas que viabilizam a sua participa&ccedil;&atilde;o em iniciativas extensionistas, garantindo apoio para a execu&ccedil;&atilde;o de a&ccedil;&otilde;es que geram impacto e promovem a transforma&ccedil;&atilde;o social. Confira <a href=\"https:\/\/www.ufmg.br\/proex\/editais-de-fomento\/\" target=\"_blank\" rel=\"noreferrer noopener\">aqui<\/a> os editais.<\/p>\n<\/div><\/details>\n\n\n<?xml encoding=\"utf-8\"?><details class=\"group\/accordion\"><summary class=\"flex gap-4 items-center bg-neutral-50 border-x border-t group-last-of-type\/accordion:border-b border-neutral-200 group-open\/accordion:border-primary-300 group-open\/accordion:bg-primary-300 p-3 group-[&amp;:first-of-type]\/accordion:rounded-t group-[&amp;:last-of-type]\/accordion:rounded-b group-open\/accordion:[&amp;:last-of-type]:rounded-b-none text-neutral-600 group-open\/accordion:text-neutral-50 text-lg font-semibold [&amp;&gt;i]:text-[1.5rem] group-open\/accordion:[&amp;&gt;i]:text-neutral-50 [&amp;&gt;i]:text-primary-300 group-open\/accordion:[&amp;&gt;i]:-rotate-180 [&amp;&gt;i]:transition-transform transition-colors cursor-pointer\"><span class=\"grow\">Oportunidades de Bolsas<\/span><i class=\"ti ti-chevron-down\"><\/i><\/summary><div class=\"space-y-4 p-3 border-x group-[&amp;:last-of-type]\/accordion:border-b border-neutral-200 text-base text-neutral-400 group-[&amp;:last-of-type]\/accordion:rounded-bl group-[&amp;:last-of-type]\/accordion:rounded-br [&amp;_.wp-block-heading+p]:!mt-0\">\n<p>S&atilde;o oferecidas diversas bolsas para projetos e programas de Extens&atilde;o. Consulte as informa&ccedil;&otilde;es sobre bolsas institucionais e de ag&ecirc;ncias de fomento que garantem o aux&iacute;lio financeiro ao estudante e incentivam a sua participa&ccedil;&atilde;o ativa na aplica&ccedil;&atilde;o do conhecimento em benef&iacute;cio da sociedade <a href=\"https:\/\/www.ufmg.br\/proex\/oportunidades-de-bolsas\/\">aqui<\/a>.<\/p>\n\n\n\n<p>Nas <a href=\"https:\/\/www.ufmg.br\/proex\/wp-content\/uploads\/2024\/07\/Resolucao-03_2024-CEPE-Normas-Gerais-da-Extensao.pdf\" data-type=\"link\" data-id=\"https:\/\/www.ufmg.br\/proex\/wp-content\/uploads\/2024\/07\/Resolucao-03_2024-CEPE-Normas-Gerais-da-Extensao.pdf\" target=\"_blank\" rel=\"noreferrer noopener\">Normas Gerias da Extens&atilde;o<\/a>, estipula-se que, dos recursos alocados para o financiamento de bolsas acad&ecirc;micas de extens&atilde;o, ser&aacute; destinado um percentual m&iacute;nimo de 50% (cinquenta por cento) para programas de bolsas de <a href=\"#\" target=\"_blank\" rel=\"noreferrer noopener\">a&ccedil;&otilde;es afirmativas<\/a>.<\/p>\n<\/div><\/details>\n\n\n<?xml encoding=\"utf-8\"?><details class=\"group\/accordion\"><summary class=\"flex gap-4 items-center bg-neutral-50 border-x border-t group-last-of-type\/accordion:border-b border-neutral-200 group-open\/accordion:border-primary-300 group-open\/accordion:bg-primary-300 p-3 group-[&amp;:first-of-type]\/accordion:rounded-t group-[&amp;:last-of-type]\/accordion:rounded-b group-open\/accordion:[&amp;:last-of-type]:rounded-b-none text-neutral-600 group-open\/accordion:text-neutral-50 text-lg font-semibold [&amp;&gt;i]:text-[1.5rem] group-open\/accordion:[&amp;&gt;i]:text-neutral-50 [&amp;&gt;i]:text-primary-300 group-open\/accordion:[&amp;&gt;i]:-rotate-180 [&amp;&gt;i]:transition-transform transition-colors cursor-pointer\"><span class=\"grow\">Participa&ccedil;&atilde;o volunt&aacute;ria<\/span><i class=\"ti ti-chevron-down\"><\/i><\/summary><div class=\"space-y-4 p-3 border-x group-[&amp;:last-of-type]\/accordion:border-b border-neutral-200 text-base text-neutral-400 group-[&amp;:last-of-type]\/accordion:rounded-bl group-[&amp;:last-of-type]\/accordion:rounded-br [&amp;_.wp-block-heading+p]:!mt-0\">\n<p>A participa&ccedil;&atilde;o volunt&aacute;ria &eacute; uma modalidade de envolvimento em projetos de Extens&atilde;o. Ela permite que estudantes de Gradua&ccedil;&atilde;o se integrem &agrave;s equipes de trabalho, cumprindo carga hor&aacute;ria sob a orienta&ccedil;&atilde;o de um servidor, sem recebimento de bolsa. O principal benef&iacute;cio &eacute; a possibilidade de credita&ccedil;&atilde;o curricular dessas horas, conforme a <a href=\"https:\/\/www.ufmg.br\/proex\/wp-content\/uploads\/2021\/12\/RESOLUCAO-CEPE-10.2019.pdf\" target=\"_blank\" rel=\"noreferrer noopener\">Resolu&ccedil;&atilde;o n&ordm; 10\/2019<\/a>. A indica&ccedil;&atilde;o de volunt&aacute;rios &eacute; feita pelo coordenador da atividade no Sistema de Fomento. Consulte <a href=\"https:\/\/www.ufmg.br\/proex\/voluntarios\/\">aqui<\/a> as orienta&ccedil;&otilde;es.<\/p>\n<\/div><\/details>\n\n\n<?xml encoding=\"utf-8\"?><details class=\"group\/accordion\"><summary class=\"flex gap-4 items-center bg-neutral-50 border-x border-t group-last-of-type\/accordion:border-b border-neutral-200 group-open\/accordion:border-primary-300 group-open\/accordion:bg-primary-300 p-3 group-[&amp;:first-of-type]\/accordion:rounded-t group-[&amp;:last-of-type]\/accordion:rounded-b group-open\/accordion:[&amp;:last-of-type]:rounded-b-none text-neutral-600 group-open\/accordion:text-neutral-50 text-lg font-semibold [&amp;&gt;i]:text-[1.5rem] group-open\/accordion:[&amp;&gt;i]:text-neutral-50 [&amp;&gt;i]:text-primary-300 group-open\/accordion:[&amp;&gt;i]:-rotate-180 [&amp;&gt;i]:transition-transform transition-colors cursor-pointer\"><span class=\"grow\">Chamadas da PRAE<\/span><i class=\"ti ti-chevron-down\"><\/i><\/summary><div class=\"space-y-4 p-3 border-x group-[&amp;:last-of-type]\/accordion:border-b border-neutral-200 text-base text-neutral-400 group-[&amp;:last-of-type]\/accordion:rounded-bl group-[&amp;:last-of-type]\/accordion:rounded-br [&amp;_.wp-block-heading+p]:!mt-0\">\n<p>As Chamadas da Pr&oacute;-reitoria de Assuntos Estudantis (PRAE) referem-se aos editais dos programas de apoio ao estudante. Acesse as oportunidades de bolsas de manuten&ccedil;&atilde;o, aux&iacute;lios moradia, alimenta&ccedil;&atilde;o e outras formas de suporte que visam garantir sua perman&ecirc;ncia e a plena participa&ccedil;&atilde;o nas atividades acad&ecirc;micas da Universidade <a href=\"https:\/\/www.ufmg.br\/prae\/chamadas\/\">aqui<\/a>.<\/p>\n<\/div><\/details>\n<\/div>\n\n\n\n<h2 class=\"wp-block-heading\">Extens\u00e3o na P\u00f3s-gradua\u00e7\u00e3o<\/h2>\n\n\n\n<p>Embora a obrigatoriedade dos 10% seja focada na Gradua\u00e7\u00e3o, a Extens\u00e3o \u00e9 fortemente incentivada e integrada tamb\u00e9m nos Programas de P\u00f3s-gradua\u00e7\u00e3o, aprofundando o impacto da pesquisa.<\/p>\n\n\n\n<h3 class=\"wp-block-heading\">Articula\u00e7\u00e3o Pesquisa-Extens\u00e3o<\/h3>\n\n\n\n<p>A P\u00f3s-gradua\u00e7\u00e3o na UFMG tem promovido experi\u00eancias exitosas na integra\u00e7\u00e3o da Extens\u00e3o. A articula\u00e7\u00e3o visa que os resultados de teses e disserta\u00e7\u00f5es se transformem em <strong>a\u00e7\u00f5es de impacto social<\/strong> e cheguem \u00e0 comunidade de forma efetiva.<\/p>\n\n\n\n<p><strong>Estrat\u00e9gia de Impacto:<\/strong> Os Programas s\u00e3o estimulados a registrar suas a\u00e7\u00f5es de dissemina\u00e7\u00e3o do conhecimento como atividades de Extens\u00e3o, como cursos de aperfei\u00e7oamento, eventos abertos e publica\u00e7\u00f5es acess\u00edveis ao p\u00fablico.<\/p>\n\n\n\n<p><strong>Qualifica\u00e7\u00e3o:<\/strong> A participa\u00e7\u00e3o em a\u00e7\u00f5es de Extens\u00e3o enriquece a forma\u00e7\u00e3o do pesquisador, conferindo-lhe uma perspectiva social e \u00e9tica mais apurada sobre o objeto de estudo.<\/p>\n\n\n\n<h3 class=\"wp-block-heading\">Fomento \u00e0 Forma\u00e7\u00e3o<\/h3>\n\n\n\n<p>O <a href=\"https:\/\/www.ufmg.br\/proex\/formex\/\" data-type=\"link\" data-id=\"https:\/\/www.ufmg.br\/proex\/formex\/\">Fomento \u00e0 Forma\u00e7\u00e3o em Extens\u00e3o<\/a> no \u00e2mbito da P\u00f3s-gradua\u00e7\u00e3o (Formex) \u00e9 uma iniciativa da Proex em parceria com a <a href=\"https:\/\/www.ufmg.br\/prpg\/\" data-type=\"link\" data-id=\"https:\/\/www.ufmg.br\/prpg\/\" target=\"_blank\" rel=\"noreferrer noopener\">Pr\u00f3-Reitoria de P\u00f3s-gradua\u00e7\u00e3o<\/a> (PRPG) da UFMG.<\/p>\n\n\n\n<p>O objetivo \u00e9 apoiar a forma\u00e7\u00e3o em extens\u00e3o na p\u00f3s-gradua\u00e7\u00e3o por meio da concess\u00e3o de bolsas a discentes de gradua\u00e7\u00e3o e p\u00f3s-gradua\u00e7\u00e3o \u2013 n\u00edvel mestrado e doutorado \u2013 que participam de programas, projetos e cursos de extens\u00e3o.<\/p>\n\n\n\n<p>Uma bolsa do Formex \u00e9 destinada a estudante de p\u00f3s-gradua\u00e7\u00e3o e, outra, para estudante de gradua\u00e7\u00e3o (PBEXT A\u00e7\u00e3o Afirmativa), que deve ser assistido pela UFMG (n\u00edveis I, II e III) ou ter ingressado pelo sistema de cotas.<\/p>\n\n\n\n<div class=\"wp-block-ufmg-cards grid grid-cols-1 lg:grid-cols-cards gap-8\">\n\t<div class=\"flex flex-col gap-6 p-6 md:py-8 border border-neutral-200 rounded-lg\">\n\n\t\t\t\t\t<h2 class=\"pl-2 border-l-2 border-l-primary-400 text-neutral-600 text-xl md:text-2xl font-semibold\">\n\t\t\t\tFormex\t\t\t<\/h2>\n\t\t\n\t\t\t\t\t<p class=\"flex-1 text-base md:text-lg text-neutral-500\">\n\t\t\t\tConfira oportunidades e editais da Proex em parceria com a PRPG.\t\t\t<\/p>\n\t\t\n\t\t\t\t\t<a href=\"https:\/\/www.ufmg.br\/proex\/formex\/\" target=\"_blank\" rel=\"noopener noreferrer\"\t\t\t\tclass=\"w-fit ml-auto flex items-center gap-4 text-primary-300 font-lexend font-medium text-base md:text-lg\">\n\t\t\t\tAcesse aqui\t\t\t\t<i class=\"ti ti-chevron-right text-[1rem] md:text-[1.25rem]\"><\/i>\n\t\t\t<\/a>\n\t\t\t<\/div>\n<\/div>\n","protected":false},"excerpt":{"rendered":"<p>A Forma\u00e7\u00e3o em Extens\u00e3o Universit\u00e1ria visa incluir, nos cursos de gradua\u00e7\u00e3o, conte\u00fados relacionados \u00e0s realidades regionais do pa\u00eds, em suas dimens\u00f5es sociais, culturais, ambientais e econ\u00f4micas, cumprindo as Diretrizes para a Extens\u00e3o na Educa\u00e7\u00e3o Superior Brasileira, que estabelece que 10% dos cr\u00e9ditos exigidos para a integraliza\u00e7\u00e3o de cursos de gradua\u00e7\u00e3o dever\u00e3o ser obtidos por meio [&hellip;]<\/p>\n","protected":false},"author":1,"featured_media":0,"parent":11308,"menu_order":0,"comment_status":"closed","ping_status":"closed","template":"","meta":{"_acf_changed":false,"footnotes":""},"class_list":["post-11358","page","type-page","status-publish","hentry"],"acf":[],"_links":{"self":[{"href":"http:\/\/150.164.63.212:9000\/portal-novo-test\/wp-json\/wp\/v2\/pages\/11358","targetHints":{"allow":["GET"]}}],"collection":[{"href":"http:\/\/150.164.63.212:9000\/portal-novo-test\/wp-json\/wp\/v2\/pages"}],"about":[{"href":"http:\/\/150.164.63.212:9000\/portal-novo-test\/wp-json\/wp\/v2\/types\/page"}],"author":[{"embeddable":true,"href":"http:\/\/150.164.63.212:9000\/portal-novo-test\/wp-json\/wp\/v2\/users\/1"}],"replies":[{"embeddable":true,"href":"http:\/\/150.164.63.212:9000\/portal-novo-test\/wp-json\/wp\/v2\/comments?post=11358"}],"version-history":[{"count":0,"href":"http:\/\/150.164.63.212:9000\/portal-novo-test\/wp-json\/wp\/v2\/pages\/11358\/revisions"}],"up":[{"embeddable":true,"href":"http:\/\/150.164.63.212:9000\/portal-novo-test\/wp-json\/wp\/v2\/pages\/11308"}],"wp:attachment":[{"href":"http:\/\/150.164.63.212:9000\/portal-novo-test\/wp-json\/wp\/v2\/media?parent=11358"}],"curies":[{"name":"wp","href":"https:\/\/api.w.org\/{rel}","templated":true}]}}