{"id":11359,"date":"2025-10-20T12:33:49","date_gmt":"2025-10-20T15:33:49","guid":{"rendered":"http:\/\/150.164.63.212:9000\/portal-novo-test\/?page_id=11359"},"modified":"2025-10-20T12:33:49","modified_gmt":"2025-10-20T15:33:49","slug":"iniciacao-cientifica","status":"publish","type":"page","link":"http:\/\/150.164.63.212:9000\/portal-novo-test\/pesquisa-e-inovacao\/pesquisadores-e-producao-cientifica\/iniciacao-cientifica\/","title":{"rendered":"Inicia\u00e7\u00e3o Cient\u00edfica"},"content":{"rendered":"\n<p>A UFMG figura entre as melhores universidades do mundo, sendo destaque nacional nos principais rankings de avalia\u00e7\u00e3o de desempenho, al\u00e9m de apresentar n\u00fameros de destaque na produtividade e no impacto da pesquisa. Assim, a Universidade incentiva a forma\u00e7\u00e3o de novos pesquisadores para contribuir com a continua\u00e7\u00e3o do estado da arte e da relev\u00e2ncia da institui\u00e7\u00e3o. <\/p>\n\n\n\n<p>A Inicia\u00e7\u00e3o Cient\u00edfica (IC) consiste nos passos iniciais da carreira de pesquisador, sendo a oportunidade do estudante fazer parte de uma equipe de pesquisa e descobrir o universo da investiga\u00e7\u00e3o cient\u00edfica e tecnol\u00f3gica. As atividades de IC s\u00e3o contabilizados no curr\u00edculo acad\u00eamico e permitem aos discentes contribuir com as descobertas e inven\u00e7\u00f5es que nascem nos laborat\u00f3rios, projetos e grupos de pesquisa da UFMG.<\/p>\n\n\n\n<p>Para mais informa\u00e7\u00f5es, consulte <a href=\"https:\/\/www.ufmg.br\/prpq\/nucleos-de-assessoramento-a-pesquisa\/\" target=\"_blank\" rel=\"noreferrer noopener\">N\u00facleo de Assessoramento \u00e0 Pesquisa<\/a> (NAPq) da sua Unidade de ensino ou acesse a p\u00e1gina da <a href=\"https:\/\/www.ufmg.br\/prpq\/\" target=\"_blank\" rel=\"noreferrer noopener\">Pr\u00f3-reitoria de Pesquisa<\/a> (PRPq).<\/p>\n\n\n\n<h2 class=\"wp-block-heading\">Inicia\u00e7\u00e3o Cient\u00edfica J\u00fanior<\/h2>\n\n\n\n<p>A Inicia\u00e7\u00e3o Cient\u00edfica J\u00fanior foi criada para despertar a voca\u00e7\u00e3o cient\u00edfica dos estudantes do ensino m\u00e9dio regular ou t\u00e9cnico integrado ao m\u00e9dio, por meio da participa\u00e7\u00e3o em projetos de pesquisa cient\u00edfica e tecnol\u00f3gica ou de inova\u00e7\u00e3o da UFMG, orientados por pesquisadores qualificados. <\/p>\n\n\n\n<p>O projeto tem como objetivo promover a inicia\u00e7\u00e3o dos estudantes na produ\u00e7\u00e3o do conhecimento e a sua conviv\u00eancia com o processo de investiga\u00e7\u00e3o cient\u00edfica no tocante a suas t\u00e9cnicas, organiza\u00e7\u00e3o e m\u00e9todos, al\u00e9m de estimular e desenvolver o pensamento cient\u00edfico e a criatividade dos estudantes despertada a partir do confronto com os problemas de pesquisa.<\/p>\n\n\n\n<p>Para consultar mais informa\u00e7\u00f5es e os editais recentes, acesse o <a href=\"https:\/\/www.ufmg.br\/prpq\/\" target=\"_blank\" rel=\"noreferrer noopener\">site da Pr\u00f3-reitoria de Pesquisa<\/a>  (PRPq). <\/p>\n\n\n\n<h2 class=\"wp-block-heading\">Bolsistas e Volunt\u00e1rios<\/h2>\n\n\n\n<p>Os estudantes interessados nos programas de inicia\u00e7\u00e3o cient\u00edfica podem receber diferentes bolsas de apoio cient\u00edfico ou participar voluntariamente. As bolsas t\u00eam car\u00e1ter tempor\u00e1rio, n\u00e3o geram v\u00ednculo empregat\u00edcio e s\u00e3o isentas de imposto de renda.<\/p>\n\n\n\n<p>Para mais informa\u00e7\u00f5es, consulte as <a href=\"https:\/\/www.ufmg.br\/prpq\/fomento-a-pesquisa-ufmg\/\" target=\"_blank\" rel=\"noreferrer noopener\">normas e procedimentos<\/a> para os bolsistas e volunt\u00e1rios e os <a href=\"https:\/\/www.ufmg.br\/prpq\/fomento-a-pesquisa-ufmg\/\" target=\"_blank\" rel=\"noreferrer noopener\">tipos de bolsas de fomento \u00e0 pesquisa<\/a> dispon\u00edveis para Inicia\u00e7\u00e3o Cient\u00edfica.<\/p>\n\n\n\n<h2 class=\"wp-block-heading\">Semana do Conhecimento<\/h2>\n\n\n\n<p>A Semana do Conhecimento consiste no evento de divulga\u00e7\u00e3o dos trabalhos de pesquisa desenvolvidos por estudantes de gradua\u00e7\u00e3o e do ensino m\u00e9dio na UFMG, bolsistas ou alunos volunt\u00e1rios de inicia\u00e7\u00e3o cient\u00edfica. A Semana do Conhecimento oferece uma oportunidade para o discente de IC apresentar e discutir seu trabalho de pesquisa com a comunidade acad\u00eamica atrav\u00e9s da elabora\u00e7\u00e3o de apresenta\u00e7\u00f5es orais ou exposi\u00e7\u00e3o de pain\u00e9is.<\/p>\n\n\n\n<p>Para mais informa\u00e7\u00f5es, acesse a <a href=\"https:\/\/www.ufmg.br\/prpq\/semana-do-conhecimento-da-ufmg\/\" target=\"_blank\" rel=\"noreferrer noopener\">p\u00e1gina da Pr\u00f3-reitoria de Pesquisa<\/a> (PRPq) e o <a href=\"https:\/\/www.ufmg.br\/semanadoconhecimento\/\" target=\"_blank\" rel=\"noreferrer noopener\">site da Semana do Conhecimento<\/a>.<\/p>\n","protected":false},"excerpt":{"rendered":"<p>A UFMG figura entre as melhores universidades do mundo, sendo destaque nacional nos principais rankings de avalia\u00e7\u00e3o de desempenho, al\u00e9m de apresentar n\u00fameros de destaque na produtividade e no impacto da pesquisa. Assim, a Universidade incentiva a forma\u00e7\u00e3o de novos pesquisadores para contribuir com a continua\u00e7\u00e3o do estado da arte e da relev\u00e2ncia da institui\u00e7\u00e3o. [&hellip;]<\/p>\n","protected":false},"author":1,"featured_media":0,"parent":8827,"menu_order":0,"comment_status":"closed","ping_status":"closed","template":"","meta":{"_acf_changed":false,"footnotes":""},"class_list":["post-11359","page","type-page","status-publish","hentry"],"acf":[],"_links":{"self":[{"href":"http:\/\/150.164.63.212:9000\/portal-novo-test\/wp-json\/wp\/v2\/pages\/11359","targetHints":{"allow":["GET"]}}],"collection":[{"href":"http:\/\/150.164.63.212:9000\/portal-novo-test\/wp-json\/wp\/v2\/pages"}],"about":[{"href":"http:\/\/150.164.63.212:9000\/portal-novo-test\/wp-json\/wp\/v2\/types\/page"}],"author":[{"embeddable":true,"href":"http:\/\/150.164.63.212:9000\/portal-novo-test\/wp-json\/wp\/v2\/users\/1"}],"replies":[{"embeddable":true,"href":"http:\/\/150.164.63.212:9000\/portal-novo-test\/wp-json\/wp\/v2\/comments?post=11359"}],"version-history":[{"count":0,"href":"http:\/\/150.164.63.212:9000\/portal-novo-test\/wp-json\/wp\/v2\/pages\/11359\/revisions"}],"up":[{"embeddable":true,"href":"http:\/\/150.164.63.212:9000\/portal-novo-test\/wp-json\/wp\/v2\/pages\/8827"}],"wp:attachment":[{"href":"http:\/\/150.164.63.212:9000\/portal-novo-test\/wp-json\/wp\/v2\/media?parent=11359"}],"curies":[{"name":"wp","href":"https:\/\/api.w.org\/{rel}","templated":true}]}}