{"id":11362,"date":"2025-10-20T13:37:30","date_gmt":"2025-10-20T16:37:30","guid":{"rendered":"http:\/\/150.164.63.212:9000\/portal-novo-test\/?page_id=11362"},"modified":"2025-10-20T13:37:30","modified_gmt":"2025-10-20T16:37:30","slug":"acoes-e-eventos-culturais","status":"publish","type":"page","link":"http:\/\/150.164.63.212:9000\/portal-novo-test\/cultura\/acoes-e-eventos-culturais\/","title":{"rendered":"A\u00e7\u00f5es e Eventos Culturais"},"content":{"rendered":"\n<p>As iniciativas da Pr\u00f3-Reitoria de Cultura (Procult) abrangem a\u00e7\u00f5es formativas, como a Forma\u00e7\u00e3o Transversal em Culturas em Movimento e Processos Criativos; projetos como o Mapa da Cultura UFMG, o Polo de Integra\u00e7\u00e3o do Jequitinhonha na UFMG e o Ciclo de F\u00f3runs UFMG de Cultura; al\u00e9m de parcerias com equipamentos e institui\u00e7\u00f5es locais, nacionais e internacionais \u2014 com destaque para a rede que acolhe artistas refugiados por meio das Casas Brasileiras de Ref\u00fagio, bra\u00e7o nacional da International Cities of Refuge Network (ICORN).<\/p>\n\n\n\n<p>A Procult tamb\u00e9m \u00e9 respons\u00e1vel pela programa\u00e7\u00e3o cont\u00ednua de seus espa\u00e7os culturais \u2014 Centro Cultural UFMG, Conservat\u00f3rio UFMG, Espa\u00e7o do Conhecimento UFMG e Campus Cultural UFMG em Tiradentes \u2014, promovendo uma agenda diversificada que contempla projetos de arte, ci\u00eancia, mem\u00f3ria e educa\u00e7\u00e3o. Entre seus programas art\u00edstico-culturais de maior alcance, destacam-se o Festival de Inverno, o Festival de Ver\u00e3o, a Feira do Jequitinhonha e o Circuito Cultural UFMG.<\/p>\n\n\n\n<p>Essas a\u00e7\u00f5es se somam a outras iniciativas de difus\u00e3o e forma\u00e7\u00e3o art\u00edstico-cultural, como o Mapeamento Cultural da UFMG, a Forma\u00e7\u00e3o Transversal Culturas em Movimento e Processos Criativos e os projetos Rio Lil\u00e1s: a gest\u00e3o das \u00e1guas pelas mulheres \u2013 identidade, capacita\u00e7\u00e3o e integra\u00e7\u00e3o, Comunica\u00e7\u00e3o e Juventude Quilombola: identidade, mem\u00f3ria e autonomia e o F\u00f3rum da Mulher do Jequitinhonha, vinculados ao Programa Polo de Integra\u00e7\u00e3o da UFMG no Vale do Jequitinhonha.<\/p>\n\n\n<?xml encoding=\"utf-8\"?><ul class=\"wp-block-ufmg-hub-links [&amp;&gt;li_a]:flex [&amp;&gt;li_a]:items-center [&amp;&gt;li_a]:justify-between [&amp;&gt;li_a]:bg-neutral-50 [&amp;&gt;li_a]:px-4 [&amp;&gt;li_a]:py-3 md:[&amp;&gt;li_a]:py-5 [&amp;&gt;li_a]:border-b [&amp;&gt;li_a]:border-b-neutral-200 [&amp;&gt;li_a]:text-primary-300 [&amp;&gt;li_a]:text-base md:[&amp;&gt;li_a]:text-lg [&amp;&gt;li_a]:font-lexend [&amp;&gt;li_a]:font-medium [&amp;&gt;li_a]:transition-colors [&amp;&gt;li_a&gt;i]:text-[1rem] md:[&amp;&gt;li_a&gt;i]:text-[1.5rem] hover:[&amp;&gt;li_a]:bg-neutral-100 hover:[&amp;&gt;li_a]:border-b-primary-300\"><li class=\" wp-block-navigation-item wp-block-navigation-link\"><a class=\"wp-block-navigation-item__content\" href=\"https:\/\/www.ufmg.br\/procult\/programacao\/circuito-cultural-ufmg\/\" target=\"_blank\"><span class=\"wp-block-navigation-item__label\">Circuito Cultural UFMG<\/span><i class=\"ti ti-chevron-right\"><\/i><\/a><\/li>\n\n<li class=\" wp-block-navigation-item wp-block-navigation-link\"><a class=\"wp-block-navigation-item__content\" href=\"https:\/\/www.ufmg.br\/procult\/programacao\/circuito-cultural-ufmg\/\" target=\"_blank\"><span class=\"wp-block-navigation-item__label\">Circuito Cultural UFMG<\/span><i class=\"ti ti-chevron-right\"><\/i><\/a><\/li>\n\n<li class=\" wp-block-navigation-item wp-block-navigation-link\"><a class=\"wp-block-navigation-item__content\" href=\"https:\/\/www.ufmg.br\/procult\/programacao\/circuito-cultural-ufmg\/\" target=\"_blank\"><span class=\"wp-block-navigation-item__label\">Circuito Cultural UFMG<\/span><i class=\"ti ti-chevron-right\"><\/i><\/a><\/li><\/ul>\n\n\n<?xml encoding=\"utf-8\"?><ul class=\"wp-block-ufmg-hub-links [&amp;&gt;li_a]:flex [&amp;&gt;li_a]:items-center [&amp;&gt;li_a]:justify-between [&amp;&gt;li_a]:bg-neutral-50 [&amp;&gt;li_a]:px-4 [&amp;&gt;li_a]:py-3 md:[&amp;&gt;li_a]:py-5 [&amp;&gt;li_a]:border-b [&amp;&gt;li_a]:border-b-neutral-200 [&amp;&gt;li_a]:text-primary-300 [&amp;&gt;li_a]:text-base md:[&amp;&gt;li_a]:text-lg [&amp;&gt;li_a]:font-lexend [&amp;&gt;li_a]:font-medium [&amp;&gt;li_a]:transition-colors [&amp;&gt;li_a&gt;i]:text-[1rem] md:[&amp;&gt;li_a&gt;i]:text-[1.5rem] hover:[&amp;&gt;li_a]:bg-neutral-100 hover:[&amp;&gt;li_a]:border-b-primary-300\"><\/ul>\n\n\n\n<h2 class=\"wp-block-heading\"><\/h2>\n\n\n\n<p><\/p>\n","protected":false},"excerpt":{"rendered":"<p>As iniciativas da Pr\u00f3-Reitoria de Cultura (Procult) abrangem a\u00e7\u00f5es formativas, como a Forma\u00e7\u00e3o Transversal em Culturas em Movimento e Processos Criativos; projetos como o Mapa da Cultura UFMG, o Polo de Integra\u00e7\u00e3o do Jequitinhonha na UFMG e o Ciclo de F\u00f3runs UFMG de Cultura; al\u00e9m de parcerias com equipamentos e institui\u00e7\u00f5es locais, nacionais e internacionais [&hellip;]<\/p>\n","protected":false},"author":1,"featured_media":0,"parent":11261,"menu_order":0,"comment_status":"closed","ping_status":"closed","template":"","meta":{"_acf_changed":false,"footnotes":""},"class_list":["post-11362","page","type-page","status-publish","hentry"],"acf":[],"_links":{"self":[{"href":"http:\/\/150.164.63.212:9000\/portal-novo-test\/wp-json\/wp\/v2\/pages\/11362","targetHints":{"allow":["GET"]}}],"collection":[{"href":"http:\/\/150.164.63.212:9000\/portal-novo-test\/wp-json\/wp\/v2\/pages"}],"about":[{"href":"http:\/\/150.164.63.212:9000\/portal-novo-test\/wp-json\/wp\/v2\/types\/page"}],"author":[{"embeddable":true,"href":"http:\/\/150.164.63.212:9000\/portal-novo-test\/wp-json\/wp\/v2\/users\/1"}],"replies":[{"embeddable":true,"href":"http:\/\/150.164.63.212:9000\/portal-novo-test\/wp-json\/wp\/v2\/comments?post=11362"}],"version-history":[{"count":0,"href":"http:\/\/150.164.63.212:9000\/portal-novo-test\/wp-json\/wp\/v2\/pages\/11362\/revisions"}],"up":[{"embeddable":true,"href":"http:\/\/150.164.63.212:9000\/portal-novo-test\/wp-json\/wp\/v2\/pages\/11261"}],"wp:attachment":[{"href":"http:\/\/150.164.63.212:9000\/portal-novo-test\/wp-json\/wp\/v2\/media?parent=11362"}],"curies":[{"name":"wp","href":"https:\/\/api.w.org\/{rel}","templated":true}]}}