{"id":11379,"date":"2025-10-20T11:57:31","date_gmt":"2025-10-20T14:57:31","guid":{"rendered":"http:\/\/150.164.63.212:9000\/portal-novo-test\/?page_id=11379"},"modified":"2025-10-31T11:57:32","modified_gmt":"2025-10-31T14:57:32","slug":"programas-e-projetos","status":"publish","type":"page","link":"http:\/\/150.164.63.212:9000\/portal-novo-test\/extensao\/programas-e-projetos\/","title":{"rendered":"Programas e Projetos"},"content":{"rendered":"\n<p>A Extens\u00e3o \u00e9 a ponte que conecta a produ\u00e7\u00e3o acad\u00eamica da UFMG com as demandas reais da sociedade. Programas e Projetos s\u00e3o modalidades de a\u00e7\u00f5es que tiram o conhecimento da Universidade dos campi para gerar impacto e transforma\u00e7\u00e3o social. Motor da Extens\u00e3o, mobilizam estudantes, professores e servidores em atividades planejadas e cont\u00ednuas para solucionar desafios regionais nas mais diversas \u00e1reas tem\u00e1ticas.<\/p>\n\n\n\n<h3 class=\"wp-block-heading\">Programas<\/h3>\n\n\n\n<p>S\u00e3o atividades caracterizadas pela atua\u00e7\u00e3o diversificada e integrada de atividades de extens\u00e3o orientadas por um eixo articulador, que deve englobar determinado p\u00fablico, tem\u00e1tica, linha de extens\u00e3o ou recorte territorial e conter, pelo menos, dois projetos vinculados.<\/p>\n\n\n\n<h3 class=\"wp-block-heading\">Projetos<\/h3>\n\n\n\n<p>S\u00e3o atividades que constru\u00eddas juntamente com a sociedade em torno de objetivos que necessitam de trabalho processual e cont\u00ednuo para ser alcan\u00e7ados, com atua\u00e7\u00e3o na produ\u00e7\u00e3o e na constru\u00e7\u00e3o de conhecimentos voltados para o desenvolvimento social, cultural, art\u00edstico e tecnol\u00f3gico, podendo abranger, de forma vinculada, cursos, eventos e presta\u00e7\u00e3o de servi\u00e7os;<\/p>\n\n\n\n<h2 class=\"wp-block-heading\">Consulta a informa\u00e7\u00f5es<\/h2>\n\n\n\n<p>O <a href=\"https:\/\/sistemas.ufmg.br\/siex\/PrepararPesquisarAcaoExtensao.do?clean=1\" data-type=\"link\" data-id=\"https:\/\/sistemas.ufmg.br\/siex\/PrepararPesquisarAcaoExtensao.do?clean=1\" target=\"_blank\" rel=\"noreferrer noopener\">Sistema de Informa\u00e7\u00e3o da Extens\u00e3o<\/a> (Siex\/UFMG) \u00e9 um sistema aberto \u00e0 consulta do p\u00fablico que permite acessar dados de todos os projetos de extens\u00e3o da UFMG. Dispon\u00edvel no site da Pr\u00f3-reitoria de Extens\u00e3o, a base de dados possui diversos filtros para facilitar a identifica\u00e7\u00e3o de informa\u00e7\u00f5es de interesse.<\/p>\n\n\n\n<div class=\"wp-block-ufmg-cards grid grid-cols-1 lg:grid-cols-cards gap-8\">\n\t<div class=\"flex flex-col gap-6 p-6 md:py-8 border border-neutral-200 rounded-lg\">\n\n\t\t\t\t\t<h2 class=\"pl-2 border-l-2 border-l-primary-400 text-neutral-600 text-xl md:text-2xl font-semibold\">\n\t\t\t\tSistema de Informa\u00e7\u00e3o da Extens\u00e3o\t\t\t<\/h2>\n\t\t\n\t\t\t\t\t<p class=\"flex-1 text-base md:text-lg text-neutral-500\">\n\t\t\t\tA consulta a esse rico banco de dados \u00e9 aberta a toda a comunidade, sem a necessidade de cadastro pr\u00e9vio, senhas ou login.\t\t\t<\/p>\n\t\t\n\t\t\t\t\t<a href=\"https:\/\/sistemas.ufmg.br\/siex\/PrepararPesquisarAcaoExtensao.do?clean=1\" target=\"_blank\" rel=\"noopener noreferrer\"\t\t\t\tclass=\"w-fit ml-auto flex items-center gap-4 text-primary-300 font-lexend font-medium text-base md:text-lg\">\n\t\t\t\tAcesse aqui\t\t\t\t<i class=\"ti ti-chevron-right text-[1rem] md:text-[1.25rem]\"><\/i>\n\t\t\t<\/a>\n\t\t\t<\/div>\n<\/div>\n","protected":false},"excerpt":{"rendered":"<p>A Extens\u00e3o \u00e9 a ponte que conecta a produ\u00e7\u00e3o acad\u00eamica da UFMG com as demandas reais da sociedade. Programas e Projetos s\u00e3o modalidades de a\u00e7\u00f5es que tiram o conhecimento da Universidade dos campi para gerar impacto e transforma\u00e7\u00e3o social. Motor da Extens\u00e3o, mobilizam estudantes, professores e servidores em atividades planejadas e cont\u00ednuas para solucionar desafios [&hellip;]<\/p>\n","protected":false},"author":1,"featured_media":0,"parent":11308,"menu_order":0,"comment_status":"closed","ping_status":"closed","template":"","meta":{"_acf_changed":false,"footnotes":""},"class_list":["post-11379","page","type-page","status-publish","hentry"],"acf":[],"_links":{"self":[{"href":"http:\/\/150.164.63.212:9000\/portal-novo-test\/wp-json\/wp\/v2\/pages\/11379","targetHints":{"allow":["GET"]}}],"collection":[{"href":"http:\/\/150.164.63.212:9000\/portal-novo-test\/wp-json\/wp\/v2\/pages"}],"about":[{"href":"http:\/\/150.164.63.212:9000\/portal-novo-test\/wp-json\/wp\/v2\/types\/page"}],"author":[{"embeddable":true,"href":"http:\/\/150.164.63.212:9000\/portal-novo-test\/wp-json\/wp\/v2\/users\/1"}],"replies":[{"embeddable":true,"href":"http:\/\/150.164.63.212:9000\/portal-novo-test\/wp-json\/wp\/v2\/comments?post=11379"}],"version-history":[{"count":0,"href":"http:\/\/150.164.63.212:9000\/portal-novo-test\/wp-json\/wp\/v2\/pages\/11379\/revisions"}],"up":[{"embeddable":true,"href":"http:\/\/150.164.63.212:9000\/portal-novo-test\/wp-json\/wp\/v2\/pages\/11308"}],"wp:attachment":[{"href":"http:\/\/150.164.63.212:9000\/portal-novo-test\/wp-json\/wp\/v2\/media?parent=11379"}],"curies":[{"name":"wp","href":"https:\/\/api.w.org\/{rel}","templated":true}]}}