{"id":11587,"date":"2025-10-20T12:08:42","date_gmt":"2025-10-20T15:08:42","guid":{"rendered":"http:\/\/150.164.63.212:9000\/portal-novo-test\/?page_id=11587"},"modified":"2025-10-31T11:23:49","modified_gmt":"2025-10-31T14:23:49","slug":"atendimentos-e-servicos","status":"publish","type":"page","link":"http:\/\/150.164.63.212:9000\/portal-novo-test\/extensao\/acoes-abertas-a-populacao\/atendimentos-e-servicos\/","title":{"rendered":"Atendimentos e Servi\u00e7os"},"content":{"rendered":"\n<p>Em conson\u00e2ncia com seu princ\u00edpio institucional de &#8220;intera\u00e7\u00e3o e di\u00e1logo permanente com a sociedade&#8221; (Art. 2\u00ba das Normas Gerais da Extens\u00e3o), a UFMG materializa esse compromisso ao oferecer uma diversidade de atendimentos e servi\u00e7os abertos a toda a comunidade. Navegue por categoria nas a\u00e7\u00f5es ofertadas:<\/p>\n\n\n<?xml encoding=\"utf-8\"?><ul class=\"wp-block-ufmg-hub-links [&amp;&gt;li_a]:flex [&amp;&gt;li_a]:items-center [&amp;&gt;li_a]:justify-between [&amp;&gt;li_a]:bg-neutral-50 [&amp;&gt;li_a]:px-4 [&amp;&gt;li_a]:py-3 md:[&amp;&gt;li_a]:py-5 [&amp;&gt;li_a]:border-b [&amp;&gt;li_a]:border-b-neutral-200 [&amp;&gt;li_a]:text-primary-300 [&amp;&gt;li_a]:text-base md:[&amp;&gt;li_a]:text-lg [&amp;&gt;li_a]:font-lexend [&amp;&gt;li_a]:font-medium [&amp;&gt;li_a]:transition-colors [&amp;&gt;li_a&gt;i]:text-[1rem] md:[&amp;&gt;li_a&gt;i]:text-[1.5rem] hover:[&amp;&gt;li_a]:bg-neutral-100 hover:[&amp;&gt;li_a]:border-b-primary-300\"><li class=\" wp-block-navigation-item wp-block-navigation-link\"><a class=\"wp-block-navigation-item__content\" href=\"http:\/\/150.164.63.212:9000\/portal-novo-test\/extensao\/acoes-abertas-a-populacao\/atendimentos-e-servicos\/assistencia-juridica\/\" target=\"_blank\"><span class=\"wp-block-navigation-item__label\">Assist&ecirc;ncia Jur&iacute;dica<\/span><i class=\"ti ti-chevron-right\"><\/i><\/a><\/li>\n\n<li class=\" wp-block-navigation-item wp-block-navigation-link\"><a class=\"wp-block-navigation-item__content\" href=\"http:\/\/150.164.63.212:9000\/portal-novo-test\/extensao\/acoes-abertas-a-populacao\/atendimentos-e-servicos\/esporte-e-lazer\/\" target=\"_blank\"><span class=\"wp-block-navigation-item__label\">Esporte e Lazer<\/span><i class=\"ti ti-chevron-right\"><\/i><\/a><\/li>\n\n<li class=\" wp-block-navigation-item wp-block-navigation-link\"><a class=\"wp-block-navigation-item__content\" href=\"http:\/\/150.164.63.212:9000\/portal-novo-test\/extensao\/acoes-abertas-a-populacao\/atendimentos-e-servicos\/cultura-artes-e-linguagem\/\" target=\"_blank\"><span class=\"wp-block-navigation-item__label\">Cultura, Artes e Linguagem<\/span><i class=\"ti ti-chevron-right\"><\/i><\/a><\/li>\n\n<li class=\" wp-block-navigation-item wp-block-navigation-link\"><a class=\"wp-block-navigation-item__content\" href=\"http:\/\/150.164.63.212:9000\/portal-novo-test\/extensao\/acoes-abertas-a-populacao\/atendimentos-e-servicos\/meio-ambiente-agricultura-e-pecuaria\/\" target=\"_blank\"><span class=\"wp-block-navigation-item__label\">Meio ambiente, Agricultura e Pecu&aacute;ria<\/span><i class=\"ti ti-chevron-right\"><\/i><\/a><\/li>\n\n<li class=\" wp-block-navigation-item wp-block-navigation-link\"><a class=\"wp-block-navigation-item__content\" href=\"http:\/\/150.164.63.212:9000\/portal-novo-test\/extensao\/acoes-abertas-a-populacao\/atendimentos-e-servicos\/saude\/\" target=\"_blank\"><span class=\"wp-block-navigation-item__label\">Sa&uacute;de<\/span><i class=\"ti ti-chevron-right\"><\/i><\/a><\/li>\n\n<li class=\" wp-block-navigation-item wp-block-navigation-link\"><a class=\"wp-block-navigation-item__content\" href=\"http:\/\/150.164.63.212:9000\/portal-novo-test\/extensao\/acoes-abertas-a-populacao\/atendimentos-e-servicos\/saude-animal\/\" target=\"_blank\"><span class=\"wp-block-navigation-item__label\">Sa&uacute;de Animal<\/span><i class=\"ti ti-chevron-right\"><\/i><\/a><\/li><\/ul>\n\n\n\n<p><\/p>\n","protected":false},"excerpt":{"rendered":"<p>Em conson\u00e2ncia com seu princ\u00edpio institucional de &#8220;intera\u00e7\u00e3o e di\u00e1logo permanente com a sociedade&#8221; (Art. 2\u00ba das Normas Gerais da Extens\u00e3o), a UFMG materializa esse compromisso ao oferecer uma diversidade de atendimentos e servi\u00e7os abertos a toda a comunidade. Navegue por categoria nas a\u00e7\u00f5es ofertadas:<\/p>\n","protected":false},"author":1,"featured_media":0,"parent":11584,"menu_order":0,"comment_status":"closed","ping_status":"closed","template":"","meta":{"_acf_changed":false,"footnotes":""},"class_list":["post-11587","page","type-page","status-publish","hentry"],"acf":[],"_links":{"self":[{"href":"http:\/\/150.164.63.212:9000\/portal-novo-test\/wp-json\/wp\/v2\/pages\/11587","targetHints":{"allow":["GET"]}}],"collection":[{"href":"http:\/\/150.164.63.212:9000\/portal-novo-test\/wp-json\/wp\/v2\/pages"}],"about":[{"href":"http:\/\/150.164.63.212:9000\/portal-novo-test\/wp-json\/wp\/v2\/types\/page"}],"author":[{"embeddable":true,"href":"http:\/\/150.164.63.212:9000\/portal-novo-test\/wp-json\/wp\/v2\/users\/1"}],"replies":[{"embeddable":true,"href":"http:\/\/150.164.63.212:9000\/portal-novo-test\/wp-json\/wp\/v2\/comments?post=11587"}],"version-history":[{"count":0,"href":"http:\/\/150.164.63.212:9000\/portal-novo-test\/wp-json\/wp\/v2\/pages\/11587\/revisions"}],"up":[{"embeddable":true,"href":"http:\/\/150.164.63.212:9000\/portal-novo-test\/wp-json\/wp\/v2\/pages\/11584"}],"wp:attachment":[{"href":"http:\/\/150.164.63.212:9000\/portal-novo-test\/wp-json\/wp\/v2\/media?parent=11587"}],"curies":[{"name":"wp","href":"https:\/\/api.w.org\/{rel}","templated":true}]}}