{"id":2133,"date":"2025-04-16T09:31:05","date_gmt":"2025-04-16T12:31:05","guid":{"rendered":"http:\/\/150.164.63.212:9000\/portal-novo-test\/?page_id=2133"},"modified":"2025-09-10T11:13:18","modified_gmt":"2025-09-10T14:13:18","slug":"telefones","status":"publish","type":"page","link":"http:\/\/150.164.63.212:9000\/portal-novo-test\/a-universidade\/telefones\/","title":{"rendered":"Telefones"},"content":{"rendered":"\n<ul class=\"wp-block-list\">\n<li>Informa\u00e7\u00f5es sobre registro e matr\u00edcula contate o <a href=\"https:\/\/www2.ufmg.br\/drca\/\" target=\"_blank\" rel=\"noreferrer noopener\">DRCA<\/a>: (31) 3409-4162 e (31) 3409-4144.<\/li>\n\n\n\n<li>Atualiza\u00e7\u00f5es de telefones ou de setores, contate: <a href=\"mailto:telefonia@rede.ufmg.br\">telefonia@rede.ufmg.br<\/a>.<\/li>\n<\/ul>\n\n\n\n<p><\/p>\n","protected":false},"excerpt":{"rendered":"","protected":false},"author":1,"featured_media":0,"parent":3794,"menu_order":0,"comment_status":"closed","ping_status":"closed","template":"page-templates\/page-telephone.php","meta":{"_acf_changed":false,"footnotes":""},"class_list":["post-2133","page","type-page","status-publish","hentry"],"acf":[],"_links":{"self":[{"href":"http:\/\/150.164.63.212:9000\/portal-novo-test\/wp-json\/wp\/v2\/pages\/2133","targetHints":{"allow":["GET"]}}],"collection":[{"href":"http:\/\/150.164.63.212:9000\/portal-novo-test\/wp-json\/wp\/v2\/pages"}],"about":[{"href":"http:\/\/150.164.63.212:9000\/portal-novo-test\/wp-json\/wp\/v2\/types\/page"}],"author":[{"embeddable":true,"href":"http:\/\/150.164.63.212:9000\/portal-novo-test\/wp-json\/wp\/v2\/users\/1"}],"replies":[{"embeddable":true,"href":"http:\/\/150.164.63.212:9000\/portal-novo-test\/wp-json\/wp\/v2\/comments?post=2133"}],"version-history":[{"count":0,"href":"http:\/\/150.164.63.212:9000\/portal-novo-test\/wp-json\/wp\/v2\/pages\/2133\/revisions"}],"up":[{"embeddable":true,"href":"http:\/\/150.164.63.212:9000\/portal-novo-test\/wp-json\/wp\/v2\/pages\/3794"}],"wp:attachment":[{"href":"http:\/\/150.164.63.212:9000\/portal-novo-test\/wp-json\/wp\/v2\/media?parent=2133"}],"curies":[{"name":"wp","href":"https:\/\/api.w.org\/{rel}","templated":true}]}}