{"id":2598,"date":"2025-07-02T12:36:34","date_gmt":"2025-07-02T15:36:34","guid":{"rendered":"http:\/\/150.164.63.212:9000\/portal-novo-test\/?page_id=2598"},"modified":"2025-09-09T12:12:21","modified_gmt":"2025-09-09T15:12:21","slug":"institucional","status":"publish","type":"page","link":"http:\/\/150.164.63.212:9000\/portal-novo-test\/acesso-a-informacao\/institucional\/","title":{"rendered":"Institucional"},"content":{"rendered":"\n<p>Nesta se\u00e7\u00e3o, s\u00e3o divulgadas informa\u00e7\u00f5es institucionais e organizacionais da Universidade Federal de Minas Gerais (UFMG). Conhe\u00e7a as fun\u00e7\u00f5es, as compet\u00eancias, a estrutura organizacional, a legisla\u00e7\u00e3o, a rela\u00e7\u00e3o de cargos e dirigentes, a agenda de autoridades e os hor\u00e1rios de atendimento.<\/p>\n\n\n<?xml encoding=\"utf-8\"?><ul class=\"wp-block-ufmg-hub-links [&amp;&gt;li_a]:flex [&amp;&gt;li_a]:items-center [&amp;&gt;li_a]:justify-between [&amp;&gt;li_a]:bg-neutral-50 [&amp;&gt;li_a]:px-4 [&amp;&gt;li_a]:py-3 md:[&amp;&gt;li_a]:py-5 [&amp;&gt;li_a]:border-b [&amp;&gt;li_a]:border-b-neutral-200 [&amp;&gt;li_a]:text-primary-300 [&amp;&gt;li_a]:text-base md:[&amp;&gt;li_a]:text-lg [&amp;&gt;li_a]:font-lexend [&amp;&gt;li_a]:font-medium [&amp;&gt;li_a]:transition-colors [&amp;&gt;li_a&gt;i]:text-[1rem] md:[&amp;&gt;li_a&gt;i]:text-[1.5rem] hover:[&amp;&gt;li_a]:bg-neutral-100 hover:[&amp;&gt;li_a]:border-b-primary-300\"><li class=\" wp-block-navigation-item wp-block-navigation-link\"><a class=\"wp-block-navigation-item__content\" href=\"http:\/\/150.164.63.212:9000\/portal-novo-test\/a-universidade\/estrutura-organizacional\/\" target=\"_blank\"><span class=\"wp-block-navigation-item__label\">Estrutura Organizacional<\/span><i class=\"ti ti-chevron-right\"><\/i><\/a><\/li>\n\n<li class=\" wp-block-navigation-item wp-block-navigation-link\"><a class=\"wp-block-navigation-item__content\" href=\"http:\/\/150.164.63.212:9000\/portal-novo-test\/competencias\/\"><span class=\"wp-block-navigation-item__label\">Compet&ecirc;ncias<\/span><i class=\"ti ti-chevron-right\"><\/i><\/a><\/li>\n\n<li class=\" wp-block-navigation-item wp-block-navigation-link\"><a class=\"wp-block-navigation-item__content\" href=\"http:\/\/150.164.63.212:9000\/portal-novo-test\/documentos-e-normas\/\"><span class=\"wp-block-navigation-item__label\">Base Jur&iacute;dica da Estrutura Organizacional e das Compet&ecirc;ncias<\/span><i class=\"ti ti-chevron-right\"><\/i><\/a><\/li>\n\n<li class=\" wp-block-navigation-item wp-block-navigation-link\"><a class=\"wp-block-navigation-item__content\" href=\"http:\/\/150.164.63.212:9000\/portal-novo-test\/dirigentes\/\"><span class=\"wp-block-navigation-item__label\">Principais Cargos e Respectivos Ocupantes<\/span><i class=\"ti ti-chevron-right\"><\/i><\/a><\/li>\n\n<li class=\" wp-block-navigation-item wp-block-navigation-link\"><a class=\"wp-block-navigation-item__content\" href=\"http:\/\/150.164.63.212:9000\/portal-novo-test\/perfil-profissional\/\"><span class=\"wp-block-navigation-item__label\">Perfil Profissional<\/span><i class=\"ti ti-chevron-right\"><\/i><\/a><\/li>\n\n<li class=\" wp-block-navigation-item wp-block-navigation-link\"><a class=\"wp-block-navigation-item__content\" href=\"http:\/\/150.164.63.212:9000\/portal-novo-test\/acesso-a-informacao\/institucional\/horario-de-atendimento\"><span class=\"wp-block-navigation-item__label\">Hor&aacute;rio de Atendimento<\/span><i class=\"ti ti-chevron-right\"><\/i><\/a><\/li>\n\n<li class=\" wp-block-navigation-item wp-block-navigation-link\"><a class=\"wp-block-navigation-item__content\" href=\"http:\/\/150.164.63.212:9000\/portal-novo-test\/documentos-e-normas\/\" target=\"_blank\"><span class=\"wp-block-navigation-item__label\">Atos Normativos<\/span><i class=\"ti ti-chevron-right\"><\/i><\/a><\/li><\/ul>\n\n\n\n<p><\/p>\n","protected":false},"excerpt":{"rendered":"<p>Nesta se\u00e7\u00e3o, s\u00e3o divulgadas informa\u00e7\u00f5es institucionais e organizacionais da Universidade Federal de Minas Gerais (UFMG). Conhe\u00e7a as fun\u00e7\u00f5es, as compet\u00eancias, a estrutura organizacional, a legisla\u00e7\u00e3o, a rela\u00e7\u00e3o de cargos e dirigentes, a agenda de autoridades e os hor\u00e1rios de atendimento.<\/p>\n","protected":false},"author":1,"featured_media":0,"parent":2885,"menu_order":0,"comment_status":"closed","ping_status":"closed","template":"","meta":{"_acf_changed":false,"footnotes":""},"class_list":["post-2598","page","type-page","status-publish","hentry"],"acf":[],"_links":{"self":[{"href":"http:\/\/150.164.63.212:9000\/portal-novo-test\/wp-json\/wp\/v2\/pages\/2598","targetHints":{"allow":["GET"]}}],"collection":[{"href":"http:\/\/150.164.63.212:9000\/portal-novo-test\/wp-json\/wp\/v2\/pages"}],"about":[{"href":"http:\/\/150.164.63.212:9000\/portal-novo-test\/wp-json\/wp\/v2\/types\/page"}],"author":[{"embeddable":true,"href":"http:\/\/150.164.63.212:9000\/portal-novo-test\/wp-json\/wp\/v2\/users\/1"}],"replies":[{"embeddable":true,"href":"http:\/\/150.164.63.212:9000\/portal-novo-test\/wp-json\/wp\/v2\/comments?post=2598"}],"version-history":[{"count":0,"href":"http:\/\/150.164.63.212:9000\/portal-novo-test\/wp-json\/wp\/v2\/pages\/2598\/revisions"}],"up":[{"embeddable":true,"href":"http:\/\/150.164.63.212:9000\/portal-novo-test\/wp-json\/wp\/v2\/pages\/2885"}],"wp:attachment":[{"href":"http:\/\/150.164.63.212:9000\/portal-novo-test\/wp-json\/wp\/v2\/media?parent=2598"}],"curies":[{"name":"wp","href":"https:\/\/api.w.org\/{rel}","templated":true}]}}