{"id":2605,"date":"2025-07-02T12:35:40","date_gmt":"2025-07-02T15:35:40","guid":{"rendered":"http:\/\/150.164.63.212:9000\/portal-novo-test\/?page_id=2605"},"modified":"2025-11-14T14:15:15","modified_gmt":"2025-11-14T17:15:15","slug":"estrutura-organizacional","status":"publish","type":"page","link":"http:\/\/150.164.63.212:9000\/portal-novo-test\/a-universidade\/estrutura-organizacional\/","title":{"rendered":"Estrutura Organizacional"},"content":{"rendered":"\n<p>A Universidade Federal de Minas Gerais (UFMG) \u00e9 uma autarquia em regime especial, mantida pela Uni\u00e3o, com sede em Belo Horizonte. Foi criada pela <a href=\"https:\/\/www.almg.gov.br\/legislacao-mineira\/texto\/LEI\/956\/1927\/\" target=\"_blank\" rel=\"noreferrer noopener\">Lei n\u00ba  956<\/a>, de 7 de setembro de 1927, do Estado de Minas Gerais, e transformada em institui\u00e7\u00e3o federal pela <a href=\"https:\/\/www2.camara.leg.br\/legin\/fed\/lei\/1940-1949\/lei-971-16-dezembro-1949-363551-norma-pl.html\" target=\"_blank\" rel=\"noreferrer noopener\">Lei n\u00ba 971<\/a>, de 16 de dezembro de 1949. \u00c9 dotada de autonomia did\u00e1tico-cient\u00edfica, administrativa, disciplinar e de gest\u00e3o financeira e patrimonial&nbsp;(Art. 1\u00b0 do <a href=\"https:\/\/www2.ufmg.br\/sods\/Sods\/Sobre-a-UFMG\/Estatuto\" target=\"_blank\" rel=\"noreferrer noopener\">Estatuto da UFMG<\/a>).<\/p>\n\n\n\n<p>Como as demais universidades p\u00fablicas vinculadas ao sistema&nbsp;federal, a UFMG adota um modelo organizacional em que predominam decis\u00f5es de \u00f3rg\u00e3os colegiados atuantes nas \u00e1reas de delibera\u00e7\u00e3o superior, de fiscaliza\u00e7\u00e3o econ\u00f4mico-financeira, de administra\u00e7\u00e3o superior, de ensino, pesquisa e extens\u00e3o e de consulta. <\/p>\n\n\n\n<p>A estrutura organizacional da UFMG \u00e9 composta pelos&nbsp;seguintes \u00f3rg\u00e3os, distribu\u00eddos&nbsp;de acordo com suas respectivas esferas de&nbsp;compet\u00eancia:<\/p>\n\n\n\n\n\t<figure data-size=\"medium\"\n\t\tclass=\"group space-y-2 data-[size=small]:w-[21rem] sm:data-[size=medium]:w-[40rem] lg:data-[size=small]:float-left lg:data-[size=small]:mr-8 mx-auto\">\n\t\t\t\t\t<div class=\"relative\">\n\t\t\t\t<img loading=\"lazy\" decoding=\"async\" width=\"640\" height=\"445\" src=\"http:\/\/150.164.63.212:9000\/portal-novo-test\/app\/uploads\/2025\/07\/Organograma-UFMG-2023-640x445.jpg\" class=\"group-data-[size=small]:h-[29.75rem] sm:group-data-[size=medium]:w-[40rem] sm:group-data-[size=small]:h-[27.8125rem] lg:group-data-[size=medium]:h-[27.8125rem] group-data-[size=large]:w-full group-data-[size=large]:h-[9.875rem] md:group-data-[size=large]:h-[27.8125rem] rounded object-fill\" alt=\"Imagem do organograma institucional que representa a estrutura organizacional da UFMG. Est\u00e1 dividido nos seguintes n\u00edveis: \u00d3rg\u00e3os de Delibera\u00e7\u00e3o Superior e Fiscaliza\u00e7\u00e3o Econ\u00f4mica Financeira, \u00d3rg\u00e3os da Administra\u00e7\u00e3o Superior e Unidades de Ensino, Pesquisa e Extens\u00e3o.\" \/>\t\t\t\t<a href=\"http:\/\/150.164.63.212:9000\/portal-novo-test\/app\/uploads\/2025\/07\/Organograma-UFMG-2023.jpg\" target=\"_blank\" rel=\"noopener noreferrer\"\n\t\t\t\t\tclass=\"absolute right-3 group-data-[size=small]:right-1\/2 group-data-[size=small]:translate-x-1\/2 bottom-3 bg-neutral-50 hover:bg-neutral-100 text-neutral-400 px-5 py-2 md:px-6 md:py-2.5 border border-neutral-200 text-base md:text-lg font-lexend font-semibold rounded transition-colors duration-300 whitespace-nowrap\">\n\t\t\t\t\tVer imagem completa\n\t\t\t\t<\/a>\n\t\t\t<\/div>\n\t\t\t\t<div\n\t\t\tclass=\"group-data-[size=small]:w-[21rem] px-3 pt-3 pb-6 md:px-6 group-data-[size=small]:px-3 text-neutral-300 text-xs md:text-sm\">\n\t\t\t<figcaption title=\"Organograma com a representa\u00e7\u00e3o da estrutura organizacional da UFMG.\" class=\"block line-clamp-4 md:line-clamp-3\">\n\t\t\t\tOrganograma com a representa\u00e7\u00e3o da estrutura organizacional da UFMG.\t\t\t<\/figcaption>\n\t\t\t<cite\n\t\t\t\tclass=\"relative block not-italic after:absolute after:left-0 after:right-0 after:-bottom-3 after:h-px after:bg-neutral-100\">\n\t\t\t\tFonte: Proplan (www.ufmg.br\/proplan\/organograma-ufmg\/)\t\t\t<\/cite>\n\t\t<\/div>\n\t<\/figure>\n\n\n\n<h2 class=\"wp-block-heading\">Saiba mais<\/h2>\n\n\n<?xml encoding=\"utf-8\"?><ul class=\"wp-block-ufmg-hub-links [&amp;&gt;li_a]:flex [&amp;&gt;li_a]:items-center [&amp;&gt;li_a]:justify-between [&amp;&gt;li_a]:bg-neutral-50 [&amp;&gt;li_a]:px-4 [&amp;&gt;li_a]:py-3 md:[&amp;&gt;li_a]:py-5 [&amp;&gt;li_a]:border-b [&amp;&gt;li_a]:border-b-neutral-200 [&amp;&gt;li_a]:text-primary-300 [&amp;&gt;li_a]:text-base md:[&amp;&gt;li_a]:text-lg [&amp;&gt;li_a]:font-lexend [&amp;&gt;li_a]:font-medium [&amp;&gt;li_a]:transition-colors [&amp;&gt;li_a&gt;i]:text-[1rem] md:[&amp;&gt;li_a&gt;i]:text-[1.5rem] hover:[&amp;&gt;li_a]:bg-neutral-100 hover:[&amp;&gt;li_a]:border-b-primary-300\"><li class=\" wp-block-navigation-item wp-block-navigation-link\"><a class=\"wp-block-navigation-item__content\" href=\"http:\/\/150.164.63.212:9000\/portal-novo-test\/orgaos-de-deliberacao-superior-e-fiscalizacao-economico-financeira\/\" target=\"_blank\"><span class=\"wp-block-navigation-item__label\">&Oacute;rg&atilde;os de Delibera&ccedil;&atilde;o Superior e Fiscaliza&ccedil;&atilde;o Econ&ocirc;mico-Financeira<\/span><i class=\"ti ti-chevron-right\"><\/i><\/a><\/li>\n\n<li class=\" wp-block-navigation-item wp-block-navigation-link\"><a class=\"wp-block-navigation-item__content\" href=\"http:\/\/150.164.63.212:9000\/portal-novo-test\/?page_id=3386&amp;preview=true\" target=\"_blank\"><span class=\"wp-block-navigation-item__label\">&Oacute;rg&atilde;os da Administra&ccedil;&atilde;o Superior<\/span><i class=\"ti ti-chevron-right\"><\/i><\/a><\/li>\n\n<li class=\" wp-block-navigation-item wp-block-navigation-link\"><a class=\"wp-block-navigation-item__content\" href=\"http:\/\/150.164.63.212:9000\/portal-novo-test\/?page_id=3394&amp;preview=true\" target=\"_blank\"><span class=\"wp-block-navigation-item__label\">Unidades de Ensino, Pesquisa e Extens&atilde;o<\/span><i class=\"ti ti-chevron-right\"><\/i><\/a><\/li>\n\n<li class=\" wp-block-navigation-item wp-block-navigation-link\"><a class=\"wp-block-navigation-item__content\" href=\"http:\/\/150.164.63.212:9000\/portal-novo-test\/a-universidade\/estrutura-organizacional\/colegiados-de-curso\/\" target=\"_blank\"><span class=\"wp-block-navigation-item__label\">Colegiados de Curso<\/span><i class=\"ti ti-chevron-right\"><\/i><\/a><\/li>\n\n<li class=\" wp-block-navigation-item wp-block-navigation-link\"><a class=\"wp-block-navigation-item__content\" href=\"http:\/\/150.164.63.212:9000\/portal-novo-test\/a-universidade\/estrutura-organizacional\/fundacoes-de-apoio\/\" target=\"_blank\"><span class=\"wp-block-navigation-item__label\">Funda&ccedil;&otilde;es de Apoio<\/span><i class=\"ti ti-chevron-right\"><\/i><\/a><\/li><\/ul>\n","protected":false},"excerpt":{"rendered":"<p>A Universidade Federal de Minas Gerais (UFMG) \u00e9 uma autarquia em regime especial, mantida pela Uni\u00e3o, com sede em Belo Horizonte. Foi criada pela Lei n\u00ba 956, de 7 de setembro de 1927, do Estado de Minas Gerais, e transformada em institui\u00e7\u00e3o federal pela Lei n\u00ba 971, de 16 de dezembro de 1949. \u00c9 dotada [&hellip;]<\/p>\n","protected":false},"author":1,"featured_media":0,"parent":3794,"menu_order":0,"comment_status":"closed","ping_status":"closed","template":"","meta":{"_acf_changed":false,"footnotes":""},"class_list":["post-2605","page","type-page","status-publish","hentry"],"acf":[],"_links":{"self":[{"href":"http:\/\/150.164.63.212:9000\/portal-novo-test\/wp-json\/wp\/v2\/pages\/2605","targetHints":{"allow":["GET"]}}],"collection":[{"href":"http:\/\/150.164.63.212:9000\/portal-novo-test\/wp-json\/wp\/v2\/pages"}],"about":[{"href":"http:\/\/150.164.63.212:9000\/portal-novo-test\/wp-json\/wp\/v2\/types\/page"}],"author":[{"embeddable":true,"href":"http:\/\/150.164.63.212:9000\/portal-novo-test\/wp-json\/wp\/v2\/users\/1"}],"replies":[{"embeddable":true,"href":"http:\/\/150.164.63.212:9000\/portal-novo-test\/wp-json\/wp\/v2\/comments?post=2605"}],"version-history":[{"count":0,"href":"http:\/\/150.164.63.212:9000\/portal-novo-test\/wp-json\/wp\/v2\/pages\/2605\/revisions"}],"up":[{"embeddable":true,"href":"http:\/\/150.164.63.212:9000\/portal-novo-test\/wp-json\/wp\/v2\/pages\/3794"}],"wp:attachment":[{"href":"http:\/\/150.164.63.212:9000\/portal-novo-test\/wp-json\/wp\/v2\/media?parent=2605"}],"curies":[{"name":"wp","href":"https:\/\/api.w.org\/{rel}","templated":true}]}}