{"id":2607,"date":"2025-07-02T12:37:11","date_gmt":"2025-07-02T15:37:11","guid":{"rendered":"http:\/\/150.164.63.212:9000\/portal-novo-test\/?page_id=2607"},"modified":"2025-10-31T11:46:38","modified_gmt":"2025-10-31T14:46:38","slug":"competencias","status":"publish","type":"page","link":"http:\/\/150.164.63.212:9000\/portal-novo-test\/acesso-a-informacao\/institucional\/competencias\/","title":{"rendered":"Compet\u00eancias"},"content":{"rendered":"\n<h2 class=\"wp-block-heading\">Pr\u00f3-reitorias<\/h2>\n\n\n\n<p>S\u00e3o estruturas administrativas da UFMG, vinculadas \u00e0 Reitoria, que cuidam de \u00e1reas espec\u00edficas, de ensino, pesquisa e extens\u00e3o da Institui\u00e7\u00e3o.<\/p>\n\n\n<?xml encoding=\"utf-8\"?><ul class=\"wp-block-ufmg-hub-links [&amp;&gt;li_a]:flex [&amp;&gt;li_a]:items-center [&amp;&gt;li_a]:justify-between [&amp;&gt;li_a]:bg-neutral-50 [&amp;&gt;li_a]:px-4 [&amp;&gt;li_a]:py-3 md:[&amp;&gt;li_a]:py-5 [&amp;&gt;li_a]:border-b [&amp;&gt;li_a]:border-b-neutral-200 [&amp;&gt;li_a]:text-primary-300 [&amp;&gt;li_a]:text-base md:[&amp;&gt;li_a]:text-lg [&amp;&gt;li_a]:font-lexend [&amp;&gt;li_a]:font-medium [&amp;&gt;li_a]:transition-colors [&amp;&gt;li_a&gt;i]:text-[1rem] md:[&amp;&gt;li_a&gt;i]:text-[1.5rem] hover:[&amp;&gt;li_a]:bg-neutral-100 hover:[&amp;&gt;li_a]:border-b-primary-300\"><li class=\" wp-block-navigation-item wp-block-navigation-link\"><a class=\"wp-block-navigation-item__content\" href=\"https:\/\/www.ufmg.br\/pra\/sobre-a-pra-2\/\" target=\"_blank\"><span class=\"wp-block-navigation-item__label\">Pr&oacute;-reitoria de Administra&ccedil;&atilde;o (PRA)<\/span><i class=\"ti ti-chevron-right\"><\/i><\/a><\/li>\n\n<li class=\" wp-block-navigation-item wp-block-navigation-link\"><a class=\"wp-block-navigation-item__content\" href=\"https:\/\/www.ufmg.br\/prae\/sobre-a-prae\/\" target=\"_blank\"><span class=\"wp-block-navigation-item__label\">Pr&oacute;-reitoria de Assuntos Estudantis (Prae)<\/span><i class=\"ti ti-chevron-right\"><\/i><\/a><\/li>\n\n<li class=\" wp-block-navigation-item wp-block-navigation-link\"><a class=\"wp-block-navigation-item__content\" href=\"https:\/\/www.ufmg.br\/procult\/conheca-a-procult\/apresentacao\/\" target=\"_blank\"><span class=\"wp-block-navigation-item__label\">Pr&oacute;-reitoria de Cultura (Procult)<\/span><i class=\"ti ti-chevron-right\"><\/i><\/a><\/li>\n\n<li class=\" wp-block-navigation-item wp-block-navigation-link\"><a class=\"wp-block-navigation-item__content\" href=\"https:\/\/www.ufmg.br\/proex\/extensao-na-ufmg\/\" target=\"_blank\"><span class=\"wp-block-navigation-item__label\">Pr&oacute;-reitoria de Extens&atilde;o (Proex)<\/span><i class=\"ti ti-chevron-right\"><\/i><\/a><\/li>\n\n<li class=\" wp-block-navigation-item wp-block-navigation-link\"><a class=\"wp-block-navigation-item__content\" href=\"https:\/\/www.ufmg.br\/prograd\/prograd\/\" target=\"_blank\"><span class=\"wp-block-navigation-item__label\">Pr&oacute;-reitoria de Gradua&ccedil;&atilde;o (Prograd)<\/span><i class=\"ti ti-chevron-right\"><\/i><\/a><\/li>\n\n<li class=\" wp-block-navigation-item wp-block-navigation-link\"><a class=\"wp-block-navigation-item__content\" href=\"https:\/\/www.ufmg.br\/prpq\/quem-somos\/\" target=\"_blank\"><span class=\"wp-block-navigation-item__label\">Pr&oacute;-reitoria de Pesquisa (PRPq)<\/span><i class=\"ti ti-chevron-right\"><\/i><\/a><\/li>\n\n<li class=\" wp-block-navigation-item wp-block-navigation-link\"><a class=\"wp-block-navigation-item__content\" href=\"https:\/\/www.ufmg.br\/proplan\/sobre-a-proplan\/\" target=\"_blank\"><span class=\"wp-block-navigation-item__label\">Pr&oacute;-reitoria de Planejamento e Desenvolvimento (Proplan)<\/span><i class=\"ti ti-chevron-right\"><\/i><\/a><\/li>\n\n<li class=\" wp-block-navigation-item wp-block-navigation-link\"><a class=\"wp-block-navigation-item__content\" href=\"https:\/\/www.ufmg.br\/prpg\/pos-graduacao\/\" target=\"_blank\"><span class=\"wp-block-navigation-item__label\">Pr&oacute;-reitoria de P&oacute;s-gradua&ccedil;&atilde;o (PRPG)<\/span><i class=\"ti ti-chevron-right\"><\/i><\/a><\/li>\n\n<li class=\" wp-block-navigation-item wp-block-navigation-link\"><a class=\"wp-block-navigation-item__content\" href=\"https:\/\/www.ufmg.br\/prorh\/a-prorh\/estrutura-2\/\" target=\"_blank\"><span class=\"wp-block-navigation-item__label\">Pr&oacute;-reitoria de Recursos Humanos (PRORH)<\/span><i class=\"ti ti-chevron-right\"><\/i><\/a><\/li><\/ul>\n\n\n\n<h2 class=\"wp-block-heading\">Diretorias e \u00f3rg\u00e3os assessores<\/h2>\n\n\n\n<p>S\u00e3o \u00f3rg\u00e3os auxiliares da Reitoria.<\/p>\n\n\n<?xml encoding=\"utf-8\"?><ul class=\"wp-block-ufmg-hub-links [&amp;&gt;li_a]:flex [&amp;&gt;li_a]:items-center [&amp;&gt;li_a]:justify-between [&amp;&gt;li_a]:bg-neutral-50 [&amp;&gt;li_a]:px-4 [&amp;&gt;li_a]:py-3 md:[&amp;&gt;li_a]:py-5 [&amp;&gt;li_a]:border-b [&amp;&gt;li_a]:border-b-neutral-200 [&amp;&gt;li_a]:text-primary-300 [&amp;&gt;li_a]:text-base md:[&amp;&gt;li_a]:text-lg [&amp;&gt;li_a]:font-lexend [&amp;&gt;li_a]:font-medium [&amp;&gt;li_a]:transition-colors [&amp;&gt;li_a&gt;i]:text-[1rem] md:[&amp;&gt;li_a&gt;i]:text-[1.5rem] hover:[&amp;&gt;li_a]:bg-neutral-100 hover:[&amp;&gt;li_a]:border-b-primary-300\"><li class=\" wp-block-navigation-item wp-block-navigation-link\"><a class=\"wp-block-navigation-item__content\" href=\"https:\/\/www.ufmg.br\/auditoria\/sobre-o-orgao\/apresentacao\/\" target=\"_blank\"><span class=\"wp-block-navigation-item__label\">Auditoria-Geral da UFMG (AG-UFMG)<\/span><i class=\"ti ti-chevron-right\"><\/i><\/a><\/li>\n\n<li class=\" wp-block-navigation-item wp-block-navigation-link\"><a class=\"wp-block-navigation-item__content\" href=\"http:\/\/150.164.63.212:9000\/portal-novo-test\/comunicacao\/cedecom\/\" target=\"_blank\"><span class=\"wp-block-navigation-item__label\">Centro de Comunica&ccedil;&atilde;o da UFMG (Cedecom)<\/span><i class=\"ti ti-chevron-right\"><\/i><\/a><\/li>\n\n<li class=\" wp-block-navigation-item wp-block-navigation-link\"><a class=\"wp-block-navigation-item__content\" href=\"https:\/\/site.copeve.ufmg.br\/\" target=\"_blank\"><span class=\"wp-block-navigation-item__label\">Comiss&atilde;o Permanente do Vestibular (Copeve)<\/span><i class=\"ti ti-chevron-right\"><\/i><\/a><\/li>\n\n<li class=\" wp-block-navigation-item wp-block-navigation-link\"><a class=\"wp-block-navigation-item__content\" href=\"https:\/\/www.ufmg.br\/cac\/sobre\/\" target=\"_blank\"><span class=\"wp-block-navigation-item__label\">Coordenadoria de Assuntos Comunit&aacute;rios (CAC)<\/span><i class=\"ti ti-chevron-right\"><\/i><\/a><\/li>\n\n<li class=\" wp-block-navigation-item wp-block-navigation-link\"><a class=\"wp-block-navigation-item__content\" href=\"http:\/\/www.ctit.ufmg.br\/\" target=\"_blank\"><span class=\"wp-block-navigation-item__label\">Coordenadoria de Transfer&ecirc;ncia e Inova&ccedil;&atilde;o Tecnol&oacute;gica (CTIT)<\/span><i class=\"ti ti-chevron-right\"><\/i><\/a><\/li>\n\n<li class=\" wp-block-navigation-item wp-block-navigation-link\"><a class=\"wp-block-navigation-item__content\" href=\"https:\/\/www.ufmg.br\/diarq\/quem-somos\/\" target=\"_blank\"><span class=\"wp-block-navigation-item__label\">Diretoria de Arquivos Institucionais (Diarq)<\/span><i class=\"ti ti-chevron-right\"><\/i><\/a><\/li>\n\n<li class=\" wp-block-navigation-item wp-block-navigation-link\"><a class=\"wp-block-navigation-item__content\" href=\"https:\/\/www.ufmg.br\/dai\/institucional\/\" target=\"_blank\"><span class=\"wp-block-navigation-item__label\">Diretoria de Avalia&ccedil;&atilde;o Institucional (DAI)<\/span><i class=\"ti ti-chevron-right\"><\/i><\/a><\/li>\n\n<li class=\" wp-block-navigation-item wp-block-navigation-link\"><a class=\"wp-block-navigation-item__content\" href=\"https:\/\/www.ufmg.br\/copi\/sobre-o-orgao\/sobre\/\" target=\"_blank\"><span class=\"wp-block-navigation-item__label\">Diretoria de Coopera&ccedil;&atilde;o Institucional (Copi)<\/span><i class=\"ti ti-chevron-right\"><\/i><\/a><\/li>\n\n<li class=\" wp-block-navigation-item wp-block-navigation-link\"><a class=\"wp-block-navigation-item__content\" href=\"https:\/\/www.ufmg.br\/dedd\/sobre-a-dedd\/apresentacao\/\" target=\"_blank\"><span class=\"wp-block-navigation-item__label\">Diretoria de Educa&ccedil;&atilde;o a Dist&acirc;ncia e Educa&ccedil;&atilde;o Digital (DEDD)<\/span><i class=\"ti ti-chevron-right\"><\/i><\/a><\/li>\n\n<li class=\" wp-block-navigation-item wp-block-navigation-link\"><a class=\"wp-block-navigation-item__content\" href=\"https:\/\/www.ufmg.br\/dgi\/sobre-o-orgao\/\" target=\"_blank\"><span class=\"wp-block-navigation-item__label\">Diretoria de Governan&ccedil;a Institucional (DGI)<\/span><i class=\"ti ti-chevron-right\"><\/i><\/a><\/li>\n\n<li class=\" wp-block-navigation-item wp-block-navigation-link\"><a class=\"wp-block-navigation-item__content\" href=\"https:\/\/www.ufmg.br\/dri\/diretoria\/\" target=\"_blank\"><span class=\"wp-block-navigation-item__label\">Diretoria de Rela&ccedil;&otilde;es Internacionais (DRI)<\/span><i class=\"ti ti-chevron-right\"><\/i><\/a><\/li>\n\n<li class=\" wp-block-navigation-item wp-block-navigation-link\"><a class=\"wp-block-navigation-item__content\" href=\"https:\/\/www.ufmg.br\/dti\/pagina-inicial\/historia\/\" target=\"_blank\"><span class=\"wp-block-navigation-item__label\">Diretoria de Tecnologia da Informa&ccedil;&atilde;o (DTI)<\/span><i class=\"ti ti-chevron-right\"><\/i><\/a><\/li>\n\n<li class=\" wp-block-navigation-item wp-block-navigation-link\"><a class=\"wp-block-navigation-item__content\" href=\"https:\/\/www.ufmg.br\/ieat\/\" target=\"_blank\"><span class=\"wp-block-navigation-item__label\">Instituto de Estudos Avan&ccedil;ados Transdisciplinares (IEAT)<\/span><i class=\"ti ti-chevron-right\"><\/i><\/a><\/li>\n\n<li class=\" wp-block-navigation-item wp-block-navigation-link\"><a class=\"wp-block-navigation-item__content\" href=\"https:\/\/www.ufmg.br\/nai\/o-nai\/\" target=\"_blank\"><span class=\"wp-block-navigation-item__label\">N&uacute;cleo de Acessibilidade e Inclus&atilde;o (NAI)<\/span><i class=\"ti ti-chevron-right\"><\/i><\/a><\/li>\n\n<li class=\" wp-block-navigation-item wp-block-navigation-link\"><a class=\"wp-block-navigation-item__content\" href=\"https:\/\/www2.ufmg.br\/sods\/Sods\/Secretaria\" target=\"_blank\"><span class=\"wp-block-navigation-item__label\">Secretaria dos &Oacute;rg&atilde;os de Delibera&ccedil;&atilde;o Superior (SODS)<\/span><i class=\"ti ti-chevron-right\"><\/i><\/a><\/li><\/ul>\n\n\n\n<h2 class=\"wp-block-heading\">Funda\u00e7\u00f5es de Apoio<\/h2>\n\n\n\n<p>A UFMG conta com o suporte de <a href=\"http:\/\/150.164.63.212:9000\/portal-novo-test\/a-universidade\/estrutura-organizacional\/fundacoes-de-apoio\" target=\"_blank\" rel=\"noreferrer noopener\">funda\u00e7\u00f5es de apoio<\/a> em projetos de ensino,&nbsp;pesquisa, extens\u00e3o, desenvolvimento institucional, cient\u00edfico e tecnol\u00f3gico e&nbsp;est\u00edmulo \u00e0 inova\u00e7\u00e3o, inclusive na gest\u00e3o administrativa e financeira necess\u00e1ria \u00e0 execu\u00e7\u00e3o desses projetos, conforme&nbsp;previsto na <a href=\"https:\/\/www.planalto.gov.br\/ccivil_03\/leis\/l8958.htm\" target=\"_blank\" rel=\"noreferrer noopener\">Lei n\u00ba 8.958 de 1994<\/a>, na <a href=\"https:\/\/www.planalto.gov.br\/ccivil_03\/_ato2004-2006\/2004\/lei\/l10.973.htm\" target=\"_blank\" rel=\"noreferrer noopener\">Lei n\u00ba 10.973 de 2004<\/a> e nos termos do&nbsp;<a href=\"https:\/\/www.planalto.gov.br\/ccivil_03\/_ato2019-2022\/2021\/lei\/l14133.htm\" target=\"_blank\" rel=\"noreferrer noopener\">inciso XV do art. 75 da Lei 14.133 de 2021<\/a>.<\/p>\n\n\n<?xml encoding=\"utf-8\"?><ul class=\"wp-block-ufmg-hub-links [&amp;&gt;li_a]:flex [&amp;&gt;li_a]:items-center [&amp;&gt;li_a]:justify-between [&amp;&gt;li_a]:bg-neutral-50 [&amp;&gt;li_a]:px-4 [&amp;&gt;li_a]:py-3 md:[&amp;&gt;li_a]:py-5 [&amp;&gt;li_a]:border-b [&amp;&gt;li_a]:border-b-neutral-200 [&amp;&gt;li_a]:text-primary-300 [&amp;&gt;li_a]:text-base md:[&amp;&gt;li_a]:text-lg [&amp;&gt;li_a]:font-lexend [&amp;&gt;li_a]:font-medium [&amp;&gt;li_a]:transition-colors [&amp;&gt;li_a&gt;i]:text-[1rem] md:[&amp;&gt;li_a&gt;i]:text-[1.5rem] hover:[&amp;&gt;li_a]:bg-neutral-100 hover:[&amp;&gt;li_a]:border-b-primary-300\"><li class=\" wp-block-navigation-item wp-block-navigation-link\"><a class=\"wp-block-navigation-item__content\" href=\"https:\/\/fco.org.br\/nossa-historia\/\" target=\"_blank\"><span class=\"wp-block-navigation-item__label\">Funda&ccedil;&atilde;o Christiano Ottoni (FCO)<\/span><i class=\"ti ti-chevron-right\"><\/i><\/a><\/li>\n\n<li class=\" wp-block-navigation-item wp-block-navigation-link\"><a class=\"wp-block-navigation-item__content\" href=\"https:\/\/www.fepe.com.br\/conheca-a-fepe\/\" target=\"_blank\"><span class=\"wp-block-navigation-item__label\">Funda&ccedil;&atilde;o de Apoio ao Ensino, Pesquisa e Extens&atilde;o (Fepe)<\/span><i class=\"ti ti-chevron-right\"><\/i><\/a><\/li>\n\n<li class=\" wp-block-navigation-item wp-block-navigation-link\"><a class=\"wp-block-navigation-item__content\" href=\"https:\/\/www.fundep.ufmg.br\/quemsomos\" target=\"_blank\"><span class=\"wp-block-navigation-item__label\">Funda&ccedil;&atilde;o de Desenvolvimento da Pesquisa (Fundep)<\/span><i class=\"ti ti-chevron-right\"><\/i><\/a><\/li>\n\n<li class=\" wp-block-navigation-item wp-block-navigation-link\"><a class=\"wp-block-navigation-item__content\" href=\"https:\/\/www.ipead.face.ufmg.br\/site\/institucional\/ipead\" target=\"_blank\"><span class=\"wp-block-navigation-item__label\">Funda&ccedil;&atilde;o Instituto de Pesquisas Econ&ocirc;micas, Administrativas e Cont&aacute;beis de Minas Gerais (Ipead)<\/span><i class=\"ti ti-chevron-right\"><\/i><\/a><\/li>\n\n<li class=\" wp-block-navigation-item wp-block-navigation-link\"><a class=\"wp-block-navigation-item__content\" href=\"https:\/\/frmfa.com.br\/institucional\/\" target=\"_blank\"><span class=\"wp-block-navigation-item__label\">Funda&ccedil;&atilde;o Rodrigo Mello Franco de Andrade (FRMFA)<\/span><i class=\"ti ti-chevron-right\"><\/i><\/a><\/li>\n\n<li class=\" wp-block-navigation-item wp-block-navigation-link\"><a class=\"wp-block-navigation-item__content\" href=\"https:\/\/fump.ufmg.br\/historia-da-fump\/\" target=\"_blank\"><span class=\"wp-block-navigation-item__label\">Funda&ccedil;&atilde;o Universit&aacute;ria Mendes Pimentel (Fump)<\/span><i class=\"ti ti-chevron-right\"><\/i><\/a><\/li><\/ul>\n","protected":false},"excerpt":{"rendered":"<p>Pr\u00f3-reitorias S\u00e3o estruturas administrativas da UFMG, vinculadas \u00e0 Reitoria, que cuidam de \u00e1reas espec\u00edficas, de ensino, pesquisa e extens\u00e3o da Institui\u00e7\u00e3o. Diretorias e \u00f3rg\u00e3os assessores S\u00e3o \u00f3rg\u00e3os auxiliares da Reitoria. Funda\u00e7\u00f5es de Apoio A UFMG conta com o suporte de funda\u00e7\u00f5es de apoio em projetos de ensino,&nbsp;pesquisa, extens\u00e3o, desenvolvimento institucional, cient\u00edfico e tecnol\u00f3gico e&nbsp;est\u00edmulo \u00e0 [&hellip;]<\/p>\n","protected":false},"author":1,"featured_media":0,"parent":2598,"menu_order":0,"comment_status":"closed","ping_status":"closed","template":"","meta":{"_acf_changed":false,"footnotes":""},"class_list":["post-2607","page","type-page","status-publish","hentry"],"acf":[],"_links":{"self":[{"href":"http:\/\/150.164.63.212:9000\/portal-novo-test\/wp-json\/wp\/v2\/pages\/2607","targetHints":{"allow":["GET"]}}],"collection":[{"href":"http:\/\/150.164.63.212:9000\/portal-novo-test\/wp-json\/wp\/v2\/pages"}],"about":[{"href":"http:\/\/150.164.63.212:9000\/portal-novo-test\/wp-json\/wp\/v2\/types\/page"}],"author":[{"embeddable":true,"href":"http:\/\/150.164.63.212:9000\/portal-novo-test\/wp-json\/wp\/v2\/users\/1"}],"replies":[{"embeddable":true,"href":"http:\/\/150.164.63.212:9000\/portal-novo-test\/wp-json\/wp\/v2\/comments?post=2607"}],"version-history":[{"count":0,"href":"http:\/\/150.164.63.212:9000\/portal-novo-test\/wp-json\/wp\/v2\/pages\/2607\/revisions"}],"up":[{"embeddable":true,"href":"http:\/\/150.164.63.212:9000\/portal-novo-test\/wp-json\/wp\/v2\/pages\/2598"}],"wp:attachment":[{"href":"http:\/\/150.164.63.212:9000\/portal-novo-test\/wp-json\/wp\/v2\/media?parent=2607"}],"curies":[{"name":"wp","href":"https:\/\/api.w.org\/{rel}","templated":true}]}}