{"id":2734,"date":"2025-07-08T12:13:25","date_gmt":"2025-07-08T15:13:25","guid":{"rendered":"http:\/\/150.164.63.212:9000\/portal-novo-test\/?page_id=2734"},"modified":"2025-08-08T14:02:22","modified_gmt":"2025-08-08T17:02:22","slug":"carta-de-servicos","status":"publish","type":"page","link":"http:\/\/150.164.63.212:9000\/portal-novo-test\/acesso-a-informacao\/acoes-e-programas\/carta-de-servicos\/","title":{"rendered":"Carta de Servi\u00e7os ao Cidad\u00e3o"},"content":{"rendered":"\n<p>A UFMG mant\u00e9m acess\u00edvel a <a href=\"http:\/\/150.164.63.212:9000\/portal-novo-test\/app\/uploads\/2025\/07\/Carta-de-Servicos-ao-Cidadao_V21.pdf\" data-type=\"link\" data-id=\"http:\/\/150.164.63.212:9000\/portal-novo-test\/app\/uploads\/2025\/07\/Carta-de-Servicos-ao-Cidadao_V21.pdf\" target=\"_blank\" rel=\"noreferrer noopener\">Carta de Servi\u00e7os ao Cidad\u00e3o<\/a>, como determina o <a href=\"https:\/\/www.planalto.gov.br\/ccivil_03\/_Ato2015-2018\/2017\/Decreto\/D9094.htm#art25\" target=\"_blank\" rel=\"noreferrer noopener\">Decreto n\u00ba 9.094<\/a>, de 17 de julho de 2017.\u00a0Trata-se de um documento que informa aos cidad\u00e3os quais servi\u00e7os s\u00e3o oferecidos por um \u00f3rg\u00e3o p\u00fablico.<\/p>\n\n\n\n<p><em><strong>Aten\u00e7\u00e3o:<\/strong> as informa\u00e7\u00f5es contidas na Carta de Servi\u00e7os ao Cidad\u00e3o\u00a0da UFMG\u00a0est\u00e3o atualizadas at\u00e9 30\/04\/2014.<\/em><\/p>\n\n\n\n<p>Os servi\u00e7os oferecidos pela UFMG tamb\u00e9m est\u00e3o publicados no <a href=\"https:\/\/www.gov.br\/pt-br\/orgaos\/universidade-federal-de-minas-gerais\" target=\"_blank\" rel=\"noreferrer noopener\">portal gov.br<\/a>. <\/p>\n\n\n\n<p><\/p>\n","protected":false},"excerpt":{"rendered":"<p>A UFMG mant\u00e9m acess\u00edvel a Carta de Servi\u00e7os ao Cidad\u00e3o, como determina o Decreto n\u00ba 9.094, de 17 de julho de 2017.\u00a0Trata-se de um documento que informa aos cidad\u00e3os quais servi\u00e7os s\u00e3o oferecidos por um \u00f3rg\u00e3o p\u00fablico. Aten\u00e7\u00e3o: as informa\u00e7\u00f5es contidas na Carta de Servi\u00e7os ao Cidad\u00e3o\u00a0da UFMG\u00a0est\u00e3o atualizadas at\u00e9 30\/04\/2014. Os servi\u00e7os oferecidos pela [&hellip;]<\/p>\n","protected":false},"author":1,"featured_media":0,"parent":2715,"menu_order":0,"comment_status":"closed","ping_status":"closed","template":"","meta":{"_acf_changed":false,"footnotes":""},"class_list":["post-2734","page","type-page","status-publish","hentry"],"acf":[],"_links":{"self":[{"href":"http:\/\/150.164.63.212:9000\/portal-novo-test\/wp-json\/wp\/v2\/pages\/2734","targetHints":{"allow":["GET"]}}],"collection":[{"href":"http:\/\/150.164.63.212:9000\/portal-novo-test\/wp-json\/wp\/v2\/pages"}],"about":[{"href":"http:\/\/150.164.63.212:9000\/portal-novo-test\/wp-json\/wp\/v2\/types\/page"}],"author":[{"embeddable":true,"href":"http:\/\/150.164.63.212:9000\/portal-novo-test\/wp-json\/wp\/v2\/users\/1"}],"replies":[{"embeddable":true,"href":"http:\/\/150.164.63.212:9000\/portal-novo-test\/wp-json\/wp\/v2\/comments?post=2734"}],"version-history":[{"count":0,"href":"http:\/\/150.164.63.212:9000\/portal-novo-test\/wp-json\/wp\/v2\/pages\/2734\/revisions"}],"up":[{"embeddable":true,"href":"http:\/\/150.164.63.212:9000\/portal-novo-test\/wp-json\/wp\/v2\/pages\/2715"}],"wp:attachment":[{"href":"http:\/\/150.164.63.212:9000\/portal-novo-test\/wp-json\/wp\/v2\/media?parent=2734"}],"curies":[{"name":"wp","href":"https:\/\/api.w.org\/{rel}","templated":true}]}}