{"id":2746,"date":"2025-07-08T15:52:22","date_gmt":"2025-07-08T18:52:22","guid":{"rendered":"http:\/\/150.164.63.212:9000\/portal-novo-test\/?page_id=2746"},"modified":"2025-08-28T13:00:47","modified_gmt":"2025-08-28T16:00:47","slug":"governanca","status":"publish","type":"page","link":"http:\/\/150.164.63.212:9000\/portal-novo-test\/acesso-a-informacao\/acoes-e-programas\/governanca\/","title":{"rendered":"Governan\u00e7a"},"content":{"rendered":"\n<p>O <a href=\"https:\/\/www.planalto.gov.br\/ccivil_03\/_ato2015-2018\/2016\/decreto\/d8638.htm\" target=\"_blank\" rel=\"noreferrer noopener\">Decreto n\u00ba 8.638, de 15 de janeiro de 2016<\/a>,&nbsp; instituiu a Pol\u00edtica de Governan\u00e7a Digital (PGD) no \u00e2mbito dos \u00f3rg\u00e3os e das entidades da Administra\u00e7\u00e3o P\u00fablica Federal direta, aut\u00e1rquica e fundacional. A <a href=\"https:\/\/www.ufmg.br\/dti\/wp-content\/uploads\/2019\/04\/PORTARIA-N%C2%BA-259-DE-29-DE-NOVEMBRO-DE-2018.pdf\" target=\"_blank\" rel=\"noreferrer noopener\">Portaria n\u00ba 259, de 29 de novembro de 2018<\/a>, instituiu, no \u00e2mbito da UFMG, o Comit\u00ea de Governan\u00e7a Digital (CGD), de car\u00e1ter deliberativo e de natureza estrat\u00e9gica, com a finalidade de proporcionar o alinhamento do planejamento institucional desta Universidade com as a\u00e7\u00f5es de Tecnologia da Informa\u00e7\u00e3o e Comunica\u00e7\u00e3o (TIC).&nbsp;<\/p>\n\n\n\n<p>A <a href=\"https:\/\/ufmg.br\/storage\/e\/4\/2\/6\/e426140fef55f56c7e1593fd2e60205c_17297700357638_1301730391.pdf\" target=\"_blank\" rel=\"noreferrer noopener\">Portaria n\u00ba 9097, de 09 de outubro de 2024<\/a>, instituiu a&nbsp; Comiss\u00e3o de Integridade da Universidade Federal de Minas Gerais (UFMG), que \u00e9 uma unidade setorial do Sistema de Integridade, Transpar\u00eancia e Acesso \u00e0 Informa\u00e7\u00e3o da Administra\u00e7\u00e3o P\u00fablica Federal (Sitai), nos termos do <a href=\"https:\/\/www.planalto.gov.br\/ccivil_03\/_ato2023-2026\/2023\/decreto\/D11529.htm\" target=\"_blank\" rel=\"noreferrer noopener\">Art. 8\u00ba do Decreto n\u00ba 11.529, de 16 de maio de 2023<\/a>.&nbsp;<\/p>\n\n\n\n<p>A <a href=\"https:\/\/www.gov.br\/cgu\/pt-br\/assuntos\/integridade-publica\/programa-de-integridade\/planos-de-integridade\/arquivos\/ufmg-plano-de-integridade.pdf\">Pol\u00edtica de Integridade da UFMG <\/a>tem como objetivos:&nbsp;<\/p>\n\n\n\n<ul class=\"wp-block-list\">\n<li>Reafirmar o compromisso da UFMG em pautar suas a\u00e7\u00f5es, pol\u00edticas e procedimentos pela observ\u00e2ncia irrestrita dos princ\u00edpios da \u00e9tica, legalidade, probidade, transpar\u00eancia e preval\u00eancia do interesse p\u00fablico, bem como todos os preceitos legais e morais que devem nortear a atua\u00e7\u00e3o administrativa no setor p\u00fablico, eficiente e atenta \u00e0s demandas sociais.<\/li>\n\n\n\n<li>Intensificar a difus\u00e3o do conhecimento acerca dos valores e pr\u00e1ticas de integridade, no \u00e2mbito de todas as esferas da Institui\u00e7\u00e3o.<\/li>\n\n\n\n<li>Fomentar a incorpora\u00e7\u00e3o de padr\u00f5es \u00e9ticos pelos agentes p\u00fablicos, visando que o desempenho de suas fun\u00e7\u00f5es corresponda aos preceitos de integridade.<\/li>\n\n\n\n<li>Fortalecer os controles internos da Universidade, a partir da implementa\u00e7\u00e3o de pol\u00edtica de gest\u00e3o de riscos.\u00a0<\/li>\n<\/ul>\n\n\n\n<p><\/p>\n\n\n\n<p><\/p>\n","protected":false},"excerpt":{"rendered":"<p>O Decreto n\u00ba 8.638, de 15 de janeiro de 2016,&nbsp; instituiu a Pol\u00edtica de Governan\u00e7a Digital (PGD) no \u00e2mbito dos \u00f3rg\u00e3os e das entidades da Administra\u00e7\u00e3o P\u00fablica Federal direta, aut\u00e1rquica e fundacional. A Portaria n\u00ba 259, de 29 de novembro de 2018, instituiu, no \u00e2mbito da UFMG, o Comit\u00ea de Governan\u00e7a Digital (CGD), de car\u00e1ter [&hellip;]<\/p>\n","protected":false},"author":1,"featured_media":0,"parent":2715,"menu_order":0,"comment_status":"closed","ping_status":"closed","template":"","meta":{"_acf_changed":false,"footnotes":""},"class_list":["post-2746","page","type-page","status-publish","hentry"],"acf":[],"_links":{"self":[{"href":"http:\/\/150.164.63.212:9000\/portal-novo-test\/wp-json\/wp\/v2\/pages\/2746","targetHints":{"allow":["GET"]}}],"collection":[{"href":"http:\/\/150.164.63.212:9000\/portal-novo-test\/wp-json\/wp\/v2\/pages"}],"about":[{"href":"http:\/\/150.164.63.212:9000\/portal-novo-test\/wp-json\/wp\/v2\/types\/page"}],"author":[{"embeddable":true,"href":"http:\/\/150.164.63.212:9000\/portal-novo-test\/wp-json\/wp\/v2\/users\/1"}],"replies":[{"embeddable":true,"href":"http:\/\/150.164.63.212:9000\/portal-novo-test\/wp-json\/wp\/v2\/comments?post=2746"}],"version-history":[{"count":0,"href":"http:\/\/150.164.63.212:9000\/portal-novo-test\/wp-json\/wp\/v2\/pages\/2746\/revisions"}],"up":[{"embeddable":true,"href":"http:\/\/150.164.63.212:9000\/portal-novo-test\/wp-json\/wp\/v2\/pages\/2715"}],"wp:attachment":[{"href":"http:\/\/150.164.63.212:9000\/portal-novo-test\/wp-json\/wp\/v2\/media?parent=2746"}],"curies":[{"name":"wp","href":"https:\/\/api.w.org\/{rel}","templated":true}]}}