{"id":2770,"date":"2025-07-09T11:29:37","date_gmt":"2025-07-09T14:29:37","guid":{"rendered":"http:\/\/150.164.63.212:9000\/portal-novo-test\/?page_id=2770"},"modified":"2025-08-08T16:24:48","modified_gmt":"2025-08-08T19:24:48","slug":"convenios-e-transferencias","status":"publish","type":"page","link":"http:\/\/150.164.63.212:9000\/portal-novo-test\/acesso-a-informacao\/convenios-e-transferencias\/","title":{"rendered":"Conv\u00eanios e Transfer\u00eancias"},"content":{"rendered":"\n<p>Nesta se\u00e7\u00e3o, s\u00e3o divulgadas informa\u00e7\u00f5es sobre os repasses e transfer\u00eancias de recursos financeiros pela Universidade Federal de Minas Gerais (UFMG). <\/p>\n\n\n\n<h3 class=\"wp-block-heading\">Repasses e Transfer\u00eancias de Recursos Financeiros<\/h3>\n\n\n\n<p>As informa\u00e7\u00f5es, com a descri\u00e7\u00e3o do objeto, datas e valores relacionados, est\u00e3o dispon\u00edveis no Portal da Transpar\u00eancia, cujos dados s\u00e3o obtidos do Sistema Integrado de Administra\u00e7\u00e3o Financeira do Governo Federal (Siafi) e atualizados periodicamente.<\/p>\n\n\n\n<div class=\"wp-block-ufmg-cards grid grid-cols-1 lg:grid-cols-cards gap-8\">\n\t<div class=\"flex flex-col gap-6 p-6 md:py-8 border border-neutral-200 rounded-lg\">\n\n\t\t\t\t\t<h2 class=\"pl-2 border-l-2 border-l-primary-400 text-neutral-600 text-xl md:text-2xl font-semibold\">\n\t\t\t\tInforma\u00e7\u00f5es sobre Conv\u00eanios\t\t\t<\/h2>\n\t\t\n\t\t\t\t\t<p class=\"flex-1 text-base md:text-lg text-neutral-500\">\n\t\t\t\tPortal da Transpar\u00eancia\t\t\t<\/p>\n\t\t\n\t\t\t\t\t<a href=\"https:\/\/portaldatransparencia.gov.br\/convenios\/consulta?paginacaoSimples=true&#038;tamanhoPagina=&#038;offset=&#038;direcaoOrdenacao=asc&#038;orgaos=OR26238&#038;colunasSelecionadas=linkDetalhamento%2CnumeroConvenio%2Cuf%2CmunicipioConvenente%2Csituacao%2CtipoTransferencia%2Cobjetivo%2CorgaoSuperior%2Corgao%2Cconcedente%2Cconvenente%2CdataInicioVigencia%2CdataFimVigencia%2CvalorLiberado%2CvalorCelebrado&#038;ordenarPor=orgao&#038;direcao=desc\" target=\"_blank\" rel=\"noopener noreferrer\"\t\t\t\tclass=\"w-fit ml-auto flex items-center gap-4 text-primary-300 font-lexend font-medium text-base md:text-lg\">\n\t\t\t\tAcesse aqui\t\t\t\t<i class=\"ti ti-chevron-right text-[1rem] md:text-[1.25rem]\"><\/i>\n\t\t\t<\/a>\n\t\t\t<\/div>\n\n\n\n\t<div class=\"flex flex-col gap-6 p-6 md:py-8 border border-neutral-200 rounded-lg\">\n\n\t\t\t\t\t<h2 class=\"pl-2 border-l-2 border-l-primary-400 text-neutral-600 text-xl md:text-2xl font-semibold\">\n\t\t\t\tInforma\u00e7\u00f5es sobre Transfer\u00eancias\t\t\t<\/h2>\n\t\t\n\t\t\t\t\t<p class=\"flex-1 text-base md:text-lg text-neutral-500\">\n\t\t\t\tPortal da Transpar\u00eancia\t\t\t<\/p>\n\t\t\n\t\t\t\t\t<a href=\"https:\/\/portaldatransparencia.gov.br\/transferencias\/consulta?paginacaoSimples=true&#038;tamanhoPagina=&#038;offset=&#038;direcaoOrdenacao=asc&#038;de=01%2F01%2F2025&#038;ate=31%2F12%2F2025&#038;orgaos=OR26238&#038;colunasSelecionadas=linkDetalhamento%2Cuf%2Cmunicipio%2Ctipo%2CtipoFavorecido%2Cacao%2ClinguagemCidada%2CgrupoDespesa%2CelementoDespesa%2CmodalidadeDespesa%2Cvalor\" target=\"_blank\" rel=\"noopener noreferrer\"\t\t\t\tclass=\"w-fit ml-auto flex items-center gap-4 text-primary-300 font-lexend font-medium text-base md:text-lg\">\n\t\t\t\tAcesse aqui\t\t\t\t<i class=\"ti ti-chevron-right text-[1rem] md:text-[1.25rem]\"><\/i>\n\t\t\t<\/a>\n\t\t\t<\/div>\n<\/div>\n\n\n\n<h4 class=\"wp-block-heading\"><strong><em>Passo a passo:<\/em><\/strong><\/h4>\n\n\n\n<p><strong>Informa\u00e7\u00f5es sobre Conv\u00eanios<\/strong><br>1. Acessar o <a href=\"http:\/\/transparencia.gov.br\/\">Portal da Transpar\u00eancia<\/a>.<br>2. No menu superior, localizar a op\u00e7\u00e3o &#8220;Consultas Detalhadas&#8221; \u2192 &#8220;Conv\u00eanios e Outros Acordos&#8221;.<br>3. Utilizar a barra lateral esquerda de filtros e selecionar a op\u00e7\u00e3o &#8220;\u00d3rg\u00e3o&#8221;.<br>4. Digitar &#8220;UFMG&#8221; ou &#8220;26238&#8221; \u2013 c\u00f3digo de Unidade Or\u00e7ament\u00e1ria do Siafi referente a UFMG.<br>5. Clicar em &#8220;Adicionar&#8221;.<br>6. Se necess\u00e1rio, alterar as datas do filtro \u201cPer\u00edodo\u201d.<br>7. Clicar em \u201cConsultar\u201d.<\/p>\n\n\n\n<p><strong>Informa\u00e7\u00f5es sobre Transfer\u00eancias<br><\/strong>1. Acessar o <a href=\"http:\/\/transparencia.gov.br\/\">Portal da Transpar\u00eancia<\/a>.<br>2. No menu superior, localizar a op\u00e7\u00e3o &#8220;Consultas Detalhadas&#8221; \u2192 &#8220;Recursos Transferidos&#8221;.<br>3. Utilizar a barra lateral esquerda de filtros e selecionar a op\u00e7\u00e3o &#8220;\u00d3rg\u00e3o&#8221;.<br>4. Digitar &#8220;UFMG&#8221; ou &#8220;26238&#8221; \u2013 c\u00f3digo de Unidade Or\u00e7ament\u00e1ria do Siafi referente a UFMG.<br>5. Clicar em &#8220;Adicionar&#8221;.<br>6. Se necess\u00e1rio, alterar as datas do filtro \u201cPer\u00edodo\u201d.<br>7. Clicar em \u201cConsultar\u201d.<\/p>\n","protected":false},"excerpt":{"rendered":"<p>Nesta se\u00e7\u00e3o, s\u00e3o divulgadas informa\u00e7\u00f5es sobre os repasses e transfer\u00eancias de recursos financeiros pela Universidade Federal de Minas Gerais (UFMG). Repasses e Transfer\u00eancias de Recursos Financeiros As informa\u00e7\u00f5es, com a descri\u00e7\u00e3o do objeto, datas e valores relacionados, est\u00e3o dispon\u00edveis no Portal da Transpar\u00eancia, cujos dados s\u00e3o obtidos do Sistema Integrado de Administra\u00e7\u00e3o Financeira do Governo [&hellip;]<\/p>\n","protected":false},"author":1,"featured_media":0,"parent":2885,"menu_order":0,"comment_status":"closed","ping_status":"closed","template":"","meta":{"_acf_changed":false,"footnotes":""},"class_list":["post-2770","page","type-page","status-publish","hentry"],"acf":[],"_links":{"self":[{"href":"http:\/\/150.164.63.212:9000\/portal-novo-test\/wp-json\/wp\/v2\/pages\/2770","targetHints":{"allow":["GET"]}}],"collection":[{"href":"http:\/\/150.164.63.212:9000\/portal-novo-test\/wp-json\/wp\/v2\/pages"}],"about":[{"href":"http:\/\/150.164.63.212:9000\/portal-novo-test\/wp-json\/wp\/v2\/types\/page"}],"author":[{"embeddable":true,"href":"http:\/\/150.164.63.212:9000\/portal-novo-test\/wp-json\/wp\/v2\/users\/1"}],"replies":[{"embeddable":true,"href":"http:\/\/150.164.63.212:9000\/portal-novo-test\/wp-json\/wp\/v2\/comments?post=2770"}],"version-history":[{"count":0,"href":"http:\/\/150.164.63.212:9000\/portal-novo-test\/wp-json\/wp\/v2\/pages\/2770\/revisions"}],"up":[{"embeddable":true,"href":"http:\/\/150.164.63.212:9000\/portal-novo-test\/wp-json\/wp\/v2\/pages\/2885"}],"wp:attachment":[{"href":"http:\/\/150.164.63.212:9000\/portal-novo-test\/wp-json\/wp\/v2\/media?parent=2770"}],"curies":[{"name":"wp","href":"https:\/\/api.w.org\/{rel}","templated":true}]}}