{"id":2776,"date":"2025-07-09T11:32:06","date_gmt":"2025-07-09T14:32:06","guid":{"rendered":"http:\/\/150.164.63.212:9000\/portal-novo-test\/?page_id=2776"},"modified":"2025-08-11T09:30:10","modified_gmt":"2025-08-11T12:30:10","slug":"receita-publica","status":"publish","type":"page","link":"http:\/\/150.164.63.212:9000\/portal-novo-test\/acesso-a-informacao\/receitas-e-despesas\/receita-publica\/","title":{"rendered":"Receita P\u00fablica"},"content":{"rendered":"\n<div class=\"wp-block-ufmg-cards grid grid-cols-1 lg:grid-cols-cards gap-8\">\n\t<div class=\"flex flex-col gap-6 p-6 md:py-8 border border-neutral-200 rounded-lg\">\n\n\t\t\t\t\t<h2 class=\"pl-2 border-l-2 border-l-primary-400 text-neutral-600 text-xl md:text-2xl font-semibold\">\n\t\t\t\tInforma\u00e7\u00f5es sobre Receitas\t\t\t<\/h2>\n\t\t\n\t\t\t\t\t<p class=\"flex-1 text-base md:text-lg text-neutral-500\">\n\t\t\t\tPortal da Transpar\u00eancia\t\t\t<\/p>\n\t\t\n\t\t\t\t\t<a href=\"https:\/\/portaldatransparencia.gov.br\/receitas\/consulta?paginacaoSimples=false&#038;tamanhoPagina=&#038;offset=&#038;direcaoOrdenacao=asc&#038;de=2025&#038;ate=2025&#038;orgaos=OR26238&#038;colunasSelecionadas=ano%2CorgaoSuperior%2Corgao%2CunidadeGestora%2Ccategoria%2Corigem%2Cespecie%2Cdetalhamento%2CvalorPrevistoAtualizado%2CvalorRealizado%2CpercentualRealizado%2CvalorLancado\" target=\"_blank\" rel=\"noopener noreferrer\"\t\t\t\tclass=\"w-fit ml-auto flex items-center gap-4 text-primary-300 font-lexend font-medium text-base md:text-lg\">\n\t\t\t\tAcesse aqui\t\t\t\t<i class=\"ti ti-chevron-right text-[1rem] md:text-[1.25rem]\"><\/i>\n\t\t\t<\/a>\n\t\t\t<\/div>\n<\/div>\n\n\n\n<h4 class=\"wp-block-heading\"><strong><em>Passo a passo:<\/em><\/strong><\/h4>\n\n\n\n<p>1. Acessar o <a href=\"http:\/\/transparencia.gov.br\/\">Portal da Transpar\u00eancia<\/a>.<a href=\"http:\/\/transparencia.gov.br\/\"><br><\/a>2. No menu superior, localizar a op\u00e7\u00e3o &#8220;Consultas Detalhadas&#8221; \u2192 &#8220;Receitas P\u00fablicas&#8221;.<br>3. Utilizar a barra lateral esquerda de filtros e selecionar a op\u00e7\u00e3o &#8220;\u00d3rg\u00e3o&#8221;.<br>4. Digitar &#8220;UFMG&#8221; ou &#8220;26238&#8221; \u2013 c\u00f3digo de Unidade Or\u00e7ament\u00e1ria do Siafi referente a UFMG.<br>5. Clicar em &#8220;Adicionar&#8221;.<br>6. Se necess\u00e1rio, alterar as datas do filtro \u201cPer\u00edodo\u201d.<br>7. Clicar em \u201cConsultar\u201d.<\/p>\n\n\n\n<p><\/p>\n","protected":false},"excerpt":{"rendered":"<p>Passo a passo: 1. Acessar o Portal da Transpar\u00eancia.2. No menu superior, localizar a op\u00e7\u00e3o &#8220;Consultas Detalhadas&#8221; \u2192 &#8220;Receitas P\u00fablicas&#8221;.3. Utilizar a barra lateral esquerda de filtros e selecionar a op\u00e7\u00e3o &#8220;\u00d3rg\u00e3o&#8221;.4. Digitar &#8220;UFMG&#8221; ou &#8220;26238&#8221; \u2013 c\u00f3digo de Unidade Or\u00e7ament\u00e1ria do Siafi referente a UFMG.5. Clicar em &#8220;Adicionar&#8221;.6. Se necess\u00e1rio, alterar as datas do [&hellip;]<\/p>\n","protected":false},"author":1,"featured_media":0,"parent":2773,"menu_order":0,"comment_status":"closed","ping_status":"closed","template":"","meta":{"_acf_changed":false,"footnotes":""},"class_list":["post-2776","page","type-page","status-publish","hentry"],"acf":[],"_links":{"self":[{"href":"http:\/\/150.164.63.212:9000\/portal-novo-test\/wp-json\/wp\/v2\/pages\/2776","targetHints":{"allow":["GET"]}}],"collection":[{"href":"http:\/\/150.164.63.212:9000\/portal-novo-test\/wp-json\/wp\/v2\/pages"}],"about":[{"href":"http:\/\/150.164.63.212:9000\/portal-novo-test\/wp-json\/wp\/v2\/types\/page"}],"author":[{"embeddable":true,"href":"http:\/\/150.164.63.212:9000\/portal-novo-test\/wp-json\/wp\/v2\/users\/1"}],"replies":[{"embeddable":true,"href":"http:\/\/150.164.63.212:9000\/portal-novo-test\/wp-json\/wp\/v2\/comments?post=2776"}],"version-history":[{"count":0,"href":"http:\/\/150.164.63.212:9000\/portal-novo-test\/wp-json\/wp\/v2\/pages\/2776\/revisions"}],"up":[{"embeddable":true,"href":"http:\/\/150.164.63.212:9000\/portal-novo-test\/wp-json\/wp\/v2\/pages\/2773"}],"wp:attachment":[{"href":"http:\/\/150.164.63.212:9000\/portal-novo-test\/wp-json\/wp\/v2\/media?parent=2776"}],"curies":[{"name":"wp","href":"https:\/\/api.w.org\/{rel}","templated":true}]}}