{"id":2778,"date":"2025-07-09T11:32:45","date_gmt":"2025-07-09T14:32:45","guid":{"rendered":"http:\/\/150.164.63.212:9000\/portal-novo-test\/?page_id=2778"},"modified":"2025-08-11T09:48:41","modified_gmt":"2025-08-11T12:48:41","slug":"quadro-de-detalhamento-de-programas-por-unidade-orcamentaria","status":"publish","type":"page","link":"http:\/\/150.164.63.212:9000\/portal-novo-test\/acesso-a-informacao\/receitas-e-despesas\/quadro-de-detalhamento-de-programas-por-unidade-orcamentaria\/","title":{"rendered":"Quadro de Detalhamento de Programas, por Unidade Or\u00e7ament\u00e1ria"},"content":{"rendered":"\n<div class=\"wp-block-ufmg-cards grid grid-cols-1 lg:grid-cols-cards gap-8\">\n\t<div class=\"flex flex-col gap-6 p-6 md:py-8 border border-neutral-200 rounded-lg\">\n\n\t\t\t\t\t<h2 class=\"pl-2 border-l-2 border-l-primary-400 text-neutral-600 text-xl md:text-2xl font-semibold\">\n\t\t\t\tDespesa P\u00fablica por Programas\t\t\t<\/h2>\n\t\t\n\t\t\t\t\t<p class=\"flex-1 text-base md:text-lg text-neutral-500\">\n\t\t\t\tPortal da Transpar\u00eancia\t\t\t<\/p>\n\t\t\n\t\t\t\t\t<a href=\"https:\/\/portaldatransparencia.gov.br\/despesas\/programa-e-acao?paginacaoSimples=true&#038;tamanhoPagina=&#038;offset=&#038;direcaoOrdenacao=asc&#038;de=01%2F01%2F2025&#038;ate=31%2F12%2F2025&#038;orgaos=OR26238&#038;colunasSelecionadas=linkDetalhamento%2CmesAno%2Cprograma%2Cacao%2CvalorDespesaEmpenhada%2CvalorDespesaLiquidada%2CvalorDespesaPaga%2CvalorRestoPago%2CorgaoVinculado\" target=\"_blank\" rel=\"noopener noreferrer\"\t\t\t\tclass=\"w-fit ml-auto flex items-center gap-4 text-primary-300 font-lexend font-medium text-base md:text-lg\">\n\t\t\t\tAcesse aqui\t\t\t\t<i class=\"ti ti-chevron-right text-[1rem] md:text-[1.25rem]\"><\/i>\n\t\t\t<\/a>\n\t\t\t<\/div>\n<\/div>\n\n\n\n<h4 class=\"wp-block-heading\"><strong><em>Passo a passo:<\/em><\/strong><\/h4>\n\n\n\n<p>1. Acessar o&nbsp;<a href=\"http:\/\/transparencia.gov.br\/\" target=\"_blank\" rel=\"noreferrer noopener\">Portal da Transpar\u00eancia<\/a>.<br>2. No menu superior, localizar a op\u00e7\u00e3o \u201cConsultas Detalhadas\u201d \u2192&nbsp;\u201cDespesas P\u00fablicas\u201d.<br>3. Clicar na op\u00e7\u00e3o \u201cPrograma\/A\u00e7\u00e3o Or\u00e7ament\u00e1ria\u201d<br>4. Utilizar a barra lateral esquerda de filtros e selecionar a op\u00e7\u00e3o \u201c\u00d3rg\u00e3o\u201d.<br>5. Digitar \u201cUFMG\u201d ou \u201c26238\u201d \u2013 c\u00f3digo de Unidade Or\u00e7ament\u00e1ria do Siafi referente a UFMG.<br>6. Clicar em \u201cAdicionar\u201d.<br>7. Se necess\u00e1rio, alterar as datas do filtro \u201cPer\u00edodo\u201d.<br>8. Clicar em \u201cConsultar\u201d.<\/p>\n","protected":false},"excerpt":{"rendered":"<p>Passo a passo: 1. Acessar o&nbsp;Portal da Transpar\u00eancia.2. No menu superior, localizar a op\u00e7\u00e3o \u201cConsultas Detalhadas\u201d \u2192&nbsp;\u201cDespesas P\u00fablicas\u201d.3. Clicar na op\u00e7\u00e3o \u201cPrograma\/A\u00e7\u00e3o Or\u00e7ament\u00e1ria\u201d4. Utilizar a barra lateral esquerda de filtros e selecionar a op\u00e7\u00e3o \u201c\u00d3rg\u00e3o\u201d.5. Digitar \u201cUFMG\u201d ou \u201c26238\u201d \u2013 c\u00f3digo de Unidade Or\u00e7ament\u00e1ria do Siafi referente a UFMG.6. Clicar em \u201cAdicionar\u201d.7. Se necess\u00e1rio, alterar [&hellip;]<\/p>\n","protected":false},"author":1,"featured_media":0,"parent":2773,"menu_order":0,"comment_status":"closed","ping_status":"closed","template":"","meta":{"_acf_changed":false,"footnotes":""},"class_list":["post-2778","page","type-page","status-publish","hentry"],"acf":[],"_links":{"self":[{"href":"http:\/\/150.164.63.212:9000\/portal-novo-test\/wp-json\/wp\/v2\/pages\/2778","targetHints":{"allow":["GET"]}}],"collection":[{"href":"http:\/\/150.164.63.212:9000\/portal-novo-test\/wp-json\/wp\/v2\/pages"}],"about":[{"href":"http:\/\/150.164.63.212:9000\/portal-novo-test\/wp-json\/wp\/v2\/types\/page"}],"author":[{"embeddable":true,"href":"http:\/\/150.164.63.212:9000\/portal-novo-test\/wp-json\/wp\/v2\/users\/1"}],"replies":[{"embeddable":true,"href":"http:\/\/150.164.63.212:9000\/portal-novo-test\/wp-json\/wp\/v2\/comments?post=2778"}],"version-history":[{"count":0,"href":"http:\/\/150.164.63.212:9000\/portal-novo-test\/wp-json\/wp\/v2\/pages\/2778\/revisions"}],"up":[{"embeddable":true,"href":"http:\/\/150.164.63.212:9000\/portal-novo-test\/wp-json\/wp\/v2\/pages\/2773"}],"wp:attachment":[{"href":"http:\/\/150.164.63.212:9000\/portal-novo-test\/wp-json\/wp\/v2\/media?parent=2778"}],"curies":[{"name":"wp","href":"https:\/\/api.w.org\/{rel}","templated":true}]}}