{"id":2787,"date":"2025-07-09T11:34:03","date_gmt":"2025-07-09T14:34:03","guid":{"rendered":"http:\/\/150.164.63.212:9000\/portal-novo-test\/?page_id=2787"},"modified":"2025-08-11T10:39:37","modified_gmt":"2025-08-11T13:39:37","slug":"despesas-com-diarias-e-passagens","status":"publish","type":"page","link":"http:\/\/150.164.63.212:9000\/portal-novo-test\/acesso-a-informacao\/receitas-e-despesas\/despesas-com-diarias-e-passagens\/","title":{"rendered":"Despesas com Di\u00e1rias e Passagens"},"content":{"rendered":"\n<div class=\"wp-block-ufmg-cards grid grid-cols-1 lg:grid-cols-cards gap-8\">\n\t<div class=\"flex flex-col gap-6 p-6 md:py-8 border border-neutral-200 rounded-lg\">\n\n\t\t\t\t\t<h2 class=\"pl-2 border-l-2 border-l-primary-400 text-neutral-600 text-xl md:text-2xl font-semibold\">\n\t\t\t\tInforma\u00e7\u00f5es sobre Di\u00e1rias e Passagens\t\t\t<\/h2>\n\t\t\n\t\t\t\t\t<p class=\"flex-1 text-base md:text-lg text-neutral-500\">\n\t\t\t\tPortal da Transpar\u00eancia\t\t\t<\/p>\n\t\t\n\t\t\t\t\t<a href=\"https:\/\/portaldatransparencia.gov.br\/viagens\/consulta?paginacaoSimples=true&#038;tamanhoPagina=&#038;offset=&#038;direcaoOrdenacao=asc&#038;de=01%2F01%2F2025&#038;ate=31%2F12%2F2025&#038;orgaos=OR26238&#038;colunasSelecionadas=id%2Cpcdp%2CnumPcdp%2Csituacao%2CorgaoSuperior%2Corgao%2Ctipo%2Ccpf%2Cnome%2Cde%2Cate%2Cdestinos%2CvalorTotal%2CviagemUrgente\" target=\"_blank\" rel=\"noopener noreferrer\"\t\t\t\tclass=\"w-fit ml-auto flex items-center gap-4 text-primary-300 font-lexend font-medium text-base md:text-lg\">\n\t\t\t\tAcesse aqui\t\t\t\t<i class=\"ti ti-chevron-right text-[1rem] md:text-[1.25rem]\"><\/i>\n\t\t\t<\/a>\n\t\t\t<\/div>\n<\/div>\n\n\n\n<h4 class=\"wp-block-heading\"><em><strong>Passo a passo:<\/strong><\/em><\/h4>\n\n\n\n<p>1. Acessar o <a href=\"http:\/\/transparencia.gov.br\/\" target=\"_blank\" rel=\"noreferrer noopener\">Portal da Transpar\u00eancia<\/a>.<br>2. No menu superior, localizar a op\u00e7\u00e3o &#8220;Consultas Detalhadas&#8221; \u2192 &#8220;Viagens a Servi\u00e7o&#8221;.<br>3. Utilizar a barra lateral esquerda de filtros e selecionar a op\u00e7\u00e3o \u201c\u00d3rg\u00e3o\u201d.<br>4. Digitar \u201cUFMG\u201d ou \u201c26238\u201d \u2013 c\u00f3digo de Unidade Or\u00e7ament\u00e1ria do Siafi referente a UFMG.<br>5. Clicar em \u201cAdicionar\u201d.<br>6. Se necess\u00e1rio, alterar as datas do filtro &#8220;Per\u00edodo&#8221;. <br>7. Clicar em &#8220;Consultar&#8221;.<\/p>\n\n\n\n<p><\/p>\n","protected":false},"excerpt":{"rendered":"<p>Passo a passo: 1. Acessar o Portal da Transpar\u00eancia.2. No menu superior, localizar a op\u00e7\u00e3o &#8220;Consultas Detalhadas&#8221; \u2192 &#8220;Viagens a Servi\u00e7o&#8221;.3. Utilizar a barra lateral esquerda de filtros e selecionar a op\u00e7\u00e3o \u201c\u00d3rg\u00e3o\u201d.4. Digitar \u201cUFMG\u201d ou \u201c26238\u201d \u2013 c\u00f3digo de Unidade Or\u00e7ament\u00e1ria do Siafi referente a UFMG.5. Clicar em \u201cAdicionar\u201d.6. Se necess\u00e1rio, alterar as datas [&hellip;]<\/p>\n","protected":false},"author":1,"featured_media":0,"parent":2773,"menu_order":0,"comment_status":"closed","ping_status":"closed","template":"","meta":{"_acf_changed":false,"footnotes":""},"class_list":["post-2787","page","type-page","status-publish","hentry"],"acf":[],"_links":{"self":[{"href":"http:\/\/150.164.63.212:9000\/portal-novo-test\/wp-json\/wp\/v2\/pages\/2787","targetHints":{"allow":["GET"]}}],"collection":[{"href":"http:\/\/150.164.63.212:9000\/portal-novo-test\/wp-json\/wp\/v2\/pages"}],"about":[{"href":"http:\/\/150.164.63.212:9000\/portal-novo-test\/wp-json\/wp\/v2\/types\/page"}],"author":[{"embeddable":true,"href":"http:\/\/150.164.63.212:9000\/portal-novo-test\/wp-json\/wp\/v2\/users\/1"}],"replies":[{"embeddable":true,"href":"http:\/\/150.164.63.212:9000\/portal-novo-test\/wp-json\/wp\/v2\/comments?post=2787"}],"version-history":[{"count":0,"href":"http:\/\/150.164.63.212:9000\/portal-novo-test\/wp-json\/wp\/v2\/pages\/2787\/revisions"}],"up":[{"embeddable":true,"href":"http:\/\/150.164.63.212:9000\/portal-novo-test\/wp-json\/wp\/v2\/pages\/2773"}],"wp:attachment":[{"href":"http:\/\/150.164.63.212:9000\/portal-novo-test\/wp-json\/wp\/v2\/media?parent=2787"}],"curies":[{"name":"wp","href":"https:\/\/api.w.org\/{rel}","templated":true}]}}