{"id":2799,"date":"2025-07-09T11:36:53","date_gmt":"2025-07-09T14:36:53","guid":{"rendered":"http:\/\/150.164.63.212:9000\/portal-novo-test\/?page_id=2799"},"modified":"2025-08-11T10:23:21","modified_gmt":"2025-08-11T13:23:21","slug":"contratos","status":"publish","type":"page","link":"http:\/\/150.164.63.212:9000\/portal-novo-test\/acesso-a-informacao\/licitacoes-e-contratos\/contratos\/","title":{"rendered":"Contratos"},"content":{"rendered":"\n<div class=\"wp-block-ufmg-cards grid grid-cols-1 lg:grid-cols-cards gap-8\">\n\t<div class=\"flex flex-col gap-6 p-6 md:py-8 border border-neutral-200 rounded-lg\">\n\n\t\t\t\t\t<h2 class=\"pl-2 border-l-2 border-l-primary-400 text-neutral-600 text-xl md:text-2xl font-semibold\">\n\t\t\t\tInforma\u00e7\u00f5es sobre Contratos\t\t\t<\/h2>\n\t\t\n\t\t\t\t\t<p class=\"flex-1 text-base md:text-lg text-neutral-500\">\n\t\t\t\tPortal da Transpar\u00eancia\t\t\t<\/p>\n\t\t\n\t\t\t\t\t<a href=\"https:\/\/portaldatransparencia.gov.br\/contratos\/consulta?paginacaoSimples=true&#038;tamanhoPagina=&#038;offset=&#038;direcaoOrdenacao=asc&#038;assinaturaDe=01%2F01%2F2025&#038;assinaturaAte=31%2F12%2F2025&#038;orgaos=OR26238&#038;colunasSelecionadas=linkDetalhamento%2CdataAssinatura%2CdataPublicacaoDOU%2CdataInicioVigencia%2CdataFimVigencia%2CorgaoSuperior%2CorgaoEntidadeVinculada%2CunidadeGestora%2CformaContratacao%2CgrupoObjetoContratacao%2CnumeroContrato%2CnomeFornecedor%2CcpfCnpjFornecedor%2Csituacao%2CvalorContratado\" target=\"_blank\" rel=\"noopener noreferrer\"\t\t\t\tclass=\"w-fit ml-auto flex items-center gap-4 text-primary-300 font-lexend font-medium text-base md:text-lg\">\n\t\t\t\tAcesse aqui\t\t\t\t<i class=\"ti ti-chevron-right text-[1rem] md:text-[1.25rem]\"><\/i>\n\t\t\t<\/a>\n\t\t\t<\/div>\n<\/div>\n\n\n\n<h4 class=\"wp-block-heading\"><strong><em>Passo a passo:<\/em><\/strong><\/h4>\n\n\n\n<p>1. Acessar o <a href=\"https:\/\/portaldatransparencia.gov.br\/\" target=\"_blank\" rel=\"noreferrer noopener\">Portal da Transpar\u00eancia<\/a>.<br>2. No menu superior, localizar &#8220;Consultas Detalhadas&#8221; \u2192 &#8220;Contratos&#8221;.<br>3. Utilizar a barra lateral esquerda de filtros e selecionar a op\u00e7\u00e3o \u201c\u00d3rg\u00e3o\u201d.<br>4. Digitar \u201c26238\u201d \u2013 c\u00f3digo de Unidade Or\u00e7ament\u00e1ria do Siafi referente a UFMG.<br>5. Clicar em \u201cAdicionar\u201d.<br>6. Se necess\u00e1rio, alterar as datas dos filtros \u201cPer\u00edodos\u201d.<br>7. Clicar em \u201cConsultar\u201d.<\/p>\n","protected":false},"excerpt":{"rendered":"<p>Passo a passo: 1. Acessar o Portal da Transpar\u00eancia.2. No menu superior, localizar &#8220;Consultas Detalhadas&#8221; \u2192 &#8220;Contratos&#8221;.3. Utilizar a barra lateral esquerda de filtros e selecionar a op\u00e7\u00e3o \u201c\u00d3rg\u00e3o\u201d.4. Digitar \u201c26238\u201d \u2013 c\u00f3digo de Unidade Or\u00e7ament\u00e1ria do Siafi referente a UFMG.5. Clicar em \u201cAdicionar\u201d.6. Se necess\u00e1rio, alterar as datas dos filtros \u201cPer\u00edodos\u201d.7. Clicar em \u201cConsultar\u201d.<\/p>\n","protected":false},"author":1,"featured_media":0,"parent":2793,"menu_order":0,"comment_status":"closed","ping_status":"closed","template":"","meta":{"_acf_changed":false,"footnotes":""},"class_list":["post-2799","page","type-page","status-publish","hentry"],"acf":[],"_links":{"self":[{"href":"http:\/\/150.164.63.212:9000\/portal-novo-test\/wp-json\/wp\/v2\/pages\/2799","targetHints":{"allow":["GET"]}}],"collection":[{"href":"http:\/\/150.164.63.212:9000\/portal-novo-test\/wp-json\/wp\/v2\/pages"}],"about":[{"href":"http:\/\/150.164.63.212:9000\/portal-novo-test\/wp-json\/wp\/v2\/types\/page"}],"author":[{"embeddable":true,"href":"http:\/\/150.164.63.212:9000\/portal-novo-test\/wp-json\/wp\/v2\/users\/1"}],"replies":[{"embeddable":true,"href":"http:\/\/150.164.63.212:9000\/portal-novo-test\/wp-json\/wp\/v2\/comments?post=2799"}],"version-history":[{"count":0,"href":"http:\/\/150.164.63.212:9000\/portal-novo-test\/wp-json\/wp\/v2\/pages\/2799\/revisions"}],"up":[{"embeddable":true,"href":"http:\/\/150.164.63.212:9000\/portal-novo-test\/wp-json\/wp\/v2\/pages\/2793"}],"wp:attachment":[{"href":"http:\/\/150.164.63.212:9000\/portal-novo-test\/wp-json\/wp\/v2\/media?parent=2799"}],"curies":[{"name":"wp","href":"https:\/\/api.w.org\/{rel}","templated":true}]}}