{"id":2809,"date":"2025-07-09T11:39:07","date_gmt":"2025-07-09T14:39:07","guid":{"rendered":"http:\/\/150.164.63.212:9000\/portal-novo-test\/?page_id=2809"},"modified":"2025-08-12T16:26:57","modified_gmt":"2025-08-12T19:26:57","slug":"aposentados-e-pensionistas","status":"publish","type":"page","link":"http:\/\/150.164.63.212:9000\/portal-novo-test\/acesso-a-informacao\/servidores\/aposentados-e-pensionistas\/","title":{"rendered":"Aposentados e Pensionistas"},"content":{"rendered":"<?xml encoding=\"utf-8\"?><ul class=\"wp-block-ufmg-hub-links [&amp;&gt;li_a]:flex [&amp;&gt;li_a]:items-center [&amp;&gt;li_a]:justify-between [&amp;&gt;li_a]:bg-neutral-50 [&amp;&gt;li_a]:px-4 [&amp;&gt;li_a]:py-3 md:[&amp;&gt;li_a]:py-5 [&amp;&gt;li_a]:border-b [&amp;&gt;li_a]:border-b-neutral-200 [&amp;&gt;li_a]:text-primary-300 [&amp;&gt;li_a]:text-base md:[&amp;&gt;li_a]:text-lg [&amp;&gt;li_a]:font-lexend [&amp;&gt;li_a]:font-medium [&amp;&gt;li_a]:transition-colors [&amp;&gt;li_a&gt;i]:text-[1rem] md:[&amp;&gt;li_a&gt;i]:text-[1.5rem] hover:[&amp;&gt;li_a]:bg-neutral-100 hover:[&amp;&gt;li_a]:border-b-primary-300\"><\/ul>\n\n\n\n<div class=\"wp-block-ufmg-cards grid grid-cols-1 lg:grid-cols-cards gap-8\">\n\t<div class=\"flex flex-col gap-6 p-6 md:py-8 border border-neutral-200 rounded-lg\">\n\n\t\t\t\t\t<h2 class=\"pl-2 border-l-2 border-l-primary-400 text-neutral-600 text-xl md:text-2xl font-semibold\">\n\t\t\t\tAposentados e Pensionistas\t\t\t<\/h2>\n\t\t\n\t\t\t\t\t<p class=\"flex-1 text-base md:text-lg text-neutral-500\">\n\t\t\t\tPortal da Transpar\u00eancia\t\t\t<\/p>\n\t\t\n\t\t\t\t\t<a href=\"https:\/\/portaldatransparencia.gov.br\/servidores\/consulta?orgaosServidorLotacao=OR26238&#038;tipoVinculo=5&#038;ordenarPor=nome&#038;direcao=asc\" target=\"_blank\" rel=\"noopener noreferrer\"\t\t\t\tclass=\"w-fit ml-auto flex items-center gap-4 text-primary-300 font-lexend font-medium text-base md:text-lg\">\n\t\t\t\tAcesse aqui\t\t\t\t<i class=\"ti ti-chevron-right text-[1rem] md:text-[1.25rem]\"><\/i>\n\t\t\t<\/a>\n\t\t\t<\/div>\n<\/div>\n\n\n\n<h4 class=\"wp-block-heading\"><strong><em>Passo a passo:<\/em><\/strong><\/h4>\n\n\n\n<p>1. Acessar o&nbsp;<a href=\"http:\/\/transparencia.gov.br\/\" target=\"_blank\" rel=\"noreferrer noopener\">Portal da Transpar\u00eancia<\/a>.<br>2. No menu superior, localizar a op\u00e7\u00e3o \u201cConsultas Detalhadas\u201d \u2192&nbsp;&#8220;Servidores e Pensionistas&#8221;.<br>3. Clicar na op\u00e7\u00e3o &#8220;Por \u00d3rg\u00e3o&#8221;<br>4. Utilizar a barra lateral esquerda de filtros e selecionar a op\u00e7\u00e3o \u201c\u00d3rg\u00e3o\/Entidade\/Unidade Organizacional de Lota\u00e7\u00e3o (Siape)\u201d.<br>5. Digitar \u201c26238\u201d \u2013 c\u00f3digo de Unidade Or\u00e7ament\u00e1ria do Siafi referente a UFMG.<br>6. Clicar em \u201cAdicionar\u201d.<br>7. Utilizar novamente a barra lateral esquerda de filtros e selecionar a op\u00e7\u00e3o \u201cTipo de V\u00ednculo&#8221; \u2192 &#8220;Aposentadoria&#8221;.<br>8. Clicar em \u201cAdicionar\u201d.<br>9. Clicar em &#8220;Consultar&#8221;.<br>10. Clicar na op\u00e7\u00e3o referente a &#8220;Detalhar&#8221;.<br><\/p>\n","protected":false},"excerpt":{"rendered":"<p>Passo a passo: 1. Acessar o&nbsp;Portal da Transpar\u00eancia.2. No menu superior, localizar a op\u00e7\u00e3o \u201cConsultas Detalhadas\u201d \u2192&nbsp;&#8220;Servidores e Pensionistas&#8221;.3. Clicar na op\u00e7\u00e3o &#8220;Por \u00d3rg\u00e3o&#8221;4. Utilizar a barra lateral esquerda de filtros e selecionar a op\u00e7\u00e3o \u201c\u00d3rg\u00e3o\/Entidade\/Unidade Organizacional de Lota\u00e7\u00e3o (Siape)\u201d.5. Digitar \u201c26238\u201d \u2013 c\u00f3digo de Unidade Or\u00e7ament\u00e1ria do Siafi referente a UFMG.6. Clicar em \u201cAdicionar\u201d.7. [&hellip;]<\/p>\n","protected":false},"author":1,"featured_media":0,"parent":2803,"menu_order":0,"comment_status":"closed","ping_status":"closed","template":"","meta":{"_acf_changed":false,"footnotes":""},"class_list":["post-2809","page","type-page","status-publish","hentry"],"acf":[],"_links":{"self":[{"href":"http:\/\/150.164.63.212:9000\/portal-novo-test\/wp-json\/wp\/v2\/pages\/2809","targetHints":{"allow":["GET"]}}],"collection":[{"href":"http:\/\/150.164.63.212:9000\/portal-novo-test\/wp-json\/wp\/v2\/pages"}],"about":[{"href":"http:\/\/150.164.63.212:9000\/portal-novo-test\/wp-json\/wp\/v2\/types\/page"}],"author":[{"embeddable":true,"href":"http:\/\/150.164.63.212:9000\/portal-novo-test\/wp-json\/wp\/v2\/users\/1"}],"replies":[{"embeddable":true,"href":"http:\/\/150.164.63.212:9000\/portal-novo-test\/wp-json\/wp\/v2\/comments?post=2809"}],"version-history":[{"count":0,"href":"http:\/\/150.164.63.212:9000\/portal-novo-test\/wp-json\/wp\/v2\/pages\/2809\/revisions"}],"up":[{"embeddable":true,"href":"http:\/\/150.164.63.212:9000\/portal-novo-test\/wp-json\/wp\/v2\/pages\/2803"}],"wp:attachment":[{"href":"http:\/\/150.164.63.212:9000\/portal-novo-test\/wp-json\/wp\/v2\/media?parent=2809"}],"curies":[{"name":"wp","href":"https:\/\/api.w.org\/{rel}","templated":true}]}}