{"id":2811,"date":"2025-07-09T11:40:34","date_gmt":"2025-07-09T14:40:34","guid":{"rendered":"http:\/\/150.164.63.212:9000\/portal-novo-test\/?page_id=2811"},"modified":"2025-09-16T12:33:14","modified_gmt":"2025-09-16T15:33:14","slug":"concursos-publicos","status":"publish","type":"page","link":"http:\/\/150.164.63.212:9000\/portal-novo-test\/cursos\/formas-de-ingresso\/concursos-publicos\/","title":{"rendered":"Concursos P\u00fablicos"},"content":{"rendered":"\n<p>Informa\u00e7\u00f5es sobre concursos p\u00fablicos de provimentos de cargos:<\/p>\n\n\n<?xml encoding=\"utf-8\"?><ul class=\"wp-block-ufmg-hub-links [&amp;&gt;li_a]:flex [&amp;&gt;li_a]:items-center [&amp;&gt;li_a]:justify-between [&amp;&gt;li_a]:bg-neutral-50 [&amp;&gt;li_a]:px-4 [&amp;&gt;li_a]:py-3 md:[&amp;&gt;li_a]:py-5 [&amp;&gt;li_a]:border-b [&amp;&gt;li_a]:border-b-neutral-200 [&amp;&gt;li_a]:text-primary-300 [&amp;&gt;li_a]:text-base md:[&amp;&gt;li_a]:text-lg [&amp;&gt;li_a]:font-lexend [&amp;&gt;li_a]:font-medium [&amp;&gt;li_a]:transition-colors [&amp;&gt;li_a&gt;i]:text-[1rem] md:[&amp;&gt;li_a&gt;i]:text-[1.5rem] hover:[&amp;&gt;li_a]:bg-neutral-100 hover:[&amp;&gt;li_a]:border-b-primary-300\"><li class=\" wp-block-navigation-item wp-block-navigation-link\"><a class=\"wp-block-navigation-item__content\" href=\"https:\/\/www2.ufmg.br\/concursos\/Concursos\/Professor-Adjunto\" target=\"_blank\"><span class=\"wp-block-navigation-item__label\">Professor Adjunto<\/span><i class=\"ti ti-chevron-right\"><\/i><\/a><\/li>\n\n<li class=\" wp-block-navigation-item wp-block-navigation-link\"><a class=\"wp-block-navigation-item__content\" href=\"https:\/\/www2.ufmg.br\/concursos\/Concursos\/Professor-Assistente\" target=\"_blank\"><span class=\"wp-block-navigation-item__label\">Professor Assistente<\/span><i class=\"ti ti-chevron-right\"><\/i><\/a><\/li>\n\n<li class=\" wp-block-navigation-item wp-block-navigation-link\"><a class=\"wp-block-navigation-item__content\" href=\"https:\/\/www2.ufmg.br\/concursos\/Concursos\/Professor-Auxiliar\" target=\"_blank\"><span class=\"wp-block-navigation-item__label\">Professor Auxiliar<\/span><i class=\"ti ti-chevron-right\"><\/i><\/a><\/li>\n\n<li class=\" wp-block-navigation-item wp-block-navigation-link\"><a class=\"wp-block-navigation-item__content\" href=\"https:\/\/www2.ufmg.br\/concursos\/Concursos\/Professor-Ensino-Basico-Tecnico-e-Tecnologico\" target=\"_blank\"><span class=\"wp-block-navigation-item__label\">Professor Ensino B&aacute;sico, T&eacute;cnico e Tecnol&oacute;gico<\/span><i class=\"ti ti-chevron-right\"><\/i><\/a><\/li>\n\n<li class=\" wp-block-navigation-item wp-block-navigation-link\"><a class=\"wp-block-navigation-item__content\" href=\"https:\/\/www2.ufmg.br\/concursos\/Concursos\/Professor-Substituto-Visitante\" target=\"_blank\"><span class=\"wp-block-navigation-item__label\">Professor Substituto\/Visitante<\/span><i class=\"ti ti-chevron-right\"><\/i><\/a><\/li>\n\n<li class=\" wp-block-navigation-item wp-block-navigation-link\"><a class=\"wp-block-navigation-item__content\" href=\"https:\/\/www2.ufmg.br\/concursos\/Concursos\/Professor-Temporario\" target=\"_blank\"><span class=\"wp-block-navigation-item__label\">Professor Tempor&aacute;rio<\/span><i class=\"ti ti-chevron-right\"><\/i><\/a><\/li>\n\n<li class=\" wp-block-navigation-item wp-block-navigation-link\"><a class=\"wp-block-navigation-item__content\" href=\"https:\/\/www2.ufmg.br\/concursos\/Concursos\/Professor-Titular\" target=\"_blank\"><span class=\"wp-block-navigation-item__label\">Professor Titular<\/span><i class=\"ti ti-chevron-right\"><\/i><\/a><\/li>\n\n<li class=\" wp-block-navigation-item wp-block-navigation-link\"><a class=\"wp-block-navigation-item__content\" href=\"https:\/\/www2.ufmg.br\/concursos\/Concursos\/Tecnico-Administrativo\" target=\"_blank\"><span class=\"wp-block-navigation-item__label\">T&eacute;cnico-Administrativo em Educa&ccedil;&atilde;o<\/span><i class=\"ti ti-chevron-right\"><\/i><\/a><\/li><\/ul>\n\n\n\n<h2 class=\"wp-block-heading\">Saiba mais<\/h2>\n\n\n<?xml encoding=\"utf-8\"?><ul class=\"wp-block-ufmg-hub-links [&amp;&gt;li_a]:flex [&amp;&gt;li_a]:items-center [&amp;&gt;li_a]:justify-between [&amp;&gt;li_a]:bg-neutral-50 [&amp;&gt;li_a]:px-4 [&amp;&gt;li_a]:py-3 md:[&amp;&gt;li_a]:py-5 [&amp;&gt;li_a]:border-b [&amp;&gt;li_a]:border-b-neutral-200 [&amp;&gt;li_a]:text-primary-300 [&amp;&gt;li_a]:text-base md:[&amp;&gt;li_a]:text-lg [&amp;&gt;li_a]:font-lexend [&amp;&gt;li_a]:font-medium [&amp;&gt;li_a]:transition-colors [&amp;&gt;li_a&gt;i]:text-[1rem] md:[&amp;&gt;li_a&gt;i]:text-[1.5rem] hover:[&amp;&gt;li_a]:bg-neutral-100 hover:[&amp;&gt;li_a]:border-b-primary-300\"><li class=\" wp-block-navigation-item wp-block-navigation-link\"><a class=\"wp-block-navigation-item__content\" href=\"https:\/\/www.ufmg.br\/prorh\/publicacoes\/\" target=\"_blank\"><span class=\"wp-block-navigation-item__label\">P&aacute;gina de Concursos e Processos Seletivos da Pr&oacute;-reitoria de Recursos Humanos (PRORH)<\/span><i class=\"ti ti-chevron-right\"><\/i><\/a><\/li><\/ul>\n","protected":false},"excerpt":{"rendered":"<p>Informa\u00e7\u00f5es sobre concursos p\u00fablicos de provimentos de cargos: Saiba mais<\/p>\n","protected":false},"author":1,"featured_media":0,"parent":2901,"menu_order":0,"comment_status":"closed","ping_status":"closed","template":"","meta":{"_acf_changed":false,"footnotes":""},"class_list":["post-2811","page","type-page","status-publish","hentry"],"acf":[],"_links":{"self":[{"href":"http:\/\/150.164.63.212:9000\/portal-novo-test\/wp-json\/wp\/v2\/pages\/2811","targetHints":{"allow":["GET"]}}],"collection":[{"href":"http:\/\/150.164.63.212:9000\/portal-novo-test\/wp-json\/wp\/v2\/pages"}],"about":[{"href":"http:\/\/150.164.63.212:9000\/portal-novo-test\/wp-json\/wp\/v2\/types\/page"}],"author":[{"embeddable":true,"href":"http:\/\/150.164.63.212:9000\/portal-novo-test\/wp-json\/wp\/v2\/users\/1"}],"replies":[{"embeddable":true,"href":"http:\/\/150.164.63.212:9000\/portal-novo-test\/wp-json\/wp\/v2\/comments?post=2811"}],"version-history":[{"count":0,"href":"http:\/\/150.164.63.212:9000\/portal-novo-test\/wp-json\/wp\/v2\/pages\/2811\/revisions"}],"up":[{"embeddable":true,"href":"http:\/\/150.164.63.212:9000\/portal-novo-test\/wp-json\/wp\/v2\/pages\/2901"}],"wp:attachment":[{"href":"http:\/\/150.164.63.212:9000\/portal-novo-test\/wp-json\/wp\/v2\/media?parent=2811"}],"curies":[{"name":"wp","href":"https:\/\/api.w.org\/{rel}","templated":true}]}}