{"id":2829,"date":"2025-07-09T11:59:27","date_gmt":"2025-07-09T14:59:27","guid":{"rendered":"http:\/\/150.164.63.212:9000\/portal-novo-test\/?page_id=2829"},"modified":"2025-07-09T11:59:49","modified_gmt":"2025-07-09T14:59:49","slug":"servico-de-informacao-ao-cidadao","status":"publish","type":"page","link":"http:\/\/150.164.63.212:9000\/portal-novo-test\/acesso-a-informacao\/servico-de-informacao-ao-cidadao\/","title":{"rendered":"Servi\u00e7o de Informa\u00e7\u00e3o ao Cidad\u00e3o (SIC)"},"content":{"rendered":"\n<p>O Servi\u00e7o de Informa\u00e7\u00e3o ao Cidad\u00e3o (SIC) \u00e9 o \u00f3rg\u00e3o respons\u00e1vel por receber, encaminhar e acompanhar pedidos referentes \u00e0 Lei de Acesso \u00e0 Informa\u00e7\u00e3o (LAI). Nesta se\u00e7\u00e3o, s\u00e3o divulgadas informa\u00e7\u00f5es sobre o Servi\u00e7o de Informa\u00e7\u00e3o ao Cidad\u00e3o (SIC) no \u00e2mbito da Universidade Federal de Minas Gerais (UFMG).<\/p>\n\n\n<?xml encoding=\"utf-8\"?><ul class=\"wp-block-ufmg-hub-links [&amp;&gt;li_a]:flex [&amp;&gt;li_a]:items-center [&amp;&gt;li_a]:justify-between [&amp;&gt;li_a]:bg-neutral-50 [&amp;&gt;li_a]:px-4 [&amp;&gt;li_a]:py-3 md:[&amp;&gt;li_a]:py-5 [&amp;&gt;li_a]:border-b [&amp;&gt;li_a]:border-b-neutral-200 [&amp;&gt;li_a]:text-primary-300 [&amp;&gt;li_a]:text-base md:[&amp;&gt;li_a]:text-lg [&amp;&gt;li_a]:font-lexend [&amp;&gt;li_a]:font-medium [&amp;&gt;li_a]:transition-colors [&amp;&gt;li_a&gt;i]:text-[1rem] md:[&amp;&gt;li_a&gt;i]:text-[1.5rem] hover:[&amp;&gt;li_a]:bg-neutral-100 hover:[&amp;&gt;li_a]:border-b-primary-300\"><li class=\" wp-block-navigation-item wp-block-navigation-link\"><a class=\"wp-block-navigation-item__content\" href=\"http:\/\/150.164.63.212:9000\/portal-novo-test\/informacoes-sobre-servico-de-informacao-ao-cidadao-sic\/\" target=\"_blank\"><span class=\"wp-block-navigation-item__label\">Informa&ccedil;&otilde;es sobre Servi&ccedil;o de Informa&ccedil;&atilde;o ao Cidad&atilde;o (SIC)<\/span><i class=\"ti ti-chevron-right\"><\/i><\/a><\/li>\n\n<li class=\" wp-block-navigation-item wp-block-navigation-link\"><a class=\"wp-block-navigation-item__content\" href=\"http:\/\/150.164.63.212:9000\/portal-novo-test\/modelo-de-formulario-de-solicitacao-de-informacao-e-recurso\/\" target=\"_blank\"><span class=\"wp-block-navigation-item__label\">Modelo de Formul&aacute;rio de Solicita&ccedil;&atilde;o de Informa&ccedil;&atilde;o e Recurso<\/span><i class=\"ti ti-chevron-right\"><\/i><\/a><\/li>\n\n<li class=\" wp-block-navigation-item wp-block-navigation-link\"><a class=\"wp-block-navigation-item__content\" href=\"http:\/\/150.164.63.212:9000\/portal-novo-test\/link-para-a-plataforma-integrada-de-ouvidoria-e-acesso-a-informacao-fala-br\/\" target=\"_blank\"><span class=\"wp-block-navigation-item__label\">Link para a Plataforma Integrada de Ouvidoria e Acesso &agrave; Informa&ccedil;&atilde;o (Fala.BR)<\/span><i class=\"ti ti-chevron-right\"><\/i><\/a><\/li>\n\n<li class=\" wp-block-navigation-item wp-block-navigation-link\"><a class=\"wp-block-navigation-item__content\" href=\"http:\/\/150.164.63.212:9000\/portal-novo-test\/relatorio-anual-da-autoridade-de-monitoramento\/\" target=\"_blank\"><span class=\"wp-block-navigation-item__label\">Relat&oacute;rio Anual da Autoridade de Monitoramento<\/span><i class=\"ti ti-chevron-right\"><\/i><\/a><\/li><\/ul>\n\n\n\n<p><\/p>\n","protected":false},"excerpt":{"rendered":"<p>O Servi\u00e7o de Informa\u00e7\u00e3o ao Cidad\u00e3o (SIC) \u00e9 o \u00f3rg\u00e3o respons\u00e1vel por receber, encaminhar e acompanhar pedidos referentes \u00e0 Lei de Acesso \u00e0 Informa\u00e7\u00e3o (LAI). Nesta se\u00e7\u00e3o, s\u00e3o divulgadas informa\u00e7\u00f5es sobre o Servi\u00e7o de Informa\u00e7\u00e3o ao Cidad\u00e3o (SIC) no \u00e2mbito da Universidade Federal de Minas Gerais (UFMG).<\/p>\n","protected":false},"author":1,"featured_media":0,"parent":2885,"menu_order":0,"comment_status":"closed","ping_status":"closed","template":"","meta":{"_acf_changed":false,"footnotes":""},"class_list":["post-2829","page","type-page","status-publish","hentry"],"acf":[],"_links":{"self":[{"href":"http:\/\/150.164.63.212:9000\/portal-novo-test\/wp-json\/wp\/v2\/pages\/2829","targetHints":{"allow":["GET"]}}],"collection":[{"href":"http:\/\/150.164.63.212:9000\/portal-novo-test\/wp-json\/wp\/v2\/pages"}],"about":[{"href":"http:\/\/150.164.63.212:9000\/portal-novo-test\/wp-json\/wp\/v2\/types\/page"}],"author":[{"embeddable":true,"href":"http:\/\/150.164.63.212:9000\/portal-novo-test\/wp-json\/wp\/v2\/users\/1"}],"replies":[{"embeddable":true,"href":"http:\/\/150.164.63.212:9000\/portal-novo-test\/wp-json\/wp\/v2\/comments?post=2829"}],"version-history":[{"count":0,"href":"http:\/\/150.164.63.212:9000\/portal-novo-test\/wp-json\/wp\/v2\/pages\/2829\/revisions"}],"up":[{"embeddable":true,"href":"http:\/\/150.164.63.212:9000\/portal-novo-test\/wp-json\/wp\/v2\/pages\/2885"}],"wp:attachment":[{"href":"http:\/\/150.164.63.212:9000\/portal-novo-test\/wp-json\/wp\/v2\/media?parent=2829"}],"curies":[{"name":"wp","href":"https:\/\/api.w.org\/{rel}","templated":true}]}}