{"id":2832,"date":"2025-07-09T12:00:39","date_gmt":"2025-07-09T15:00:39","guid":{"rendered":"http:\/\/150.164.63.212:9000\/portal-novo-test\/?page_id=2832"},"modified":"2025-08-12T09:28:10","modified_gmt":"2025-08-12T12:28:10","slug":"informacoes-sobre-servico-de-informacao-ao-cidadao-sic","status":"publish","type":"page","link":"http:\/\/150.164.63.212:9000\/portal-novo-test\/acesso-a-informacao\/servico-de-informacao-ao-cidadao\/informacoes-sobre-servico-de-informacao-ao-cidadao-sic\/","title":{"rendered":"Informa\u00e7\u00f5es sobre Servi\u00e7o de Informa\u00e7\u00e3o ao Cidad\u00e3o (SIC)"},"content":{"rendered":"\n<p>O <a href=\"https:\/\/www.ufmg.br\/dgi\/sic\/\" target=\"_blank\" rel=\"noreferrer noopener\">SIC UFMG<\/a> \u00e9 o canal espec\u00edfico para orienta\u00e7\u00e3o e esclarecimento de d\u00favidas, tais como sobre a protocoliza\u00e7\u00e3o de requerimentos ou a tramita\u00e7\u00e3o da solicita\u00e7\u00e3o, dentre outros.<\/p>\n\n\n\n<h2 class=\"wp-block-heading\">Servi\u00e7o de Informa\u00e7\u00e3o ao Cidad\u00e3o da UFMG (SIC UFMG)<\/h2>\n\n\n\n<p><strong>Site<\/strong><br><a href=\"https:\/\/www.ufmg.br\/dgi\/sic\/\">www.ufmg.br\/dgi\/sic\/<\/a><\/p>\n\n\n\n<p><strong>Localiza\u00e7\u00e3o<\/strong><br>Avenida Presidente Ant\u00f4nio Carlos, 6.627, Pampulha, Belo Horizonte, Minas Gerais \u2013&nbsp;CEP: 31270-901<br>Unidade Administrativa III \u2013 2\u00ba andar<\/p>\n\n\n\n<p><strong>Hor\u00e1rio de funcionamento<\/strong><strong><br><\/strong>De segunda a sexta-feira, das 8h \u00e0s 17h<\/p>\n\n\n\n<p><strong>Autoridade de Monitoramento da\u00a0Lei de Acesso \u00e0 Informa\u00e7\u00e3o,\u00a0conforme Art. 40 da Lei n\u00ba 12.527\/11<\/strong><br><a href=\"http:\/\/somos.ufmg.br\/professor\/joana-ziller-de-araujo-josephson\" target=\"_blank\" rel=\"noreferrer noopener\">Joana Ziller de\u00a0Ara\u00fajo Josephson<\/a><br>Diretora de Governan\u00e7a Institucional<br>joanaziller@ufmg.br<br><br><strong>Servidores respons\u00e1veis pelo SIC UFMG<br><\/strong>Aline C\u00e2ndido Domingos Teixeira (Assistente em Administra\u00e7\u00e3o)<br>Gleice M\u00f4nica Rodrigues de Carvalho (Assistente em Administra\u00e7\u00e3o)<br>Moema Najjar Diniz (Assistente em Administra\u00e7\u00e3o)<\/p>\n\n\n\n<p><strong>Contatos<\/strong><strong><br><\/strong>(31) 3409-3872<br>sic@ufmg.br<\/p>\n","protected":false},"excerpt":{"rendered":"<p>O SIC UFMG \u00e9 o canal espec\u00edfico para orienta\u00e7\u00e3o e esclarecimento de d\u00favidas, tais como sobre a protocoliza\u00e7\u00e3o de requerimentos ou a tramita\u00e7\u00e3o da solicita\u00e7\u00e3o, dentre outros. Servi\u00e7o de Informa\u00e7\u00e3o ao Cidad\u00e3o da UFMG (SIC UFMG) Sitewww.ufmg.br\/dgi\/sic\/ Localiza\u00e7\u00e3oAvenida Presidente Ant\u00f4nio Carlos, 6.627, Pampulha, Belo Horizonte, Minas Gerais \u2013&nbsp;CEP: 31270-901Unidade Administrativa III \u2013 2\u00ba andar Hor\u00e1rio [&hellip;]<\/p>\n","protected":false},"author":1,"featured_media":0,"parent":2829,"menu_order":0,"comment_status":"closed","ping_status":"closed","template":"","meta":{"_acf_changed":false,"footnotes":""},"class_list":["post-2832","page","type-page","status-publish","hentry"],"acf":[],"_links":{"self":[{"href":"http:\/\/150.164.63.212:9000\/portal-novo-test\/wp-json\/wp\/v2\/pages\/2832","targetHints":{"allow":["GET"]}}],"collection":[{"href":"http:\/\/150.164.63.212:9000\/portal-novo-test\/wp-json\/wp\/v2\/pages"}],"about":[{"href":"http:\/\/150.164.63.212:9000\/portal-novo-test\/wp-json\/wp\/v2\/types\/page"}],"author":[{"embeddable":true,"href":"http:\/\/150.164.63.212:9000\/portal-novo-test\/wp-json\/wp\/v2\/users\/1"}],"replies":[{"embeddable":true,"href":"http:\/\/150.164.63.212:9000\/portal-novo-test\/wp-json\/wp\/v2\/comments?post=2832"}],"version-history":[{"count":0,"href":"http:\/\/150.164.63.212:9000\/portal-novo-test\/wp-json\/wp\/v2\/pages\/2832\/revisions"}],"up":[{"embeddable":true,"href":"http:\/\/150.164.63.212:9000\/portal-novo-test\/wp-json\/wp\/v2\/pages\/2829"}],"wp:attachment":[{"href":"http:\/\/150.164.63.212:9000\/portal-novo-test\/wp-json\/wp\/v2\/media?parent=2832"}],"curies":[{"name":"wp","href":"https:\/\/api.w.org\/{rel}","templated":true}]}}