{"id":2837,"date":"2025-07-09T12:01:09","date_gmt":"2025-07-09T15:01:09","guid":{"rendered":"http:\/\/150.164.63.212:9000\/portal-novo-test\/?page_id=2837"},"modified":"2025-08-28T13:13:47","modified_gmt":"2025-08-28T16:13:47","slug":"modelo-de-formulario-de-solicitacao-de-informacao-e-recurso","status":"publish","type":"page","link":"http:\/\/150.164.63.212:9000\/portal-novo-test\/acesso-a-informacao\/servico-de-informacao-ao-cidadao\/modelo-de-formulario-de-solicitacao-de-informacao-e-recurso\/","title":{"rendered":"Modelo de Formul\u00e1rio de Solicita\u00e7\u00e3o de Informa\u00e7\u00e3o e Recurso"},"content":{"rendered":"\n<p>Pedidos de acesso \u00e0 informa\u00e7\u00e3o podem ser feitos presencialmente no <a href=\"https:\/\/www.ufmg.br\/dgi\/sic\/\" target=\"_blank\" rel=\"noreferrer noopener\">SIC UFMG<\/a>, por meio de <a href=\"https:\/\/www.gov.br\/acessoainformacao\/pt-br\/lai-para-sic\/formularios\" target=\"_blank\" rel=\"noreferrer noopener\">formul\u00e1rio impresso<\/a>.<\/p>\n","protected":false},"excerpt":{"rendered":"<p>Pedidos de acesso \u00e0 informa\u00e7\u00e3o podem ser feitos presencialmente no SIC UFMG, por meio de formul\u00e1rio impresso.<\/p>\n","protected":false},"author":1,"featured_media":0,"parent":2829,"menu_order":0,"comment_status":"closed","ping_status":"closed","template":"","meta":{"_acf_changed":false,"footnotes":""},"class_list":["post-2837","page","type-page","status-publish","hentry"],"acf":[],"_links":{"self":[{"href":"http:\/\/150.164.63.212:9000\/portal-novo-test\/wp-json\/wp\/v2\/pages\/2837","targetHints":{"allow":["GET"]}}],"collection":[{"href":"http:\/\/150.164.63.212:9000\/portal-novo-test\/wp-json\/wp\/v2\/pages"}],"about":[{"href":"http:\/\/150.164.63.212:9000\/portal-novo-test\/wp-json\/wp\/v2\/types\/page"}],"author":[{"embeddable":true,"href":"http:\/\/150.164.63.212:9000\/portal-novo-test\/wp-json\/wp\/v2\/users\/1"}],"replies":[{"embeddable":true,"href":"http:\/\/150.164.63.212:9000\/portal-novo-test\/wp-json\/wp\/v2\/comments?post=2837"}],"version-history":[{"count":0,"href":"http:\/\/150.164.63.212:9000\/portal-novo-test\/wp-json\/wp\/v2\/pages\/2837\/revisions"}],"up":[{"embeddable":true,"href":"http:\/\/150.164.63.212:9000\/portal-novo-test\/wp-json\/wp\/v2\/pages\/2829"}],"wp:attachment":[{"href":"http:\/\/150.164.63.212:9000\/portal-novo-test\/wp-json\/wp\/v2\/media?parent=2837"}],"curies":[{"name":"wp","href":"https:\/\/api.w.org\/{rel}","templated":true}]}}