{"id":2841,"date":"2025-07-09T12:01:41","date_gmt":"2025-07-09T15:01:41","guid":{"rendered":"http:\/\/150.164.63.212:9000\/portal-novo-test\/?page_id=2841"},"modified":"2025-07-09T12:01:41","modified_gmt":"2025-07-09T15:01:41","slug":"link-para-a-plataforma-integrada-de-ouvidoria-e-acesso-a-informacao-fala-br","status":"publish","type":"page","link":"http:\/\/150.164.63.212:9000\/portal-novo-test\/acesso-a-informacao\/servico-de-informacao-ao-cidadao\/link-para-a-plataforma-integrada-de-ouvidoria-e-acesso-a-informacao-fala-br\/","title":{"rendered":"Link para a Plataforma Integrada de Ouvidoria e Acesso \u00e0 Informa\u00e7\u00e3o (Fala.BR)"},"content":{"rendered":"\n<p>O <a href=\"https:\/\/falabr.cgu.gov.br\/web\/home\" target=\"_blank\" rel=\"noreferrer noopener\">Fala.BR<\/a> \u00e9 a plataforma nacionalmente reconhecida para melhor gerenciar os pedidos enviados pela sociedade e a inser\u00e7\u00e3o de respostas pelos \u00f3rg\u00e3os, contribuindo para a efici\u00eancia, gest\u00e3o e transpar\u00eancia ao tratamento dos pedidos de acesso \u00e0 informa\u00e7\u00e3o. <a href=\"https:\/\/falabr.cgu.gov.br\/web\/home\" target=\"_blank\" rel=\"noreferrer noopener\">Clique aqui<\/a>, para acessar o Fala.BR.<\/p>\n\n\n\n\n\t<figure data-size=\"medium\"\n\t\tclass=\"group space-y-2 data-[size=small]:w-[21rem] sm:data-[size=medium]:w-[40rem] lg:data-[size=small]:float-left lg:data-[size=small]:mr-8 mx-auto\">\n\t\t\t\t\t<img loading=\"lazy\" decoding=\"async\" width=\"398\" height=\"225\" src=\"http:\/\/150.164.63.212:9000\/portal-novo-test\/app\/uploads\/2025\/07\/falabr_botao.webp\" class=\"group-data-[size=small]:w-[21rem] group-data-[size=small]:h-[29.75rem] sm:group-data-[size=medium]:w-[40rem] sm:group-data-[size=small]:h-[27.8125rem] lg:group-data-[size=medium]:h-[27.8125rem] group-data-[size=large]:w-full group-data-[size=large]:h-[9.875rem] md:group-data-[size=large]:h-[27.8125rem] rounded object-fill\" alt=\"\u00cdcone do Fala.BR\" \/>\t\t\t\t<div\n\t\t\tclass=\"group-data-[size=small]:w-[21rem] px-3 pt-3 pb-6 md:px-6 group-data-[size=small]:px-3 text-neutral-300 text-xs md:text-sm\">\n\t\t\t<figcaption title=\"\u00cdcone do Fala.BR\" class=\"block line-clamp-4 md:line-clamp-3\">\n\t\t\t\t\u00cdcone do Fala.BR\t\t\t<\/figcaption>\n\t\t\t<cite\n\t\t\t\tclass=\"relative block not-italic after:absolute after:left-0 after:right-0 after:-bottom-3 after:h-px after:bg-neutral-100\">\n\t\t\t\tFonte: Site do Fala.BR (www.falabr.cgu.gov.br)\t\t\t<\/cite>\n\t\t<\/div>\n\t<\/figure>\n","protected":false},"excerpt":{"rendered":"<p>O Fala.BR \u00e9 a plataforma nacionalmente reconhecida para melhor gerenciar os pedidos enviados pela sociedade e a inser\u00e7\u00e3o de respostas pelos \u00f3rg\u00e3os, contribuindo para a efici\u00eancia, gest\u00e3o e transpar\u00eancia ao tratamento dos pedidos de acesso \u00e0 informa\u00e7\u00e3o. Clique aqui, para acessar o Fala.BR.<\/p>\n","protected":false},"author":1,"featured_media":0,"parent":2829,"menu_order":0,"comment_status":"closed","ping_status":"closed","template":"","meta":{"_acf_changed":false,"footnotes":""},"class_list":["post-2841","page","type-page","status-publish","hentry"],"acf":[],"_links":{"self":[{"href":"http:\/\/150.164.63.212:9000\/portal-novo-test\/wp-json\/wp\/v2\/pages\/2841","targetHints":{"allow":["GET"]}}],"collection":[{"href":"http:\/\/150.164.63.212:9000\/portal-novo-test\/wp-json\/wp\/v2\/pages"}],"about":[{"href":"http:\/\/150.164.63.212:9000\/portal-novo-test\/wp-json\/wp\/v2\/types\/page"}],"author":[{"embeddable":true,"href":"http:\/\/150.164.63.212:9000\/portal-novo-test\/wp-json\/wp\/v2\/users\/1"}],"replies":[{"embeddable":true,"href":"http:\/\/150.164.63.212:9000\/portal-novo-test\/wp-json\/wp\/v2\/comments?post=2841"}],"version-history":[{"count":0,"href":"http:\/\/150.164.63.212:9000\/portal-novo-test\/wp-json\/wp\/v2\/pages\/2841\/revisions"}],"up":[{"embeddable":true,"href":"http:\/\/150.164.63.212:9000\/portal-novo-test\/wp-json\/wp\/v2\/pages\/2829"}],"wp:attachment":[{"href":"http:\/\/150.164.63.212:9000\/portal-novo-test\/wp-json\/wp\/v2\/media?parent=2841"}],"curies":[{"name":"wp","href":"https:\/\/api.w.org\/{rel}","templated":true}]}}