{"id":2851,"date":"2025-07-09T12:02:17","date_gmt":"2025-07-09T15:02:17","guid":{"rendered":"http:\/\/150.164.63.212:9000\/portal-novo-test\/?page_id=2851"},"modified":"2025-08-11T12:14:08","modified_gmt":"2025-08-11T15:14:08","slug":"relatorio-anual-da-autoridade-de-monitoramento","status":"publish","type":"page","link":"http:\/\/150.164.63.212:9000\/portal-novo-test\/acesso-a-informacao\/servico-de-informacao-ao-cidadao\/relatorio-anual-da-autoridade-de-monitoramento\/","title":{"rendered":"Relat\u00f3rio Anual da Autoridade de Monitoramento"},"content":{"rendered":"\n<div class=\"wp-block-ufmg-cards grid grid-cols-1 lg:grid-cols-cards gap-8\">\n\t<div class=\"flex flex-col gap-6 p-6 md:py-8 border border-neutral-200 rounded-lg\">\n\n\t\t\t\t\t<h2 class=\"pl-2 border-l-2 border-l-primary-400 text-neutral-600 text-xl md:text-2xl font-semibold\">\n\t\t\t\tRelat\u00f3rios Estat\u00edsticos de Atendimento \u00e0 Lei de Acesso \u00e0 Informa\u00e7\u00e3o\t\t\t<\/h2>\n\t\t\n\t\t\t\t\t<p class=\"flex-1 text-base md:text-lg text-neutral-500\">\n\t\t\t\tCentral de Pain\u00e9is da CGU\t\t\t<\/p>\n\t\t\n\t\t\t\t\t<a href=\"https:\/\/centralpaineis.cgu.gov.br\/visualizar\/lai\" target=\"_blank\" rel=\"noopener noreferrer\"\t\t\t\tclass=\"w-fit ml-auto flex items-center gap-4 text-primary-300 font-lexend font-medium text-base md:text-lg\">\n\t\t\t\tAcesse aqui\t\t\t\t<i class=\"ti ti-chevron-right text-[1rem] md:text-[1.25rem]\"><\/i>\n\t\t\t<\/a>\n\t\t\t<\/div>\n<\/div>\n\n\n\n<h4 class=\"wp-block-heading\"><strong><em>Passo a passo:<\/em><\/strong><\/h4>\n\n\n\n<p>1. Acessar a <a href=\"https:\/\/centralpaineis.cgu.gov.br\/visualizar\/lai\" target=\"_blank\" rel=\"noreferrer noopener\">Painel Lei de Acesso \u00e0 Informa\u00e7\u00e3o<\/a>.<br>2. Clicar em &#8220;Iniciar&#8221;.<br>3. No campo &#8220;Nome do \u00f3rg\u00e3o&#8221;, selecione &#8220;UFMG&#8221;<br>4. Se necess\u00e1rio, informe o per\u00edodo desejado.<br>5. Consulte os dados.<\/p>\n\n\n\n<h2 class=\"wp-block-heading\">Saiba mais<\/h2>\n\n\n<?xml encoding=\"utf-8\"?><ul class=\"wp-block-ufmg-hub-links [&amp;&gt;li_a]:flex [&amp;&gt;li_a]:items-center [&amp;&gt;li_a]:justify-between [&amp;&gt;li_a]:bg-neutral-50 [&amp;&gt;li_a]:px-4 [&amp;&gt;li_a]:py-3 md:[&amp;&gt;li_a]:py-5 [&amp;&gt;li_a]:border-b [&amp;&gt;li_a]:border-b-neutral-200 [&amp;&gt;li_a]:text-primary-300 [&amp;&gt;li_a]:text-base md:[&amp;&gt;li_a]:text-lg [&amp;&gt;li_a]:font-lexend [&amp;&gt;li_a]:font-medium [&amp;&gt;li_a]:transition-colors [&amp;&gt;li_a&gt;i]:text-[1rem] md:[&amp;&gt;li_a&gt;i]:text-[1.5rem] hover:[&amp;&gt;li_a]:bg-neutral-100 hover:[&amp;&gt;li_a]:border-b-primary-300\"><li class=\" wp-block-navigation-item wp-block-navigation-link\"><a class=\"wp-block-navigation-item__content\" href=\"https:\/\/www.ufmg.br\/dgi\/relatorios\/\" target=\"_blank\"><span class=\"wp-block-navigation-item__label\">Relat&oacute;rios anuais da Diretoria de Governan&ccedil;a Informacional (DGI), da Ouvidoria e do Servi&ccedil;o de Informa&ccedil;&atilde;o ao Cidad&atilde;o (SIC UFMG)<\/span><i class=\"ti ti-chevron-right\"><\/i><\/a><\/li><\/ul>\n\n\n\n<p><br><\/p>\n","protected":false},"excerpt":{"rendered":"<p>Passo a passo: 1. Acessar a Painel Lei de Acesso \u00e0 Informa\u00e7\u00e3o.2. Clicar em &#8220;Iniciar&#8221;.3. No campo &#8220;Nome do \u00f3rg\u00e3o&#8221;, selecione &#8220;UFMG&#8221;4. Se necess\u00e1rio, informe o per\u00edodo desejado.5. Consulte os dados. Saiba mais<\/p>\n","protected":false},"author":1,"featured_media":0,"parent":2829,"menu_order":0,"comment_status":"closed","ping_status":"closed","template":"","meta":{"_acf_changed":false,"footnotes":""},"class_list":["post-2851","page","type-page","status-publish","hentry"],"acf":[],"_links":{"self":[{"href":"http:\/\/150.164.63.212:9000\/portal-novo-test\/wp-json\/wp\/v2\/pages\/2851","targetHints":{"allow":["GET"]}}],"collection":[{"href":"http:\/\/150.164.63.212:9000\/portal-novo-test\/wp-json\/wp\/v2\/pages"}],"about":[{"href":"http:\/\/150.164.63.212:9000\/portal-novo-test\/wp-json\/wp\/v2\/types\/page"}],"author":[{"embeddable":true,"href":"http:\/\/150.164.63.212:9000\/portal-novo-test\/wp-json\/wp\/v2\/users\/1"}],"replies":[{"embeddable":true,"href":"http:\/\/150.164.63.212:9000\/portal-novo-test\/wp-json\/wp\/v2\/comments?post=2851"}],"version-history":[{"count":0,"href":"http:\/\/150.164.63.212:9000\/portal-novo-test\/wp-json\/wp\/v2\/pages\/2851\/revisions"}],"up":[{"embeddable":true,"href":"http:\/\/150.164.63.212:9000\/portal-novo-test\/wp-json\/wp\/v2\/pages\/2829"}],"wp:attachment":[{"href":"http:\/\/150.164.63.212:9000\/portal-novo-test\/wp-json\/wp\/v2\/media?parent=2851"}],"curies":[{"name":"wp","href":"https:\/\/api.w.org\/{rel}","templated":true}]}}