{"id":2855,"date":"2025-07-09T12:02:51","date_gmt":"2025-07-09T15:02:51","guid":{"rendered":"http:\/\/150.164.63.212:9000\/portal-novo-test\/?page_id=2855"},"modified":"2025-09-22T14:49:42","modified_gmt":"2025-09-22T17:49:42","slug":"perguntas-frequentes","status":"publish","type":"page","link":"http:\/\/150.164.63.212:9000\/portal-novo-test\/acesso-a-informacao\/perguntas-frequentes\/","title":{"rendered":"Perguntas Frequentes"},"content":{"rendered":"\n<p>Nesta se\u00e7\u00e3o, s\u00e3o divulgadas as perguntas frequentes sobre as atividades desempenhadas pela Universidade Federal de Minas Gerais (UFMG) ou sobre as a\u00e7\u00f5es no \u00e2mbito de sua compet\u00eancia.<\/p>\n\n\n<?xml encoding=\"utf-8\"?><ul class=\"wp-block-ufmg-hub-links [&amp;&gt;li_a]:flex [&amp;&gt;li_a]:items-center [&amp;&gt;li_a]:justify-between [&amp;&gt;li_a]:bg-neutral-50 [&amp;&gt;li_a]:px-4 [&amp;&gt;li_a]:py-3 md:[&amp;&gt;li_a]:py-5 [&amp;&gt;li_a]:border-b [&amp;&gt;li_a]:border-b-neutral-200 [&amp;&gt;li_a]:text-primary-300 [&amp;&gt;li_a]:text-base md:[&amp;&gt;li_a]:text-lg [&amp;&gt;li_a]:font-lexend [&amp;&gt;li_a]:font-medium [&amp;&gt;li_a]:transition-colors [&amp;&gt;li_a&gt;i]:text-[1rem] md:[&amp;&gt;li_a&gt;i]:text-[1.5rem] hover:[&amp;&gt;li_a]:bg-neutral-100 hover:[&amp;&gt;li_a]:border-b-primary-300\"><li class=\" wp-block-navigation-item wp-block-navigation-link\"><a class=\"wp-block-navigation-item__content\" href=\"http:\/\/150.164.63.212:9000\/portal-novo-test\/a-universidade\/informacoes-por-publicos\/\" target=\"_blank\"><span class=\"wp-block-navigation-item__label\">Informa&ccedil;&otilde;es sobre tem&aacute;ticas diversas da UFMG<\/span><i class=\"ti ti-chevron-right\"><\/i><\/a><\/li>\n\n<li class=\" wp-block-navigation-item wp-block-navigation-link\"><a class=\"wp-block-navigation-item__content\" href=\"https:\/\/www.ufmg.br\/sisu\/duvidas\/\" target=\"_blank\"><span class=\"wp-block-navigation-item__label\">Ingresso na UFMG pelo Sisu<\/span><i class=\"ti ti-chevron-right\"><\/i><\/a><\/li>\n\n<li class=\" wp-block-navigation-item wp-block-navigation-link\"><a class=\"wp-block-navigation-item__content\" href=\"https:\/\/www.ufmg.br\/seriadoufmg\/faq\/\" target=\"_blank\"><span class=\"wp-block-navigation-item__label\">Ingresso na UFMG pelo Seriado<\/span><i class=\"ti ti-chevron-right\"><\/i><\/a><\/li>\n\n<li class=\" wp-block-navigation-item wp-block-navigation-link\"><a class=\"wp-block-navigation-item__content\" href=\"https:\/\/www.ufmg.br\/viverufmg\/primeiros-passos\/perguntas-frequentes\/\" target=\"_blank\"><span class=\"wp-block-navigation-item__label\">Orienta&ccedil;&otilde;es para alunos ingressantes na gradua&ccedil;&atilde;o<\/span><i class=\"ti ti-chevron-right\"><\/i><\/a><\/li>\n\n<li class=\" wp-block-navigation-item wp-block-navigation-link\"><a class=\"wp-block-navigation-item__content\" href=\"https:\/\/www.bu.ufmg.br\/bu_atual\/o-sistema-de-bibliotecas\/perguntas-frequentes\/\" target=\"_blank\"><span class=\"wp-block-navigation-item__label\">Informa&ccedil;&otilde;es referentes as Bibliotecas da UFMG<\/span><i class=\"ti ti-chevron-right\"><\/i><\/a><\/li>\n\n<li class=\" wp-block-navigation-item wp-block-navigation-link\"><a class=\"wp-block-navigation-item__content\" href=\"https:\/\/www.ufmg.br\/dti\/faq\/\" target=\"_blank\"><span class=\"wp-block-navigation-item__label\">Informa&ccedil;&otilde;es sobre os sistemas digitais da UFMG &ndash; FAQ da Diretoria de Tecnologia da Informa&ccedil;&atilde;o (DTI)<\/span><i class=\"ti ti-chevron-right\"><\/i><\/a><\/li>\n\n<li class=\" wp-block-navigation-item wp-block-navigation-link\"><a class=\"wp-block-navigation-item__content\" href=\"https:\/\/www.ufmg.br\/dedd\/sobre-a-dedd\/perguntas-frequentes\/\" target=\"_blank\"><span class=\"wp-block-navigation-item__label\">Informa&ccedil;&otilde;es referentes a Diretoria de Educa&ccedil;&atilde;o a Dist&acirc;ncia e Educa&ccedil;&atilde;o Digital (DEDD)<\/span><i class=\"ti ti-chevron-right\"><\/i><\/a><\/li>\n\n<li class=\" wp-block-navigation-item wp-block-navigation-link\"><a class=\"wp-block-navigation-item__content\" href=\"https:\/\/www.ufmg.br\/diarq\/index.php\/perguntas-frequentes\/\" target=\"_blank\"><span class=\"wp-block-navigation-item__label\">Servi&ccedil;os da Diretoria de Arquivos Institucionais (Diarq) e orienta&ccedil;&otilde;es sobre elimina&ccedil;&atilde;o de documentos<\/span><i class=\"ti ti-chevron-right\"><\/i><\/a><\/li>\n\n<li class=\" wp-block-navigation-item wp-block-navigation-link\"><a class=\"wp-block-navigation-item__content\" href=\"https:\/\/www.fundep.ufmg.br\/faq\" target=\"_blank\"><span class=\"wp-block-navigation-item__label\">Atua&ccedil;&atilde;o da Funda&ccedil;&atilde;o de Apoio da UFMG (Fundep)<\/span><i class=\"ti ti-chevron-right\"><\/i><\/a><\/li><\/ul>\n\n\n\n<p><\/p>\n","protected":false},"excerpt":{"rendered":"<p>Nesta se\u00e7\u00e3o, s\u00e3o divulgadas as perguntas frequentes sobre as atividades desempenhadas pela Universidade Federal de Minas Gerais (UFMG) ou sobre as a\u00e7\u00f5es no \u00e2mbito de sua compet\u00eancia.<\/p>\n","protected":false},"author":1,"featured_media":0,"parent":2885,"menu_order":0,"comment_status":"closed","ping_status":"closed","template":"","meta":{"_acf_changed":false,"footnotes":""},"class_list":["post-2855","page","type-page","status-publish","hentry"],"acf":[],"_links":{"self":[{"href":"http:\/\/150.164.63.212:9000\/portal-novo-test\/wp-json\/wp\/v2\/pages\/2855","targetHints":{"allow":["GET"]}}],"collection":[{"href":"http:\/\/150.164.63.212:9000\/portal-novo-test\/wp-json\/wp\/v2\/pages"}],"about":[{"href":"http:\/\/150.164.63.212:9000\/portal-novo-test\/wp-json\/wp\/v2\/types\/page"}],"author":[{"embeddable":true,"href":"http:\/\/150.164.63.212:9000\/portal-novo-test\/wp-json\/wp\/v2\/users\/1"}],"replies":[{"embeddable":true,"href":"http:\/\/150.164.63.212:9000\/portal-novo-test\/wp-json\/wp\/v2\/comments?post=2855"}],"version-history":[{"count":0,"href":"http:\/\/150.164.63.212:9000\/portal-novo-test\/wp-json\/wp\/v2\/pages\/2855\/revisions"}],"up":[{"embeddable":true,"href":"http:\/\/150.164.63.212:9000\/portal-novo-test\/wp-json\/wp\/v2\/pages\/2885"}],"wp:attachment":[{"href":"http:\/\/150.164.63.212:9000\/portal-novo-test\/wp-json\/wp\/v2\/media?parent=2855"}],"curies":[{"name":"wp","href":"https:\/\/api.w.org\/{rel}","templated":true}]}}