{"id":2859,"date":"2025-07-09T12:06:24","date_gmt":"2025-07-09T15:06:24","guid":{"rendered":"http:\/\/150.164.63.212:9000\/portal-novo-test\/?page_id=2859"},"modified":"2025-09-05T10:44:47","modified_gmt":"2025-09-05T13:44:47","slug":"dados-abertos","status":"publish","type":"page","link":"http:\/\/150.164.63.212:9000\/portal-novo-test\/acesso-a-informacao\/dados-abertos\/","title":{"rendered":"Dados Abertos"},"content":{"rendered":"\n<p>Nesta se\u00e7\u00e3o, s\u00e3o divulgadas as a\u00e7\u00f5es relacionadas \u00e0 Pol\u00edtica de Dados Abertos no \u00e2mbito da Universidade Federal de Minas Gerais (UFMG), inclusive seu Plano de Dados Abertos (PDA), documento orientador para as a\u00e7\u00f5es de implementa\u00e7\u00e3o e promo\u00e7\u00e3o de abertura de dados da Institui\u00e7\u00e3o. Ele organiza o planejamento referente \u00e0 implanta\u00e7\u00e3o e racionaliza\u00e7\u00e3o dos processos de publica\u00e7\u00e3o de dados abertos nas organiza\u00e7\u00f5es p\u00fablicas.<\/p>\n\n\n\n<div class=\"wp-block-ufmg-details-group\"><?xml encoding=\"utf-8\"?><details class=\"group\/accordion\"><summary class=\"flex gap-4 items-center bg-neutral-50 border-x border-t group-last-of-type\/accordion:border-b border-neutral-200 group-open\/accordion:border-primary-300 group-open\/accordion:bg-primary-300 p-3 group-[&amp;:first-of-type]\/accordion:rounded-t group-[&amp;:last-of-type]\/accordion:rounded-b group-open\/accordion:[&amp;:last-of-type]:rounded-b-none text-neutral-600 group-open\/accordion:text-neutral-50 text-lg font-semibold [&amp;&gt;i]:text-[1.5rem] group-open\/accordion:[&amp;&gt;i]:text-neutral-50 [&amp;&gt;i]:text-primary-300 group-open\/accordion:[&amp;&gt;i]:-rotate-180 [&amp;&gt;i]:transition-transform transition-colors cursor-pointer\"><span class=\"grow\">Planos de Dados Abertos (PDA) Vigente e Anteriores, bem como Comunicados de Eventuais Altera&ccedil;&otilde;es em seus Conte&uacute;dos<\/span><i class=\"ti ti-chevron-down\"><\/i><\/summary><div class=\"space-y-4 p-3 border-x group-[&amp;:last-of-type]\/accordion:border-b border-neutral-200 text-base text-neutral-400 group-[&amp;:last-of-type]\/accordion:rounded-bl group-[&amp;:last-of-type]\/accordion:rounded-br [&amp;_.wp-block-heading+p]:!mt-0\">\n<p><a href=\"https:\/\/www.ufmg.br\/dgi\/dados-abertos\/\" target=\"_blank\" rel=\"noreferrer noopener\">Planos de Dados Abertos da UFMG<\/a><\/p>\n<\/div><\/details>\n\n\n<?xml encoding=\"utf-8\"?><details class=\"group\/accordion\"><summary class=\"flex gap-4 items-center bg-neutral-50 border-x border-t group-last-of-type\/accordion:border-b border-neutral-200 group-open\/accordion:border-primary-300 group-open\/accordion:bg-primary-300 p-3 group-[&amp;:first-of-type]\/accordion:rounded-t group-[&amp;:last-of-type]\/accordion:rounded-b group-open\/accordion:[&amp;:last-of-type]:rounded-b-none text-neutral-600 group-open\/accordion:text-neutral-50 text-lg font-semibold [&amp;&gt;i]:text-[1.5rem] group-open\/accordion:[&amp;&gt;i]:text-neutral-50 [&amp;&gt;i]:text-primary-300 group-open\/accordion:[&amp;&gt;i]:-rotate-180 [&amp;&gt;i]:transition-transform transition-colors cursor-pointer\"><span class=\"grow\">Disponibiliza&ccedil;&atilde;o das Bases de Dados Programadas para Abertura no PDA do &Oacute;rg&atilde;o<\/span><i class=\"ti ti-chevron-down\"><\/i><\/summary><div class=\"space-y-4 p-3 border-x group-[&amp;:last-of-type]\/accordion:border-b border-neutral-200 text-base text-neutral-400 group-[&amp;:last-of-type]\/accordion:rounded-bl group-[&amp;:last-of-type]\/accordion:rounded-br [&amp;_.wp-block-heading+p]:!mt-0\">\n<p><a href=\"https:\/\/www.ufmg.br\/dgi\/relatorios\/\" target=\"_blank\" rel=\"noreferrer noopener\">Relat&oacute;rios da Diretoria de Governan&ccedil;a Informacional (DGI)<\/a><\/p>\n\n\n\n<p><\/p>\n\n\n\n<p><a href=\"https:\/\/dados.gov.br\/dados\/conjuntos-dados\/inventrio-de-bases-de-dados-da-ufmg-\" target=\"_blank\" rel=\"noreferrer noopener\">Portal Brasileiro de Dados Abertos<\/a> <\/p>\n<\/div><\/details>\n\n\n<?xml encoding=\"utf-8\"?><details class=\"group\/accordion\"><summary class=\"flex gap-4 items-center bg-neutral-50 border-x border-t group-last-of-type\/accordion:border-b border-neutral-200 group-open\/accordion:border-primary-300 group-open\/accordion:bg-primary-300 p-3 group-[&amp;:first-of-type]\/accordion:rounded-t group-[&amp;:last-of-type]\/accordion:rounded-b group-open\/accordion:[&amp;:last-of-type]:rounded-b-none text-neutral-600 group-open\/accordion:text-neutral-50 text-lg font-semibold [&amp;&gt;i]:text-[1.5rem] group-open\/accordion:[&amp;&gt;i]:text-neutral-50 [&amp;&gt;i]:text-primary-300 group-open\/accordion:[&amp;&gt;i]:-rotate-180 [&amp;&gt;i]:transition-transform transition-colors cursor-pointer\"><span class=\"grow\">Relat&oacute;rio Anual de Execu&ccedil;&atilde;o do PDA<\/span><i class=\"ti ti-chevron-down\"><\/i><\/summary><div class=\"space-y-4 p-3 border-x group-[&amp;:last-of-type]\/accordion:border-b border-neutral-200 text-base text-neutral-400 group-[&amp;:last-of-type]\/accordion:rounded-bl group-[&amp;:last-of-type]\/accordion:rounded-br [&amp;_.wp-block-heading+p]:!mt-0\">\n<p><a href=\"https:\/\/www.ufmg.br\/dgi\/relatorios\/\" target=\"_blank\" rel=\"noreferrer noopener\">Relat&oacute;rios da Diretoria de Governan&ccedil;a Informacional (DGI)<\/a><\/p>\n<\/div><\/details>\n<\/div>\n\n\n\n<p><\/p>\n","protected":false},"excerpt":{"rendered":"<p>Nesta se\u00e7\u00e3o, s\u00e3o divulgadas as a\u00e7\u00f5es relacionadas \u00e0 Pol\u00edtica de Dados Abertos no \u00e2mbito da Universidade Federal de Minas Gerais (UFMG), inclusive seu Plano de Dados Abertos (PDA), documento orientador para as a\u00e7\u00f5es de implementa\u00e7\u00e3o e promo\u00e7\u00e3o de abertura de dados da Institui\u00e7\u00e3o. Ele organiza o planejamento referente \u00e0 implanta\u00e7\u00e3o e racionaliza\u00e7\u00e3o dos processos de [&hellip;]<\/p>\n","protected":false},"author":1,"featured_media":0,"parent":2885,"menu_order":0,"comment_status":"closed","ping_status":"closed","template":"","meta":{"_acf_changed":false,"footnotes":""},"class_list":["post-2859","page","type-page","status-publish","hentry"],"acf":[],"_links":{"self":[{"href":"http:\/\/150.164.63.212:9000\/portal-novo-test\/wp-json\/wp\/v2\/pages\/2859","targetHints":{"allow":["GET"]}}],"collection":[{"href":"http:\/\/150.164.63.212:9000\/portal-novo-test\/wp-json\/wp\/v2\/pages"}],"about":[{"href":"http:\/\/150.164.63.212:9000\/portal-novo-test\/wp-json\/wp\/v2\/types\/page"}],"author":[{"embeddable":true,"href":"http:\/\/150.164.63.212:9000\/portal-novo-test\/wp-json\/wp\/v2\/users\/1"}],"replies":[{"embeddable":true,"href":"http:\/\/150.164.63.212:9000\/portal-novo-test\/wp-json\/wp\/v2\/comments?post=2859"}],"version-history":[{"count":0,"href":"http:\/\/150.164.63.212:9000\/portal-novo-test\/wp-json\/wp\/v2\/pages\/2859\/revisions"}],"up":[{"embeddable":true,"href":"http:\/\/150.164.63.212:9000\/portal-novo-test\/wp-json\/wp\/v2\/pages\/2885"}],"wp:attachment":[{"href":"http:\/\/150.164.63.212:9000\/portal-novo-test\/wp-json\/wp\/v2\/media?parent=2859"}],"curies":[{"name":"wp","href":"https:\/\/api.w.org\/{rel}","templated":true}]}}