{"id":2868,"date":"2025-07-09T12:07:29","date_gmt":"2025-07-09T15:07:29","guid":{"rendered":"http:\/\/150.164.63.212:9000\/portal-novo-test\/?page_id=2868"},"modified":"2025-09-12T16:28:18","modified_gmt":"2025-09-12T19:28:18","slug":"transparencia-proativa","status":"publish","type":"page","link":"http:\/\/150.164.63.212:9000\/portal-novo-test\/acesso-a-informacao\/transparencia-proativa\/","title":{"rendered":"Transpar\u00eancia Proativa"},"content":{"rendered":"\n<p>Nesta se\u00e7\u00e3o, a Universidade Federal de Minas Gerais (UFMG) promove a divulga\u00e7\u00e3o espont\u00e2nea de informa\u00e7\u00f5es que s\u00e3o de interesse p\u00fablico e que n\u00e3o foram destacadas nos demais itens do menu Acesso \u00e0 Informa\u00e7\u00e3o.<\/p>\n\n\n\n<div class=\"wp-block-ufmg-details-group\"><?xml encoding=\"utf-8\"?><details class=\"group\/accordion\"><summary class=\"flex gap-4 items-center bg-neutral-50 border-x border-t group-last-of-type\/accordion:border-b border-neutral-200 group-open\/accordion:border-primary-300 group-open\/accordion:bg-primary-300 p-3 group-[&amp;:first-of-type]\/accordion:rounded-t group-[&amp;:last-of-type]\/accordion:rounded-b group-open\/accordion:[&amp;:last-of-type]:rounded-b-none text-neutral-600 group-open\/accordion:text-neutral-50 text-lg font-semibold [&amp;&gt;i]:text-[1.5rem] group-open\/accordion:[&amp;&gt;i]:text-neutral-50 [&amp;&gt;i]:text-primary-300 group-open\/accordion:[&amp;&gt;i]:-rotate-180 [&amp;&gt;i]:transition-transform transition-colors cursor-pointer\"><span class=\"grow\">Calend&aacute;rio Escolar da UFMG<\/span><i class=\"ti ti-chevron-down\"><\/i><\/summary><div class=\"space-y-4 p-3 border-x group-[&amp;:last-of-type]\/accordion:border-b border-neutral-200 text-base text-neutral-400 group-[&amp;:last-of-type]\/accordion:rounded-bl group-[&amp;:last-of-type]\/accordion:rounded-br [&amp;_.wp-block-heading+p]:!mt-0\">\n<p>O Calend&aacute;rio Escolar auxilia na gest&atilde;o, organizando as atividades e divulgando prazos importantes da Institui&ccedil;&atilde;o.<\/p>\n\n\n\n<p><a href=\"http:\/\/150.164.63.212:9000\/portal-novo-test\/a-universidade\/calendario-escolar\/\">Clique aqui<\/a> para acessar o Calend&aacute;rio Escolar.<\/p>\n<\/div><\/details>\n\n\n<?xml encoding=\"utf-8\"?><details class=\"group\/accordion\"><summary class=\"flex gap-4 items-center bg-neutral-50 border-x border-t group-last-of-type\/accordion:border-b border-neutral-200 group-open\/accordion:border-primary-300 group-open\/accordion:bg-primary-300 p-3 group-[&amp;:first-of-type]\/accordion:rounded-t group-[&amp;:last-of-type]\/accordion:rounded-b group-open\/accordion:[&amp;:last-of-type]:rounded-b-none text-neutral-600 group-open\/accordion:text-neutral-50 text-lg font-semibold [&amp;&gt;i]:text-[1.5rem] group-open\/accordion:[&amp;&gt;i]:text-neutral-50 [&amp;&gt;i]:text-primary-300 group-open\/accordion:[&amp;&gt;i]:-rotate-180 [&amp;&gt;i]:transition-transform transition-colors cursor-pointer\"><span class=\"grow\">Comit&ecirc; de &Eacute;tica da UFMG<\/span><i class=\"ti ti-chevron-down\"><\/i><\/summary><div class=\"space-y-4 p-3 border-x group-[&amp;:last-of-type]\/accordion:border-b border-neutral-200 text-base text-neutral-400 group-[&amp;:last-of-type]\/accordion:rounded-bl group-[&amp;:last-of-type]\/accordion:rounded-br [&amp;_.wp-block-heading+p]:!mt-0\">\n<p>O Comit&ecirc; de &Eacute;tica t&ecirc;m por finalidade orientar e aconselhar sobre a &eacute;tica profissional do servidor, no tratamento com as pessoas e com o patrim&ocirc;nio p&uacute;blico.<\/p>\n\n\n\n<p><a href=\"https:\/\/www2.ufmg.br\/comissaoetica\/Comissao-de-Etica\/Sobre-a-Comissao\" target=\"_blank\" rel=\"noreferrer noopener\">Acesse aqui<\/a> o site da Comiss&atilde;o de &Eacute;tica da UFMG.<\/p>\n<\/div><\/details>\n\n\n<?xml encoding=\"utf-8\"?><details class=\"group\/accordion\"><summary class=\"flex gap-4 items-center bg-neutral-50 border-x border-t group-last-of-type\/accordion:border-b border-neutral-200 group-open\/accordion:border-primary-300 group-open\/accordion:bg-primary-300 p-3 group-[&amp;:first-of-type]\/accordion:rounded-t group-[&amp;:last-of-type]\/accordion:rounded-b group-open\/accordion:[&amp;:last-of-type]:rounded-b-none text-neutral-600 group-open\/accordion:text-neutral-50 text-lg font-semibold [&amp;&gt;i]:text-[1.5rem] group-open\/accordion:[&amp;&gt;i]:text-neutral-50 [&amp;&gt;i]:text-primary-300 group-open\/accordion:[&amp;&gt;i]:-rotate-180 [&amp;&gt;i]:transition-transform transition-colors cursor-pointer\"><span class=\"grow\">Programa de Integridade da UFMG<\/span><i class=\"ti ti-chevron-down\"><\/i><\/summary><div class=\"space-y-4 p-3 border-x group-[&amp;:last-of-type]\/accordion:border-b border-neutral-200 text-base text-neutral-400 group-[&amp;:last-of-type]\/accordion:rounded-bl group-[&amp;:last-of-type]\/accordion:rounded-br [&amp;_.wp-block-heading+p]:!mt-0\">\n<p>&Eacute; um documento que reafirma o compromisso da UFMG em pautar suas a&ccedil;&otilde;es, pol&iacute;ticas e procedimentos pela observ&acirc;ncia irrestrita dos princ&iacute;pios da &eacute;tica, legalidade, probidade, transpar&ecirc;ncia e preval&ecirc;ncia do interesse p&uacute;blico, bem como todos os preceitos legais e morais que devem nortear a atua&ccedil;&atilde;o administrativa no setor p&uacute;blico, eficiente e atenta &agrave;s demandas sociais.<\/p>\n\n\n\n<p><a href=\"https:\/\/www.gov.br\/cgu\/pt-br\/assuntos\/integridade-publica\/programa-de-integridade\/planos-de-integridade\/arquivos\/ufmg-plano-de-integridade.pdf\" target=\"_blank\" rel=\"noreferrer noopener\">Clique aqui<\/a> para acessar o Programa de Integridade da UFMG.<\/p>\n<\/div><\/details>\n\n\n<?xml encoding=\"utf-8\"?><details class=\"group\/accordion\"><summary class=\"flex gap-4 items-center bg-neutral-50 border-x border-t group-last-of-type\/accordion:border-b border-neutral-200 group-open\/accordion:border-primary-300 group-open\/accordion:bg-primary-300 p-3 group-[&amp;:first-of-type]\/accordion:rounded-t group-[&amp;:last-of-type]\/accordion:rounded-b group-open\/accordion:[&amp;:last-of-type]:rounded-b-none text-neutral-600 group-open\/accordion:text-neutral-50 text-lg font-semibold [&amp;&gt;i]:text-[1.5rem] group-open\/accordion:[&amp;&gt;i]:text-neutral-50 [&amp;&gt;i]:text-primary-300 group-open\/accordion:[&amp;&gt;i]:-rotate-180 [&amp;&gt;i]:transition-transform transition-colors cursor-pointer\"><span class=\"grow\">Relat&oacute;rio de Gest&atilde;o<\/span><i class=\"ti ti-chevron-down\"><\/i><\/summary><div class=\"space-y-4 p-3 border-x group-[&amp;:last-of-type]\/accordion:border-b border-neutral-200 text-base text-neutral-400 group-[&amp;:last-of-type]\/accordion:rounded-bl group-[&amp;:last-of-type]\/accordion:rounded-br [&amp;_.wp-block-heading+p]:!mt-0\">\n<p>Anualmente o Relat&oacute;rio de Gest&atilde;o Integrado da UFMG &eacute; apresentado aos &oacute;rg&atilde;os de controle interno e externo como presta&ccedil;&atilde;o de contas.<\/p>\n\n\n\n<p><a href=\"https:\/\/www.ufmg.br\/proplan\/relatorios-de-gestao\/\" target=\"_blank\" rel=\"noreferrer noopener\">Clique aqui<\/a> para acessar o hist&oacute;rico dos Relat&oacute;rios de Gest&atilde;o da UFMG.<\/p>\n<\/div><\/details>\n\n\n<?xml encoding=\"utf-8\"?><details class=\"group\/accordion\"><summary class=\"flex gap-4 items-center bg-neutral-50 border-x border-t group-last-of-type\/accordion:border-b border-neutral-200 group-open\/accordion:border-primary-300 group-open\/accordion:bg-primary-300 p-3 group-[&amp;:first-of-type]\/accordion:rounded-t group-[&amp;:last-of-type]\/accordion:rounded-b group-open\/accordion:[&amp;:last-of-type]:rounded-b-none text-neutral-600 group-open\/accordion:text-neutral-50 text-lg font-semibold [&amp;&gt;i]:text-[1.5rem] group-open\/accordion:[&amp;&gt;i]:text-neutral-50 [&amp;&gt;i]:text-primary-300 group-open\/accordion:[&amp;&gt;i]:-rotate-180 [&amp;&gt;i]:transition-transform transition-colors cursor-pointer\"><span class=\"grow\">Transpar&ecirc;ncia das Unidades Acad&ecirc;micas e Especiais<\/span><i class=\"ti ti-chevron-down\"><\/i><\/summary><div class=\"space-y-4 p-3 border-x group-[&amp;:last-of-type]\/accordion:border-b border-neutral-200 text-base text-neutral-400 group-[&amp;:last-of-type]\/accordion:rounded-bl group-[&amp;:last-of-type]\/accordion:rounded-br [&amp;_.wp-block-heading+p]:!mt-0\">\n<p><a href=\"https:\/\/www.cp.ufmg.br\/setores\/apoio-administrativo\/transparencia\/\" target=\"_blank\" rel=\"noreferrer noopener\">Centro Pedag&oacute;gico (CP)<\/a><\/p>\n\n\n\n<p><a href=\"https:\/\/www.coltec.ufmg.br\/coltec-ufmg\/?page_id=1346\" target=\"_blank\" rel=\"noreferrer noopener\">Col&eacute;gio T&eacute;cnico (Coltec)<\/a><\/p>\n\n\n\n<p><a href=\"https:\/\/www.arq.ufmg.br\/ea\/administracao\/transparencia\/\" target=\"_blank\" rel=\"noreferrer noopener\">Escola de Arquitetura<\/a><\/p>\n\n\n\n<p><a href=\"https:\/\/www.eba.ufmg.br\/index.php\/relacaopagamentos\/\" target=\"_blank\" rel=\"noreferrer noopener\">Escola de Belas Artes (EBA)<\/a><\/p>\n\n\n\n<p><a href=\"https:\/\/eci.ufmg.br\/transparencia\/\" target=\"_blank\" rel=\"noreferrer noopener\">Escola de Ci&ecirc;ncia da Informa&ccedil;&atilde;o (ECI)<\/a><\/p>\n\n\n\n<p><a href=\"http:\/\/www.eeffto.ufmg.br\/eeffto\/institucional\/exibe\/15\/transparencia\/\" target=\"_blank\" rel=\"noreferrer noopener\">Escola de Educa&ccedil;&atilde;o F&iacute;sica, Fisioterapia e Terapia Ocupacional (EEFFTO)<\/a><\/p>\n\n\n\n<p><a href=\"https:\/\/scontabilidade.eng.ufmg.br\/\" target=\"_blank\" rel=\"noreferrer noopener\">Escola de Engenharia <\/a><\/p>\n\n\n\n<p><a href=\"https:\/\/musica.ufmg.br\/transparencia-nos-pagamento\/\" target=\"_blank\" rel=\"noreferrer noopener\">Escola de M&uacute;sica<\/a><\/p>\n\n\n\n<p><a href=\"https:\/\/vet.ufmg.br\/pagina\/transparencia\/\" target=\"_blank\" rel=\"noreferrer noopener\">Escola de Veterin&aacute;ria <\/a><\/p>\n\n\n\n<p><a href=\"https:\/\/www.face.ufmg.br\/institucional\/setores-administrativos\/compras.html#arquivos\" target=\"_blank\" rel=\"noreferrer noopener\">Faculdade de Ci&ecirc;ncias Econ&ocirc;micas (Face)<\/a><\/p>\n\n\n\n<p><a href=\"https:\/\/www.direito.ufmg.br\/?page_id=8580\" target=\"_blank\" rel=\"noreferrer noopener\">Faculdade de Direito<\/a><\/p>\n\n\n\n<p><a href=\"https:\/\/www.fae.ufmg.br\/contabilidade\/pagamentos-a-fornecedores-por-bens-e-mercadorias-fornecidas-e-ou-servicos-prestados\/\" target=\"_blank\" rel=\"noreferrer noopener\">Faculdade de Educa&ccedil;&atilde;o (FAE)<\/a><\/p>\n\n\n\n<p><a href=\"https:\/\/www.enf.ufmg.br\/index.php\/2016-06-27-17-09-21\/setores-e-secoes\/33-secao-de-contabilidade\" target=\"_blank\" rel=\"noreferrer noopener\">Faculdade de Farm&aacute;cia<\/a><\/p>\n\n\n\n<p><a href=\"https:\/\/www.fafich.ufmg.br\/administrativo\/contabilidade\/\" target=\"_blank\" rel=\"noreferrer noopener\">Faculdade de Filosofia e Ci&ecirc;ncias Humanas (Fafich) <\/a><\/p>\n\n\n\n<p><a href=\"http:\/\/www.letras.ufmg.br\/site\/pt-BR\/transparencia\" target=\"_blank\" rel=\"noreferrer noopener\">Faculdade de Letras (Fale)<\/a><\/p>\n\n\n\n<p><a href=\"https:\/\/www.medicina.ufmg.br\/contabilidade\/\" target=\"_blank\" rel=\"noreferrer noopener\">Faculdade de Medicina<\/a><\/p>\n\n\n\n<p><a href=\"https:\/\/www.odonto.ufmg.br\/institucional\/documentos\/transparencia\/\" target=\"_blank\" rel=\"noreferrer noopener\">Faculdade de Odontologia <\/a><\/p>\n\n\n\n<p><a href=\"https:\/\/www.ufmg.br\/montesclaros\/transparencia\/\" target=\"_blank\" rel=\"noreferrer noopener\">Instituto de Ci&ecirc;ncias Agr&aacute;rias (ICA)<\/a><\/p>\n\n\n\n<p><a href=\"https:\/\/www.icb.ufmg.br\/institucional\/transparencia\" target=\"_blank\" rel=\"noreferrer noopener\">Instituto de Ci&ecirc;ncias Biol&oacute;gicas<\/a><\/p>\n\n\n\n<p><a href=\"https:\/\/www.icex.ufmg.br\/icex_novo\/relacao-de-pagamentos-mensais-a-fornecedores\/\" target=\"_blank\" rel=\"noreferrer noopener\">Instituto de Ci&ecirc;ncias Exatas (Icex)<\/a><\/p>\n\n\n\n<p><a href=\"https:\/\/www.gov.br\/ebserh\/pt-br\/hospitais-universitarios\/regiao-sudeste\/hc-ufmg\/acesso-a-informacao\" target=\"_blank\" rel=\"noreferrer noopener\">Hospital das Cl&iacute;nicas<\/a><\/p>\n<\/div><\/details>\n\n\n<?xml encoding=\"utf-8\"?><details class=\"group\/accordion\"><summary class=\"flex gap-4 items-center bg-neutral-50 border-x border-t group-last-of-type\/accordion:border-b border-neutral-200 group-open\/accordion:border-primary-300 group-open\/accordion:bg-primary-300 p-3 group-[&amp;:first-of-type]\/accordion:rounded-t group-[&amp;:last-of-type]\/accordion:rounded-b group-open\/accordion:[&amp;:last-of-type]:rounded-b-none text-neutral-600 group-open\/accordion:text-neutral-50 text-lg font-semibold [&amp;&gt;i]:text-[1.5rem] group-open\/accordion:[&amp;&gt;i]:text-neutral-50 [&amp;&gt;i]:text-primary-300 group-open\/accordion:[&amp;&gt;i]:-rotate-180 [&amp;&gt;i]:transition-transform transition-colors cursor-pointer\"><span class=\"grow\">UFMG em N&uacute;meros<\/span><i class=\"ti ti-chevron-down\"><\/i><\/summary><div class=\"space-y-4 p-3 border-x group-[&amp;:last-of-type]\/accordion:border-b border-neutral-200 text-base text-neutral-400 group-[&amp;:last-of-type]\/accordion:rounded-bl group-[&amp;:last-of-type]\/accordion:rounded-br [&amp;_.wp-block-heading+p]:!mt-0\">\n<p>O Escrit&oacute;rio de Governan&ccedil;a de Dados Institucionais&nbsp;(EGDI) assessora &agrave; Administra&ccedil;&atilde;o Central da UFMG no que diz respeito &agrave; governan&ccedil;a institucional de dados. Esse papel estrat&eacute;gico visa fornecer informa&ccedil;&otilde;es embasadas e relevantes para subsidiar decis&otilde;es administrativas, promovendo, assim, uma gest&atilde;o mais informada e eficiente da universidade.<\/p>\n\n\n\n<p><a href=\"https:\/\/www.ufmg.br\/egdi\/\" target=\"_blank\" rel=\"noreferrer noopener\">Clique aqui<\/a> para acessar diversos dados num&eacute;ricos sobre a UFMG.<\/p>\n<\/div><\/details>\n\n\n<?xml encoding=\"utf-8\"?><details class=\"group\/accordion\"><summary class=\"flex gap-4 items-center bg-neutral-50 border-x border-t group-last-of-type\/accordion:border-b border-neutral-200 group-open\/accordion:border-primary-300 group-open\/accordion:bg-primary-300 p-3 group-[&amp;:first-of-type]\/accordion:rounded-t group-[&amp;:last-of-type]\/accordion:rounded-b group-open\/accordion:[&amp;:last-of-type]:rounded-b-none text-neutral-600 group-open\/accordion:text-neutral-50 text-lg font-semibold [&amp;&gt;i]:text-[1.5rem] group-open\/accordion:[&amp;&gt;i]:text-neutral-50 [&amp;&gt;i]:text-primary-300 group-open\/accordion:[&amp;&gt;i]:-rotate-180 [&amp;&gt;i]:transition-transform transition-colors cursor-pointer\"><span class=\"grow\">UFMG no Sistema e-MEC<\/span><i class=\"ti ti-chevron-down\"><\/i><\/summary><div class=\"space-y-4 p-3 border-x group-[&amp;:last-of-type]\/accordion:border-b border-neutral-200 text-base text-neutral-400 group-[&amp;:last-of-type]\/accordion:rounded-bl group-[&amp;:last-of-type]\/accordion:rounded-br [&amp;_.wp-block-heading+p]:!mt-0\">\n<p>O e-MEC foi criado para fazer a tramita&ccedil;&atilde;o eletr&ocirc;nica dos processos de regulamenta&ccedil;&atilde;o. Neste sistema s&atilde;o divulgados informa&ccedil;&otilde;es sobre os cursos e seus credenciamentos ou recredenciamentos.<\/p>\n\n\n\n<p><a href=\"https:\/\/emec.mec.gov.br\/emec\/consulta-cadastro\/detalhamento\/d96957f455f6405d14c6542552b0f6eb\/NTc1\" target=\"_blank\" rel=\"noreferrer noopener\">Clique aqui<\/a> para acessar os dados da UFMG no e-MEC.<\/p>\n<\/div><\/details>\n<\/div>\n\n\n\n<p><\/p>\n","protected":false},"excerpt":{"rendered":"<p>Nesta se\u00e7\u00e3o, a Universidade Federal de Minas Gerais (UFMG) promove a divulga\u00e7\u00e3o espont\u00e2nea de informa\u00e7\u00f5es que s\u00e3o de interesse p\u00fablico e que n\u00e3o foram destacadas nos demais itens do menu Acesso \u00e0 Informa\u00e7\u00e3o.<\/p>\n","protected":false},"author":1,"featured_media":0,"parent":2885,"menu_order":0,"comment_status":"closed","ping_status":"closed","template":"","meta":{"_acf_changed":false,"footnotes":""},"class_list":["post-2868","page","type-page","status-publish","hentry"],"acf":[],"_links":{"self":[{"href":"http:\/\/150.164.63.212:9000\/portal-novo-test\/wp-json\/wp\/v2\/pages\/2868","targetHints":{"allow":["GET"]}}],"collection":[{"href":"http:\/\/150.164.63.212:9000\/portal-novo-test\/wp-json\/wp\/v2\/pages"}],"about":[{"href":"http:\/\/150.164.63.212:9000\/portal-novo-test\/wp-json\/wp\/v2\/types\/page"}],"author":[{"embeddable":true,"href":"http:\/\/150.164.63.212:9000\/portal-novo-test\/wp-json\/wp\/v2\/users\/1"}],"replies":[{"embeddable":true,"href":"http:\/\/150.164.63.212:9000\/portal-novo-test\/wp-json\/wp\/v2\/comments?post=2868"}],"version-history":[{"count":0,"href":"http:\/\/150.164.63.212:9000\/portal-novo-test\/wp-json\/wp\/v2\/pages\/2868\/revisions"}],"up":[{"embeddable":true,"href":"http:\/\/150.164.63.212:9000\/portal-novo-test\/wp-json\/wp\/v2\/pages\/2885"}],"wp:attachment":[{"href":"http:\/\/150.164.63.212:9000\/portal-novo-test\/wp-json\/wp\/v2\/media?parent=2868"}],"curies":[{"name":"wp","href":"https:\/\/api.w.org\/{rel}","templated":true}]}}