{"id":2901,"date":"2025-09-09T14:04:22","date_gmt":"2025-09-09T17:04:22","guid":{"rendered":"http:\/\/150.164.63.212:9000\/portal-novo-test\/?page_id=2901"},"modified":"2025-10-29T10:51:14","modified_gmt":"2025-10-29T13:51:14","slug":"formas-de-ingresso","status":"publish","type":"page","link":"http:\/\/150.164.63.212:9000\/portal-novo-test\/cursos\/formas-de-ingresso\/","title":{"rendered":"Formas de Ingresso"},"content":{"rendered":"\n<p>As universidades p\u00fablicas participam da constru\u00e7\u00e3o do pa\u00eds que a sociedade almeja. Ci\u00eancia e educa\u00e7\u00e3o est\u00e3o a servi\u00e7o da popula\u00e7\u00e3o e contribuem, de forma significativa, para os governos desenvolverem solu\u00e7\u00f5es que promovam a melhoria do bem-estar de seu povo. <\/p>\n\n\n\n<p>A UFMG \u00e9 refer\u00eancia em forma\u00e7\u00e3o de qualidade, oferecendo uma s\u00f3lida base cient\u00edfica e uma consistente concep\u00e7\u00e3o human\u00edstica, cr\u00edtica e \u00e9tica, para preparar pessoas comprometidas com uma sociedade mais desenvolvida e equ\u00e2nime. A Universidade oferta cursos de excel\u00eancia em todos os n\u00edveis de ensino e adota diferentes formas de sele\u00e7\u00e3o.<\/p>\n\n\n<?xml encoding=\"utf-8\"?><ul class=\"wp-block-ufmg-hub-links [&amp;&gt;li_a]:flex [&amp;&gt;li_a]:items-center [&amp;&gt;li_a]:justify-between [&amp;&gt;li_a]:bg-neutral-50 [&amp;&gt;li_a]:px-4 [&amp;&gt;li_a]:py-3 md:[&amp;&gt;li_a]:py-5 [&amp;&gt;li_a]:border-b [&amp;&gt;li_a]:border-b-neutral-200 [&amp;&gt;li_a]:text-primary-300 [&amp;&gt;li_a]:text-base md:[&amp;&gt;li_a]:text-lg [&amp;&gt;li_a]:font-lexend [&amp;&gt;li_a]:font-medium [&amp;&gt;li_a]:transition-colors [&amp;&gt;li_a&gt;i]:text-[1rem] md:[&amp;&gt;li_a&gt;i]:text-[1.5rem] hover:[&amp;&gt;li_a]:bg-neutral-100 hover:[&amp;&gt;li_a]:border-b-primary-300\"><li class=\" wp-block-navigation-item wp-block-navigation-link\"><a class=\"wp-block-navigation-item__content\" href=\"http:\/\/150.164.63.212:9000\/portal-novo-test\/?page_id=2989&amp;preview=true\" target=\"_blank\"><span class=\"wp-block-navigation-item__label\">Gradua&ccedil;&atilde;o<\/span><i class=\"ti ti-chevron-right\"><\/i><\/a><\/li>\n\n<li class=\" wp-block-navigation-item wp-block-navigation-link\"><a class=\"wp-block-navigation-item__content\" href=\"http:\/\/150.164.63.212:9000\/portal-novo-test\/?page_id=2960&amp;preview=true\" target=\"_blank\"><span class=\"wp-block-navigation-item__label\">P&oacute;s-gradua&ccedil;&atilde;o<\/span><i class=\"ti ti-chevron-right\"><\/i><\/a><\/li>\n\n<li class=\" wp-block-navigation-item wp-block-navigation-link\"><a class=\"wp-block-navigation-item__content\" href=\"http:\/\/150.164.63.212:9000\/portal-novo-test\/cursos\/formas-de-ingresso\/ingresso-na-educacao-basica-e-profissional\/\" target=\"_blank\"><span class=\"wp-block-navigation-item__label\">Educa&ccedil;&atilde;o B&aacute;sica e Profissional<\/span><i class=\"ti ti-chevron-right\"><\/i><\/a><\/li>\n\n<li class=\" wp-block-navigation-item wp-block-navigation-link\"><a class=\"wp-block-navigation-item__content\" href=\"http:\/\/150.164.63.212:9000\/portal-novo-test\/?page_id=8311&amp;preview=true\" target=\"_blank\"><span class=\"wp-block-navigation-item__label\">Educa&ccedil;&atilde;o a Dist&acirc;ncia<\/span><i class=\"ti ti-chevron-right\"><\/i><\/a><\/li>\n\n<li class=\" wp-block-navigation-item wp-block-navigation-link\"><a class=\"wp-block-navigation-item__content\" href=\"http:\/\/150.164.63.212:9000\/portal-novo-test\/cursos\/formas-de-ingresso\/ingresso-em-cursos-de-extensao\/\" target=\"_blank\"><span class=\"wp-block-navigation-item__label\">Cursos de Extens&atilde;o<\/span><i class=\"ti ti-chevron-right\"><\/i><\/a><\/li>\n\n<li class=\" wp-block-navigation-item wp-block-navigation-link\"><a class=\"wp-block-navigation-item__content\" href=\"http:\/\/150.164.63.212:9000\/portal-novo-test\/cursos\/formas-de-ingresso\/concursos-publicos\/\" target=\"_blank\"><span class=\"wp-block-navigation-item__label\">Concursos P&uacute;blicos<\/span><i class=\"ti ti-chevron-right\"><\/i><\/a><\/li>\n\n<li class=\" wp-block-navigation-item wp-block-navigation-link\"><a class=\"wp-block-navigation-item__content\" href=\"http:\/\/150.164.63.212:9000\/portal-novo-test\/?page_id=12217&amp;preview=true\" target=\"_blank\"><span class=\"wp-block-navigation-item__label\">Forma&ccedil;&atilde;o Transversal<\/span><i class=\"ti ti-chevron-right\"><\/i><\/a><\/li><\/ul>\n\n\n\n<p><\/p>\n","protected":false},"excerpt":{"rendered":"<p>As universidades p\u00fablicas participam da constru\u00e7\u00e3o do pa\u00eds que a sociedade almeja. Ci\u00eancia e educa\u00e7\u00e3o est\u00e3o a servi\u00e7o da popula\u00e7\u00e3o e contribuem, de forma significativa, para os governos desenvolverem solu\u00e7\u00f5es que promovam a melhoria do bem-estar de seu povo. A UFMG \u00e9 refer\u00eancia em forma\u00e7\u00e3o de qualidade, oferecendo uma s\u00f3lida base cient\u00edfica e uma consistente [&hellip;]<\/p>\n","protected":false},"author":1,"featured_media":0,"parent":3694,"menu_order":0,"comment_status":"closed","ping_status":"closed","template":"","meta":{"_acf_changed":false,"footnotes":""},"class_list":["post-2901","page","type-page","status-publish","hentry"],"acf":[],"_links":{"self":[{"href":"http:\/\/150.164.63.212:9000\/portal-novo-test\/wp-json\/wp\/v2\/pages\/2901","targetHints":{"allow":["GET"]}}],"collection":[{"href":"http:\/\/150.164.63.212:9000\/portal-novo-test\/wp-json\/wp\/v2\/pages"}],"about":[{"href":"http:\/\/150.164.63.212:9000\/portal-novo-test\/wp-json\/wp\/v2\/types\/page"}],"author":[{"embeddable":true,"href":"http:\/\/150.164.63.212:9000\/portal-novo-test\/wp-json\/wp\/v2\/users\/1"}],"replies":[{"embeddable":true,"href":"http:\/\/150.164.63.212:9000\/portal-novo-test\/wp-json\/wp\/v2\/comments?post=2901"}],"version-history":[{"count":0,"href":"http:\/\/150.164.63.212:9000\/portal-novo-test\/wp-json\/wp\/v2\/pages\/2901\/revisions"}],"up":[{"embeddable":true,"href":"http:\/\/150.164.63.212:9000\/portal-novo-test\/wp-json\/wp\/v2\/pages\/3694"}],"wp:attachment":[{"href":"http:\/\/150.164.63.212:9000\/portal-novo-test\/wp-json\/wp\/v2\/media?parent=2901"}],"curies":[{"name":"wp","href":"https:\/\/api.w.org\/{rel}","templated":true}]}}