{"id":2960,"date":"2025-07-09T14:13:07","date_gmt":"2025-07-09T17:13:07","guid":{"rendered":"http:\/\/150.164.63.212:9000\/portal-novo-test\/?page_id=2960"},"modified":"2025-10-31T11:22:36","modified_gmt":"2025-10-31T14:22:36","slug":"ingresso-em-pos-graduacao","status":"publish","type":"page","link":"http:\/\/150.164.63.212:9000\/portal-novo-test\/cursos\/formas-de-ingresso\/ingresso-em-pos-graduacao\/","title":{"rendered":"Ingresso em P\u00f3s-gradua\u00e7\u00e3o"},"content":{"rendered":"\n<h2 class=\"wp-block-heading\">Sele\u00e7\u00e3o<\/h2>\n\n\n\n<p>O ingresso nos <a href=\"http:\/\/150.164.63.212:9000\/portal-novo-test\/cursos\/pos-graduacao\/\" target=\"_blank\" rel=\"noreferrer noopener\">cursos de p\u00f3s-gradua\u00e7\u00e3o da UFMG<\/a>, seja <em>stricto sensu<\/em>\u00a0\u2013\u00a0<a href=\"https:\/\/www.ufmg.br\/prpg\/mestrado-doutorado\/\" target=\"_blank\" rel=\"noreferrer noopener\">mestrado\u00a0e\u00a0doutorado<\/a>\u00a0\u2013 ou <em>lato sensu <\/em>\u2013\u00a0<a href=\"https:\/\/www.ufmg.br\/prpg\/especializacao\/\" target=\"_blank\" rel=\"noreferrer noopener\">especializa\u00e7\u00e3o<\/a>\u00a0\u2013 \u00e9 feito atrav\u00e9s de processos seletivos divulgados em editais\u00a0pelos programas de p\u00f3s gradua\u00e7\u00e3o, seguindo normas gerais\u00a0estabelecidas pelo <a href=\"https:\/\/www2.ufmg.br\/sods\/Sods\/CEPE\" target=\"_blank\" rel=\"noreferrer noopener\">Conselho de Ensino, Pesquisa e Extens\u00e3o<\/a> (CEPE).<\/p>\n\n\n\n<p class=\"has-text-align-left\">S\u00e3o admitidos os alunos que, tendo finalizado o curso de gradua\u00e7\u00e3o, forem selecionados mediante os processos previstos no regulamento do programa. Os candidatos devem ser capazes de compreender textos de literatura t\u00e9cnica ou cient\u00edfica em pelo menos uma l\u00edngua estrangeira para o mestrado, e em uma ou duas para o doutorado, conforme definido por cada programa. Para cursos de especializa\u00e7\u00e3o, a exig\u00eancia de l\u00edngua estrangeira pode ser dispensada.<\/p>\n\n\n\n<div class=\"wp-block-ufmg-details-group\"><?xml encoding=\"utf-8\"?><details class=\"group\/accordion\"><summary class=\"flex gap-4 items-center bg-neutral-50 border-x border-t group-last-of-type\/accordion:border-b border-neutral-200 group-open\/accordion:border-primary-300 group-open\/accordion:bg-primary-300 p-3 group-[&amp;:first-of-type]\/accordion:rounded-t group-[&amp;:last-of-type]\/accordion:rounded-b group-open\/accordion:[&amp;:last-of-type]:rounded-b-none text-neutral-600 group-open\/accordion:text-neutral-50 text-lg font-semibold [&amp;&gt;i]:text-[1.5rem] group-open\/accordion:[&amp;&gt;i]:text-neutral-50 [&amp;&gt;i]:text-primary-300 group-open\/accordion:[&amp;&gt;i]:-rotate-180 [&amp;&gt;i]:transition-transform transition-colors cursor-pointer\"><span class=\"grow\">Editais de Sele&ccedil;&atilde;o P&oacute;s-Gradua&ccedil;&atilde;o Stricto Sensu<\/span><i class=\"ti ti-chevron-down\"><\/i><\/summary><div class=\"space-y-4 p-3 border-x group-[&amp;:last-of-type]\/accordion:border-b border-neutral-200 text-base text-neutral-400 group-[&amp;:last-of-type]\/accordion:rounded-bl group-[&amp;:last-of-type]\/accordion:rounded-br [&amp;_.wp-block-heading+p]:!mt-0\">\n<p>Os editais de sele&ccedil;&atilde;o dos programas de mestrado e doutorado podem ser acessados no <a href=\"https:\/\/www.ufmg.br\/prpg\/editais\/\" target=\"_blank\" rel=\"noreferrer noopener\">site da Pr&oacute;-reitoria de P&oacute;s Gradua&ccedil;&atilde;o (PRPG)<\/a> da UFMG.<\/p>\n<\/div><\/details>\n\n\n<?xml encoding=\"utf-8\"?><details class=\"group\/accordion\"><summary class=\"flex gap-4 items-center bg-neutral-50 border-x border-t group-last-of-type\/accordion:border-b border-neutral-200 group-open\/accordion:border-primary-300 group-open\/accordion:bg-primary-300 p-3 group-[&amp;:first-of-type]\/accordion:rounded-t group-[&amp;:last-of-type]\/accordion:rounded-b group-open\/accordion:[&amp;:last-of-type]:rounded-b-none text-neutral-600 group-open\/accordion:text-neutral-50 text-lg font-semibold [&amp;&gt;i]:text-[1.5rem] group-open\/accordion:[&amp;&gt;i]:text-neutral-50 [&amp;&gt;i]:text-primary-300 group-open\/accordion:[&amp;&gt;i]:-rotate-180 [&amp;&gt;i]:transition-transform transition-colors cursor-pointer\"><span class=\"grow\">Reserva de vagas<\/span><i class=\"ti ti-chevron-down\"><\/i><\/summary><div class=\"space-y-4 p-3 border-x group-[&amp;:last-of-type]\/accordion:border-b border-neutral-200 text-base text-neutral-400 group-[&amp;:last-of-type]\/accordion:rounded-bl group-[&amp;:last-of-type]\/accordion:rounded-br [&amp;_.wp-block-heading+p]:!mt-0\">\n<p>As informa&ccedil;&otilde;es sobre a <a href=\"http:\/\/150.164.63.212:9000\/portal-novo-test\/?page_id=3646&amp;preview=true\" target=\"_blank\" rel=\"noreferrer noopener\">reserva de vagas<\/a> na p&oacute;s-gradua&ccedil;&atilde;o <em>stricto sensu<\/em> &ndash; mestradado e doutorado &ndash; devem ser consultadas no edital de cada programa. Os programas de p&oacute;s-gradua&ccedil;&atilde;o devem seguir as orienta&ccedil;&otilde;es normativas que constam na <a href=\"https:\/\/ufmg.br\/storage\/3\/7\/5\/e\/375ec9f3f14eea18e112ae5f2702030a_15045448481341_287882584.pdf\" target=\"_blank\" rel=\"noreferrer noopener\">Resolu&ccedil;&atilde;o n&ordm; 02\/2017 de 4 de abril de 2017<\/a>, que disp&otilde;e sobre a <a href=\"https:\/\/www.ufmg.br\/prae\/diretoria-de-acoes-afirmativas\/o-que-sao-acoes-afirmativas\/\" target=\"_blank\" rel=\"noreferrer noopener\">Pol&iacute;tica de A&ccedil;&otilde;es Afirmativas<\/a> para inclus&atilde;o de pessoas negras, ind&iacute;genas e com defici&ecirc;ncia na p&oacute;s-gradua&ccedil;&atilde;o <em>stricto sensu<\/em> da UFMG.<\/p>\n\n\n\n<p>A lista dos programas pode ser acessada no site da <a href=\"https:\/\/www.ufmg.br\/prpg\/\" target=\"_blank\" rel=\"noreferrer noopener\">Pr&oacute;-reitoria de P&oacute;s-gradua&ccedil;&atilde;o<\/a> (PRPG).<\/p>\n<\/div><\/details>\n\n\n<?xml encoding=\"utf-8\"?><details class=\"group\/accordion\"><summary class=\"flex gap-4 items-center bg-neutral-50 border-x border-t group-last-of-type\/accordion:border-b border-neutral-200 group-open\/accordion:border-primary-300 group-open\/accordion:bg-primary-300 p-3 group-[&amp;:first-of-type]\/accordion:rounded-t group-[&amp;:last-of-type]\/accordion:rounded-b group-open\/accordion:[&amp;:last-of-type]:rounded-b-none text-neutral-600 group-open\/accordion:text-neutral-50 text-lg font-semibold [&amp;&gt;i]:text-[1.5rem] group-open\/accordion:[&amp;&gt;i]:text-neutral-50 [&amp;&gt;i]:text-primary-300 group-open\/accordion:[&amp;&gt;i]:-rotate-180 [&amp;&gt;i]:transition-transform transition-colors cursor-pointer\"><span class=\"grow\">Mobilidade acad&ecirc;mica<\/span><i class=\"ti ti-chevron-down\"><\/i><\/summary><div class=\"space-y-4 p-3 border-x group-[&amp;:last-of-type]\/accordion:border-b border-neutral-200 text-base text-neutral-400 group-[&amp;:last-of-type]\/accordion:rounded-bl group-[&amp;:last-of-type]\/accordion:rounded-br [&amp;_.wp-block-heading+p]:!mt-0\">\n<p>Al&eacute;m da admiss&atilde;o via sele&ccedil;&atilde;o, poder&atilde;o ser aceitos pedidos de transfer&ecirc;ncia de alunos de outros cursos e admitidos <a href=\"https:\/\/www.ufmg.br\/dri\/redes-de-cooperacao\/\" target=\"_blank\" rel=\"noreferrer noopener\">estudantes de pa&iacute;ses que mant&ecirc;m&nbsp;conv&ecirc;nios de coopera&ccedil;&atilde;o&nbsp;com o Brasil<\/a>.<\/p>\n<\/div><\/details>\n\n\n<?xml encoding=\"utf-8\"?><details class=\"group\/accordion\"><summary class=\"flex gap-4 items-center bg-neutral-50 border-x border-t group-last-of-type\/accordion:border-b border-neutral-200 group-open\/accordion:border-primary-300 group-open\/accordion:bg-primary-300 p-3 group-[&amp;:first-of-type]\/accordion:rounded-t group-[&amp;:last-of-type]\/accordion:rounded-b group-open\/accordion:[&amp;:last-of-type]:rounded-b-none text-neutral-600 group-open\/accordion:text-neutral-50 text-lg font-semibold [&amp;&gt;i]:text-[1.5rem] group-open\/accordion:[&amp;&gt;i]:text-neutral-50 [&amp;&gt;i]:text-primary-300 group-open\/accordion:[&amp;&gt;i]:-rotate-180 [&amp;&gt;i]:transition-transform transition-colors cursor-pointer\"><span class=\"grow\">Disciplina isolada<\/span><i class=\"ti ti-chevron-down\"><\/i><\/summary><div class=\"space-y-4 p-3 border-x group-[&amp;:last-of-type]\/accordion:border-b border-neutral-200 text-base text-neutral-400 group-[&amp;:last-of-type]\/accordion:rounded-bl group-[&amp;:last-of-type]\/accordion:rounded-br [&amp;_.wp-block-heading+p]:!mt-0\">\n<p>Por essa modalidade, a pessoa n&atilde;o pertencente ao corpo discente da UFMG pode fazer matr&iacute;cula&nbsp;em disciplinas dos curr&iacute;culos dos cursos de gradua&ccedil;&atilde;o e de p&oacute;s-gradua&ccedil;&atilde;o, para complementa&ccedil;&atilde;o ou atualiza&ccedil;&atilde;o de conhecimento.<\/p>\n\n\n\n<p>Mais informa&ccedil;&otilde;es no&nbsp;<a href=\"https:\/\/www2.ufmg.br\/drca\/drca\/Home\/Pos-Graduacao\/Disciplina-Isolada\" target=\"_blank\" rel=\"noreferrer noopener\">site da&nbsp;Diretoria de Registro e Controle Acad&ecirc;mico<\/a> (DRCA).<\/p>\n<\/div><\/details>\n<\/div>\n\n\n\n<h3 class=\"wp-block-heading\">Saiba mais:<\/h3>\n\n\n\n<p>Mais informa\u00e7\u00f5es como linhas de pesquisa, contato, disciplinas, entre outras, podem ser acessadas nos respectivos sites de cada programa. Para cursos na modalidade a dist\u00e2ncia, as informa\u00e7\u00f5es est\u00e3o no&nbsp;site da <a href=\"https:\/\/www.ufmg.br\/dedd\/\" target=\"_blank\" rel=\"noreferrer noopener\">Diretoria de Educa\u00e7\u00e3o a Dist\u00e2ncia e Educa\u00e7\u00e3o Digital (DEDD)<\/a>.<\/p>\n\n\n\n<div class=\"wp-block-ufmg-cards grid grid-cols-1 lg:grid-cols-cards gap-8\">\n\t<div class=\"flex flex-col gap-6 p-6 md:py-8 border border-neutral-200 rounded-lg\">\n\n\t\t\t\t\t<h2 class=\"pl-2 border-l-2 border-l-primary-400 text-neutral-600 text-xl md:text-2xl font-semibold\">\n\t\t\t\tCursos e Programas\t\t\t<\/h2>\n\t\t\n\t\t\t\t\t<p class=\"flex-1 text-base md:text-lg text-neutral-500\">\n\t\t\t\tConhe\u00e7a os cursos e programas ofertados pela UFMG.\t\t\t<\/p>\n\t\t\n\t\t\t\t\t<a href=\"http:\/\/150.164.63.212:9000\/portal-novo-test\/cursos\/\" target=\"_blank\" rel=\"noopener noreferrer\"\t\t\t\tclass=\"w-fit ml-auto flex items-center gap-4 text-primary-300 font-lexend font-medium text-base md:text-lg\">\n\t\t\t\tAcesse aqui\t\t\t\t<i class=\"ti ti-chevron-right text-[1rem] md:text-[1.25rem]\"><\/i>\n\t\t\t<\/a>\n\t\t\t<\/div>\n\n\n\n\t<div class=\"flex flex-col gap-6 p-6 md:py-8 border border-neutral-200 rounded-lg\">\n\n\t\t\t\t\t<h2 class=\"pl-2 border-l-2 border-l-primary-400 text-neutral-600 text-xl md:text-2xl font-semibold\">\n\t\t\t\tP\u00f3s-gradua\u00e7\u00e3o na UFMG\t\t\t<\/h2>\n\t\t\n\t\t\t\t\t<p class=\"flex-1 text-base md:text-lg text-neutral-500\">\n\t\t\t\tSaiba mais sobre o cursos e programas de p\u00f3s-gradua\u00e7\u00e3o da UFMG.\t\t\t<\/p>\n\t\t\n\t\t\t\t\t<a href=\"http:\/\/150.164.63.212:9000\/portal-novo-test\/cursos\/estude-na-ufmg\/pos-graduacao\/\" target=\"_blank\" rel=\"noopener noreferrer\"\t\t\t\tclass=\"w-fit ml-auto flex items-center gap-4 text-primary-300 font-lexend font-medium text-base md:text-lg\">\n\t\t\t\tAcesse aqui\t\t\t\t<i class=\"ti ti-chevron-right text-[1rem] md:text-[1.25rem]\"><\/i>\n\t\t\t<\/a>\n\t\t\t<\/div>\n<\/div>\n","protected":false},"excerpt":{"rendered":"<p>Sele\u00e7\u00e3o O ingresso nos cursos de p\u00f3s-gradua\u00e7\u00e3o da UFMG, seja stricto sensu\u00a0\u2013\u00a0mestrado\u00a0e\u00a0doutorado\u00a0\u2013 ou lato sensu \u2013\u00a0especializa\u00e7\u00e3o\u00a0\u2013 \u00e9 feito atrav\u00e9s de processos seletivos divulgados em editais\u00a0pelos programas de p\u00f3s gradua\u00e7\u00e3o, seguindo normas gerais\u00a0estabelecidas pelo Conselho de Ensino, Pesquisa e Extens\u00e3o (CEPE). S\u00e3o admitidos os alunos que, tendo finalizado o curso de gradua\u00e7\u00e3o, forem selecionados mediante os [&hellip;]<\/p>\n","protected":false},"author":1,"featured_media":0,"parent":2901,"menu_order":0,"comment_status":"closed","ping_status":"closed","template":"","meta":{"_acf_changed":false,"footnotes":""},"class_list":["post-2960","page","type-page","status-publish","hentry"],"acf":[],"_links":{"self":[{"href":"http:\/\/150.164.63.212:9000\/portal-novo-test\/wp-json\/wp\/v2\/pages\/2960","targetHints":{"allow":["GET"]}}],"collection":[{"href":"http:\/\/150.164.63.212:9000\/portal-novo-test\/wp-json\/wp\/v2\/pages"}],"about":[{"href":"http:\/\/150.164.63.212:9000\/portal-novo-test\/wp-json\/wp\/v2\/types\/page"}],"author":[{"embeddable":true,"href":"http:\/\/150.164.63.212:9000\/portal-novo-test\/wp-json\/wp\/v2\/users\/1"}],"replies":[{"embeddable":true,"href":"http:\/\/150.164.63.212:9000\/portal-novo-test\/wp-json\/wp\/v2\/comments?post=2960"}],"version-history":[{"count":0,"href":"http:\/\/150.164.63.212:9000\/portal-novo-test\/wp-json\/wp\/v2\/pages\/2960\/revisions"}],"up":[{"embeddable":true,"href":"http:\/\/150.164.63.212:9000\/portal-novo-test\/wp-json\/wp\/v2\/pages\/2901"}],"wp:attachment":[{"href":"http:\/\/150.164.63.212:9000\/portal-novo-test\/wp-json\/wp\/v2\/media?parent=2960"}],"curies":[{"name":"wp","href":"https:\/\/api.w.org\/{rel}","templated":true}]}}