{"id":3076,"date":"2025-07-09T14:39:17","date_gmt":"2025-07-09T17:39:17","guid":{"rendered":"http:\/\/150.164.63.212:9000\/portal-novo-test\/?page_id=3076"},"modified":"2025-10-31T11:30:20","modified_gmt":"2025-10-31T14:30:20","slug":"ingresso-na-educacao-basica-e-profissional","status":"publish","type":"page","link":"http:\/\/150.164.63.212:9000\/portal-novo-test\/cursos\/formas-de-ingresso\/ingresso-na-educacao-basica-e-profissional\/","title":{"rendered":"Ingresso na Educa\u00e7\u00e3o B\u00e1sica e Profissional (Ebap)"},"content":{"rendered":"\n<p>A <a href=\"http:\/\/150.164.63.212:9000\/portal-novo-test\/educacao-basica-e-profissional-ebap\/\" target=\"_blank\" rel=\"noreferrer noopener\">Educa\u00e7\u00e3o B\u00e1sica e Profissional<\/a> (Ebap) da UFMG tem como miss\u00e3o desenvolver, de forma indissoci\u00e1vel, o ensino, a pesquisa e a extens\u00e3o, promovendo o desenvolvimento pleno de seus estudantes. A Universidade oferece gratuitamente vagas de ensino fundamental e educa\u00e7\u00e3o de jovens e adultos no <a href=\"https:\/\/www.cp.ufmg.br\/\" target=\"_blank\" rel=\"noreferrer noopener\">Centro Pedag\u00f3gico<\/a> (CP), de ensino m\u00e9dio com forma\u00e7\u00e3o t\u00e9cnica profissional e de cursos t\u00e9cnicos subsequentes ao ensino m\u00e9dio no <a href=\"https:\/\/www.cp.ufmg.br\/\" target=\"_blank\" rel=\"noreferrer noopener\">Col\u00e9gio T\u00e9cnico <\/a>(Coltec) e no <a href=\"https:\/\/www.coltec.ufmg.br\/tu\/#!\/\" target=\"_blank\" rel=\"noreferrer noopener\">Teatro Universit\u00e1rio<\/a> (TU).<\/p>\n\n\n\n<div class=\"wp-block-ufmg-details-group\"><?xml encoding=\"utf-8\"?><details class=\"group\/accordion\"><summary class=\"flex gap-4 items-center bg-neutral-50 border-x border-t group-last-of-type\/accordion:border-b border-neutral-200 group-open\/accordion:border-primary-300 group-open\/accordion:bg-primary-300 p-3 group-[&amp;:first-of-type]\/accordion:rounded-t group-[&amp;:last-of-type]\/accordion:rounded-b group-open\/accordion:[&amp;:last-of-type]:rounded-b-none text-neutral-600 group-open\/accordion:text-neutral-50 text-lg font-semibold [&amp;&gt;i]:text-[1.5rem] group-open\/accordion:[&amp;&gt;i]:text-neutral-50 [&amp;&gt;i]:text-primary-300 group-open\/accordion:[&amp;&gt;i]:-rotate-180 [&amp;&gt;i]:transition-transform transition-colors cursor-pointer\"><span class=\"grow\">Ingresso no Ensino Fundamental<\/span><i class=\"ti ti-chevron-down\"><\/i><\/summary><div class=\"space-y-4 p-3 border-x group-[&amp;:last-of-type]\/accordion:border-b border-neutral-200 text-base text-neutral-400 group-[&amp;:last-of-type]\/accordion:rounded-bl group-[&amp;:last-of-type]\/accordion:rounded-br [&amp;_.wp-block-heading+p]:!mt-0\">\n<p>O <a href=\"http:\/\/www.cp.ufmg.br\/\" target=\"_blank\" rel=\"noreferrer noopener\">Centro Pedag&oacute;gico<\/a> (CP) &eacute; uma escola p&uacute;blica da UFMG que possui turmas do 1&ordm; ano ao 9&ordm; ano do ensino fundamental. Sua forma de ingresso se d&aacute; por meio de sorteio baseado no resultado do concurso da Loteria Federal do dia fixado no edital. Cada candidato concorre com o n&uacute;mero de seu comprovante definitivo de inscri&ccedil;&atilde;o.<\/p>\n\n\n\n<p>O processo seletivo e a publica&ccedil;&atilde;o do edital ocorrem no site da <a href=\"https:\/\/site.copeve.ufmg.br\/\" target=\"_blank\" rel=\"noreferrer noopener\">Comiss&atilde;o Permanente do Vestibular<\/a> (Copeve).<\/p>\n<\/div><\/details>\n\n\n<?xml encoding=\"utf-8\"?><details class=\"group\/accordion\"><summary class=\"flex gap-4 items-center bg-neutral-50 border-x border-t group-last-of-type\/accordion:border-b border-neutral-200 group-open\/accordion:border-primary-300 group-open\/accordion:bg-primary-300 p-3 group-[&amp;:first-of-type]\/accordion:rounded-t group-[&amp;:last-of-type]\/accordion:rounded-b group-open\/accordion:[&amp;:last-of-type]:rounded-b-none text-neutral-600 group-open\/accordion:text-neutral-50 text-lg font-semibold [&amp;&gt;i]:text-[1.5rem] group-open\/accordion:[&amp;&gt;i]:text-neutral-50 [&amp;&gt;i]:text-primary-300 group-open\/accordion:[&amp;&gt;i]:-rotate-180 [&amp;&gt;i]:transition-transform transition-colors cursor-pointer\"><span class=\"grow\">Ingresso no Ensino M&eacute;dio com Forma&ccedil;&atilde;o T&eacute;cnica e Profissional<\/span><i class=\"ti ti-chevron-down\"><\/i><\/summary><div class=\"space-y-4 p-3 border-x group-[&amp;:last-of-type]\/accordion:border-b border-neutral-200 text-base text-neutral-400 group-[&amp;:last-of-type]\/accordion:rounded-bl group-[&amp;:last-of-type]\/accordion:rounded-br [&amp;_.wp-block-heading+p]:!mt-0\">\n<p>A Educa&ccedil;&atilde;o Profissional T&eacute;cnica de N&iacute;vel M&eacute;dio na modalidade Integrada &eacute; oferecida &agrave;s pessoas que tenham conclu&iacute;do o Ensino Fundamental e que sejam aprovadas no processo seletivo. O<br>aluno deve ter conclu&iacute;do o Ensino Fundamental e submeter-se ao concurso p&uacute;blico<br>em cumprimento aos requisitos estabelecidos pela <a href=\"https:\/\/portal.mec.gov.br\/dmdocuments\/rceb006_12.pdf\" target=\"_blank\" rel=\"noreferrer noopener\">Resolu&ccedil;&atilde;o n&ordm; 6, de 20 de setembro<br>de 2012<\/a>. O Edital que rege o concurso p&uacute;blico &eacute; publicado anualmente pela&nbsp;<a href=\"https:\/\/site.copeve.ufmg.br\/a_copeve\" target=\"_blank\" rel=\"noreferrer noopener\">Comiss&atilde;o Permanente do Vestibular<\/a>&nbsp;(Copeve).<\/p>\n\n\n\n<p>Mais informa&ccedil;&otilde;es podem ser encontradas no <a href=\"https:\/\/www.coltec.ufmg.br\/coltec-ufmg\/\" target=\"_blank\" rel=\"noreferrer noopener\">site do Coltec<\/a>.<\/p>\n<\/div><\/details>\n\n\n<?xml encoding=\"utf-8\"?><details class=\"group\/accordion\"><summary class=\"flex gap-4 items-center bg-neutral-50 border-x border-t group-last-of-type\/accordion:border-b border-neutral-200 group-open\/accordion:border-primary-300 group-open\/accordion:bg-primary-300 p-3 group-[&amp;:first-of-type]\/accordion:rounded-t group-[&amp;:last-of-type]\/accordion:rounded-b group-open\/accordion:[&amp;:last-of-type]:rounded-b-none text-neutral-600 group-open\/accordion:text-neutral-50 text-lg font-semibold [&amp;&gt;i]:text-[1.5rem] group-open\/accordion:[&amp;&gt;i]:text-neutral-50 [&amp;&gt;i]:text-primary-300 group-open\/accordion:[&amp;&gt;i]:-rotate-180 [&amp;&gt;i]:transition-transform transition-colors cursor-pointer\"><span class=\"grow\">Ingresso em Educa&ccedil;&atilde;o de Jovens e Adultos (EJA)<\/span><i class=\"ti ti-chevron-down\"><\/i><\/summary><div class=\"space-y-4 p-3 border-x group-[&amp;:last-of-type]\/accordion:border-b border-neutral-200 text-base text-neutral-400 group-[&amp;:last-of-type]\/accordion:rounded-bl group-[&amp;:last-of-type]\/accordion:rounded-br [&amp;_.wp-block-heading+p]:!mt-0\">\n<p>A Educa&ccedil;&atilde;o de Jovens e Adultos (EJA) na UFMG &eacute; fomentada atrav&eacute;s de programas do Centro Pedag&oacute;gico (CP), formado pelos projetos de Extens&atilde;o de Ensino Fundamental II (PROEF-2) e de Ensino M&eacute;dio (PROEMJA). A oferta dos cursos se destina especialmente ao p&uacute;blico que n&atilde;o p&ocirc;de exercer o direito &agrave; educa&ccedil;&atilde;o durante a inf&acirc;ncia e\/ou adolesc&ecirc;ncia, devido a circunst&acirc;ncias sociais e econ&ocirc;micas desfavor&aacute;veis, oferta insuficiente de vagas ou outras condi&ccedil;&otilde;es restritivas do sistema de ensino.<\/p>\n\n\n\n<p>Mais informa&ccedil;&otilde;es sobre os programas podem ser encontradas no <a href=\"https:\/\/www.cp.ufmg.br\/instancias\/ciclos\/eja\/\" target=\"_blank\" rel=\"noreferrer noopener\">site do Centro Pedag&oacute;gico<\/a> e pelo telefone (31) 3409-5187.<\/p>\n<\/div><\/details>\n\n\n<?xml encoding=\"utf-8\"?><details class=\"group\/accordion\"><summary class=\"flex gap-4 items-center bg-neutral-50 border-x border-t group-last-of-type\/accordion:border-b border-neutral-200 group-open\/accordion:border-primary-300 group-open\/accordion:bg-primary-300 p-3 group-[&amp;:first-of-type]\/accordion:rounded-t group-[&amp;:last-of-type]\/accordion:rounded-b group-open\/accordion:[&amp;:last-of-type]:rounded-b-none text-neutral-600 group-open\/accordion:text-neutral-50 text-lg font-semibold [&amp;&gt;i]:text-[1.5rem] group-open\/accordion:[&amp;&gt;i]:text-neutral-50 [&amp;&gt;i]:text-primary-300 group-open\/accordion:[&amp;&gt;i]:-rotate-180 [&amp;&gt;i]:transition-transform transition-colors cursor-pointer\"><span class=\"grow\">Ingresso em Cursos Subsequentes<\/span><i class=\"ti ti-chevron-down\"><\/i><\/summary><div class=\"space-y-4 p-3 border-x group-[&amp;:last-of-type]\/accordion:border-b border-neutral-200 text-base text-neutral-400 group-[&amp;:last-of-type]\/accordion:rounded-bl group-[&amp;:last-of-type]\/accordion:rounded-br [&amp;_.wp-block-heading+p]:!mt-0\">\n<p>Os cursos t&eacute;cnicos subsequentes ofertados pelo Col&eacute;gio T&eacute;cnico (Coltec) e pelo Teatro Universit&aacute;rio (TU) s&atilde;o form&ccedil;&otilde;es profissionalizantes oferecidas &agrave;queles que conclu&iacute;rem o ensino m&eacute;dio e forem aprovados nos processos seletivos. Para ingressar nesses cursos &eacute; exigido o certificado de conclus&atilde;o do Ensino M&eacute;dio ou equivalente.<\/p>\n\n\n\n<p>A sele&ccedil;&atilde;o respeita a <a href=\"https:\/\/www.planalto.gov.br\/ccivil_03\/_ato2011-2014\/2012\/lei\/l12711.htm\" target=\"_blank\" rel=\"noreferrer noopener\">Lei n&ordm;.12.711\/2012<\/a>, que reserva 50% das vagas para alunos que cursaram integralmente o ensino m&eacute;dio em escolas p&uacute;blicas e a <a href=\"https:\/\/www.planalto.gov.br\/ccivil_03\/_ato2015-2018\/2016\/lei\/l13409.htm\" target=\"_blank\" rel=\"noreferrer noopener\">Lei n&ordm;. 13.409\/2016<\/a>. As informa&ccedil;&otilde;es sobre os processos seletivos podem ser encontradas no <a href=\"https:\/\/site.copeve.ufmg.br\/\" target=\"_blank\" rel=\"noreferrer noopener\">site da Comiss&atilde;o Permanente do Vestibular (Copeve)<\/a><\/p>\n\n\n\n<p>Acesse o <a href=\"https:\/\/www.coltec.ufmg.br\/coltec-ufmg\/\" target=\"_blank\" rel=\"noreferrer noopener\">site do Coltec<\/a><br>Acesse o <a href=\"https:\/\/www.coltec.ufmg.br\/tu\/#!\/\" target=\"_blank\" rel=\"noreferrer noopener\">site do Teatro Universit&aacute;rio<\/a><\/p>\n<\/div><\/details>\n<\/div>\n\n\n\n<div class=\"wp-block-ufmg-cards grid grid-cols-1 lg:grid-cols-cards gap-8\">\n\t<div class=\"flex flex-col gap-6 p-6 md:py-8 border border-neutral-200 rounded-lg\">\n\n\t\t\t\t\t<h2 class=\"pl-2 border-l-2 border-l-primary-400 text-neutral-600 text-xl md:text-2xl font-semibold\">\n\t\t\t\tEduca\u00e7\u00e3o B\u00e1sica e Profissional (Ebap)\t\t\t<\/h2>\n\t\t\n\t\t\t\t\t<p class=\"flex-1 text-base md:text-lg text-neutral-500\">\n\t\t\t\tA Ebap \u00e9 respons\u00e1vel pela oferta regular e permanente de ensinos fundamental e m\u00e9dio e educa\u00e7\u00e3o profissional tecnol\u00f3gica.\t\t\t<\/p>\n\t\t\n\t\t\t\t\t<a href=\"http:\/\/150.164.63.212:9000\/portal-novo-test\/cursos\/estude-na-ufmg\/educacao-basica-e-profissional-ebap\/\" target=\"_blank\" rel=\"noopener noreferrer\"\t\t\t\tclass=\"w-fit ml-auto flex items-center gap-4 text-primary-300 font-lexend font-medium text-base md:text-lg\">\n\t\t\t\tAcesse aqui\t\t\t\t<i class=\"ti ti-chevron-right text-[1rem] md:text-[1.25rem]\"><\/i>\n\t\t\t<\/a>\n\t\t\t<\/div>\n\n\n\n\t<div class=\"flex flex-col gap-6 p-6 md:py-8 border border-neutral-200 rounded-lg\">\n\n\t\t\t\t\t<h2 class=\"pl-2 border-l-2 border-l-primary-400 text-neutral-600 text-xl md:text-2xl font-semibold\">\n\t\t\t\tReserva de vagas\t\t\t<\/h2>\n\t\t\n\t\t\t\t\t<p class=\"flex-1 text-base md:text-lg text-neutral-500\">\n\t\t\t\tA UFMG adota a pol\u00edtica de reserva de vagas conforme regulamenta a Lei n.\u00ba12.711\/2012. \t\t\t<\/p>\n\t\t\n\t\t\t\t\t<a href=\"http:\/\/150.164.63.212:9000\/portal-novo-test\/?page_id=3646\" target=\"_blank\" rel=\"noopener noreferrer\"\t\t\t\tclass=\"w-fit ml-auto flex items-center gap-4 text-primary-300 font-lexend font-medium text-base md:text-lg\">\n\t\t\t\tAcesse aqui\t\t\t\t<i class=\"ti ti-chevron-right text-[1rem] md:text-[1.25rem]\"><\/i>\n\t\t\t<\/a>\n\t\t\t<\/div>\n<\/div>\n","protected":false},"excerpt":{"rendered":"<p>A Educa\u00e7\u00e3o B\u00e1sica e Profissional (Ebap) da UFMG tem como miss\u00e3o desenvolver, de forma indissoci\u00e1vel, o ensino, a pesquisa e a extens\u00e3o, promovendo o desenvolvimento pleno de seus estudantes. A Universidade oferece gratuitamente vagas de ensino fundamental e educa\u00e7\u00e3o de jovens e adultos no Centro Pedag\u00f3gico (CP), de ensino m\u00e9dio com forma\u00e7\u00e3o t\u00e9cnica profissional e [&hellip;]<\/p>\n","protected":false},"author":1,"featured_media":0,"parent":2901,"menu_order":0,"comment_status":"closed","ping_status":"closed","template":"","meta":{"_acf_changed":false,"footnotes":""},"class_list":["post-3076","page","type-page","status-publish","hentry"],"acf":[],"_links":{"self":[{"href":"http:\/\/150.164.63.212:9000\/portal-novo-test\/wp-json\/wp\/v2\/pages\/3076","targetHints":{"allow":["GET"]}}],"collection":[{"href":"http:\/\/150.164.63.212:9000\/portal-novo-test\/wp-json\/wp\/v2\/pages"}],"about":[{"href":"http:\/\/150.164.63.212:9000\/portal-novo-test\/wp-json\/wp\/v2\/types\/page"}],"author":[{"embeddable":true,"href":"http:\/\/150.164.63.212:9000\/portal-novo-test\/wp-json\/wp\/v2\/users\/1"}],"replies":[{"embeddable":true,"href":"http:\/\/150.164.63.212:9000\/portal-novo-test\/wp-json\/wp\/v2\/comments?post=3076"}],"version-history":[{"count":0,"href":"http:\/\/150.164.63.212:9000\/portal-novo-test\/wp-json\/wp\/v2\/pages\/3076\/revisions"}],"up":[{"embeddable":true,"href":"http:\/\/150.164.63.212:9000\/portal-novo-test\/wp-json\/wp\/v2\/pages\/2901"}],"wp:attachment":[{"href":"http:\/\/150.164.63.212:9000\/portal-novo-test\/wp-json\/wp\/v2\/media?parent=3076"}],"curies":[{"name":"wp","href":"https:\/\/api.w.org\/{rel}","templated":true}]}}