{"id":3386,"date":"2025-09-09T12:18:52","date_gmt":"2025-09-09T15:18:52","guid":{"rendered":"http:\/\/150.164.63.212:9000\/portal-novo-test\/?page_id=3386"},"modified":"2025-10-31T10:31:39","modified_gmt":"2025-10-31T13:31:39","slug":"orgaos-da-administracao-superior","status":"publish","type":"page","link":"http:\/\/150.164.63.212:9000\/portal-novo-test\/a-universidade\/estrutura-organizacional\/orgaos-da-administracao-superior\/","title":{"rendered":"\u00d3rg\u00e3os da Administra\u00e7\u00e3o Superior"},"content":{"rendered":"\n\n\t<figure data-size=\"medium\"\n\t\tclass=\"group space-y-2 data-[size=small]:w-[21rem] sm:data-[size=medium]:w-[40rem] lg:data-[size=small]:float-left lg:data-[size=small]:mr-8 mx-auto\">\n\t\t\t\t\t<img loading=\"lazy\" decoding=\"async\" width=\"640\" height=\"256\" src=\"http:\/\/150.164.63.212:9000\/portal-novo-test\/app\/uploads\/2025\/09\/Orgaos-da-Administracao-Central-640x256.png\" class=\"group-data-[size=small]:w-[21rem] group-data-[size=small]:h-[29.75rem] sm:group-data-[size=medium]:w-[40rem] sm:group-data-[size=small]:h-[27.8125rem] lg:group-data-[size=medium]:h-[27.8125rem] group-data-[size=large]:w-full group-data-[size=large]:h-[9.875rem] md:group-data-[size=large]:h-[27.8125rem] rounded object-fill\" alt=\"Organograma dos \u00f3rg\u00e3os da Administra\u00e7\u00e3o Central da UFMG\" \/>\t\t\t\t<div\n\t\t\tclass=\"group-data-[size=small]:w-[21rem] px-3 pt-3 pb-6 md:px-6 group-data-[size=small]:px-3 text-neutral-300 text-xs md:text-sm\">\n\t\t\t<figcaption title=\"Organograma dos \u00f3rg\u00e3os da Administra\u00e7\u00e3o Central da UFMG\" class=\"block line-clamp-4 md:line-clamp-3\">\n\t\t\t\tOrganograma dos \u00f3rg\u00e3os da Administra\u00e7\u00e3o Central da UFMG\t\t\t<\/figcaption>\n\t\t\t<cite\n\t\t\t\tclass=\"relative block not-italic after:absolute after:left-0 after:right-0 after:-bottom-3 after:h-px after:bg-neutral-100\">\n\t\t\t\tFonte: Proplan (www.ufmg.br\/proplan\/organograma-ufmg\/)\t\t\t<\/cite>\n\t\t<\/div>\n\t<\/figure>\n\n\n\n<h2 class=\"wp-block-heading\">Reitoria<\/h2>\n\n\n\n<p>A Reitoria, \u00f3rg\u00e3o de administra\u00e7\u00e3o geral, supervisiona e controla a execu\u00e7\u00e3o das atividades administrativas da Universidade, competindo-lhe, para esse fim, estabelecer as medidas regulamentares cab\u00edveis, conforme os artigos 23 a 31 do <a href=\"https:\/\/www2.ufmg.br\/sods\/Sods\/Sobre-a-UFMG\/Estatuto\" target=\"_blank\" rel=\"noreferrer noopener\">Estatuto da UFMG<\/a>. A Reitoria \u00e9 integrada pelo reitor, pelo vice-reitor, pelas Pr\u00f3-reitorias, pela Procuradoria Jur\u00eddica e pela Assessoria.&nbsp;O reitor \u00e9 nomeado pelo presidente da rep\u00fablica, que o escolher\u00e1 a partir de lista tr\u00edplice de docentes, organizada em reuni\u00e3o conjunta entre o Conselho Universit\u00e1rio, o Conselho de Ensino, Pesquisa e Extens\u00e3o (Cepe) e o Conselho de Curadores. Cabe ao Conselho Universit\u00e1rio a regulamenta\u00e7\u00e3o do processo de consulta \u00e0 comunidade universit\u00e1ria para escolha do reitor e do vice-reitor. Poder\u00e3o concorrer \u00e0 lista tr\u00edplice docentes da carreira de magist\u00e9rio superior da UFMG em efetivo exerc\u00edcio. Os pr\u00f3-reitores, os pr\u00f3-reitores adjuntos, o procurador-geral e os assessores s\u00e3o de livre escolha do reitor.<\/p>\n\n\n\n<div class=\"wp-block-ufmg-cards grid grid-cols-1 lg:grid-cols-cards gap-8\">\n\t<div class=\"flex flex-col gap-6 p-6 md:py-8 border border-neutral-200 rounded-lg\">\n\n\t\t\t\t\t<h2 class=\"pl-2 border-l-2 border-l-primary-400 text-neutral-600 text-xl md:text-2xl font-semibold\">\n\t\t\t\tDirigentes da UFMG\t\t\t<\/h2>\n\t\t\n\t\t\t\t\t<p class=\"flex-1 text-base md:text-lg text-neutral-500\">\n\t\t\t\tPrincipais cargos, seus respectivos ocupantes e contatos\t\t\t<\/p>\n\t\t\n\t\t\t\t\t<a href=\"http:\/\/150.164.63.212:9000\/portal-novo-test\/dirigentes\/\" target=\"_blank\" rel=\"noopener noreferrer\"\t\t\t\tclass=\"w-fit ml-auto flex items-center gap-4 text-primary-300 font-lexend font-medium text-base md:text-lg\">\n\t\t\t\tAcesse aqui\t\t\t\t<i class=\"ti ti-chevron-right text-[1rem] md:text-[1.25rem]\"><\/i>\n\t\t\t<\/a>\n\t\t\t<\/div>\n\n\n\n\t<div class=\"flex flex-col gap-6 p-6 md:py-8 border border-neutral-200 rounded-lg\">\n\n\t\t\t\t\t<h2 class=\"pl-2 border-l-2 border-l-primary-400 text-neutral-600 text-xl md:text-2xl font-semibold\">\n\t\t\t\tTodos os Reitores\t\t\t<\/h2>\n\t\t\n\t\t\t\t\t<p class=\"flex-1 text-base md:text-lg text-neutral-500\">\n\t\t\t\tHist\u00f3rico de todos os reitores da UFMG\t\t\t<\/p>\n\t\t\n\t\t\t\t\t<a href=\"https:\/\/ufmg.br\/a-universidade\/apresentacao\/todos-os-reitores\" target=\"_blank\" rel=\"noopener noreferrer\"\t\t\t\tclass=\"w-fit ml-auto flex items-center gap-4 text-primary-300 font-lexend font-medium text-base md:text-lg\">\n\t\t\t\tAcesse aqui\t\t\t\t<i class=\"ti ti-chevron-right text-[1rem] md:text-[1.25rem]\"><\/i>\n\t\t\t<\/a>\n\t\t\t<\/div>\n<\/div>\n\n\n\n<h2 class=\"wp-block-heading\">Conselho de Diretores<\/h2>\n\n\n\n<p>O <a href=\"https:\/\/www2.ufmg.br\/sods\/Sods\/Conselho-de-Diretores\" target=\"_blank\" rel=\"noreferrer noopener\">Conselho de Diretores<\/a>,&nbsp;\u00f3rg\u00e3o de assessoria executiva da administra\u00e7\u00e3o superior da UFMG, desenvolve normas operacionais para mat\u00e9rias aprovadas pelo Conselho Universit\u00e1rio, decide sobre aquelas que lhe forem delegadas por este \u00f3rg\u00e3o e assessoram o reitor em delibera\u00e7\u00f5es de sua compet\u00eancia, conforme os artigos 32 ao 35 do <a href=\"https:\/\/www2.ufmg.br\/sods\/Sods\/Sobre-a-UFMG\/Estatuto\" target=\"_blank\" rel=\"noreferrer noopener\">Estatuto da UFMG<\/a>. O Conselho \u00e9 integrado pelo reitor; pelo vice-reitor; pelos pr\u00f3-reitores; pelos diretores das Unidades Acad\u00eamicas; pelos diretores-gerais das Unidades Especiais; pelos diretores-gerais dos \u00d3rg\u00e3os Suplementares; por representantes dos servidores docentes e t\u00e9cnico-administrativos e por representantes do corpo discente. Para mais informa\u00e7\u00f5es, como a composi\u00e7\u00e3o atual, as normas e os documentos do Conselho, <a href=\"https:\/\/www2.ufmg.br\/sods\/Sods\/Conselho-de-Diretores\" target=\"_blank\" rel=\"noreferrer noopener\">acesse aqui<\/a>.<\/p>\n\n\n\n<h2 class=\"wp-block-heading\">Conselho de Integra\u00e7\u00e3o Comunit\u00e1ria<\/h2>\n\n\n\n<p>O Conselho de Integra\u00e7\u00e3o Comunit\u00e1ria, \u00f3rg\u00e3o de car\u00e1ter consultivo, tem por objetivo prover apoio institucional e t\u00e9cnico, al\u00e9m de subs\u00eddios de natureza cr\u00edtica, visando maior integra\u00e7\u00e3o da Universidade com a sociedade, conforme o artigo n\u00ba 36 do <a href=\"https:\/\/www2.ufmg.br\/sods\/Sods\/Sobre-a-UFMG\/Estatuto\" target=\"_blank\" rel=\"noreferrer noopener\">Estatuto da UFMG<\/a>. Cabe ao Conselho Universit\u00e1rio dispor sobre a constitui\u00e7\u00e3o, as atribui\u00e7\u00f5es e o funcionamento do Conselho de Integra\u00e7\u00e3o Comunit\u00e1ria.<\/p>\n\n\n\n<h2 class=\"wp-block-heading\">Pr\u00f3-reitorias<\/h2>\n\n\n\n<p>As Pr\u00f3-reitorias s\u00e3o estruturas administrativas da UFMG, vinculadas \u00e0 Reitoria, que cuidam de \u00e1reas espec\u00edficas referentes ao ensino, \u00e0 pesquisa e \u00e0 extens\u00e3o da Institui\u00e7\u00e3o.<\/p>\n\n\n<?xml encoding=\"utf-8\"?><ul class=\"wp-block-ufmg-hub-links [&amp;&gt;li_a]:flex [&amp;&gt;li_a]:items-center [&amp;&gt;li_a]:justify-between [&amp;&gt;li_a]:bg-neutral-50 [&amp;&gt;li_a]:px-4 [&amp;&gt;li_a]:py-3 md:[&amp;&gt;li_a]:py-5 [&amp;&gt;li_a]:border-b [&amp;&gt;li_a]:border-b-neutral-200 [&amp;&gt;li_a]:text-primary-300 [&amp;&gt;li_a]:text-base md:[&amp;&gt;li_a]:text-lg [&amp;&gt;li_a]:font-lexend [&amp;&gt;li_a]:font-medium [&amp;&gt;li_a]:transition-colors [&amp;&gt;li_a&gt;i]:text-[1rem] md:[&amp;&gt;li_a&gt;i]:text-[1.5rem] hover:[&amp;&gt;li_a]:bg-neutral-100 hover:[&amp;&gt;li_a]:border-b-primary-300\"><li class=\" wp-block-navigation-item wp-block-navigation-link\"><a class=\"wp-block-navigation-item__content\" href=\"https:\/\/www.ufmg.br\/pra\/sobre-a-pra-2\/\" target=\"_blank\"><span class=\"wp-block-navigation-item__label\">Pr&oacute;-reitoria de Administra&ccedil;&atilde;o (PRA)<\/span><i class=\"ti ti-chevron-right\"><\/i><\/a><\/li>\n\n<li class=\" wp-block-navigation-item wp-block-navigation-link\"><a class=\"wp-block-navigation-item__content\" href=\"https:\/\/www.ufmg.br\/prae\/sobre-a-prae\/\" target=\"_blank\"><span class=\"wp-block-navigation-item__label\">Pr&oacute;-reitoria de Assuntos Estudantis (Prae)<\/span><i class=\"ti ti-chevron-right\"><\/i><\/a><\/li>\n\n<li class=\" wp-block-navigation-item wp-block-navigation-link\"><a class=\"wp-block-navigation-item__content\" href=\"https:\/\/www.ufmg.br\/procult\/conheca-a-procult\/apresentacao\/\" target=\"_blank\"><span class=\"wp-block-navigation-item__label\">Pr&oacute;-reitoria de Cultura (Procult)<\/span><i class=\"ti ti-chevron-right\"><\/i><\/a><\/li>\n\n<li class=\" wp-block-navigation-item wp-block-navigation-link\"><a class=\"wp-block-navigation-item__content\" href=\"https:\/\/www.ufmg.br\/proex\/extensao-na-ufmg\/\" target=\"_blank\"><span class=\"wp-block-navigation-item__label\">Pr&oacute;-reitoria de Extens&atilde;o (Proex)<\/span><i class=\"ti ti-chevron-right\"><\/i><\/a><\/li>\n\n<li class=\" wp-block-navigation-item wp-block-navigation-link\"><a class=\"wp-block-navigation-item__content\" href=\"https:\/\/www.ufmg.br\/prograd\/prograd\/\" target=\"_blank\"><span class=\"wp-block-navigation-item__label\">Pr&oacute;-reitoria de Gradua&ccedil;&atilde;o (Prograd)<\/span><i class=\"ti ti-chevron-right\"><\/i><\/a><\/li>\n\n<li class=\" wp-block-navigation-item wp-block-navigation-link\"><a class=\"wp-block-navigation-item__content\" href=\"https:\/\/www.ufmg.br\/prpq\/quem-somos\/\" target=\"_blank\"><span class=\"wp-block-navigation-item__label\">Pr&oacute;-reitoria de Pesquisa (PRPq)<\/span><i class=\"ti ti-chevron-right\"><\/i><\/a><\/li>\n\n<li class=\" wp-block-navigation-item wp-block-navigation-link\"><a class=\"wp-block-navigation-item__content\" href=\"https:\/\/www.ufmg.br\/proplan\/sobre-a-proplan\/\" target=\"_blank\"><span class=\"wp-block-navigation-item__label\">Pr&oacute;-reitoria de Planejamento e Desenvolvimento (Proplan)<\/span><i class=\"ti ti-chevron-right\"><\/i><\/a><\/li>\n\n<li class=\" wp-block-navigation-item wp-block-navigation-link\"><a class=\"wp-block-navigation-item__content\" href=\"https:\/\/www.ufmg.br\/prpg\/pos-graduacao\/\" target=\"_blank\"><span class=\"wp-block-navigation-item__label\">Pr&oacute;-reitoria de P&oacute;s-gradua&ccedil;&atilde;o (PRPG)<\/span><i class=\"ti ti-chevron-right\"><\/i><\/a><\/li>\n\n<li class=\" wp-block-navigation-item wp-block-navigation-link\"><a class=\"wp-block-navigation-item__content\" href=\"https:\/\/www.ufmg.br\/prorh\/a-prorh\/estrutura-2\/\" target=\"_blank\"><span class=\"wp-block-navigation-item__label\">Pr&oacute;-reitoria de Recursos Humanos (PRORH)<\/span><i class=\"ti ti-chevron-right\"><\/i><\/a><\/li><\/ul>\n\n\n\n<h2 class=\"wp-block-heading\">\u00d3rg\u00e3os Auxiliares<\/h2>\n\n\n\n<p>Os \u00d3rg\u00e3os Auxiliares da administra\u00e7\u00e3o s\u00e3o institu\u00eddos pela Reitoria com a aprova\u00e7\u00e3o do Conselho Universit\u00e1rio, conforme o artigo n\u00ba 25 do <a href=\"https:\/\/www2.ufmg.br\/sods\/Sods\/Sobre-a-UFMG\/Estatuto\" target=\"_blank\" rel=\"noreferrer noopener\">Estatuto da UFMG<\/a>.<\/p>\n\n\n<?xml encoding=\"utf-8\"?><ul class=\"wp-block-ufmg-hub-links [&amp;&gt;li_a]:flex [&amp;&gt;li_a]:items-center [&amp;&gt;li_a]:justify-between [&amp;&gt;li_a]:bg-neutral-50 [&amp;&gt;li_a]:px-4 [&amp;&gt;li_a]:py-3 md:[&amp;&gt;li_a]:py-5 [&amp;&gt;li_a]:border-b [&amp;&gt;li_a]:border-b-neutral-200 [&amp;&gt;li_a]:text-primary-300 [&amp;&gt;li_a]:text-base md:[&amp;&gt;li_a]:text-lg [&amp;&gt;li_a]:font-lexend [&amp;&gt;li_a]:font-medium [&amp;&gt;li_a]:transition-colors [&amp;&gt;li_a&gt;i]:text-[1rem] md:[&amp;&gt;li_a&gt;i]:text-[1.5rem] hover:[&amp;&gt;li_a]:bg-neutral-100 hover:[&amp;&gt;li_a]:border-b-primary-300\"><li class=\" wp-block-navigation-item wp-block-navigation-link\"><a class=\"wp-block-navigation-item__content\" href=\"http:\/\/150.164.63.212:9000\/portal-novo-test\/comunicacao\/cedecom\/\" target=\"_blank\"><span class=\"wp-block-navigation-item__label\">Centro de Comunica&ccedil;&atilde;o (Cedecom)<\/span><i class=\"ti ti-chevron-right\"><\/i><\/a><\/li>\n\n<li class=\" wp-block-navigation-item wp-block-navigation-link\"><a class=\"wp-block-navigation-item__content\" href=\"https:\/\/site.copeve.ufmg.br\/a_copeve\" target=\"_blank\"><span class=\"wp-block-navigation-item__label\">Comiss&atilde;o Permanente do Vestibular (Copeve)<\/span><i class=\"ti ti-chevron-right\"><\/i><\/a><\/li>\n\n<li class=\" wp-block-navigation-item wp-block-navigation-link\"><a class=\"wp-block-navigation-item__content\" href=\"https:\/\/www2.ufmg.br\/drca\/drca\/Home\/O-DRCA\/Apresentacao\" target=\"_blank\"><span class=\"wp-block-navigation-item__label\">Departamento de Registro e Controle Acad&ecirc;mico (DRCA)<\/span><i class=\"ti ti-chevron-right\"><\/i><\/a><\/li>\n\n<li class=\" wp-block-navigation-item wp-block-navigation-link\"><a class=\"wp-block-navigation-item__content\" href=\"https:\/\/www.ufmg.br\/diarq\/quem-somos\/\" target=\"_blank\"><span class=\"wp-block-navigation-item__label\">Diretoria de Arquivos Institucionais (DIARQ)<\/span><i class=\"ti ti-chevron-right\"><\/i><\/a><\/li>\n\n<li class=\" wp-block-navigation-item wp-block-navigation-link\"><a class=\"wp-block-navigation-item__content\" href=\"https:\/\/www.ufmg.br\/dti\/pagina-inicial\/historia\/\" target=\"_blank\"><span class=\"wp-block-navigation-item__label\">Diretoria de Tecnologia da Informa&ccedil;&atilde;o (DTI)<\/span><i class=\"ti ti-chevron-right\"><\/i><\/a><\/li>\n\n<li class=\" wp-block-navigation-item wp-block-navigation-link\"><a class=\"wp-block-navigation-item__content\" href=\"http:\/\/150.164.63.212:9000\/portal-novo-test\/dirigentes\/\" target=\"_blank\"><span class=\"wp-block-navigation-item__label\">Gabinete<\/span><i class=\"ti ti-chevron-right\"><\/i><\/a><\/li>\n\n<li class=\" wp-block-navigation-item wp-block-navigation-link\"><a class=\"wp-block-navigation-item__content\" href=\"https:\/\/www.ufmg.br\/imprensa\/index.php\/historico\/\" target=\"_blank\"><span class=\"wp-block-navigation-item__label\">Imprensa Universit&aacute;ria<\/span><i class=\"ti ti-chevron-right\"><\/i><\/a><\/li><\/ul>\n\n\n\n<h2 class=\"wp-block-heading\">\u00d3rg\u00e3os Suplementares<\/h2>\n\n\n\n<p>Os \u00d3rg\u00e3os Suplementares s\u00e3o vinculados \u00e0 Reitoria, criados mediante aprova\u00e7\u00e3o do Conselho Universit\u00e1rio e regidos pelos artigos 65 a 67 do <a href=\"https:\/\/www2.ufmg.br\/sods\/Sods\/Sobre-a-UFMG\/Estatuto\" target=\"_blank\" rel=\"noreferrer noopener\">Estatuto da UFMG<\/a>. Cada \u00d3rg\u00e3o Suplementar \u00e9 dirigido por um Conselho, que ter\u00e1 um diretor e um vice-diretor escolhidos pelo reitor atrav\u00e9s de lista tr\u00edplice elaborada, em ambos os casos, pelo respectivo Conselho.<\/p>\n\n\n<?xml encoding=\"utf-8\"?><ul class=\"wp-block-ufmg-hub-links [&amp;&gt;li_a]:flex [&amp;&gt;li_a]:items-center [&amp;&gt;li_a]:justify-between [&amp;&gt;li_a]:bg-neutral-50 [&amp;&gt;li_a]:px-4 [&amp;&gt;li_a]:py-3 md:[&amp;&gt;li_a]:py-5 [&amp;&gt;li_a]:border-b [&amp;&gt;li_a]:border-b-neutral-200 [&amp;&gt;li_a]:text-primary-300 [&amp;&gt;li_a]:text-base md:[&amp;&gt;li_a]:text-lg [&amp;&gt;li_a]:font-lexend [&amp;&gt;li_a]:font-medium [&amp;&gt;li_a]:transition-colors [&amp;&gt;li_a&gt;i]:text-[1rem] md:[&amp;&gt;li_a&gt;i]:text-[1.5rem] hover:[&amp;&gt;li_a]:bg-neutral-100 hover:[&amp;&gt;li_a]:border-b-primary-300\"><li class=\" wp-block-navigation-item wp-block-navigation-link\"><a class=\"wp-block-navigation-item__content\" href=\"https:\/\/www.ufmg.br\/ceu\/app\/site\/estrutura\" target=\"_blank\"><span class=\"wp-block-navigation-item__label\">Centro Esportivo Universit&aacute;rio (CEU)<\/span><i class=\"ti ti-chevron-right\"><\/i><\/a><\/li>\n\n<li class=\" wp-block-navigation-item wp-block-navigation-link\"><a class=\"wp-block-navigation-item__content\" href=\"https:\/\/www.microscopia.ufmg.br\/quemsomos\/\" target=\"_blank\"><span class=\"wp-block-navigation-item__label\">Centro de Microscopia (CM-UFMG)<\/span><i class=\"ti ti-chevron-right\"><\/i><\/a><\/li>\n\n<li class=\" wp-block-navigation-item wp-block-navigation-link\"><a class=\"wp-block-navigation-item__content\" href=\"http:\/\/www.editoraufmg.com.br\" target=\"_blank\"><span class=\"wp-block-navigation-item__label\">Editora UFMG<\/span><i class=\"ti ti-chevron-right\"><\/i><\/a><\/li>\n\n<li class=\" wp-block-navigation-item wp-block-navigation-link\"><a class=\"wp-block-navigation-item__content\" href=\"https:\/\/www.lcc.ufmg.br\/sobre-o-lcc\" target=\"_blank\"><span class=\"wp-block-navigation-item__label\">Laborat&oacute;rio de Computa&ccedil;&atilde;o Cient&iacute;fica (LCC)<\/span><i class=\"ti ti-chevron-right\"><\/i><\/a><\/li>\n\n<li class=\" wp-block-navigation-item wp-block-navigation-link\"><a class=\"wp-block-navigation-item__content\" href=\"https:\/\/www.ufmg.br\/mhnjb\/quem-somos\/\" target=\"_blank\"><span class=\"wp-block-navigation-item__label\">Museu de Hist&oacute;ria Natural e Jardim Bot&acirc;nico (MHNJB)<\/span><i class=\"ti ti-chevron-right\"><\/i><\/a><\/li>\n\n<li class=\" wp-block-navigation-item wp-block-navigation-link\"><a class=\"wp-block-navigation-item__content\" href=\"https:\/\/www.bu.ufmg.br\/bu_atual\/o-sistema-de-bibliotecas\/apresentacao\/\" target=\"_blank\"><span class=\"wp-block-navigation-item__label\">Sistemas de Bibliotecas da UFMG<\/span><i class=\"ti ti-chevron-right\"><\/i><\/a><\/li><\/ul>\n","protected":false},"excerpt":{"rendered":"<p>Reitoria A Reitoria, \u00f3rg\u00e3o de administra\u00e7\u00e3o geral, supervisiona e controla a execu\u00e7\u00e3o das atividades administrativas da Universidade, competindo-lhe, para esse fim, estabelecer as medidas regulamentares cab\u00edveis, conforme os artigos 23 a 31 do Estatuto da UFMG. A Reitoria \u00e9 integrada pelo reitor, pelo vice-reitor, pelas Pr\u00f3-reitorias, pela Procuradoria Jur\u00eddica e pela Assessoria.&nbsp;O reitor \u00e9 nomeado [&hellip;]<\/p>\n","protected":false},"author":1,"featured_media":0,"parent":2605,"menu_order":0,"comment_status":"closed","ping_status":"closed","template":"","meta":{"_acf_changed":false,"footnotes":""},"class_list":["post-3386","page","type-page","status-publish","hentry"],"acf":[],"_links":{"self":[{"href":"http:\/\/150.164.63.212:9000\/portal-novo-test\/wp-json\/wp\/v2\/pages\/3386","targetHints":{"allow":["GET"]}}],"collection":[{"href":"http:\/\/150.164.63.212:9000\/portal-novo-test\/wp-json\/wp\/v2\/pages"}],"about":[{"href":"http:\/\/150.164.63.212:9000\/portal-novo-test\/wp-json\/wp\/v2\/types\/page"}],"author":[{"embeddable":true,"href":"http:\/\/150.164.63.212:9000\/portal-novo-test\/wp-json\/wp\/v2\/users\/1"}],"replies":[{"embeddable":true,"href":"http:\/\/150.164.63.212:9000\/portal-novo-test\/wp-json\/wp\/v2\/comments?post=3386"}],"version-history":[{"count":0,"href":"http:\/\/150.164.63.212:9000\/portal-novo-test\/wp-json\/wp\/v2\/pages\/3386\/revisions"}],"up":[{"embeddable":true,"href":"http:\/\/150.164.63.212:9000\/portal-novo-test\/wp-json\/wp\/v2\/pages\/2605"}],"wp:attachment":[{"href":"http:\/\/150.164.63.212:9000\/portal-novo-test\/wp-json\/wp\/v2\/media?parent=3386"}],"curies":[{"name":"wp","href":"https:\/\/api.w.org\/{rel}","templated":true}]}}