{"id":3393,"date":"2025-09-09T12:16:45","date_gmt":"2025-09-09T15:16:45","guid":{"rendered":"http:\/\/150.164.63.212:9000\/portal-novo-test\/?page_id=3393"},"modified":"2025-09-09T12:16:45","modified_gmt":"2025-09-09T15:16:45","slug":"orgaos-de-deliberacao-superior-e-fiscalizacao-economico-financeira","status":"publish","type":"page","link":"http:\/\/150.164.63.212:9000\/portal-novo-test\/a-universidade\/estrutura-organizacional\/orgaos-de-deliberacao-superior-e-fiscalizacao-economico-financeira\/","title":{"rendered":"\u00d3rg\u00e3os de Delibera\u00e7\u00e3o Superior e Fiscaliza\u00e7\u00e3o Econ\u00f4mico-Financeira"},"content":{"rendered":"\n\n\t<figure data-size=\"medium\"\n\t\tclass=\"group space-y-2 data-[size=small]:w-[21rem] sm:data-[size=medium]:w-[40rem] lg:data-[size=small]:float-left lg:data-[size=small]:mr-8 mx-auto\">\n\t\t\t\t\t<img loading=\"lazy\" decoding=\"async\" width=\"509\" height=\"140\" src=\"http:\/\/150.164.63.212:9000\/portal-novo-test\/app\/uploads\/2025\/09\/Orgaos-de-deliberacao-e1756907400966.png\" class=\"group-data-[size=small]:w-[21rem] group-data-[size=small]:h-[29.75rem] sm:group-data-[size=medium]:w-[40rem] sm:group-data-[size=small]:h-[27.8125rem] lg:group-data-[size=medium]:h-[27.8125rem] group-data-[size=large]:w-full group-data-[size=large]:h-[9.875rem] md:group-data-[size=large]:h-[27.8125rem] rounded object-fill\" alt=\"Organograma dos \u00f3rg\u00e3os de delibera\u00e7\u00e3o superior e fiscaliza\u00e7\u00e3o econ\u00f4mico-financeira da UFMG\" \/>\t\t\t\t<div\n\t\t\tclass=\"group-data-[size=small]:w-[21rem] px-3 pt-3 pb-6 md:px-6 group-data-[size=small]:px-3 text-neutral-300 text-xs md:text-sm\">\n\t\t\t<figcaption title=\"Organograma dos \u00f3rg\u00e3os de delibera\u00e7\u00e3o superior e fiscaliza\u00e7\u00e3o econ\u00f4mico-financeira da UFMG\" class=\"block line-clamp-4 md:line-clamp-3\">\n\t\t\t\tOrganograma dos \u00f3rg\u00e3os de delibera\u00e7\u00e3o superior e fiscaliza\u00e7\u00e3o econ\u00f4mico-financeira da UFMG\t\t\t<\/figcaption>\n\t\t\t<cite\n\t\t\t\tclass=\"relative block not-italic after:absolute after:left-0 after:right-0 after:-bottom-3 after:h-px after:bg-neutral-100\">\n\t\t\t\tFonte: Proplan (www.ufmg.br\/proplan\/organograma-ufmg\/)\t\t\t<\/cite>\n\t\t<\/div>\n\t<\/figure>\n\n\n\n<h2 class=\"wp-block-heading\">Conselho Universit\u00e1rio<\/h2>\n\n\n\n<p>O <a href=\"https:\/\/www2.ufmg.br\/sods\/Sods\/Conselho-Universitario\" target=\"_blank\" rel=\"noreferrer noopener\">Conselho Universit\u00e1rio<\/a> \u00e9 o \u00f3rg\u00e3o m\u00e1ximo de delibera\u00e7\u00e3o da UFMG, respons\u00e1vel por formular a pol\u00edtica geral da Institui\u00e7\u00e3o nos planos acad\u00eamico, administrativo, financeiro, patrimonial e disciplinar, conforme determinam os artigos 8\u00ba a 14 do <a href=\"https:\/\/www2.ufmg.br\/sods\/Sods\/Sobre-a-UFMG\/Estatuto\" target=\"_blank\" rel=\"noreferrer noopener\">Estatuto da UFMG<\/a>.&nbsp;O Conselho \u00e9 integrado pelo reitor, pelo vice-reitor, pelos diretores das Unidades Acad\u00eamicas, pelos diretores-gerais das Unidades Especiais e por representantes dos docentes, dos t\u00e9cnico-administrativos e dos discentes. Para mais informa\u00e7\u00f5es, como a composi\u00e7\u00e3o atual, as normas e os documentos do Conselho, <a href=\"https:\/\/www2.ufmg.br\/sods\/Sods\/Conselho-Universitario\" target=\"_blank\" rel=\"noreferrer noopener\">acesse aqui<\/a>.<\/p>\n\n\n\n<h2 class=\"wp-block-heading\">Conselho de Ensino, Pesquisa e Extens\u00e3o (Cepe)<\/h2>\n\n\n\n<p>O <a href=\"https:\/\/www2.ufmg.br\/sods\/Sods\/CEPE\" target=\"_blank\" rel=\"noreferrer noopener\">Conselho de Ensino, Pesquisa e Extens\u00e3o<\/a> \u00e9 um \u00f3rg\u00e3o t\u00e9cnico de supervis\u00e3o e delibera\u00e7\u00e3o no \u00e2mbito do ensino, da pesquisa e da extens\u00e3o conforme determinam os artigos 15 a 19 do <a href=\"https:\/\/www2.ufmg.br\/sods\/Sods\/Sobre-a-UFMG\/Estatuto\" target=\"_blank\" rel=\"noreferrer noopener\">Estatuto da UFMG<\/a>. O&nbsp;Cepe \u00e9 integrado pelo reitor, pelo vice-reitor, pelos pr\u00f3-reitores que presidem as c\u00e2maras acad\u00eamicas e por representantes docentes e discentes.&nbsp;Para mais informa\u00e7\u00f5es, como a composi\u00e7\u00e3o atual, as normas e os documentos do Conselho,&nbsp;<a href=\"https:\/\/www2.ufmg.br\/sods\/Sods\/CEPE\" target=\"_blank\" rel=\"noreferrer noopener\">acesse aqui<\/a>.&nbsp;<\/p>\n\n\n\n<h2 class=\"wp-block-heading\">Conselho de Curadores<\/h2>\n\n\n\n<p>O <a href=\"https:\/\/www2.ufmg.br\/sods\/Sods\/Conselho-de-Curadores\" target=\"_blank\" rel=\"noreferrer noopener\">Conselho de Curadores<\/a> \u00e9 o \u00f3rg\u00e3o de fiscaliza\u00e7\u00e3o econ\u00f4mico-financeira da UFMG conforme determinam os artigos 20 a 22 do <a href=\"https:\/\/www2.ufmg.br\/sods\/Sods\/Sobre-a-UFMG\/Estatuto\" target=\"_blank\" rel=\"noreferrer noopener\">Estatuto da UFMG<\/a>. Dentre suas compet\u00eancias, destacam-se a aprecia\u00e7\u00e3o da proposta or\u00e7ament\u00e1ria e do or\u00e7amento-programa e a manifesta\u00e7\u00e3o sobre os balan\u00e7os e a presta\u00e7\u00e3o de contas da Reitoria. \u00c9 composto por um membro docente da Comiss\u00e3o de Or\u00e7amento e Contas do Conselho Universit\u00e1rio \u2013 que exerce a presid\u00eancia \u2013, por membros eleitos pela comunidade universit\u00e1ria e por representantes indicados pelo Conselho Regional de Contabilidade de Minas Gerais e pelo Minist\u00e9rio da Educa\u00e7\u00e3o. Para mais informa\u00e7\u00f5es, como a composi\u00e7\u00e3o atual, as normas e os documentos do Conselho,&nbsp;<a href=\"https:\/\/www2.ufmg.br\/sods\/Sods\/Conselho-de-Curadores\" target=\"_blank\" rel=\"noreferrer noopener\">acesse aqui<\/a>.<\/p>\n\n\n\n<h2 class=\"wp-block-heading\">Secretaria dos \u00d3rg\u00e3os de Delibera\u00e7\u00e3o Superior (Sods)<\/h2>\n\n\n\n<p>Os \u00f3rg\u00e3os de delibera\u00e7\u00e3o superior recebem suporte da <a href=\"https:\/\/www2.ufmg.br\/sods\/Sods\/Secretaria\" target=\"_blank\" rel=\"noreferrer noopener\">Secretaria dos \u00d3rg\u00e3os de Delibera\u00e7\u00e3o Superior<\/a> (Sods). Ela atua junto ao Conselho Universit\u00e1rio, em conformidade com o artigo n\u00ba 11 do <a href=\"https:\/\/www2.ufmg.br\/sods\/Sods\/Sobre-a-UFMG\/Estatuto\" target=\"_blank\" rel=\"noreferrer noopener\">Estatuto da UFMG<\/a>, coordenando e assessorando suas atividades, bem como as dos demais \u00f3rg\u00e3os superiores da Institui\u00e7\u00e3o: Conselho de Ensino, Pesquisa e Extens\u00e3o (Cepe), Conselho de Curadores e Conselho de Diretores. Para mais informa\u00e7\u00f5es, <a href=\"https:\/\/www2.ufmg.br\/sods\/Sods\/Secretaria\" target=\"_blank\" rel=\"noreferrer noopener\">acesse aqui<\/a>.<\/p>\n\n\n\n<h2 class=\"wp-block-heading\">Auditoria Geral<\/h2>\n\n\n\n<p>A Auditoria-Geral \u00e9 \u00f3rg\u00e3o de assessoramento do Conselho Universit\u00e1rio, em conformidade com o artigo n\u00ba 11 do <a href=\"https:\/\/www2.ufmg.br\/sods\/Sods\/Sobre-a-UFMG\/Estatuto\" target=\"_blank\" rel=\"noreferrer noopener\">Estatuto da UFMG<\/a>. Sua miss\u00e3o \u00e9 apoiar a Universidade em seu funcionamento e evolu\u00e7\u00e3o, adicionar valor, melhorar a efic\u00e1cia, fortalecer a gest\u00e3o e proteger opera\u00e7\u00f5es da Institui\u00e7\u00e3o, para que cumpra seus objetivos, mediante abordagem sistem\u00e1tica e disciplinada dos processos de gerenciamento de riscos, dos controles e da governan\u00e7a. Para mais informa\u00e7\u00f5es, <a href=\"https:\/\/www.ufmg.br\/auditoria\/\" target=\"_blank\" rel=\"noreferrer noopener\">acesse aqui<\/a>.<\/p>\n","protected":false},"excerpt":{"rendered":"<p>Conselho Universit\u00e1rio O Conselho Universit\u00e1rio \u00e9 o \u00f3rg\u00e3o m\u00e1ximo de delibera\u00e7\u00e3o da UFMG, respons\u00e1vel por formular a pol\u00edtica geral da Institui\u00e7\u00e3o nos planos acad\u00eamico, administrativo, financeiro, patrimonial e disciplinar, conforme determinam os artigos 8\u00ba a 14 do Estatuto da UFMG.&nbsp;O Conselho \u00e9 integrado pelo reitor, pelo vice-reitor, pelos diretores das Unidades Acad\u00eamicas, pelos diretores-gerais das [&hellip;]<\/p>\n","protected":false},"author":1,"featured_media":0,"parent":2605,"menu_order":0,"comment_status":"closed","ping_status":"closed","template":"","meta":{"_acf_changed":false,"footnotes":""},"class_list":["post-3393","page","type-page","status-publish","hentry"],"acf":[],"_links":{"self":[{"href":"http:\/\/150.164.63.212:9000\/portal-novo-test\/wp-json\/wp\/v2\/pages\/3393","targetHints":{"allow":["GET"]}}],"collection":[{"href":"http:\/\/150.164.63.212:9000\/portal-novo-test\/wp-json\/wp\/v2\/pages"}],"about":[{"href":"http:\/\/150.164.63.212:9000\/portal-novo-test\/wp-json\/wp\/v2\/types\/page"}],"author":[{"embeddable":true,"href":"http:\/\/150.164.63.212:9000\/portal-novo-test\/wp-json\/wp\/v2\/users\/1"}],"replies":[{"embeddable":true,"href":"http:\/\/150.164.63.212:9000\/portal-novo-test\/wp-json\/wp\/v2\/comments?post=3393"}],"version-history":[{"count":0,"href":"http:\/\/150.164.63.212:9000\/portal-novo-test\/wp-json\/wp\/v2\/pages\/3393\/revisions"}],"up":[{"embeddable":true,"href":"http:\/\/150.164.63.212:9000\/portal-novo-test\/wp-json\/wp\/v2\/pages\/2605"}],"wp:attachment":[{"href":"http:\/\/150.164.63.212:9000\/portal-novo-test\/wp-json\/wp\/v2\/media?parent=3393"}],"curies":[{"name":"wp","href":"https:\/\/api.w.org\/{rel}","templated":true}]}}