{"id":3553,"date":"2025-09-10T10:38:36","date_gmt":"2025-09-10T13:38:36","guid":{"rendered":"http:\/\/150.164.63.212:9000\/portal-novo-test\/?page_id=3553"},"modified":"2025-09-18T13:40:45","modified_gmt":"2025-09-18T16:40:45","slug":"gestao","status":"publish","type":"page","link":"http:\/\/150.164.63.212:9000\/portal-novo-test\/a-universidade\/gestao\/","title":{"rendered":"Gest\u00e3o"},"content":{"rendered":"\n<p>Uma gest\u00e3o integrada \u00e0s dimens\u00f5es da experi\u00eancia acad\u00eamica e administrativa, e que assegurem o desenvolvimento sustent\u00e1vel para os&nbsp;<em>campi<\/em>,&nbsp;s\u00e3o as linhas centrais da proposta pol\u00edtico-administrativa da Reitoria. Acesse informa\u00e7\u00f5es sobre a gest\u00e3o da UFMG, seus processos, estrat\u00e9gias e impactos econ\u00f4micos e sociais.<\/p>\n\n\n\n<h2 class=\"wp-block-heading\">Processos de Trabalho e Produtos<\/h2>\n\n\n\n<p>Na UFMG, a vida acad\u00eamica \u00e9 uma experi\u00eancia multi, inter e transdisciplinar. Compreenda como o ensino, a pesquisa e a extens\u00e3o se articulam na gradua\u00e7\u00e3o e na p\u00f3s-gradua\u00e7\u00e3o.&nbsp;<a href=\"https:\/\/ufmg.br\/a-universidade\/gestao\/processos-de-trabalho-e-produtos\">Acesse aqui<\/a>.<\/p>\n\n\n\n<h2 class=\"wp-block-heading\">Impactos e Benefici\u00e1rios<\/h2>\n\n\n\n<p>Servi\u00e7os de sa\u00fade de alta complexidade&nbsp;e desenvolvimento de novas tecnologias com profundo impacto econ\u00f4mico e social. Conhe\u00e7a os&nbsp;servi\u00e7os prestados pela UFMG para os&nbsp;diferentes tipos de p\u00fablicos.&nbsp;<a href=\"https:\/\/ufmg.br\/a-universidade\/gestao\/impactos-e-beneficiarios\">Acesse aqui<\/a>.<\/p>\n\n\n\n<h2 class=\"wp-block-heading\">Forma\u00e7\u00e3o de Valor<\/h2>\n\n\n\n<p>Produ\u00e7\u00e3o do conhecimento&nbsp;que se traduz em&nbsp;retorno econ\u00f4mico e ganhos de competitividade. Atua\u00e7\u00e3o extensionista que forma uma cadeia de valor com benef\u00edcios para as comunidades atendidas e forma\u00e7\u00e3o de estudantes.&nbsp;<a href=\"https:\/\/ufmg.br\/a-universidade\/gestao\/formacao-de-valor\">Acesse aqui<\/a>.<\/p>\n\n\n\n<h2 class=\"wp-block-heading\">Articula\u00e7\u00e3o com Ambientes Externos<\/h2>\n\n\n\n<p>Grande parte das atividades da UFMG pressup\u00f5em a articula\u00e7\u00e3o com entes diversos da sociedade e se materializam em a\u00e7\u00f5es de internacionaliza\u00e7\u00e3o, conv\u00eanios em sa\u00fade e redes pesquisa e extens\u00e3o.&nbsp;<a href=\"https:\/\/ufmg.br\/a-universidade\/gestao\/articulacao-com-ambientes-externos\">Acesse aqui<\/a>.<\/p>\n\n\n\n<h2 class=\"wp-block-heading\">Aloca\u00e7\u00e3o de Vagas Docentes<\/h2>\n\n\n\n<p>A UFMG vem construindo processos de aloca\u00e7\u00e3o de vagas docentes nos departamentos&nbsp;a partir de&nbsp;indicadores de produ\u00e7\u00e3o como n\u00famero de egressos de mestrado e doutorado e participa\u00e7\u00e3o&nbsp;em a\u00e7\u00f5es de extens\u00e3o.&nbsp;<a href=\"https:\/\/ufmg.br\/a-universidade\/gestao\/alocacao-de-vagas-docentes\">Acesse aqui<\/a>.<\/p>\n\n\n\n<h2 class=\"wp-block-heading\">Estrat\u00e9gia e Aloca\u00e7\u00e3o de&nbsp;Recursos<\/h2>\n\n\n\n<p>A&nbsp;matriz de distribui\u00e7\u00e3o dos recursos da UFMG&nbsp;considera conceitos para as vari\u00e1veis de uma Matriz Dimens\u00e3o e de uma Matriz Din\u00e2mica.&nbsp;<a href=\"https:\/\/ufmg.br\/a-universidade\/gestao\/estrategia-e-alocacao-de-recursos\" target=\"_blank\" rel=\"noreferrer noopener\">Acesse aqui<\/a>.<\/p>\n\n\n\n<h2 class=\"wp-block-heading\">Resultados e Desempenho da Gest\u00e3o Acad\u00eamica<\/h2>\n\n\n\n<p>O ensino de gradua\u00e7\u00e3o na UFMG passou por significativas mudan\u00e7as com a expans\u00e3o de cursos e a cria\u00e7\u00e3o de pol\u00edticas de inclus\u00e3o e assist\u00eancia estudantil. A busca pela inova\u00e7\u00e3o caminha junto \u00e0&nbsp;flexibiliza\u00e7\u00e3o das estruturas curriculares&nbsp;para atender \u00e0 crescente diversidade de&nbsp;demandas da sociedade.&nbsp;<a href=\"https:\/\/ufmg.br\/a-universidade\/gestao\/gestao-academica\">Acesse aqui<\/a>.<\/p>\n\n\n\n<h2 class=\"wp-block-heading\">Comunidade Universit\u00e1ria<\/h2>\n\n\n\n<p>A&nbsp;comunidade universit\u00e1ria expressa cada vez mais&nbsp;uma conflu\u00eancia da diversidade existente nas cidades que a abrigam.&nbsp;Desse ponto, decorrem outras quest\u00f5es abordadas por pol\u00edticas da UFMG, tais como a inclus\u00e3o de pessoas com defici\u00eancia&nbsp;ou o suporte \u00e0 sa\u00fade mental dos indiv\u00edduos.&nbsp;<a href=\"https:\/\/ufmg.br\/a-universidade\/gestao\/comunidade-universitaria\">Acesse aqui<\/a>.<\/p>\n","protected":false},"excerpt":{"rendered":"<p>Uma gest\u00e3o integrada \u00e0s dimens\u00f5es da experi\u00eancia acad\u00eamica e administrativa, e que assegurem o desenvolvimento sustent\u00e1vel para os&nbsp;campi,&nbsp;s\u00e3o as linhas centrais da proposta pol\u00edtico-administrativa da Reitoria. Acesse informa\u00e7\u00f5es sobre a gest\u00e3o da UFMG, seus processos, estrat\u00e9gias e impactos econ\u00f4micos e sociais. Processos de Trabalho e Produtos Na UFMG, a vida acad\u00eamica \u00e9 uma experi\u00eancia multi, [&hellip;]<\/p>\n","protected":false},"author":1,"featured_media":0,"parent":3794,"menu_order":0,"comment_status":"closed","ping_status":"closed","template":"","meta":{"_acf_changed":false,"footnotes":""},"class_list":["post-3553","page","type-page","status-publish","hentry"],"acf":[],"_links":{"self":[{"href":"http:\/\/150.164.63.212:9000\/portal-novo-test\/wp-json\/wp\/v2\/pages\/3553","targetHints":{"allow":["GET"]}}],"collection":[{"href":"http:\/\/150.164.63.212:9000\/portal-novo-test\/wp-json\/wp\/v2\/pages"}],"about":[{"href":"http:\/\/150.164.63.212:9000\/portal-novo-test\/wp-json\/wp\/v2\/types\/page"}],"author":[{"embeddable":true,"href":"http:\/\/150.164.63.212:9000\/portal-novo-test\/wp-json\/wp\/v2\/users\/1"}],"replies":[{"embeddable":true,"href":"http:\/\/150.164.63.212:9000\/portal-novo-test\/wp-json\/wp\/v2\/comments?post=3553"}],"version-history":[{"count":0,"href":"http:\/\/150.164.63.212:9000\/portal-novo-test\/wp-json\/wp\/v2\/pages\/3553\/revisions"}],"up":[{"embeddable":true,"href":"http:\/\/150.164.63.212:9000\/portal-novo-test\/wp-json\/wp\/v2\/pages\/3794"}],"wp:attachment":[{"href":"http:\/\/150.164.63.212:9000\/portal-novo-test\/wp-json\/wp\/v2\/media?parent=3553"}],"curies":[{"name":"wp","href":"https:\/\/api.w.org\/{rel}","templated":true}]}}