{"id":3641,"date":"2025-09-08T09:28:12","date_gmt":"2025-09-08T12:28:12","guid":{"rendered":"http:\/\/150.164.63.212:9000\/portal-novo-test\/?page_id=3641"},"modified":"2025-09-08T09:28:12","modified_gmt":"2025-09-08T12:28:12","slug":"vida-academica","status":"publish","type":"page","link":"http:\/\/150.164.63.212:9000\/portal-novo-test\/vida-academica\/","title":{"rendered":"Vida Acad\u00eamica"},"content":{"rendered":"\n<p>Conhe\u00e7a o conjunto de direitos, oportunidades e normas que direcionam a presen\u00e7a dos alunos da UFMG em suas atividades acad\u00eamicas. <\/p>\n\n\n\n<div class=\"wp-block-ufmg-details-group\"><?xml encoding=\"utf-8\"?><details class=\"group\/accordion\"><summary class=\"flex gap-4 items-center bg-neutral-50 border-x border-t group-last-of-type\/accordion:border-b border-neutral-200 group-open\/accordion:border-primary-300 group-open\/accordion:bg-primary-300 p-3 group-[&amp;:first-of-type]\/accordion:rounded-t group-[&amp;:last-of-type]\/accordion:rounded-b group-open\/accordion:[&amp;:last-of-type]:rounded-b-none text-neutral-600 group-open\/accordion:text-neutral-50 text-lg font-semibold [&amp;&gt;i]:text-[1.5rem] group-open\/accordion:[&amp;&gt;i]:text-neutral-50 [&amp;&gt;i]:text-primary-300 group-open\/accordion:[&amp;&gt;i]:-rotate-180 [&amp;&gt;i]:transition-transform transition-colors cursor-pointer\"><span class=\"grow\">Apoio &agrave; perman&ecirc;ncia<\/span><i class=\"ti ti-chevron-down\"><\/i><\/summary><div class=\"space-y-4 p-3 border-x group-[&amp;:last-of-type]\/accordion:border-b border-neutral-200 text-base text-neutral-400 group-[&amp;:last-of-type]\/accordion:rounded-bl group-[&amp;:last-of-type]\/accordion:rounded-br [&amp;_.wp-block-heading+p]:!mt-0\">\n<p>Conhe&ccedil;a os <a href=\"https:\/\/ufmg.br\/vida-academica\/apoio-a-permanencia\" data-type=\"link\" data-id=\"https:\/\/ufmg.br\/vida-academica\/apoio-a-permanencia\" target=\"_blank\" rel=\"noreferrer noopener\">programas de assist&ecirc;ncia estudantil da UFMG<\/a> e como ter acesso &agrave; moradia universit&aacute;ria, alimenta&ccedil;&atilde;o, bolsas acad&ecirc;micas e outras iniciativas.<\/p>\n<\/div><\/details>\n\n\n<?xml encoding=\"utf-8\"?><details class=\"group\/accordion\"><summary class=\"flex gap-4 items-center bg-neutral-50 border-x border-t group-last-of-type\/accordion:border-b border-neutral-200 group-open\/accordion:border-primary-300 group-open\/accordion:bg-primary-300 p-3 group-[&amp;:first-of-type]\/accordion:rounded-t group-[&amp;:last-of-type]\/accordion:rounded-b group-open\/accordion:[&amp;:last-of-type]:rounded-b-none text-neutral-600 group-open\/accordion:text-neutral-50 text-lg font-semibold [&amp;&gt;i]:text-[1.5rem] group-open\/accordion:[&amp;&gt;i]:text-neutral-50 [&amp;&gt;i]:text-primary-300 group-open\/accordion:[&amp;&gt;i]:-rotate-180 [&amp;&gt;i]:transition-transform transition-colors cursor-pointer\"><span class=\"grow\">A&ccedil;&otilde;es afirmativas<\/span><i class=\"ti ti-chevron-down\"><\/i><\/summary><div class=\"space-y-4 p-3 border-x group-[&amp;:last-of-type]\/accordion:border-b border-neutral-200 text-base text-neutral-400 group-[&amp;:last-of-type]\/accordion:rounded-bl group-[&amp;:last-of-type]\/accordion:rounded-br [&amp;_.wp-block-heading+p]:!mt-0\">\n<p>Conhe&ccedil;a o conjunto de iniciativas destinadas a <a href=\"https:\/\/ufmg.br\/vida-academica\/acoes-afirmativas\" data-type=\"link\" data-id=\"https:\/\/ufmg.br\/vida-academica\/acoes-afirmativas\" target=\"_blank\" rel=\"noreferrer noopener\">a&ccedil;&otilde;es afirmativas na UFMG<\/a>.<\/p>\n<\/div><\/details>\n\n\n<?xml encoding=\"utf-8\"?><details class=\"group\/accordion\"><summary class=\"flex gap-4 items-center bg-neutral-50 border-x border-t group-last-of-type\/accordion:border-b border-neutral-200 group-open\/accordion:border-primary-300 group-open\/accordion:bg-primary-300 p-3 group-[&amp;:first-of-type]\/accordion:rounded-t group-[&amp;:last-of-type]\/accordion:rounded-b group-open\/accordion:[&amp;:last-of-type]:rounded-b-none text-neutral-600 group-open\/accordion:text-neutral-50 text-lg font-semibold [&amp;&gt;i]:text-[1.5rem] group-open\/accordion:[&amp;&gt;i]:text-neutral-50 [&amp;&gt;i]:text-primary-300 group-open\/accordion:[&amp;&gt;i]:-rotate-180 [&amp;&gt;i]:transition-transform transition-colors cursor-pointer\"><span class=\"grow\">Bibliotecas<\/span><i class=\"ti ti-chevron-down\"><\/i><\/summary><div class=\"space-y-4 p-3 border-x group-[&amp;:last-of-type]\/accordion:border-b border-neutral-200 text-base text-neutral-400 group-[&amp;:last-of-type]\/accordion:rounded-bl group-[&amp;:last-of-type]\/accordion:rounded-br [&amp;_.wp-block-heading+p]:!mt-0\">\n<p><a href=\"https:\/\/www.bu.ufmg.br\/bu_atual\/bibliotecas\/\" data-type=\"link\" data-id=\"https:\/\/www.bu.ufmg.br\/bu_atual\/bibliotecas\/\" target=\"_blank\" rel=\"noreferrer noopener\">Acesse<\/a> a lista de todas as bibliotecas da UFMG, a consulta ao acervo e como utilizar os servi&ccedil;os, por meio do Guia do Usu&aacute;rio.<\/p>\n<\/div><\/details>\n\n\n<?xml encoding=\"utf-8\"?><details class=\"group\/accordion\"><summary class=\"flex gap-4 items-center bg-neutral-50 border-x border-t group-last-of-type\/accordion:border-b border-neutral-200 group-open\/accordion:border-primary-300 group-open\/accordion:bg-primary-300 p-3 group-[&amp;:first-of-type]\/accordion:rounded-t group-[&amp;:last-of-type]\/accordion:rounded-b group-open\/accordion:[&amp;:last-of-type]:rounded-b-none text-neutral-600 group-open\/accordion:text-neutral-50 text-lg font-semibold [&amp;&gt;i]:text-[1.5rem] group-open\/accordion:[&amp;&gt;i]:text-neutral-50 [&amp;&gt;i]:text-primary-300 group-open\/accordion:[&amp;&gt;i]:-rotate-180 [&amp;&gt;i]:transition-transform transition-colors cursor-pointer\"><span class=\"grow\">Carteira da UFMG<\/span><i class=\"ti ti-chevron-down\"><\/i><\/summary><div class=\"space-y-4 p-3 border-x group-[&amp;:last-of-type]\/accordion:border-b border-neutral-200 text-base text-neutral-400 group-[&amp;:last-of-type]\/accordion:rounded-bl group-[&amp;:last-of-type]\/accordion:rounded-br [&amp;_.wp-block-heading+p]:!mt-0\">\n<p>As orienta&ccedil;&otilde;es sobre como e onde fazer a sua carteira da UFMG <a href=\"https:\/\/ufmg.br\/servicos\/carteira-da-ufmg\" data-type=\"link\" data-id=\"https:\/\/ufmg.br\/servicos\/carteira-da-ufmg\" target=\"_blank\" rel=\"noreferrer noopener\">est&atilde;o aqui<\/a>. <\/p>\n<\/div><\/details>\n\n\n<?xml encoding=\"utf-8\"?><details class=\"group\/accordion\"><summary class=\"flex gap-4 items-center bg-neutral-50 border-x border-t group-last-of-type\/accordion:border-b border-neutral-200 group-open\/accordion:border-primary-300 group-open\/accordion:bg-primary-300 p-3 group-[&amp;:first-of-type]\/accordion:rounded-t group-[&amp;:last-of-type]\/accordion:rounded-b group-open\/accordion:[&amp;:last-of-type]:rounded-b-none text-neutral-600 group-open\/accordion:text-neutral-50 text-lg font-semibold [&amp;&gt;i]:text-[1.5rem] group-open\/accordion:[&amp;&gt;i]:text-neutral-50 [&amp;&gt;i]:text-primary-300 group-open\/accordion:[&amp;&gt;i]:-rotate-180 [&amp;&gt;i]:transition-transform transition-colors cursor-pointer\"><span class=\"grow\">Direitos humanos, trote e nome social<\/span><i class=\"ti ti-chevron-down\"><\/i><\/summary><div class=\"space-y-4 p-3 border-x group-[&amp;:last-of-type]\/accordion:border-b border-neutral-200 text-base text-neutral-400 group-[&amp;:last-of-type]\/accordion:rounded-bl group-[&amp;:last-of-type]\/accordion:rounded-br [&amp;_.wp-block-heading+p]:!mt-0\">\n<p>Entenda os <a href=\"https:\/\/ufmg.br\/a-universidade\/gestao\/direitos-humanos\" data-type=\"link\" data-id=\"https:\/\/ufmg.br\/a-universidade\/gestao\/direitos-humanos\" target=\"_blank\" rel=\"noreferrer noopener\">programas da UFMG<\/a> sobre defesa de direitos humanos. <\/p>\n<\/div><\/details>\n\n\n<?xml encoding=\"utf-8\"?><details class=\"group\/accordion\"><summary class=\"flex gap-4 items-center bg-neutral-50 border-x border-t group-last-of-type\/accordion:border-b border-neutral-200 group-open\/accordion:border-primary-300 group-open\/accordion:bg-primary-300 p-3 group-[&amp;:first-of-type]\/accordion:rounded-t group-[&amp;:last-of-type]\/accordion:rounded-b group-open\/accordion:[&amp;:last-of-type]:rounded-b-none text-neutral-600 group-open\/accordion:text-neutral-50 text-lg font-semibold [&amp;&gt;i]:text-[1.5rem] group-open\/accordion:[&amp;&gt;i]:text-neutral-50 [&amp;&gt;i]:text-primary-300 group-open\/accordion:[&amp;&gt;i]:-rotate-180 [&amp;&gt;i]:transition-transform transition-colors cursor-pointer\"><span class=\"grow\">Rede de oportunidades<\/span><i class=\"ti ti-chevron-down\"><\/i><\/summary><div class=\"space-y-4 p-3 border-x group-[&amp;:last-of-type]\/accordion:border-b border-neutral-200 text-base text-neutral-400 group-[&amp;:last-of-type]\/accordion:rounded-bl group-[&amp;:last-of-type]\/accordion:rounded-br [&amp;_.wp-block-heading+p]:!mt-0\">\n<p><a href=\"https:\/\/ufmg.br\/servicos\/redes-de-oportunidades\" data-type=\"link\" data-id=\"https:\/\/ufmg.br\/servicos\/redes-de-oportunidades\" target=\"_blank\" rel=\"noreferrer noopener\">Explore as informa&ccedil;&otilde;es<\/a> de servi&ccedil;os da Universidade sobre oportunidades de bolsas e est&aacute;gios. <\/p>\n<\/div><\/details>\n\n\n<?xml encoding=\"utf-8\"?><details class=\"group\/accordion\"><summary class=\"flex gap-4 items-center bg-neutral-50 border-x border-t group-last-of-type\/accordion:border-b border-neutral-200 group-open\/accordion:border-primary-300 group-open\/accordion:bg-primary-300 p-3 group-[&amp;:first-of-type]\/accordion:rounded-t group-[&amp;:last-of-type]\/accordion:rounded-b group-open\/accordion:[&amp;:last-of-type]:rounded-b-none text-neutral-600 group-open\/accordion:text-neutral-50 text-lg font-semibold [&amp;&gt;i]:text-[1.5rem] group-open\/accordion:[&amp;&gt;i]:text-neutral-50 [&amp;&gt;i]:text-primary-300 group-open\/accordion:[&amp;&gt;i]:-rotate-180 [&amp;&gt;i]:transition-transform transition-colors cursor-pointer\"><span class=\"grow\">Sa&uacute;de<\/span><i class=\"ti ti-chevron-down\"><\/i><\/summary><div class=\"space-y-4 p-3 border-x group-[&amp;:last-of-type]\/accordion:border-b border-neutral-200 text-base text-neutral-400 group-[&amp;:last-of-type]\/accordion:rounded-bl group-[&amp;:last-of-type]\/accordion:rounded-br [&amp;_.wp-block-heading+p]:!mt-0\">\n<p>Conhe&ccedil;a os <a href=\"https:\/\/ufmg.br\/servicos\/saude\" data-type=\"link\" data-id=\"https:\/\/ufmg.br\/servicos\/saude\" target=\"_blank\" rel=\"noreferrer noopener\">servi&ccedil;os de atendimento &agrave; sa&uacute;de<\/a> e como acionar postos de urg&ecirc;ncia e emerg&ecirc;ncia.<\/p>\n<\/div><\/details>\n\n\n<?xml encoding=\"utf-8\"?><details class=\"group\/accordion\"><summary class=\"flex gap-4 items-center bg-neutral-50 border-x border-t group-last-of-type\/accordion:border-b border-neutral-200 group-open\/accordion:border-primary-300 group-open\/accordion:bg-primary-300 p-3 group-[&amp;:first-of-type]\/accordion:rounded-t group-[&amp;:last-of-type]\/accordion:rounded-b group-open\/accordion:[&amp;:last-of-type]:rounded-b-none text-neutral-600 group-open\/accordion:text-neutral-50 text-lg font-semibold [&amp;&gt;i]:text-[1.5rem] group-open\/accordion:[&amp;&gt;i]:text-neutral-50 [&amp;&gt;i]:text-primary-300 group-open\/accordion:[&amp;&gt;i]:-rotate-180 [&amp;&gt;i]:transition-transform transition-colors cursor-pointer\"><span class=\"grow\">Apoio &agrave; sa&uacute;de mental<\/span><i class=\"ti ti-chevron-down\"><\/i><\/summary><div class=\"space-y-4 p-3 border-x group-[&amp;:last-of-type]\/accordion:border-b border-neutral-200 text-base text-neutral-400 group-[&amp;:last-of-type]\/accordion:rounded-bl group-[&amp;:last-of-type]\/accordion:rounded-br [&amp;_.wp-block-heading+p]:!mt-0\">\n<p>N&uacute;cleos de escuta, conversat&oacute;rios e servi&ccedil;os de psicologia s&atilde;o programas de acolhimento e orienta&ccedil;&atilde;o existentes na UFMG que est&atilde;o &agrave; disposi&ccedil;&atilde;o da comunidade universit&aacute;ria. <a href=\"https:\/\/ufmg.br\/vida-academica\/apoio-a-permanencia\/apoio-a-saude-mental\" data-type=\"link\" data-id=\"https:\/\/ufmg.br\/vida-academica\/apoio-a-permanencia\/apoio-a-saude-mental\" target=\"_blank\" rel=\"noreferrer noopener\">Saiba mais aqui<\/a>. <\/p>\n<\/div><\/details>\n\n\n<?xml encoding=\"utf-8\"?><details class=\"group\/accordion\"><summary class=\"flex gap-4 items-center bg-neutral-50 border-x border-t group-last-of-type\/accordion:border-b border-neutral-200 group-open\/accordion:border-primary-300 group-open\/accordion:bg-primary-300 p-3 group-[&amp;:first-of-type]\/accordion:rounded-t group-[&amp;:last-of-type]\/accordion:rounded-b group-open\/accordion:[&amp;:last-of-type]:rounded-b-none text-neutral-600 group-open\/accordion:text-neutral-50 text-lg font-semibold [&amp;&gt;i]:text-[1.5rem] group-open\/accordion:[&amp;&gt;i]:text-neutral-50 [&amp;&gt;i]:text-primary-300 group-open\/accordion:[&amp;&gt;i]:-rotate-180 [&amp;&gt;i]:transition-transform transition-colors cursor-pointer\"><span class=\"grow\">Acessibilidade e inclus&atilde;o<\/span><i class=\"ti ti-chevron-down\"><\/i><\/summary><div class=\"space-y-4 p-3 border-x group-[&amp;:last-of-type]\/accordion:border-b border-neutral-200 text-base text-neutral-400 group-[&amp;:last-of-type]\/accordion:rounded-bl group-[&amp;:last-of-type]\/accordion:rounded-br [&amp;_.wp-block-heading+p]:!mt-0\">\n<p>O acompanhamento desenvolvido pelo UFMG visa a eliminar ou reduzir barreiras que estejam obstruindo a participac&#807;a&#771;o plena e efetiva da comunidade acad&ecirc;mica. <a href=\"https:\/\/ufmg.br\/vida-academica\/acessibilidade-e-inclusao\" data-type=\"link\" data-id=\"https:\/\/ufmg.br\/vida-academica\/acessibilidade-e-inclusao\" target=\"_blank\" rel=\"noreferrer noopener\">Saiba mais aqui<\/a>.<\/p>\n<\/div><\/details>\n\n\n<?xml encoding=\"utf-8\"?><details class=\"group\/accordion\"><summary class=\"flex gap-4 items-center bg-neutral-50 border-x border-t group-last-of-type\/accordion:border-b border-neutral-200 group-open\/accordion:border-primary-300 group-open\/accordion:bg-primary-300 p-3 group-[&amp;:first-of-type]\/accordion:rounded-t group-[&amp;:last-of-type]\/accordion:rounded-b group-open\/accordion:[&amp;:last-of-type]:rounded-b-none text-neutral-600 group-open\/accordion:text-neutral-50 text-lg font-semibold [&amp;&gt;i]:text-[1.5rem] group-open\/accordion:[&amp;&gt;i]:text-neutral-50 [&amp;&gt;i]:text-primary-300 group-open\/accordion:[&amp;&gt;i]:-rotate-180 [&amp;&gt;i]:transition-transform transition-colors cursor-pointer\"><span class=\"grow\">Servi&ccedil;os da UFMG<\/span><i class=\"ti ti-chevron-down\"><\/i><\/summary><div class=\"space-y-4 p-3 border-x group-[&amp;:last-of-type]\/accordion:border-b border-neutral-200 text-base text-neutral-400 group-[&amp;:last-of-type]\/accordion:rounded-bl group-[&amp;:last-of-type]\/accordion:rounded-br [&amp;_.wp-block-heading+p]:!mt-0\">\n<p><a href=\"https:\/\/ufmg.br\/servicos\" data-type=\"link\" data-id=\"https:\/\/ufmg.br\/servicos\" target=\"_blank\" rel=\"noreferrer noopener\">Informa&ccedil;&otilde;es &uacute;teis<\/a> no dia a dia da Universidade. <\/p>\n<\/div><\/details>\n\n\n<?xml encoding=\"utf-8\"?><details class=\"group\/accordion\"><summary class=\"flex gap-4 items-center bg-neutral-50 border-x border-t group-last-of-type\/accordion:border-b border-neutral-200 group-open\/accordion:border-primary-300 group-open\/accordion:bg-primary-300 p-3 group-[&amp;:first-of-type]\/accordion:rounded-t group-[&amp;:last-of-type]\/accordion:rounded-b group-open\/accordion:[&amp;:last-of-type]:rounded-b-none text-neutral-600 group-open\/accordion:text-neutral-50 text-lg font-semibold [&amp;&gt;i]:text-[1.5rem] group-open\/accordion:[&amp;&gt;i]:text-neutral-50 [&amp;&gt;i]:text-primary-300 group-open\/accordion:[&amp;&gt;i]:-rotate-180 [&amp;&gt;i]:transition-transform transition-colors cursor-pointer\"><span class=\"grow\">Pr&oacute;-reitorias<\/span><i class=\"ti ti-chevron-down\"><\/i><\/summary><div class=\"space-y-4 p-3 border-x group-[&amp;:last-of-type]\/accordion:border-b border-neutral-200 text-base text-neutral-400 group-[&amp;:last-of-type]\/accordion:rounded-bl group-[&amp;:last-of-type]\/accordion:rounded-br [&amp;_.wp-block-heading+p]:!mt-0\">\n<p>Informa&ccedil;&otilde;es de contato com as pr&oacute;-reitorias acad&ecirc;micas est&atilde;o <a href=\"https:\/\/ufmg.br\/a-universidade\/gestao\/dirigentes\" data-type=\"link\" data-id=\"https:\/\/ufmg.br\/a-universidade\/gestao\/dirigentes\" target=\"_blank\" rel=\"noreferrer noopener\">dispon&iacute;veis aqui<\/a>.<\/p>\n<\/div><\/details>\n\n\n<?xml encoding=\"utf-8\"?><details class=\"group\/accordion\"><summary class=\"flex gap-4 items-center bg-neutral-50 border-x border-t group-last-of-type\/accordion:border-b border-neutral-200 group-open\/accordion:border-primary-300 group-open\/accordion:bg-primary-300 p-3 group-[&amp;:first-of-type]\/accordion:rounded-t group-[&amp;:last-of-type]\/accordion:rounded-b group-open\/accordion:[&amp;:last-of-type]:rounded-b-none text-neutral-600 group-open\/accordion:text-neutral-50 text-lg font-semibold [&amp;&gt;i]:text-[1.5rem] group-open\/accordion:[&amp;&gt;i]:text-neutral-50 [&amp;&gt;i]:text-primary-300 group-open\/accordion:[&amp;&gt;i]:-rotate-180 [&amp;&gt;i]:transition-transform transition-colors cursor-pointer\"><span class=\"grow\">Informa&ccedil;&otilde;es para segmentos<\/span><i class=\"ti ti-chevron-down\"><\/i><\/summary><div class=\"space-y-4 p-3 border-x group-[&amp;:last-of-type]\/accordion:border-b border-neutral-200 text-base text-neutral-400 group-[&amp;:last-of-type]\/accordion:rounded-bl group-[&amp;:last-of-type]\/accordion:rounded-br [&amp;_.wp-block-heading+p]:!mt-0\">\n<p>Futuros alunos, alunos e ex-alunos encontram <a href=\"https:\/\/ufmg.br\/informacoes-para-segmentos\" data-type=\"link\" data-id=\"https:\/\/ufmg.br\/informacoes-para-segmentos\" target=\"_blank\" rel=\"noreferrer noopener\">nesta p&aacute;gina<\/a> s&eacute;rie de links &uacute;teis.<\/p>\n<\/div><\/details>\n\n\n<?xml encoding=\"utf-8\"?><details class=\"group\/accordion\"><summary class=\"flex gap-4 items-center bg-neutral-50 border-x border-t group-last-of-type\/accordion:border-b border-neutral-200 group-open\/accordion:border-primary-300 group-open\/accordion:bg-primary-300 p-3 group-[&amp;:first-of-type]\/accordion:rounded-t group-[&amp;:last-of-type]\/accordion:rounded-b group-open\/accordion:[&amp;:last-of-type]:rounded-b-none text-neutral-600 group-open\/accordion:text-neutral-50 text-lg font-semibold [&amp;&gt;i]:text-[1.5rem] group-open\/accordion:[&amp;&gt;i]:text-neutral-50 [&amp;&gt;i]:text-primary-300 group-open\/accordion:[&amp;&gt;i]:-rotate-180 [&amp;&gt;i]:transition-transform transition-colors cursor-pointer\"><span class=\"grow\">SiGA &#8211; Sistema Acad&ecirc;mico da Gradua&ccedil;&atilde;o<\/span><i class=\"ti ti-chevron-down\"><\/i><\/summary><div class=\"space-y-4 p-3 border-x group-[&amp;:last-of-type]\/accordion:border-b border-neutral-200 text-base text-neutral-400 group-[&amp;:last-of-type]\/accordion:rounded-bl group-[&amp;:last-of-type]\/accordion:rounded-br [&amp;_.wp-block-heading+p]:!mt-0\">\n<p>O SiGA &eacute; uma ferramenta de grande import&acirc;ncia para a gest&atilde;o acad&ecirc;mica da UFMG, por meio desta ferramenta &eacute; poss&iacute;vel organizar desde o processo de ingresso na UFMG at&eacute; a conclus&atilde;o do curso pelo estudante. Todos os registros pertinentes &agrave; vida acad&ecirc;mica do estudante s&atilde;o preservados, inclusive informa&ccedil;&otilde;es sobre titula&ccedil;&atilde;o, que s&atilde;o constantemente requeridas por diversos setores da comunidade nacional e internacional. A possibilidade de atender as solicita&ccedil;&otilde;es dessa natureza de forma institucional e com acesso direto pelo requerente garante maior confiabilidade sobre os registros acad&ecirc;micos da UFMG.<\/p>\n\n\n\n<p>Principais funcionalidades dispon&iacute;veis on-line no SiGA:<\/p>\n\n\n\n<ul class=\"wp-block-list\">\n<li>Requerimentos acad&ecirc;micos: matr&iacute;cula semestral, trancamento de matr&iacute;cula, continuidade de estudos, aproveitamento de assiduidade, comprova&ccedil;&atilde;o de conhecimento, desligamento de curso, dentre outros.<\/li>\n\n\n\n<li>Emiss&atilde;o de documentos com valida&ccedil;&atilde;o em QR code: comprovantes de matr&iacute;cula, hist&oacute;rico escolar.<\/li>\n\n\n\n<li>Novos estudantes: procedimentos de ingresso na UFMG, sem a necessidade de comparecimento &agrave; Universidade, preservando o distanciamento social imposto pela pandemia do novo Coronav&iacute;rus.<\/li>\n\n\n\n<li>Registro e expedi&ccedil;&atilde;o dos diplomas: a implementa&ccedil;&atilde;o do diploma digital est&aacute; prevista para 2021.<\/li>\n<\/ul>\n\n\n\n<p>O login e a senha requisitados para acessar o Sistema Acad&ecirc;mico da Gradua&ccedil;&atilde;o (SiGA) s&atilde;o os mesmos da plataforma MinhaUFMG. A nova vers&atilde;o do aplicativo pode ser baixada para os sistemas Android e iOS por meio do Google Play e da App Store.<\/p>\n<\/div><\/details>\n<\/div>\n","protected":false},"excerpt":{"rendered":"<p>Conhe\u00e7a o conjunto de direitos, oportunidades e normas que direcionam a presen\u00e7a dos alunos da UFMG em suas atividades acad\u00eamicas.<\/p>\n","protected":false},"author":1,"featured_media":0,"parent":0,"menu_order":0,"comment_status":"closed","ping_status":"closed","template":"","meta":{"_acf_changed":false,"footnotes":""},"class_list":["post-3641","page","type-page","status-publish","hentry"],"acf":[],"_links":{"self":[{"href":"http:\/\/150.164.63.212:9000\/portal-novo-test\/wp-json\/wp\/v2\/pages\/3641","targetHints":{"allow":["GET"]}}],"collection":[{"href":"http:\/\/150.164.63.212:9000\/portal-novo-test\/wp-json\/wp\/v2\/pages"}],"about":[{"href":"http:\/\/150.164.63.212:9000\/portal-novo-test\/wp-json\/wp\/v2\/types\/page"}],"author":[{"embeddable":true,"href":"http:\/\/150.164.63.212:9000\/portal-novo-test\/wp-json\/wp\/v2\/users\/1"}],"replies":[{"embeddable":true,"href":"http:\/\/150.164.63.212:9000\/portal-novo-test\/wp-json\/wp\/v2\/comments?post=3641"}],"version-history":[{"count":0,"href":"http:\/\/150.164.63.212:9000\/portal-novo-test\/wp-json\/wp\/v2\/pages\/3641\/revisions"}],"wp:attachment":[{"href":"http:\/\/150.164.63.212:9000\/portal-novo-test\/wp-json\/wp\/v2\/media?parent=3641"}],"curies":[{"name":"wp","href":"https:\/\/api.w.org\/{rel}","templated":true}]}}