{"id":3643,"date":"2025-09-22T13:38:05","date_gmt":"2025-09-22T16:38:05","guid":{"rendered":"http:\/\/150.164.63.212:9000\/portal-novo-test\/?page_id=3643"},"modified":"2025-09-22T13:38:05","modified_gmt":"2025-09-22T16:38:05","slug":"acoes-afirmativas","status":"publish","type":"page","link":"http:\/\/150.164.63.212:9000\/portal-novo-test\/a-universidade\/gestao\/eixos-transversais-de-gestao\/acoes-afirmativas\/","title":{"rendered":"A\u00e7\u00f5es Afirmativas"},"content":{"rendered":"\n<p>A UFMG, uma institui\u00e7\u00e3o p\u00fablica, democr\u00e1tica e \u00e9tica, busca constantemente ser uma universidade de qualidade e inclusiva, justa e equ\u00e2nime, aberta a acolher a diversidade. As A\u00e7\u00f5es Afirmativas s\u00e3o pol\u00edticas desenvolvidas com o objetivo de promover grupos socialmente discriminados. Nesse aspecto elas n\u00e3o se limitam a iniciativas de <a href=\"http:\/\/150.164.63.212:9000\/portal-novo-test\/reserva-de-vagas\/\" target=\"_blank\" rel=\"noreferrer noopener\">reservas de vagas<\/a>; pois possuem objetivos mais amplos de car\u00e1ter compensat\u00f3rio, restitutivos e de promo\u00e7\u00e3o dessas popula\u00e7\u00f5es.<\/p>\n\n\n\n<p>Na UFMG, a pol\u00edtica de a\u00e7\u00f5es afirmativas assume particular import\u00e2ncia propondo o desenvolvimento de um conjunto articulado de pr\u00e1ticas acad\u00eamicas de acolhimento, aten\u00e7\u00e3o e apoio aos estudantes em suas necessidades, em seu aproveitamento acad\u00eamico e no enriquecimento de sua perman\u00eancia na UFMG. Al\u00e9m disso, a Universidade estimula a multiplicidade de perspectivas na produ\u00e7\u00e3o de conhecimento e na intera\u00e7\u00e3o com outros saberes. <\/p>\n\n\n\n<p>A pol\u00edtica de a\u00e7\u00f5es afirmativas ajudou a diversificar o perfil dos graduandos da Institui\u00e7\u00e3o, dos quais mais de 50% s\u00e3o oriundos de escola p\u00fablica. Sua parceria com os programas de assist\u00eancia estudantil d\u00e3o suporte \u00e0 perman\u00eancia dos discentes em situa\u00e7\u00e3o de vulnerabilidade econ\u00f4mica e social em todo o percurso acad\u00eamico, contribuindo para a redu\u00e7\u00e3o de desigualdades e a equaliza\u00e7\u00e3o de oportunidades no que se refere ao acesso \u00e0 educa\u00e7\u00e3o superior.\u00a0\u00a0<\/p>\n\n\n\n<p>A UFMG tem avan\u00e7ado na democratiza\u00e7\u00e3o do acesso ao ensino superior. Uma comunidade acad\u00eamica que seja diversa e respeite a diversidade implica em produ\u00e7\u00e3o cient\u00edfica, iniciativas de extens\u00e3o e ensino, igualmente diversas e respeitosas, nesse sentido, defender as a\u00e7\u00f5es afirmativas \u00e9 um compromisso da comunidade, em conson\u00e2ncia com os princ\u00edpios \u00e9ticos que regem nossa Universidade.<\/p>\n\n\n\n<h2 class=\"wp-block-heading\">Saiba mais<\/h2>\n\n\n\n<div class=\"wp-block-ufmg-details-group\"><?xml encoding=\"utf-8\"?><details class=\"group\/accordion\"><summary class=\"flex gap-4 items-center bg-neutral-50 border-x border-t group-last-of-type\/accordion:border-b border-neutral-200 group-open\/accordion:border-primary-300 group-open\/accordion:bg-primary-300 p-3 group-[&amp;:first-of-type]\/accordion:rounded-t group-[&amp;:last-of-type]\/accordion:rounded-b group-open\/accordion:[&amp;:last-of-type]:rounded-b-none text-neutral-600 group-open\/accordion:text-neutral-50 text-lg font-semibold [&amp;&gt;i]:text-[1.5rem] group-open\/accordion:[&amp;&gt;i]:text-neutral-50 [&amp;&gt;i]:text-primary-300 group-open\/accordion:[&amp;&gt;i]:-rotate-180 [&amp;&gt;i]:transition-transform transition-colors cursor-pointer\"><span class=\"grow\">Comiss&atilde;o Permanente de A&ccedil;&otilde;es Afirmativas e Inclus&atilde;o (CPAAI)<\/span><i class=\"ti ti-chevron-down\"><\/i><\/summary><div class=\"space-y-4 p-3 border-x group-[&amp;:last-of-type]\/accordion:border-b border-neutral-200 text-base text-neutral-400 group-[&amp;:last-of-type]\/accordion:rounded-bl group-[&amp;:last-of-type]\/accordion:rounded-br [&amp;_.wp-block-heading+p]:!mt-0\">\n<p>Composta de docentes, t&eacute;cnico-administrativos em educa&ccedil;&atilde;o e estudantes, a comiss&atilde;o avalia, discute e apresenta propostas para as pol&iacute;ticas de acesso &agrave; gradua&ccedil;&atilde;o, &agrave; p&oacute;s-gradua&ccedil;&atilde;o e aos cargos p&uacute;blicos.<\/p>\n\n\n\n<p><strong>Contato:<\/strong> cpaai@gabinete.ufmg.br<\/p>\n<\/div><\/details>\n\n\n<?xml encoding=\"utf-8\"?><details class=\"group\/accordion\"><summary class=\"flex gap-4 items-center bg-neutral-50 border-x border-t group-last-of-type\/accordion:border-b border-neutral-200 group-open\/accordion:border-primary-300 group-open\/accordion:bg-primary-300 p-3 group-[&amp;:first-of-type]\/accordion:rounded-t group-[&amp;:last-of-type]\/accordion:rounded-b group-open\/accordion:[&amp;:last-of-type]:rounded-b-none text-neutral-600 group-open\/accordion:text-neutral-50 text-lg font-semibold [&amp;&gt;i]:text-[1.5rem] group-open\/accordion:[&amp;&gt;i]:text-neutral-50 [&amp;&gt;i]:text-primary-300 group-open\/accordion:[&amp;&gt;i]:-rotate-180 [&amp;&gt;i]:transition-transform transition-colors cursor-pointer\"><span class=\"grow\">Diretoria de A&ccedil;&otilde;es Afirmativas<\/span><i class=\"ti ti-chevron-down\"><\/i><\/summary><div class=\"space-y-4 p-3 border-x group-[&amp;:last-of-type]\/accordion:border-b border-neutral-200 text-base text-neutral-400 group-[&amp;:last-of-type]\/accordion:rounded-bl group-[&amp;:last-of-type]\/accordion:rounded-br [&amp;_.wp-block-heading+p]:!mt-0\">\n<p>A <a href=\"https:\/\/www.ufmg.br\/prae\/diretoria-de-acoes-afirmativas\/\" target=\"_blank\" rel=\"noreferrer noopener\">Diretoria de A&ccedil;&otilde;es Afirmativas<\/a>, da Pr&oacute;-reitoria de Assuntos Estudantis (Prae), acompanha a experi&ecirc;ncia universit&aacute;ria de estudantes destinat&aacute;rios das pol&iacute;ticas de a&ccedil;&otilde;es afirmativas, elaborando a&ccedil;&otilde;es e projetos para perman&ecirc;ncia desses estudantes na Universidade com equidade de condi&ccedil;&otilde;es e reconhecimento de suas identidades.<\/p>\n<\/div><\/details>\n\n\n<?xml encoding=\"utf-8\"?><details class=\"group\/accordion\"><summary class=\"flex gap-4 items-center bg-neutral-50 border-x border-t group-last-of-type\/accordion:border-b border-neutral-200 group-open\/accordion:border-primary-300 group-open\/accordion:bg-primary-300 p-3 group-[&amp;:first-of-type]\/accordion:rounded-t group-[&amp;:last-of-type]\/accordion:rounded-b group-open\/accordion:[&amp;:last-of-type]:rounded-b-none text-neutral-600 group-open\/accordion:text-neutral-50 text-lg font-semibold [&amp;&gt;i]:text-[1.5rem] group-open\/accordion:[&amp;&gt;i]:text-neutral-50 [&amp;&gt;i]:text-primary-300 group-open\/accordion:[&amp;&gt;i]:-rotate-180 [&amp;&gt;i]:transition-transform transition-colors cursor-pointer\"><span class=\"grow\">Programa A&ccedil;&otilde;es Afirmativas na UFMG<\/span><i class=\"ti ti-chevron-down\"><\/i><\/summary><div class=\"space-y-4 p-3 border-x group-[&amp;:last-of-type]\/accordion:border-b border-neutral-200 text-base text-neutral-400 group-[&amp;:last-of-type]\/accordion:rounded-bl group-[&amp;:last-of-type]\/accordion:rounded-br [&amp;_.wp-block-heading+p]:!mt-0\">\n<p>O <a href=\"https:\/\/acoesafirmativas.fae.ufmg.br\/\" target=\"_blank\" rel=\"noreferrer noopener\">A&ccedil;&otilde;es Afirmativas na UFMG<\/a>, desde o ano de 2002, vem criando e implementando pol&iacute;ticas de a&ccedil;&otilde;es afirmativas destinadas &agrave;s pessoas negras, ind&iacute;genas e quilombolas na UFMG. Trata-se de uma proposta de A&ccedil;&atilde;o Afirmativa que busca articular atividades de ensino, pesquisa, extens&atilde;o e internacionaliza&ccedil;&atilde;o, em torno de temas como educa&ccedil;&atilde;o, cultura, pol&iacute;ticas p&uacute;blicas, forma&ccedil;&atilde;o de professores e rela&ccedil;&otilde;es raciais, entre outros.<\/p>\n<\/div><\/details>\n<\/div>\n\n\n\n<figure class=\"wp-block-embed is-type-video is-provider-youtube wp-block-embed-youtube wp-embed-aspect-16-9 wp-has-aspect-ratio\"><div class=\"wp-block-embed__wrapper\">\n<iframe loading=\"lazy\" title=\"20 anos das A\u00e7\u00f5es Afirmativas na UFMG\" width=\"640\" height=\"360\" src=\"https:\/\/www.youtube.com\/embed\/0qr4vOkrw3Q?feature=oembed\" frameborder=\"0\" allow=\"accelerometer; autoplay; clipboard-write; encrypted-media; gyroscope; picture-in-picture; web-share\" referrerpolicy=\"strict-origin-when-cross-origin\" allowfullscreen><\/iframe>\n<\/div><\/figure>\n\n\n\n<p><\/p>\n","protected":false},"excerpt":{"rendered":"<p>A UFMG, uma institui\u00e7\u00e3o p\u00fablica, democr\u00e1tica e \u00e9tica, busca constantemente ser uma universidade de qualidade e inclusiva, justa e equ\u00e2nime, aberta a acolher a diversidade. As A\u00e7\u00f5es Afirmativas s\u00e3o pol\u00edticas desenvolvidas com o objetivo de promover grupos socialmente discriminados. Nesse aspecto elas n\u00e3o se limitam a iniciativas de reservas de vagas; pois possuem objetivos mais [&hellip;]<\/p>\n","protected":false},"author":1,"featured_media":0,"parent":8762,"menu_order":0,"comment_status":"closed","ping_status":"closed","template":"","meta":{"_acf_changed":false,"footnotes":""},"class_list":["post-3643","page","type-page","status-publish","hentry"],"acf":[],"_links":{"self":[{"href":"http:\/\/150.164.63.212:9000\/portal-novo-test\/wp-json\/wp\/v2\/pages\/3643","targetHints":{"allow":["GET"]}}],"collection":[{"href":"http:\/\/150.164.63.212:9000\/portal-novo-test\/wp-json\/wp\/v2\/pages"}],"about":[{"href":"http:\/\/150.164.63.212:9000\/portal-novo-test\/wp-json\/wp\/v2\/types\/page"}],"author":[{"embeddable":true,"href":"http:\/\/150.164.63.212:9000\/portal-novo-test\/wp-json\/wp\/v2\/users\/1"}],"replies":[{"embeddable":true,"href":"http:\/\/150.164.63.212:9000\/portal-novo-test\/wp-json\/wp\/v2\/comments?post=3643"}],"version-history":[{"count":0,"href":"http:\/\/150.164.63.212:9000\/portal-novo-test\/wp-json\/wp\/v2\/pages\/3643\/revisions"}],"up":[{"embeddable":true,"href":"http:\/\/150.164.63.212:9000\/portal-novo-test\/wp-json\/wp\/v2\/pages\/8762"}],"wp:attachment":[{"href":"http:\/\/150.164.63.212:9000\/portal-novo-test\/wp-json\/wp\/v2\/media?parent=3643"}],"curies":[{"name":"wp","href":"https:\/\/api.w.org\/{rel}","templated":true}]}}