{"id":3653,"date":"2025-10-06T16:01:16","date_gmt":"2025-10-06T19:01:16","guid":{"rendered":"http:\/\/150.164.63.212:9000\/portal-novo-test\/?page_id=3653"},"modified":"2025-10-28T10:21:44","modified_gmt":"2025-10-28T13:21:44","slug":"acessibilidade-e-inclusao","status":"publish","type":"page","link":"http:\/\/150.164.63.212:9000\/portal-novo-test\/vida-academica\/diversidade-e-inclusao\/acessibilidade-e-inclusao\/","title":{"rendered":"Acessibilidade e Inclus\u00e3o"},"content":{"rendered":"\n<p>As a\u00e7\u00f5es para a acessibilidade e a inclus\u00e3o na UFMG s\u00e3o guiadas por uma pol\u00edtica institucional coordenada pelo <a href=\"https:\/\/www.ufmg.br\/nai\/o-nai\/\">N\u00facleo de Acessibilidade e Inclus\u00e3o<\/a> (NAI). O N\u00facleo \u00e9 respons\u00e1vel por propor, organizar, coordenar e executar a\u00e7\u00f5es que garantam a inclus\u00e3o, eliminando ou reduzindo barreiras pedag\u00f3gicas, arquitet\u00f4nicas, de comunica\u00e7\u00e3o e de acesso \u00e0 informa\u00e7\u00e3o. O trabalho do NAI visa atender estudantes com defici\u00eancia em todos os n\u00edveis de ensino e servidores da UFMG, seguindo princ\u00edpios como o conhecimento da popula\u00e7\u00e3o com defici\u00eancia, o acompanhamento direto dessas pessoas, o di\u00e1logo com outras institui\u00e7\u00f5es e parcerias internas para uma abordagem interdisciplinar.<\/p>\n\n\n\n<h2 class=\"wp-block-heading\">Acolhimento \u00e0s pessoas com deficie\u0302ncia<\/h2>\n\n\n\n<p>O papel do NAI envolve identificar obst\u00e1culos e facilitadores, implementar a\u00e7\u00f5es que promovam acesso, perman\u00eancia, participa\u00e7\u00e3o e pertencimento, e buscar mudan\u00e7as nos espa\u00e7os, hor\u00e1rios, rela\u00e7\u00f5es, procedimentos e processos do cotidiano universit\u00e1rio. O N\u00facleo oferece servi\u00e7os e a\u00e7\u00f5es que visam garantir o pleno acesso \u00e0s atividades da UFMG, que podem ser solicitados por pessoas com defici\u00eancia. Alguns servi\u00e7os que podem ser solicitados ao NAI s\u00e3o:<\/p>\n\n\n\n<ul class=\"wp-block-list\">\n<li>Produ\u00e7\u00f5es de materiais did\u00e1ticos em diversos formatos;<\/li>\n\n\n\n<li>Treinamentos para uso de tecnologias assistivas;<\/li>\n\n\n\n<li>Aux\u00edlios pedag\u00f3gicos diversos;<\/li>\n\n\n\n<li>Monitorias espec\u00edficas em diferentes \u00e1reas do conhecimento;<\/li>\n\n\n\n<li>Tradu\u00e7\u00e3o e interpreta\u00e7\u00e3o de Libras;<\/li>\n\n\n\n<li>Treinamentos para movimenta\u00e7\u00e3o por rotas mais acess\u00edveis nos espa\u00e7os da UFMG;<\/li>\n\n\n\n<li>Transporte acess\u00edvel no campus Pampulha para pessoas com defici\u00eancia motora ou mobilidade reduzida.<\/li>\n<\/ul>\n\n\n\n<figure class=\"wp-block-embed aligncenter is-type-video is-provider-youtube wp-block-embed-youtube wp-embed-aspect-16-9 wp-has-aspect-ratio\"><div class=\"wp-block-embed__wrapper\">\n<iframe loading=\"lazy\" title=\"Conhe\u00e7a o trabalho do N\u00facleo de Acessibilidade e Inclus\u00e3o da UFMG\" width=\"640\" height=\"360\" src=\"https:\/\/www.youtube.com\/embed\/4DonihIQXSM?feature=oembed\" frameborder=\"0\" allow=\"accelerometer; autoplay; clipboard-write; encrypted-media; gyroscope; picture-in-picture; web-share\" referrerpolicy=\"strict-origin-when-cross-origin\" allowfullscreen><\/iframe>\n<\/div><\/figure>\n\n\n\n<h3 class=\"wp-block-heading\">Solicita\u00e7\u00e3o de int\u00e9rpretes de libras<\/h3>\n\n\n\n<p>O NAI oferece <a href=\"https:\/\/signers.adm.ufmg.br\/interpretes\/\" target=\"_blank\" rel=\"noreferrer noopener\">servi\u00e7os de tradu\u00e7\u00e3o e interpreta\u00e7\u00e3o de L\u00edngua Brasileira de Sinais\/Portugu\u00eas<\/a> para alunos e servidores surdos da UFMG. Os servi\u00e7os envolvem as atividades de tradu\u00e7\u00e3o e interpreta\u00e7\u00e3o de atividades did\u00e1tico-pedag\u00f3gicas, conversa\u00e7\u00f5es, palestras, artigos, livros, textos diversos e demais intera\u00e7\u00f5es orais e\/ou escritas envolvendo pessoas surdas e n\u00e3o-surdas no \u00e2mbito da Universidade. <\/p>\n\n\n\n<h3 class=\"wp-block-heading\">Transporte adaptado<\/h3>\n\n\n\n<p>O&nbsp;<a href=\"https:\/\/www.ufmg.br\/nai\/\" target=\"_blank\" rel=\"noreferrer noopener\">N\u00facleo de Acessibilidade e Inclus\u00e3o<\/a>&nbsp;(NAI) oferece servi\u00e7o de <a href=\"https:\/\/www.ufmg.br\/nai\/servicos\/\" target=\"_blank\" rel=\"noreferrer noopener\">transporte adaptado<\/a> no campus Pampulha que atende exclusivamente alunos e servidores com defici\u00eancia motora e com mobilidade reduzida. O transporte \u00e9 oferecido diariamente em per\u00edodo integral e, para o uso deste servi\u00e7o, as pessoas interessadas devem entrar em contato com o NAI para avalia\u00e7\u00e3o e cadastro.<\/p>\n\n\n\n<figure class=\"wp-block-embed aligncenter is-type-video is-provider-youtube wp-block-embed-youtube wp-embed-aspect-16-9 wp-has-aspect-ratio\"><div class=\"wp-block-embed__wrapper\">\n<iframe loading=\"lazy\" title=\"Carro adaptado come\u00e7a a transportar pessoas com defici\u00eancia pela UFMG\" width=\"640\" height=\"360\" src=\"https:\/\/www.youtube.com\/embed\/-nicQp_Hxq0?feature=oembed\" frameborder=\"0\" allow=\"accelerometer; autoplay; clipboard-write; encrypted-media; gyroscope; picture-in-picture; web-share\" referrerpolicy=\"strict-origin-when-cross-origin\" allowfullscreen><\/iframe>\n<\/div><\/figure>\n\n\n\n<h2 class=\"wp-block-heading\">Inclus\u00e3o na vida acad\u00eamica<\/h2>\n\n\n\n<p>O acompanhamento desenvolvido pela UFMG visa reduzir e eliminar barreiras que estejam obstruindo a participac\u0327a\u0303o plena e efetiva, em igualdade de condic\u0327o\u0303es com as demais pessoas. O NAI dedica-se \u00e0 elimina\u00e7\u00e3o ou redu\u00e7\u00e3o de barreiras pedag\u00f3gicas, instrumentais, arquitet\u00f4nicas, de comunica\u00e7\u00e3o e informa\u00e7\u00e3o, viabilizando e estimulando o cumprimento dos requisitos legais de acessibilidade.&nbsp;<\/p>\n\n\n\n<h3 class=\"wp-block-heading\">Reserva de vagas para estudantes com defici\u00eancia<\/h3>\n\n\n\n<p>A UFMG adota <a href=\"http:\/\/150.164.63.212:9000\/portal-novo-test\/?page_id=3646&amp;preview=true\" data-type=\"link\" data-id=\"http:\/\/150.164.63.212:9000\/portal-novo-test\/?page_id=3646&amp;preview=true\" target=\"_blank\" rel=\"noreferrer noopener\">reserva de vagas<\/a> em seus processos de admiss\u00e3o nos cursos de gradua\u00e7\u00e3o, conforme a <a href=\"https:\/\/www.planalto.gov.br\/ccivil_03\/_ato2015-2018\/2016\/lei\/l13409.htm\" data-type=\"link\" data-id=\"https:\/\/www.planalto.gov.br\/ccivil_03\/_ato2015-2018\/2016\/lei\/l13409.htm\" target=\"_blank\" rel=\"noreferrer noopener\">Lei&nbsp;13.409\/16<\/a>. Essa a\u00e7\u00e3o contribui para o aumento do ingresso de estudantes com defici\u00eancia na Institui\u00e7\u00e3o.  Al\u00e9m disso, a Universidade conta com a <a href=\"https:\/\/ufmg.br\/storage\/3\/7\/5\/e\/375ec9f3f14eea18e112ae5f2702030a_15045448481341_287882584.pdf\" target=\"_blank\" rel=\"noreferrer noopener\">resolu\u00e7\u00e3o n\u00ba 02\/2017, de 4 de abril de 2017<\/a>, que disp\u00f5e sobre a Pol\u00edtica de A\u00e7\u00f5es Afirmativas da UFMG, garantindo que os programas de <a href=\"http:\/\/150.164.63.212:9000\/portal-novo-test\/cursos\/estude-na-ufmg\/pos-graduacao\/\" target=\"_blank\" rel=\"noreferrer noopener\">p\u00f3s-gradua\u00e7\u00e3o<\/a> <em>stricto sensu<\/em> publiquem editais suplementares para o ingresso de pessoas com defici\u00eancia.<\/p>\n\n\n\n<h3 class=\"wp-block-heading\">Cart\u00e3o de Acessibilidade<\/h3>\n\n\n\n<p>Os estudantes da UFMG com defici\u00eancia podem solicitar ao N\u00facleo de Acessibilidade e Inclus\u00e3o (NAI) um documento oficial que indicar\u00e1 as suas demandas espec\u00edficas de acessibilidade para participar das atividades acad\u00eamicas em condi\u00e7\u00f5es de igualdade. O \u201ccart\u00e3o de acessibilidade\u201d, que o estudante poder\u00e1 apresentar a gestores e professores, tem a fun\u00e7\u00e3o de complementar a comunica\u00e7\u00e3o do NAI com \u00f3rg\u00e3os acad\u00eamicos, docentes e servidores t\u00e9cnico-administrativos. As demandas espec\u00edficas podem ser, por exemplo, autoriza\u00e7\u00e3o para a grava\u00e7\u00e3o de aulas, uso de tablet ou notebook em sala, realiza\u00e7\u00e3o de prova oral, em formato adaptado ou com tempo estendido, uso de tecnologias assistivas, mobili\u00e1rios adaptados ou equipamentos de regula\u00e7\u00e3o sensorial, tradu\u00e7\u00e3o na L\u00edngua Brasileira de Sinais (Libras), entre outras.<\/p>\n\n\n\n<p>Para solicitar o cart\u00e3o de acessibilidade, o estudante deve entrar em contato com o NAI, no telefone <strong>3409-3927 <\/strong>ou por email <strong>nai@ufmg.br<\/strong>.<\/p>\n\n\n\n<h3 class=\"wp-block-heading\">Regime Acad\u00eamico Especial para Perman\u00eancia (RAEP)<\/h3>\n\n\n\n<p>O <a href=\"https:\/\/www.ufmg.br\/nai\/raep\/\" target=\"_blank\" rel=\"noreferrer noopener\">Regime Acad\u00eamico Especial para Perman\u00eancia<\/a> (RAEP) \u00e9 um mecanismo institucional, registrado por meio de ocorr\u00eancia acad\u00eamica, que tem por objetivo favorecer o prosseguimento e perman\u00eancia qualificada de pessoas e grupos mais vulner\u00e1veis que necessitam de suporte em raz\u00e3o de condi\u00e7\u00f5es espec\u00edficas. Ele permite a flexibiliza\u00e7\u00e3o de regras acad\u00eamicas e a adapta\u00e7\u00e3o de estrat\u00e9gias e recursos pedag\u00f3gicos, segundo as possibilidades operacionais e educativas da Universidade e necessidade do estudante.<\/p>\n\n\n\n<h3 class=\"wp-block-heading\">Forma\u00e7\u00e3o Transversal em Acessibilidade e Inclus\u00e3o<\/h3>\n\n\n\n<p>As\u00a0<a href=\"https:\/\/www.ufmg.br\/prograd\/formacao-transversal\/\" target=\"_blank\" rel=\"noreferrer noopener\">Forma\u00e7\u00f5es Transversais<\/a>\u00a0s\u00e3o estruturas formativas organizadas em torno de grandes tem\u00e1ticas, que possibilitam aos estudantes o aprofundamento do conhecimento em uma perspectiva cr\u00edtica e multifacetada. O objetivo geral da <a href=\"https:\/\/www.ufmg.br\/prograd\/arquivos\/FT\/ProjPedAcessibilidadeEInclus%C3%A3o\" target=\"_blank\" rel=\"noreferrer noopener\">Forma\u00e7\u00e3o Transversal em Acessibilidade e Inclus\u00e3o<\/a> \u00e9 promover a discuss\u00e3o, a reflex\u00e3o, a an\u00e1lise e a realiza\u00e7\u00e3o de trabalhos que focalizam a promo\u00e7\u00e3o da acessibilidade e inclus\u00e3o de pessoas com defici\u00eancia, abrangendo os mais diversos espa\u00e7os sociais e com contribui\u00e7\u00f5es de m\u00faltiplas \u00e1reas do conhecimento.<\/p>\n\n\n\n<h2 class=\"wp-block-heading\">Licenciatura em Letras-Libras<\/h2>\n\n\n\n<p>A partir de 2019, a UFMG come\u00e7ou a oferecer o <a href=\"https:\/\/libras.letras.ufmg.br\/\" target=\"_blank\" rel=\"noreferrer noopener\">curso de licenciatura em Letras-Libras<\/a>, um dos primeiros cursos de gradua\u00e7\u00e3o na \u00e1rea no pa\u00eds.&nbsp;A forma\u00e7\u00e3o oferece 30 vagas e os futuros profissionais atuar\u00e3o no ensino de Libras tanto para pessoas ouvintes, que querem aprender a Libras como segunda l\u00edngua, quanto para crian\u00e7as surdas, que t\u00eam direito de fazer seu percurso escolar com disciplinas na sua l\u00edngua materna, a l\u00edngua de sinais.<\/p>\n\n\n\n<figure class=\"wp-block-embed aligncenter is-type-video is-provider-youtube wp-block-embed-youtube wp-embed-aspect-16-9 wp-has-aspect-ratio\"><div class=\"wp-block-embed__wrapper\">\n<iframe loading=\"lazy\" title=\"Gradua\u00e7\u00e3o em Letras-Libras UFMG\" width=\"640\" height=\"360\" src=\"https:\/\/www.youtube.com\/embed\/g5iD6LbXrSQ?feature=oembed\" frameborder=\"0\" allow=\"accelerometer; autoplay; clipboard-write; encrypted-media; gyroscope; picture-in-picture; web-share\" referrerpolicy=\"strict-origin-when-cross-origin\" allowfullscreen><\/iframe>\n<\/div><\/figure>\n\n\n\n<p>Mais informa\u00e7\u00f5es sobre os processos seletivos para o curso de Letras Libras podem ser encontrdas no <a href=\"https:\/\/site.copeve.ufmg.br\/\" target=\"_blank\" rel=\"noreferrer noopener\">site da Comiss\u00e3o Permanente do Vestibular<\/a> (Copeve).<\/p>\n\n\n<?xml encoding=\"utf-8\"?><ul class=\"wp-block-ufmg-hub-links [&amp;&gt;li_a]:flex [&amp;&gt;li_a]:items-center [&amp;&gt;li_a]:justify-between [&amp;&gt;li_a]:bg-neutral-50 [&amp;&gt;li_a]:px-4 [&amp;&gt;li_a]:py-3 md:[&amp;&gt;li_a]:py-5 [&amp;&gt;li_a]:border-b [&amp;&gt;li_a]:border-b-neutral-200 [&amp;&gt;li_a]:text-primary-300 [&amp;&gt;li_a]:text-base md:[&amp;&gt;li_a]:text-lg [&amp;&gt;li_a]:font-lexend [&amp;&gt;li_a]:font-medium [&amp;&gt;li_a]:transition-colors [&amp;&gt;li_a&gt;i]:text-[1rem] md:[&amp;&gt;li_a&gt;i]:text-[1.5rem] hover:[&amp;&gt;li_a]:bg-neutral-100 hover:[&amp;&gt;li_a]:border-b-primary-300\"><li class=\" wp-block-navigation-item wp-block-navigation-link\"><a class=\"wp-block-navigation-item__content\" href=\"http:\/\/150.164.63.212:9000\/portal-novo-test\/vida-academica\/diversidade-e-inclusao\/apoio-a-permanencia\/\" target=\"_blank\"><span class=\"wp-block-navigation-item__label\">Apoio &agrave; Perman&ecirc;ncia<\/span><i class=\"ti ti-chevron-right\"><\/i><\/a><\/li>\n\n<li class=\" wp-block-navigation-item wp-block-navigation-link\"><a class=\"wp-block-navigation-item__content\" href=\"http:\/\/150.164.63.212:9000\/portal-novo-test\/vida-academica\/diversidade-e-inclusao\/\" target=\"_blank\"><span class=\"wp-block-navigation-item__label\">Diversidade e Inclus&atilde;o<\/span><i class=\"ti ti-chevron-right\"><\/i><\/a><\/li>\n\n<li class=\" wp-block-navigation-item wp-block-navigation-link\"><a class=\"wp-block-navigation-item__content\" href=\"https:\/\/www.ufmg.br\/nai\/o-nai\/\" target=\"_blank\"><span class=\"wp-block-navigation-item__label\">N&uacute;cleo de Acessibilidade e Inclus&atilde;o (NAI)<\/span><i class=\"ti ti-chevron-right\"><\/i><\/a><\/li>\n\n<li class=\" wp-block-navigation-item wp-block-navigation-link\"><a class=\"wp-block-navigation-item__content\" href=\"http:\/\/150.164.63.212:9000\/portal-novo-test\/transporte\/\" target=\"_blank\"><span class=\"wp-block-navigation-item__label\">Transporte<\/span><i class=\"ti ti-chevron-right\"><\/i><\/a><\/li><\/ul>\n","protected":false},"excerpt":{"rendered":"<p>As a\u00e7\u00f5es para a acessibilidade e a inclus\u00e3o na UFMG s\u00e3o guiadas por uma pol\u00edtica institucional coordenada pelo N\u00facleo de Acessibilidade e Inclus\u00e3o (NAI). O N\u00facleo \u00e9 respons\u00e1vel por propor, organizar, coordenar e executar a\u00e7\u00f5es que garantam a inclus\u00e3o, eliminando ou reduzindo barreiras pedag\u00f3gicas, arquitet\u00f4nicas, de comunica\u00e7\u00e3o e de acesso \u00e0 informa\u00e7\u00e3o. O trabalho do [&hellip;]<\/p>\n","protected":false},"author":1,"featured_media":0,"parent":9841,"menu_order":0,"comment_status":"closed","ping_status":"closed","template":"","meta":{"_acf_changed":false,"footnotes":""},"class_list":["post-3653","page","type-page","status-publish","hentry"],"acf":[],"_links":{"self":[{"href":"http:\/\/150.164.63.212:9000\/portal-novo-test\/wp-json\/wp\/v2\/pages\/3653","targetHints":{"allow":["GET"]}}],"collection":[{"href":"http:\/\/150.164.63.212:9000\/portal-novo-test\/wp-json\/wp\/v2\/pages"}],"about":[{"href":"http:\/\/150.164.63.212:9000\/portal-novo-test\/wp-json\/wp\/v2\/types\/page"}],"author":[{"embeddable":true,"href":"http:\/\/150.164.63.212:9000\/portal-novo-test\/wp-json\/wp\/v2\/users\/1"}],"replies":[{"embeddable":true,"href":"http:\/\/150.164.63.212:9000\/portal-novo-test\/wp-json\/wp\/v2\/comments?post=3653"}],"version-history":[{"count":0,"href":"http:\/\/150.164.63.212:9000\/portal-novo-test\/wp-json\/wp\/v2\/pages\/3653\/revisions"}],"up":[{"embeddable":true,"href":"http:\/\/150.164.63.212:9000\/portal-novo-test\/wp-json\/wp\/v2\/pages\/9841"}],"wp:attachment":[{"href":"http:\/\/150.164.63.212:9000\/portal-novo-test\/wp-json\/wp\/v2\/media?parent=3653"}],"curies":[{"name":"wp","href":"https:\/\/api.w.org\/{rel}","templated":true}]}}