{"id":3665,"date":"2025-09-24T13:19:34","date_gmt":"2025-09-24T16:19:34","guid":{"rendered":"http:\/\/150.164.63.212:9000\/portal-novo-test\/?page_id=3665"},"modified":"2025-11-18T13:34:10","modified_gmt":"2025-11-18T16:34:10","slug":"alimentacao-nos-campi","status":"publish","type":"page","link":"http:\/\/150.164.63.212:9000\/portal-novo-test\/servicos\/alimentacao-nos-campi\/","title":{"rendered":"Alimenta\u00e7\u00e3o nos campi"},"content":{"rendered":"\n<h2 class=\"wp-block-heading\">Restaurantes Universit\u00e1rios<\/h2>\n\n\n\n<p>A UFMG possui cinco Restaurantes Universit\u00e1rios (RUs), tamb\u00e9m conhecidos como bandej\u00f5es. Eles possuem a capacidade de fornecer, diariamente, mais de 13 mil refei\u00e7\u00f5es balanceadas e saud\u00e1veis, somando <a href=\"https:\/\/fump.ufmg.br\/programa-de-alimentacao\/\" target=\"_blank\" rel=\"noreferrer noopener\">caf\u00e9 da manh\u00e3, almo\u00e7o e jantar<\/a>.<\/p>\n\n\n\n<ul class=\"wp-block-list\">\n<li>Restaurante Universit\u00e1rio&nbsp;<a href=\"https:\/\/www.google.com.br\/maps\/place\/Restaurante+Universit%C3%A1rio+Setorial+I+-+UFMG\/@-19.8674732,-43.9665009,1335m\/data=!3m1!1e3!4m9!1m3!3m2!1s0x0000000000000000:0x134cf5a4b9456787!2sRestaurante+Setorial+I!3m4!1s0xa6912b84ff686f:0xbb4f9c210b3b9757!8m2!3d-19.8694882!4d-43.9600341\" target=\"_blank\" rel=\"noreferrer noopener\">Setorial I<\/a>&nbsp;e&nbsp;<a href=\"https:\/\/www.google.com.br\/maps\/place\/Restaurante+Universit%C3%A1rio+Setorial+2\/@-19.8700908,-43.9670259,218m\/data=!3m1!1e3!4m5!1m2!2m1!1sRestaurante+Setorial+II!3m1!1s0x0000000000000000:0xd5ea31ac15e4649c!6m1!1e1\" target=\"_blank\" rel=\"noreferrer noopener\">Setorial II<\/a>, no campus Pampulha;<\/li>\n\n\n\n<li>Restaurante Universit\u00e1rio do&nbsp;<a href=\"https:\/\/www.google.com.br\/maps\/place\/Fump+-+Restaurante+Universit%C3%A1rio+campus+Sa%C3%BAde\/@-19.9250888,-43.9300962,19z\/data=!4m7!1m4!3m3!1s0xa699ec2b3b754b:0x821c6212a36dc4f1!2sAv.+Prof.+Alfredo+Balena,+Belo+Horizonte+-+MG!3b1!3m1!1s0x0000000000000000:0x7d0733f18ccf7c0b\" target=\"_blank\" rel=\"noreferrer noopener\">Campus Sa\u00fade<\/a>;<\/li>\n\n\n\n<li>Restaurante Universit\u00e1rio da&nbsp;<a href=\"https:\/\/www.google.com.br\/maps\/place\/Av.+%C3%81lvares+Cabral,+211+-+Centro,+Belo+Horizonte+-+MG\/@-19.9255524,-43.9390733,17z\/data=!3m1!4b1!4m2!3m1!1s0xa699e6843b08eb:0x79e00f13b28bba5e\" target=\"_blank\" rel=\"noreferrer noopener\">Faculdade de Direito<\/a>;<\/li>\n\n\n\n<li>Restaurante Universit\u00e1rio do&nbsp;<a href=\"https:\/\/www.google.com.br\/maps\/place\/Fump+-+Restaurante+Universit%C3%A1rio+ICA\/@-16.6805773,-43.8456186,16z\/data=!4m5!1m2!2m1!1sAv.+Universit%C3%A1ria,+1000,+Bairro+Universit%C3%A1rio+-+Montes+Claros+-+MG+!3m1!1s0x754aba4d4c63a73:0x14eef294c9e7aaff\" target=\"_blank\" rel=\"noreferrer noopener\">Campus Montes Claros<\/a>.<\/li>\n<\/ul>\n\n\n\n<p>Qualquer pessoa pode se alimentar nos bandej\u00f5es, mas os valores cobrados s\u00e3o diferentes dependendo do v\u00ednculo com a UFMG.<\/p>\n\n\n\n<figure class=\"wp-block-table\"><table class=\"has-fixed-layout\"><thead><tr><th>V\u00ednculo<\/th><th>Valor<\/th><\/tr><\/thead><tbody><tr><td>Estudantes posicionados pela Fump no n\u00edvel I<\/td><td>Gratuito<\/td><\/tr><tr><td>Estudantes posicionados pela Fump nos n\u00edveis II e III<\/td><td>R$ 1,00<\/td><\/tr><tr><td>Estudantes posicionados pela Fump no n\u00edvel IV-A<\/td><td>R$ 2,00<\/td><\/tr><tr><td>Estudantes posicionados pela Fump no n\u00edvel IV-B<\/td><td>R$ 2,90<\/td><\/tr><tr><td>Estudantes regularmente matriculados na UFMG e que n\u00e3o s\u00e3o posicionados pela Fump<\/td><td>R$ 5,60<\/td><\/tr><tr><td>Servidores t\u00e9cnico-administrativos em educa\u00e7\u00e3o<\/td><td>R$ 8,50<\/td><\/tr><tr><td>Prestadores de servi\u00e7os terceirizados vinculados aos contratos gerenciados pela Pr\u00f3-reitoria de Administra\u00e7\u00e3o (PRA)<\/td><td>R$ 8,50<\/td><\/tr><tr><td>Servidores docentes e usu\u00e1rios especiais<\/td><td>R$ 13,00<\/td><\/tr><tr><td>Visitantes<\/td><td>R$ 17,50<\/td><\/tr><\/tbody><\/table><figcaption class=\"wp-element-caption\"><em>Tabela de pre\u00e7os praticados desde fevereiro de 2024<\/em><\/figcaption><\/figure>\n\n\n\n<p>Os caf\u00e9s da manh\u00e3 s\u00e3o servidos apenas aos posicionados n\u00edveis I, II e III, no campus Pampulha (Setorial II) e nos campi Sa\u00fade e Montes Claros, de forma gratuita.<\/p>\n\n\n\n<div class=\"wp-block-ufmg-cards grid grid-cols-1 lg:grid-cols-cards gap-8\">\n\t<div class=\"flex flex-col gap-6 p-6 md:py-8 border border-neutral-200 rounded-lg\">\n\n\t\t\t\t\t<h2 class=\"pl-2 border-l-2 border-l-primary-400 text-neutral-600 text-xl md:text-2xl font-semibold\">\n\t\t\t\tCard\u00e1pio do Dia\t\t\t<\/h2>\n\t\t\n\t\t\t\t\t<p class=\"flex-1 text-base md:text-lg text-neutral-500\">\n\t\t\t\tDiariamente a Fump divulga o que ser\u00e1 servido em cada bandej\u00e3o\t\t\t<\/p>\n\t\t\n\t\t\t\t\t<a href=\"https:\/\/fump.ufmg.br\/cardapio-do-dia\/\" \t\t\t\tclass=\"w-fit ml-auto flex items-center gap-4 text-primary-300 font-lexend font-medium text-base md:text-lg\">\n\t\t\t\tAcesse aqui\t\t\t\t<i class=\"ti ti-chevron-right text-[1rem] md:text-[1.25rem]\"><\/i>\n\t\t\t<\/a>\n\t\t\t<\/div>\n\n\n\n\t<div class=\"flex flex-col gap-6 p-6 md:py-8 border border-neutral-200 rounded-lg\">\n\n\t\t\t\t\t<h2 class=\"pl-2 border-l-2 border-l-primary-400 text-neutral-600 text-xl md:text-2xl font-semibold\">\n\t\t\t\tHor\u00e1rio de Funcionamento\t\t\t<\/h2>\n\t\t\n\t\t\t\t\t<p class=\"flex-1 text-base md:text-lg text-neutral-500\">\n\t\t\t\tInforma\u00e7\u00f5es sobre o Programa de Alimenta\u00e7\u00e3o gerido pela Fump \t\t\t<\/p>\n\t\t\n\t\t\t\t\t<a href=\"https:\/\/fump.ufmg.br\/programa-de-alimentacao\/\" \t\t\t\tclass=\"w-fit ml-auto flex items-center gap-4 text-primary-300 font-lexend font-medium text-base md:text-lg\">\n\t\t\t\tAcesse aqui\t\t\t\t<i class=\"ti ti-chevron-right text-[1rem] md:text-[1.25rem]\"><\/i>\n\t\t\t<\/a>\n\t\t\t<\/div>\n<\/div>\n\n\n\n<p>Para comprovar o v\u00ednculo com a UFMG, os usu\u00e1rios devem apresentar a&nbsp;<a href=\"https:\/\/www.ufmg.br\/viverufmg\/primeiros-passos\/carteira-da-ufmg\/\" target=\"_blank\" rel=\"noreferrer noopener\">Carteira de Identifica\u00e7\u00e3o da UFMG<\/a>, que cont\u00e9m um c\u00f3digo interno de forma a permitir a identifica\u00e7\u00e3o autom\u00e1tica do pre\u00e7o da refei\u00e7\u00e3o do usu\u00e1rio, de acordo com sua categoria.<\/p>\n\n\n\n<p>Os novos estudantes que ainda n\u00e3o possu\u00edrem a Carteira de Identifica\u00e7\u00e3o devem apresentar o comprovante de matr\u00edcula e um documento oficial de identifica\u00e7\u00e3o com foto.<\/p>\n\n\n\n<h2 class=\"wp-block-heading\">Lanchonetes e Restaurantes Terceirizados<\/h2>\n\n\n\n<p>Os campi da UFMG contam com restaurantes e lanchonetes terceirizados em unidades acad\u00eamicas e \u00f3rg\u00e3os administrativos.&nbsp;Procure saber quais op\u00e7\u00f5es existem pr\u00f3ximas a sua unidade acad\u00eamica e nos locais que frequenta dentro do campus.<\/p>\n\n\n\n<p>Se precisar, fale com o setor de fiscaliza\u00e7\u00e3o dos estabelecimentos pelo e-mail&nbsp;<a href=\"mailto:sfiscal@dsg.ufmg.br\">sfiscal@dsg.ufmg.br<\/a>.<br><\/p>\n\n\n\n<figure class=\"wp-block-embed is-type-video is-provider-youtube wp-block-embed-youtube wp-embed-aspect-16-9 wp-has-aspect-ratio\"><div class=\"wp-block-embed__wrapper\">\n<iframe loading=\"lazy\" title=\"UFMG: Restaurantes Universit\u00e1rios\" width=\"640\" height=\"360\" src=\"https:\/\/www.youtube.com\/embed\/QGuqOZnxeC4?feature=oembed\" frameborder=\"0\" allow=\"accelerometer; autoplay; clipboard-write; encrypted-media; gyroscope; picture-in-picture; web-share\" referrerpolicy=\"strict-origin-when-cross-origin\" allowfullscreen><\/iframe>\n<\/div><\/figure>\n","protected":false},"excerpt":{"rendered":"<p>Restaurantes Universit\u00e1rios A UFMG possui cinco Restaurantes Universit\u00e1rios (RUs), tamb\u00e9m conhecidos como bandej\u00f5es. Eles possuem a capacidade de fornecer, diariamente, mais de 13 mil refei\u00e7\u00f5es balanceadas e saud\u00e1veis, somando caf\u00e9 da manh\u00e3, almo\u00e7o e jantar. Qualquer pessoa pode se alimentar nos bandej\u00f5es, mas os valores cobrados s\u00e3o diferentes dependendo do v\u00ednculo com a UFMG. V\u00ednculo [&hellip;]<\/p>\n","protected":false},"author":1,"featured_media":0,"parent":6715,"menu_order":0,"comment_status":"closed","ping_status":"closed","template":"","meta":{"_acf_changed":false,"footnotes":""},"class_list":["post-3665","page","type-page","status-publish","hentry"],"acf":[],"_links":{"self":[{"href":"http:\/\/150.164.63.212:9000\/portal-novo-test\/wp-json\/wp\/v2\/pages\/3665","targetHints":{"allow":["GET"]}}],"collection":[{"href":"http:\/\/150.164.63.212:9000\/portal-novo-test\/wp-json\/wp\/v2\/pages"}],"about":[{"href":"http:\/\/150.164.63.212:9000\/portal-novo-test\/wp-json\/wp\/v2\/types\/page"}],"author":[{"embeddable":true,"href":"http:\/\/150.164.63.212:9000\/portal-novo-test\/wp-json\/wp\/v2\/users\/1"}],"replies":[{"embeddable":true,"href":"http:\/\/150.164.63.212:9000\/portal-novo-test\/wp-json\/wp\/v2\/comments?post=3665"}],"version-history":[{"count":0,"href":"http:\/\/150.164.63.212:9000\/portal-novo-test\/wp-json\/wp\/v2\/pages\/3665\/revisions"}],"up":[{"embeddable":true,"href":"http:\/\/150.164.63.212:9000\/portal-novo-test\/wp-json\/wp\/v2\/pages\/6715"}],"wp:attachment":[{"href":"http:\/\/150.164.63.212:9000\/portal-novo-test\/wp-json\/wp\/v2\/media?parent=3665"}],"curies":[{"name":"wp","href":"https:\/\/api.w.org\/{rel}","templated":true}]}}