{"id":3678,"date":"2025-09-10T14:42:13","date_gmt":"2025-09-10T17:42:13","guid":{"rendered":"http:\/\/150.164.63.212:9000\/portal-novo-test\/?page_id=3678"},"modified":"2025-10-08T14:11:56","modified_gmt":"2025-10-08T17:11:56","slug":"fundacoes-de-apoio","status":"publish","type":"page","link":"http:\/\/150.164.63.212:9000\/portal-novo-test\/a-universidade\/estrutura-organizacional\/fundacoes-de-apoio\/","title":{"rendered":"Funda\u00e7\u00f5es de Apoio"},"content":{"rendered":"\n<p>A UFMG conta com o suporte de funda\u00e7\u00f5es de apoio em projetos de ensino,\u00a0pesquisa, extens\u00e3o, de desenvolvimento institucional, cient\u00edfico e tecnol\u00f3gico e tamb\u00e9m no\u00a0est\u00edmulo \u00e0 inova\u00e7\u00e3o, inclusive na gest\u00e3o administrativa e financeira necess\u00e1rias \u00e0 execu\u00e7\u00e3o desses projetos, conforme\u00a0previsto na <a href=\"https:\/\/www.planalto.gov.br\/ccivil_03\/leis\/l8958.htm\" target=\"_blank\" rel=\"noreferrer noopener\">Lei n\u00ba 8.958 de 1994<\/a>, na <a href=\"https:\/\/www.planalto.gov.br\/ccivil_03\/_ato2004-2006\/2004\/lei\/l10.973.htm\" target=\"_blank\" rel=\"noreferrer noopener\">Lei n\u00ba 10.973 de 2004<\/a> e nos termos do\u00a0<a href=\"https:\/\/www.planalto.gov.br\/ccivil_03\/_ato2019-2022\/2021\/lei\/l14133.htm\" target=\"_blank\" rel=\"noreferrer noopener\">inciso XV do art. 75 da Lei 14.133 de 2021<\/a>.<\/p>\n\n\n\n<p>As funda\u00e7\u00f5es de apoio s\u00e3o credenciadas pelo Minist\u00e9rio da Educa\u00e7\u00e3o (MEC) e Minist\u00e9rio da Ci\u00eancia, Tecnologia e Inova\u00e7\u00e3o (MCTI), nos termos da <a href=\"https:\/\/ufmg.br\/storage\/8\/0\/1\/b\/801bff6c851a3defdfba0dc33e38856a_17477657660212_1619696097.pdf\" target=\"_blank\" rel=\"noreferrer noopener\">Resolu\u00e7\u00e3o n\u00ba 03 de 2025<\/a>, de 25 de mar\u00e7o de 2025 \u2013 que estabelece as normas gerais para o relacionamento institucional entre a UFMG e as Funda\u00e7\u00f5es de Apoio. Os acordos firmados entre as partes ser\u00e3o fiscalizados pela <a href=\"https:\/\/www.ufmg.br\/auditoria\/\" target=\"_blank\" rel=\"noreferrer noopener\">Auditoria Geral da UFMG<\/a>.<\/p>\n\n\n\n<div class=\"wp-block-ufmg-cards grid grid-cols-1 lg:grid-cols-cards gap-8\">\n\t<div class=\"flex flex-col gap-6 p-6 md:py-8 border border-neutral-200 rounded-lg\">\n\n\t\t\t\t\t<h2 class=\"pl-2 border-l-2 border-l-primary-400 text-neutral-600 text-xl md:text-2xl font-semibold\">\n\t\t\t\tContrata\u00e7\u00e3o de Funda\u00e7\u00e3o de Apoio\t\t\t<\/h2>\n\t\t\n\t\t\t\t\t<p class=\"flex-1 text-base md:text-lg text-neutral-500\">\n\t\t\t\tRegras, procedimentos e formul\u00e1rios para contrata\u00e7\u00e3o\t\t\t<\/p>\n\t\t\n\t\t\t\t\t<a href=\"https:\/\/www.ufmg.br\/proplan\/convenios\/contratacao_fundacao_de_apoio\/\" target=\"_blank\" rel=\"noopener noreferrer\"\t\t\t\tclass=\"w-fit ml-auto flex items-center gap-4 text-primary-300 font-lexend font-medium text-base md:text-lg\">\n\t\t\t\tAcesse aqui\t\t\t\t<i class=\"ti ti-chevron-right text-[1rem] md:text-[1.25rem]\"><\/i>\n\t\t\t<\/a>\n\t\t\t<\/div>\n<\/div>\n\n\n\n<h2 class=\"wp-block-heading\">Funda\u00e7\u00f5es de apoio da UFMG<\/h2>\n\n\n\n<div class=\"wp-block-ufmg-details-group\"><?xml encoding=\"utf-8\"?><details class=\"group\/accordion\"><summary class=\"flex gap-4 items-center bg-neutral-50 border-x border-t group-last-of-type\/accordion:border-b border-neutral-200 group-open\/accordion:border-primary-300 group-open\/accordion:bg-primary-300 p-3 group-[&amp;:first-of-type]\/accordion:rounded-t group-[&amp;:last-of-type]\/accordion:rounded-b group-open\/accordion:[&amp;:last-of-type]:rounded-b-none text-neutral-600 group-open\/accordion:text-neutral-50 text-lg font-semibold [&amp;&gt;i]:text-[1.5rem] group-open\/accordion:[&amp;&gt;i]:text-neutral-50 [&amp;&gt;i]:text-primary-300 group-open\/accordion:[&amp;&gt;i]:-rotate-180 [&amp;&gt;i]:transition-transform transition-colors cursor-pointer\"><span class=\"grow\">Funda&ccedil;&atilde;o Christiano Ottoni (FCO)<\/span><i class=\"ti ti-chevron-down\"><\/i><\/summary><div class=\"space-y-4 p-3 border-x group-[&amp;:last-of-type]\/accordion:border-b border-neutral-200 text-base text-neutral-400 group-[&amp;:last-of-type]\/accordion:rounded-bl group-[&amp;:last-of-type]\/accordion:rounded-br [&amp;_.wp-block-heading+p]:!mt-0\">\n<p>A Funda&ccedil;&atilde;o Christiano Ottoni, criada em 1974, &eacute; uma entidade educacional de apoio &agrave; UFMG, em especial &agrave; Escola de Engenharia. Sua atua&ccedil;&atilde;o est&aacute; especialmente relacionada aos projetos de pesquisa e desenvolvimento tecnol&oacute;gicos de processos e produtos, consultoria, laudos, per&iacute;cias e pareceres, estudos e prospec&ccedil;&atilde;o tecnol&oacute;gica, como tamb&eacute;m na oferta de cursos de especializa&ccedil;&atilde;o e de curta dura&ccedil;&atilde;o.<\/p>\n\n\n\n<p><a href=\"https:\/\/www.fco.org.br\/\" target=\"_blank\" rel=\"noreferrer noopener\">Site<\/a> | <a href=\"https:\/\/fco.conveniar.com.br\/portaltransparencia\/\" target=\"_blank\" rel=\"noreferrer noopener\">Portal da Transpar&ecirc;ncia<\/a><\/p>\n<\/div><\/details>\n\n\n<?xml encoding=\"utf-8\"?><details class=\"group\/accordion\"><summary class=\"flex gap-4 items-center bg-neutral-50 border-x border-t group-last-of-type\/accordion:border-b border-neutral-200 group-open\/accordion:border-primary-300 group-open\/accordion:bg-primary-300 p-3 group-[&amp;:first-of-type]\/accordion:rounded-t group-[&amp;:last-of-type]\/accordion:rounded-b group-open\/accordion:[&amp;:last-of-type]:rounded-b-none text-neutral-600 group-open\/accordion:text-neutral-50 text-lg font-semibold [&amp;&gt;i]:text-[1.5rem] group-open\/accordion:[&amp;&gt;i]:text-neutral-50 [&amp;&gt;i]:text-primary-300 group-open\/accordion:[&amp;&gt;i]:-rotate-180 [&amp;&gt;i]:transition-transform transition-colors cursor-pointer\"><span class=\"grow\">Funda&ccedil;&atilde;o de Apoio ao Ensino, Pesquisa e Extens&atilde;o (Fepe)<\/span><i class=\"ti ti-chevron-down\"><\/i><\/summary><div class=\"space-y-4 p-3 border-x group-[&amp;:last-of-type]\/accordion:border-b border-neutral-200 text-base text-neutral-400 group-[&amp;:last-of-type]\/accordion:rounded-bl group-[&amp;:last-of-type]\/accordion:rounded-br [&amp;_.wp-block-heading+p]:!mt-0\">\n<p>A Funda&ccedil;&atilde;o de Apoio ao Ensino, Pesquisa e Extens&atilde;o (Fepe), constitu&iacute;da em 1973, &eacute; uma funda&ccedil;&atilde;o de apoio &agrave; UFMG, em especial &agrave; Escola de Veterin&aacute;ria. A entidade&nbsp;realiza a gest&atilde;o de projetos com o objetivo de promover o desenvolvimento institucional da Universidade e de outras entidades p&uacute;blicas e privadas. A Funda&ccedil;&atilde;o tamb&eacute;m presta servi&ccedil;os &agrave; comunidade, al&eacute;m de promover a coopera&ccedil;&atilde;o com outras institui&ccedil;&otilde;es na &aacute;rea de sua compet&ecirc;ncia, a capta&ccedil;&atilde;o de projetos junto &agrave; iniciativa privada ou ag&ecirc;ncias financiadoras oficiais no Brasil e no exterior e a presta&ccedil;&atilde;o de servi&ccedil;os de consultoria e&nbsp;promo&ccedil;&atilde;o de eventos.<\/p>\n\n\n\n<p><a href=\"https:\/\/www.fepe.com.br\/\" target=\"_blank\" rel=\"noreferrer noopener\">Site<\/a> | <a href=\"https:\/\/fepe.conveniar.com.br\/portaltransparencia\/\" target=\"_blank\" rel=\"noreferrer noopener\">Portal da Transpar&ecirc;ncia<\/a><\/p>\n<\/div><\/details>\n\n\n<?xml encoding=\"utf-8\"?><details class=\"group\/accordion\"><summary class=\"flex gap-4 items-center bg-neutral-50 border-x border-t group-last-of-type\/accordion:border-b border-neutral-200 group-open\/accordion:border-primary-300 group-open\/accordion:bg-primary-300 p-3 group-[&amp;:first-of-type]\/accordion:rounded-t group-[&amp;:last-of-type]\/accordion:rounded-b group-open\/accordion:[&amp;:last-of-type]:rounded-b-none text-neutral-600 group-open\/accordion:text-neutral-50 text-lg font-semibold [&amp;&gt;i]:text-[1.5rem] group-open\/accordion:[&amp;&gt;i]:text-neutral-50 [&amp;&gt;i]:text-primary-300 group-open\/accordion:[&amp;&gt;i]:-rotate-180 [&amp;&gt;i]:transition-transform transition-colors cursor-pointer\"><span class=\"grow\">Funda&ccedil;&atilde;o de Desenvolvimento da Pesquisa (Fundep)<\/span><i class=\"ti ti-chevron-down\"><\/i><\/summary><div class=\"space-y-4 p-3 border-x group-[&amp;:last-of-type]\/accordion:border-b border-neutral-200 text-base text-neutral-400 group-[&amp;:last-of-type]\/accordion:rounded-bl group-[&amp;:last-of-type]\/accordion:rounded-br [&amp;_.wp-block-heading+p]:!mt-0\">\n<p>A Funda&ccedil;&atilde;o de Desenvolvimento da Pesquisa (Fundep), criada em 1975, realiza o gerenciamento administrativo e financeiro de projetos de pesquisa, ensino, extens&atilde;o e de desenvolvimento institucional da UFMG e de diversos centros de pesquisa e ensino do pa&iacute;s. Dentre os seus servi&ccedil;os de destaque constam: elabora&ccedil;&atilde;o de propostas, capta&ccedil;&atilde;o de recursos, compras, importa&ccedil;&otilde;es, contrata&ccedil;&atilde;o de pessoal, assessoria jur&iacute;dica, presta&ccedil;&atilde;o de contas e gest&atilde;o de concursos.<\/p>\n\n\n\n<p><strong><a href=\"http:\/\/www.fundep.ufmg.br\/\" target=\"_blank\" rel=\"noreferrer noopener\">Site<\/a>&nbsp;|&nbsp;<\/strong><a href=\"http:\/\/transparencia.fundep.ufmg.br\/\" target=\"_blank\" rel=\"noreferrer noopener\">Portal da Transpar&ecirc;ncia<\/a><\/p>\n<\/div><\/details>\n\n\n<?xml encoding=\"utf-8\"?><details class=\"group\/accordion\"><summary class=\"flex gap-4 items-center bg-neutral-50 border-x border-t group-last-of-type\/accordion:border-b border-neutral-200 group-open\/accordion:border-primary-300 group-open\/accordion:bg-primary-300 p-3 group-[&amp;:first-of-type]\/accordion:rounded-t group-[&amp;:last-of-type]\/accordion:rounded-b group-open\/accordion:[&amp;:last-of-type]:rounded-b-none text-neutral-600 group-open\/accordion:text-neutral-50 text-lg font-semibold [&amp;&gt;i]:text-[1.5rem] group-open\/accordion:[&amp;&gt;i]:text-neutral-50 [&amp;&gt;i]:text-primary-300 group-open\/accordion:[&amp;&gt;i]:-rotate-180 [&amp;&gt;i]:transition-transform transition-colors cursor-pointer\"><span class=\"grow\">Funda&ccedil;&atilde;o Instituto de Pesquisas Econ&ocirc;micas, Administrativas e Cont&aacute;beis de Minas Gerais (Ipead)<\/span><i class=\"ti ti-chevron-down\"><\/i><\/summary><div class=\"space-y-4 p-3 border-x group-[&amp;:last-of-type]\/accordion:border-b border-neutral-200 text-base text-neutral-400 group-[&amp;:last-of-type]\/accordion:rounded-bl group-[&amp;:last-of-type]\/accordion:rounded-br [&amp;_.wp-block-heading+p]:!mt-0\">\n<p>A Funda&ccedil;&atilde;o Instituto de Pesquisas Econ&ocirc;micas, Administrativas e Cont&aacute;beis de Minas Gerais (Ipead), criada em 1948, presta apoio &agrave;s atividades de pesquisa, ensino, extens&atilde;o e desenvolvimento institucional da Faculdade de Ci&ecirc;ncias Econ&ocirc;micas. A entidade tamb&eacute;m realiza pesquisas, cursos, estudos te&oacute;ricos e aplicados, servi&ccedil;os de consultoria e assessoria, al&eacute;m de ministrar treinamentos especializados com objetivo cient&iacute;fico ou profissional, relacionados &agrave;s ci&ecirc;ncias econ&ocirc;micas, administrativas, cont&aacute;beis, demogr&aacute;ficas e afins.<\/p>\n\n\n\n<p><a href=\"https:\/\/www.ipead.face.ufmg.br\/site\" target=\"_blank\" rel=\"noreferrer noopener\">Site<\/a> | <a href=\"https:\/\/ipead.conveniar.com.br\/portaltransparencia\/\" target=\"_blank\" rel=\"noreferrer noopener\">Portal da Transpar&ecirc;ncia<\/a><\/p>\n<\/div><\/details>\n\n\n<?xml encoding=\"utf-8\"?><details class=\"group\/accordion\"><summary class=\"flex gap-4 items-center bg-neutral-50 border-x border-t group-last-of-type\/accordion:border-b border-neutral-200 group-open\/accordion:border-primary-300 group-open\/accordion:bg-primary-300 p-3 group-[&amp;:first-of-type]\/accordion:rounded-t group-[&amp;:last-of-type]\/accordion:rounded-b group-open\/accordion:[&amp;:last-of-type]:rounded-b-none text-neutral-600 group-open\/accordion:text-neutral-50 text-lg font-semibold [&amp;&gt;i]:text-[1.5rem] group-open\/accordion:[&amp;&gt;i]:text-neutral-50 [&amp;&gt;i]:text-primary-300 group-open\/accordion:[&amp;&gt;i]:-rotate-180 [&amp;&gt;i]:transition-transform transition-colors cursor-pointer\"><span class=\"grow\">Funda&ccedil;&atilde;o Rodrigo Mello Franco de Andrade (FRMFA)<\/span><i class=\"ti ti-chevron-down\"><\/i><\/summary><div class=\"space-y-4 p-3 border-x group-[&amp;:last-of-type]\/accordion:border-b border-neutral-200 text-base text-neutral-400 group-[&amp;:last-of-type]\/accordion:rounded-bl group-[&amp;:last-of-type]\/accordion:rounded-br [&amp;_.wp-block-heading+p]:!mt-0\">\n<p>A Funda&ccedil;&atilde;o Rodrigo Mello Franco de Andrade (FRMFA) &eacute; uma funda&ccedil;&atilde;o espec&iacute;fica de apoio &agrave;s atividades de desenvolvimento e promo&ccedil;&atilde;o da &aacute;rea cultural em Tiradentes e em demais localidades do Estado. Em 2022 foi credenciada como funda&ccedil;&atilde;o de apoio &agrave; cultura da UFMG, tornando-se apta a gerir projetos, cursos, eventos e iniciativas das mais diversas &aacute;reas do conhecimento, considerando sua transversalidade no ensino, na pesquisa e na extens&atilde;o.<\/p>\n\n\n\n<p><a href=\"https:\/\/frmfa.com.br\/\" target=\"_blank\" rel=\"noreferrer noopener\">Site<\/a> | <a href=\"https:\/\/frmfa.com.br\/credenciamentos\/\" target=\"_blank\" rel=\"noreferrer noopener\">Portal da Transpar&ecirc;ncia<\/a><\/p>\n<\/div><\/details>\n\n\n<?xml encoding=\"utf-8\"?><details class=\"group\/accordion\"><summary class=\"flex gap-4 items-center bg-neutral-50 border-x border-t group-last-of-type\/accordion:border-b border-neutral-200 group-open\/accordion:border-primary-300 group-open\/accordion:bg-primary-300 p-3 group-[&amp;:first-of-type]\/accordion:rounded-t group-[&amp;:last-of-type]\/accordion:rounded-b group-open\/accordion:[&amp;:last-of-type]:rounded-b-none text-neutral-600 group-open\/accordion:text-neutral-50 text-lg font-semibold [&amp;&gt;i]:text-[1.5rem] group-open\/accordion:[&amp;&gt;i]:text-neutral-50 [&amp;&gt;i]:text-primary-300 group-open\/accordion:[&amp;&gt;i]:-rotate-180 [&amp;&gt;i]:transition-transform transition-colors cursor-pointer\"><span class=\"grow\">Funda&ccedil;&atilde;o Universit&aacute;ria Mendes Pimentel (Fump)<\/span><i class=\"ti ti-chevron-down\"><\/i><\/summary><div class=\"space-y-4 p-3 border-x group-[&amp;:last-of-type]\/accordion:border-b border-neutral-200 text-base text-neutral-400 group-[&amp;:last-of-type]\/accordion:rounded-bl group-[&amp;:last-of-type]\/accordion:rounded-br [&amp;_.wp-block-heading+p]:!mt-0\">\n<p>Al&eacute;m das funda&ccedil;&otilde;es de apoio, a UFMG conta tamb&eacute;m com o suporte da Funda&ccedil;&atilde;o Universit&aacute;ria Mendes Pimentel (Fump), de car&aacute;ter assistencial, que possui rela&ccedil;&atilde;o com a Universidade com amparo na <a href=\"https:\/\/www.planalto.gov.br\/ccivil_03\/_ato2011-2014\/2014\/lei\/l13019.htm\" target=\"_blank\" rel=\"noreferrer noopener\">Lei n&ordm; 13.019 de 2014<\/a>. Trata-se de uma institui&ccedil;&atilde;o controlada pela UFMG, cuja cria&ccedil;&atilde;o remonta a 1929, destinada a prestar assist&ecirc;ncia estudantil aos estudantes de baixa condi&ccedil;&atilde;o socioecon&ocirc;mica. A Fump desenvolve programas que visam facilitar o acesso &agrave; alimenta&ccedil;&atilde;o, sa&uacute;de, moradia, transporte, aquisi&ccedil;&atilde;o de material escolar e outros projetos que auxiliam estudantes a terem bom desempenho acad&ecirc;mico, reduzindo a evas&atilde;o na UFMG.<\/p>\n\n\n\n<p><a href=\"http:\/\/www.fump.ufmg.br\/\" target=\"_blank\" rel=\"noreferrer noopener\">Site<\/a> | <a href=\"https:\/\/portaldatransparencia.fump.ufmg.br\/\" target=\"_blank\" rel=\"noreferrer noopener\">Portal da Transpar&ecirc;ncia<\/a><\/p>\n<\/div><\/details>\n<\/div>\n","protected":false},"excerpt":{"rendered":"<p>A UFMG conta com o suporte de funda\u00e7\u00f5es de apoio em projetos de ensino,\u00a0pesquisa, extens\u00e3o, de desenvolvimento institucional, cient\u00edfico e tecnol\u00f3gico e tamb\u00e9m no\u00a0est\u00edmulo \u00e0 inova\u00e7\u00e3o, inclusive na gest\u00e3o administrativa e financeira necess\u00e1rias \u00e0 execu\u00e7\u00e3o desses projetos, conforme\u00a0previsto na Lei n\u00ba 8.958 de 1994, na Lei n\u00ba 10.973 de 2004 e nos termos do\u00a0inciso XV [&hellip;]<\/p>\n","protected":false},"author":1,"featured_media":0,"parent":2605,"menu_order":0,"comment_status":"closed","ping_status":"closed","template":"","meta":{"_acf_changed":false,"footnotes":""},"class_list":["post-3678","page","type-page","status-publish","hentry"],"acf":[],"_links":{"self":[{"href":"http:\/\/150.164.63.212:9000\/portal-novo-test\/wp-json\/wp\/v2\/pages\/3678","targetHints":{"allow":["GET"]}}],"collection":[{"href":"http:\/\/150.164.63.212:9000\/portal-novo-test\/wp-json\/wp\/v2\/pages"}],"about":[{"href":"http:\/\/150.164.63.212:9000\/portal-novo-test\/wp-json\/wp\/v2\/types\/page"}],"author":[{"embeddable":true,"href":"http:\/\/150.164.63.212:9000\/portal-novo-test\/wp-json\/wp\/v2\/users\/1"}],"replies":[{"embeddable":true,"href":"http:\/\/150.164.63.212:9000\/portal-novo-test\/wp-json\/wp\/v2\/comments?post=3678"}],"version-history":[{"count":0,"href":"http:\/\/150.164.63.212:9000\/portal-novo-test\/wp-json\/wp\/v2\/pages\/3678\/revisions"}],"up":[{"embeddable":true,"href":"http:\/\/150.164.63.212:9000\/portal-novo-test\/wp-json\/wp\/v2\/pages\/2605"}],"wp:attachment":[{"href":"http:\/\/150.164.63.212:9000\/portal-novo-test\/wp-json\/wp\/v2\/media?parent=3678"}],"curies":[{"name":"wp","href":"https:\/\/api.w.org\/{rel}","templated":true}]}}