{"id":3694,"date":"2025-09-02T13:20:29","date_gmt":"2025-09-02T16:20:29","guid":{"rendered":"http:\/\/150.164.63.212:9000\/portal-novo-test\/?page_id=3694"},"modified":"2025-09-22T12:08:49","modified_gmt":"2025-09-22T15:08:49","slug":"cursos","status":"publish","type":"page","link":"http:\/\/150.164.63.212:9000\/portal-novo-test\/cursos\/","title":{"rendered":"Cursos"},"content":{"rendered":"\n<p>A UFMG oferece ensino de excel\u00eancia nas modalidades de <a href=\"http:\/\/150.164.63.212:9000\/portal-novo-test\/?page_id=3744&amp;preview=true\" target=\"_blank\" rel=\"noreferrer noopener\">gradua\u00e7\u00e3o<\/a>, <a href=\"http:\/\/150.164.63.212:9000\/portal-novo-test\/?page_id=3746&amp;preview=true\" data-type=\"link\" data-id=\"http:\/\/150.164.63.212:9000\/portal-novo-test\/?page_id=3746&amp;preview=true\" target=\"_blank\" rel=\"noreferrer noopener\">p\u00f3s-gradua\u00e7\u00e3o<\/a>, <a href=\"http:\/\/150.164.63.212:9000\/portal-novo-test\/?page_id=3810&amp;preview=true\" target=\"_blank\" rel=\"noreferrer noopener\">educa\u00e7\u00e3o b\u00e1sica e profissional<\/a>, <a href=\"http:\/\/150.164.63.212:9000\/portal-novo-test\/?page_id=3809&amp;preview=true\" target=\"_blank\" rel=\"noreferrer noopener\">educa\u00e7\u00e3o a dist\u00e2ncia<\/a> e <a href=\"http:\/\/150.164.63.212:9000\/portal-novo-test\/cursos\/estude-na-ufmg\/cursos-de-extensao\/\" target=\"_blank\" rel=\"noreferrer noopener\">cursos de extens\u00e3o<\/a>.<\/p>\n\n\n\n<p><\/p>\n","protected":false},"excerpt":{"rendered":"<p>A UFMG oferece ensino de excel\u00eancia nas modalidades de gradua\u00e7\u00e3o, p\u00f3s-gradua\u00e7\u00e3o, educa\u00e7\u00e3o b\u00e1sica e profissional, educa\u00e7\u00e3o a dist\u00e2ncia e cursos de extens\u00e3o.<\/p>\n","protected":false},"author":1,"featured_media":0,"parent":0,"menu_order":0,"comment_status":"closed","ping_status":"closed","template":"page-templates\/page-course.php","meta":{"_acf_changed":true,"footnotes":""},"class_list":["post-3694","page","type-page","status-publish","hentry"],"acf":[],"_links":{"self":[{"href":"http:\/\/150.164.63.212:9000\/portal-novo-test\/wp-json\/wp\/v2\/pages\/3694","targetHints":{"allow":["GET"]}}],"collection":[{"href":"http:\/\/150.164.63.212:9000\/portal-novo-test\/wp-json\/wp\/v2\/pages"}],"about":[{"href":"http:\/\/150.164.63.212:9000\/portal-novo-test\/wp-json\/wp\/v2\/types\/page"}],"author":[{"embeddable":true,"href":"http:\/\/150.164.63.212:9000\/portal-novo-test\/wp-json\/wp\/v2\/users\/1"}],"replies":[{"embeddable":true,"href":"http:\/\/150.164.63.212:9000\/portal-novo-test\/wp-json\/wp\/v2\/comments?post=3694"}],"version-history":[{"count":0,"href":"http:\/\/150.164.63.212:9000\/portal-novo-test\/wp-json\/wp\/v2\/pages\/3694\/revisions"}],"wp:attachment":[{"href":"http:\/\/150.164.63.212:9000\/portal-novo-test\/wp-json\/wp\/v2\/media?parent=3694"}],"curies":[{"name":"wp","href":"https:\/\/api.w.org\/{rel}","templated":true}]}}