{"id":3734,"date":"2025-09-12T09:16:41","date_gmt":"2025-09-12T12:16:41","guid":{"rendered":"http:\/\/150.164.63.212:9000\/portal-novo-test\/?page_id=3734"},"modified":"2025-10-31T12:58:12","modified_gmt":"2025-10-31T15:58:12","slug":"cursos-de-extensao","status":"publish","type":"page","link":"http:\/\/150.164.63.212:9000\/portal-novo-test\/cursos\/estude-na-ufmg\/cursos-de-extensao\/","title":{"rendered":"Cursos de Extens\u00e3o"},"content":{"rendered":"\n<p>A Universidade Federal de Minas Gerais (UFMG) oferece <a href=\"http:\/\/150.164.63.212:9000\/portal-novo-test\/extensao\/\" target=\"_blank\" rel=\"noreferrer noopener\">cursos e atividades de extens\u00e3o<\/a> abertos \u00e0 sociedade na modalidade de extens\u00e3o. As atividades s\u00e3o promovidas pelas Unidades Acad\u00eamicas e Unidades Especiais, em todas as \u00e1reas do conhecimento. A <a href=\"https:\/\/www.ufmg.br\/proex\/documentos\/politica-nacional-de-extensao-universitaria-pneu\/\" target=\"_blank\" rel=\"noreferrer noopener\">pol\u00edtica de extens\u00e3o<\/a> na UFMG \u00e9 gerenciada pela <a href=\"https:\/\/www.ufmg.br\/proex\/\" target=\"_blank\" rel=\"noreferrer noopener\">Pr\u00f3-reitoria de Extens\u00e3o<\/a> (Proex)<\/p>\n\n\n\n<div class=\"wp-block-ufmg-cards grid grid-cols-1 lg:grid-cols-cards gap-8\">\n\t<div class=\"flex flex-col gap-6 p-6 md:py-8 border border-neutral-200 rounded-lg\">\n\n\t\t\t\t\t<h2 class=\"pl-2 border-l-2 border-l-primary-400 text-neutral-600 text-xl md:text-2xl font-semibold\">\n\t\t\t\tIngresso em Extens\u00e3o\t\t\t<\/h2>\n\t\t\n\t\t\t\t\t<p class=\"flex-1 text-base md:text-lg text-neutral-500\">\n\t\t\t\tConhe\u00e7a as diferentes formas de ingresso nos cursos de extens\u00e3o da UFMG.\t\t\t<\/p>\n\t\t\n\t\t\t\t\t<a href=\"http:\/\/150.164.63.212:9000\/portal-novo-test\/?page_id=8531\" target=\"_blank\" rel=\"noopener noreferrer\"\t\t\t\tclass=\"w-fit ml-auto flex items-center gap-4 text-primary-300 font-lexend font-medium text-base md:text-lg\">\n\t\t\t\tAcesse aqui\t\t\t\t<i class=\"ti ti-chevron-right text-[1rem] md:text-[1.25rem]\"><\/i>\n\t\t\t<\/a>\n\t\t\t<\/div>\n\n\n\n\t<div class=\"flex flex-col gap-6 p-6 md:py-8 border border-neutral-200 rounded-lg\">\n\n\t\t\t\t\t<h2 class=\"pl-2 border-l-2 border-l-primary-400 text-neutral-600 text-xl md:text-2xl font-semibold\">\n\t\t\t\tOferta\t\t\t<\/h2>\n\t\t\n\t\t\t\t\t<p class=\"flex-1 text-base md:text-lg text-neutral-500\">\n\t\t\t\tConfira os cursos os cursos de extens\u00e3o ofertados.\t\t\t<\/p>\n\t\t\n\t\t\t\t\t<a href=\"https:\/\/www.cursoseeventos.ufmg.br\/CAE\/\" target=\"_blank\" rel=\"noopener noreferrer\"\t\t\t\tclass=\"w-fit ml-auto flex items-center gap-4 text-primary-300 font-lexend font-medium text-base md:text-lg\">\n\t\t\t\tAcesse aqui\t\t\t\t<i class=\"ti ti-chevron-right text-[1rem] md:text-[1.25rem]\"><\/i>\n\t\t\t<\/a>\n\t\t\t<\/div>\n<\/div>\n\n\n\n<div class=\"wp-block-ufmg-details-group\"><?xml encoding=\"utf-8\"?><details class=\"group\/accordion\"><summary class=\"flex gap-4 items-center bg-neutral-50 border-x border-t group-last-of-type\/accordion:border-b border-neutral-200 group-open\/accordion:border-primary-300 group-open\/accordion:bg-primary-300 p-3 group-[&amp;:first-of-type]\/accordion:rounded-t group-[&amp;:last-of-type]\/accordion:rounded-b group-open\/accordion:[&amp;:last-of-type]:rounded-b-none text-neutral-600 group-open\/accordion:text-neutral-50 text-lg font-semibold [&amp;&gt;i]:text-[1.5rem] group-open\/accordion:[&amp;&gt;i]:text-neutral-50 [&amp;&gt;i]:text-primary-300 group-open\/accordion:[&amp;&gt;i]:-rotate-180 [&amp;&gt;i]:transition-transform transition-colors cursor-pointer\"><span class=\"grow\">Cursos de extens&atilde;o ofertados pelos Centros de  Extens&atilde;o (Cenex)<\/span><i class=\"ti ti-chevron-down\"><\/i><\/summary><div class=\"space-y-4 p-3 border-x group-[&amp;:last-of-type]\/accordion:border-b border-neutral-200 text-base text-neutral-400 group-[&amp;:last-of-type]\/accordion:rounded-bl group-[&amp;:last-of-type]\/accordion:rounded-br [&amp;_.wp-block-heading+p]:!mt-0\">\n<p>Todas as Unidades Acad&ecirc;micas e as Unidades Especiais da UFMG possuem um Cenex, <a href=\"https:\/\/www.ufmg.br\/proex\/centros-de-extensao\/\" target=\"_blank\" rel=\"noreferrer noopener\">Centros de Extens&atilde;o<\/a> destinados a viabilizar a pol&iacute;tica de extens&atilde;o da Universidade. Esses Centros tamb&eacute;m visam mobilizar os estudantes e a sociedade a participar dos cursos, atividades e eventos de extens&atilde;o promovidos pelas Unidades.<\/p>\n\n\n\n<p>Para mais informa&ccedil;&otilde;es, acesse o <a href=\"https:\/\/www.cursoseeventos.ufmg.br\/CAE\/\" target=\"_blank\" rel=\"noreferrer noopener\">site do Cenex<\/a>.<\/p>\n<\/div><\/details>\n\n\n<?xml encoding=\"utf-8\"?><details class=\"group\/accordion\"><summary class=\"flex gap-4 items-center bg-neutral-50 border-x border-t group-last-of-type\/accordion:border-b border-neutral-200 group-open\/accordion:border-primary-300 group-open\/accordion:bg-primary-300 p-3 group-[&amp;:first-of-type]\/accordion:rounded-t group-[&amp;:last-of-type]\/accordion:rounded-b group-open\/accordion:[&amp;:last-of-type]:rounded-b-none text-neutral-600 group-open\/accordion:text-neutral-50 text-lg font-semibold [&amp;&gt;i]:text-[1.5rem] group-open\/accordion:[&amp;&gt;i]:text-neutral-50 [&amp;&gt;i]:text-primary-300 group-open\/accordion:[&amp;&gt;i]:-rotate-180 [&amp;&gt;i]:transition-transform transition-colors cursor-pointer\"><span class=\"grow\">Cursos de extens&atilde;o ofertados pela DEDD<\/span><i class=\"ti ti-chevron-down\"><\/i><\/summary><div class=\"space-y-4 p-3 border-x group-[&amp;:last-of-type]\/accordion:border-b border-neutral-200 text-base text-neutral-400 group-[&amp;:last-of-type]\/accordion:rounded-bl group-[&amp;:last-of-type]\/accordion:rounded-br [&amp;_.wp-block-heading+p]:!mt-0\">\n<p>A Diretoria de Educa&ccedil;&atilde;o a Dist&acirc;ncia e Educa&ccedil;&atilde;o Digital (DEDD) oferta cursos de extens&atilde;o a dist&acirc;ncia, ofertados semestralmente. A sele&ccedil;&atilde;o se d&aacute; mediante editais espec&iacute;ficos e n&atilde;o h&aacute; pr&eacute;-requisitos acerca da forma&ccedil;&atilde;o acad&ecirc;mica dos alunos.<\/p>\n\n\n\n<p>Para mais informa&ccedil;&otilde;es, acesse o <a href=\"https:\/\/www.ufmg.br\/dedd\/\" target=\"_blank\" rel=\"noreferrer noopener\">site da DEDD<\/a>.<\/p>\n<\/div><\/details>\n\n\n<?xml encoding=\"utf-8\"?><details class=\"group\/accordion\"><summary class=\"flex gap-4 items-center bg-neutral-50 border-x border-t group-last-of-type\/accordion:border-b border-neutral-200 group-open\/accordion:border-primary-300 group-open\/accordion:bg-primary-300 p-3 group-[&amp;:first-of-type]\/accordion:rounded-t group-[&amp;:last-of-type]\/accordion:rounded-b group-open\/accordion:[&amp;:last-of-type]:rounded-b-none text-neutral-600 group-open\/accordion:text-neutral-50 text-lg font-semibold [&amp;&gt;i]:text-[1.5rem] group-open\/accordion:[&amp;&gt;i]:text-neutral-50 [&amp;&gt;i]:text-primary-300 group-open\/accordion:[&amp;&gt;i]:-rotate-180 [&amp;&gt;i]:transition-transform transition-colors cursor-pointer\"><span class=\"grow\">Cursos de extens&atilde;o ofertados pela Rede de Museus<\/span><i class=\"ti ti-chevron-down\"><\/i><\/summary><div class=\"space-y-4 p-3 border-x group-[&amp;:last-of-type]\/accordion:border-b border-neutral-200 text-base text-neutral-400 group-[&amp;:last-of-type]\/accordion:rounded-bl group-[&amp;:last-of-type]\/accordion:rounded-br [&amp;_.wp-block-heading+p]:!mt-0\">\n<p>A Rede de Museus da UFMG constitui um programa de extens&atilde;o composto por diferentes projetos, como a&ccedil;&otilde;es arquiv&iacute;sticas, restaura&ccedil;&otilde;es, pesquisas, exposi&ccedil;&otilde;es, semin&aacute;rios, cursos, oficinas, entre outros. As atividades de extens&atilde;o promovidas pela Rede s&atilde;o abertas ao p&uacute;blico.<\/p>\n\n\n\n<p>Para mais informa&ccedil;&otilde;es, acesse o <a href=\"https:\/\/www.ufmg.br\/rededemuseus\/index.php\/cursos\/\" target=\"_blank\" rel=\"noreferrer noopener\">site da Rede de Museus<\/a>.<\/p>\n<\/div><\/details>\n\n\n<?xml encoding=\"utf-8\"?><details class=\"group\/accordion\"><summary class=\"flex gap-4 items-center bg-neutral-50 border-x border-t group-last-of-type\/accordion:border-b border-neutral-200 group-open\/accordion:border-primary-300 group-open\/accordion:bg-primary-300 p-3 group-[&amp;:first-of-type]\/accordion:rounded-t group-[&amp;:last-of-type]\/accordion:rounded-b group-open\/accordion:[&amp;:last-of-type]:rounded-b-none text-neutral-600 group-open\/accordion:text-neutral-50 text-lg font-semibold [&amp;&gt;i]:text-[1.5rem] group-open\/accordion:[&amp;&gt;i]:text-neutral-50 [&amp;&gt;i]:text-primary-300 group-open\/accordion:[&amp;&gt;i]:-rotate-180 [&amp;&gt;i]:transition-transform transition-colors cursor-pointer\"><span class=\"grow\">Cursos de extens&atilde;o ofertados pela Fepe<\/span><i class=\"ti ti-chevron-down\"><\/i><\/summary><div class=\"space-y-4 p-3 border-x group-[&amp;:last-of-type]\/accordion:border-b border-neutral-200 text-base text-neutral-400 group-[&amp;:last-of-type]\/accordion:rounded-bl group-[&amp;:last-of-type]\/accordion:rounded-br [&amp;_.wp-block-heading+p]:!mt-0\">\n<p>A Funda&ccedil;&atilde;o de Apoio ao Ensino, Pesquisa e Extens&atilde;o (Fepe) &eacute; uma entidade sem fins lucrativos, credenciada pelo Minist&eacute;rio da Educa&ccedil;&atilde;o (MEC) e pelo Minist&eacute;rio da Ci&ecirc;ncia e Tecnologia (MCT), que tem como objetivo gerenciar atividades de ensino, pesquisa, extens&atilde;o, cultura e de inova&ccedil;&atilde;o na UFMG e em institui&ccedil;&otilde;es credenciadas. A Fepe tamb&eacute;m oferece <a href=\"https:\/\/fepe.conveniar.com.br\/Eventos\/\" target=\"_blank\" rel=\"noreferrer noopener\">cursos e eventos de capacita&ccedil;&atilde;o<\/a>, sediados nas Unidades Acad&ecirc;micas da UFMG.<\/p>\n\n\n\n<p>Para mais informa&ccedil;&otilde;es, acesse o <a href=\"https:\/\/www.fepe.com.br\/\" target=\"_blank\" rel=\"noreferrer noopener\">site da Fepe<\/a>.<\/p>\n<\/div><\/details>\n\n\n<?xml encoding=\"utf-8\"?><details class=\"group\/accordion\"><summary class=\"flex gap-4 items-center bg-neutral-50 border-x border-t group-last-of-type\/accordion:border-b border-neutral-200 group-open\/accordion:border-primary-300 group-open\/accordion:bg-primary-300 p-3 group-[&amp;:first-of-type]\/accordion:rounded-t group-[&amp;:last-of-type]\/accordion:rounded-b group-open\/accordion:[&amp;:last-of-type]:rounded-b-none text-neutral-600 group-open\/accordion:text-neutral-50 text-lg font-semibold [&amp;&gt;i]:text-[1.5rem] group-open\/accordion:[&amp;&gt;i]:text-neutral-50 [&amp;&gt;i]:text-primary-300 group-open\/accordion:[&amp;&gt;i]:-rotate-180 [&amp;&gt;i]:transition-transform transition-colors cursor-pointer\"><span class=\"grow\">Cursos Intensivos de M&atilde;o de Obra Industrial <\/span><i class=\"ti ti-chevron-down\"><\/i><\/summary><div class=\"space-y-4 p-3 border-x group-[&amp;:last-of-type]\/accordion:border-b border-neutral-200 text-base text-neutral-400 group-[&amp;:last-of-type]\/accordion:rounded-bl group-[&amp;:last-of-type]\/accordion:rounded-br [&amp;_.wp-block-heading+p]:!mt-0\">\n<p>O&nbsp;<a href=\"https:\/\/www.cipmoi.eng.ufmg.br\/\" target=\"_blank\" rel=\"noreferrer noopener\">Curso Intensivo de Prepara&ccedil;&atilde;o de M&atilde;o de Obra Industrial<\/a>&nbsp;(CIPMOI) &eacute; um projeto de extens&atilde;o da Escola de Engenharia da UFMG com uma tradi&ccedil;&atilde;o de mais de 60 anos, sendo o projeto de Extens&atilde;o mais antigo em atividade na Universidade. Ele visa a qualifica&ccedil;&atilde;o profissional gratuita para o mercado de trabalho industrial e da constru&ccedil;&atilde;o civil.<\/p>\n\n\n\n<p>O projeto oferece regularmente cursos em &aacute;reas como Mestre de Obras, Eletricista Instalador Predial de Baixa Tens&atilde;o, Desenhista\/Cadista para Constru&ccedil;&atilde;o Civil e Tecnologia da Soldagem. O p&uacute;blico-alvo s&atilde;o trabalhadores que buscam aprimorar suas habilidades e n&atilde;o possuem curso superior.<\/p>\n\n\n\n<p>As forma&ccedil;&otilde;es combinam aulas te&oacute;ricas e pr&aacute;ticas e representam um forte compromisso da UFMG com a promo&ccedil;&atilde;o do trabalho e da tecnologia, facilitando o acesso igualit&aacute;rio a oportunidades de melhoria de qualidade de vida.<\/p>\n\n\n\n<p>Acesse mais informa&ccedil;&otilde;es&nbsp;<a href=\"https:\/\/www.cipmoi.eng.ufmg.br\/\" target=\"_blank\" rel=\"noreferrer noopener\">aqui<\/a>.<\/p>\n<\/div><\/details>\n<\/div>\n\n\n\n<h2 class=\"wp-block-heading\">Cursos preparat\u00f3rios<\/h2>\n\n\n\n<p>A UFMG oferece diversos cursos preparat\u00f3rios para futuros alunos garantirem sua vaga na Universidade.<\/p>\n\n\n<?xml encoding=\"utf-8\"?><ul class=\"wp-block-ufmg-hub-links [&amp;&gt;li_a]:flex [&amp;&gt;li_a]:items-center [&amp;&gt;li_a]:justify-between [&amp;&gt;li_a]:bg-neutral-50 [&amp;&gt;li_a]:px-4 [&amp;&gt;li_a]:py-3 md:[&amp;&gt;li_a]:py-5 [&amp;&gt;li_a]:border-b [&amp;&gt;li_a]:border-b-neutral-200 [&amp;&gt;li_a]:text-primary-300 [&amp;&gt;li_a]:text-base md:[&amp;&gt;li_a]:text-lg [&amp;&gt;li_a]:font-lexend [&amp;&gt;li_a]:font-medium [&amp;&gt;li_a]:transition-colors [&amp;&gt;li_a&gt;i]:text-[1rem] md:[&amp;&gt;li_a&gt;i]:text-[1.5rem] hover:[&amp;&gt;li_a]:bg-neutral-100 hover:[&amp;&gt;li_a]:border-b-primary-300\"><li class=\" wp-block-navigation-item wp-block-navigation-link\"><a class=\"wp-block-navigation-item__content\" href=\"https:\/\/www.instagram.com\/cursinhodomquixote\/?hl=pt\" target=\"_blank\"><span class=\"wp-block-navigation-item__label\">Dom Quixote<\/span><i class=\"ti ti-chevron-right\"><\/i><\/a><\/li>\n\n<li class=\" wp-block-navigation-item wp-block-navigation-link\"><a class=\"wp-block-navigation-item__content\" href=\"https:\/\/www.instagram.com\/cpequalizar\/\" target=\"_blank\"><span class=\"wp-block-navigation-item__label\">Equalizar<\/span><i class=\"ti ti-chevron-right\"><\/i><\/a><\/li>\n\n<li class=\" wp-block-navigation-item wp-block-navigation-link\"><a class=\"wp-block-navigation-item__content\" href=\"https:\/\/www.instagram.com\/faceduca\/\" target=\"_blank\"><span class=\"wp-block-navigation-item__label\">Face Educa<\/span><i class=\"ti ti-chevron-right\"><\/i><\/a><\/li>\n\n<li class=\" wp-block-navigation-item wp-block-navigation-link\"><a class=\"wp-block-navigation-item__content\" href=\"https:\/\/guimaraesrosa.org\/\" target=\"_blank\"><span class=\"wp-block-navigation-item__label\">Guimar&atilde;es Rosa<\/span><i class=\"ti ti-chevron-right\"><\/i><\/a><\/li>\n\n<li class=\" wp-block-navigation-item wp-block-navigation-link\"><a class=\"wp-block-navigation-item__content\" href=\"https:\/\/www.instagram.com\/cphumanizar\/\" target=\"_blank\"><span class=\"wp-block-navigation-item__label\">Humanizar Fafich<\/span><i class=\"ti ti-chevron-right\"><\/i><\/a><\/li>\n\n<li class=\" wp-block-navigation-item wp-block-navigation-link\"><a class=\"wp-block-navigation-item__content\" href=\"http:\/\/www.letras.ufmg.br\/padrao_cms\/?web=luciane&amp;lang=1&amp;page=3418&amp;menu=2219&amp;tipo=1\" target=\"_blank\"><span class=\"wp-block-navigation-item__label\">Projeto Pr&oacute;-imigrantes<\/span><i class=\"ti ti-chevron-right\"><\/i><\/a><\/li><\/ul>\n\n\n\n<h2 class=\"wp-block-heading\">Sistema de Informa\u00e7\u00e3o da Extens\u00e3o (Siex)<\/h2>\n\n\n\n<p>O Sistema de Informa\u00e7\u00e3o da Extens\u00e3o (Siex) permite que todos os projetos de extens\u00e3o desenvolvidos na UFMG sejam acessados pela comunidade. No sistema tamb\u00e9m podem ser localizados os cursos com&nbsp;<a href=\"https:\/\/sistemas.ufmg.br\/siex\/PesquisarAcoesComInscricaoAberta.do?tipo=1\" target=\"_blank\" rel=\"noreferrer noopener\">inscri\u00e7\u00f5es abertas<\/a>. Mais informa\u00e7\u00f5es podem ser acessadas no&nbsp;<a href=\"https:\/\/sistemas.ufmg.br\/siex\/PrincipalVisitante.do\" target=\"_blank\" rel=\"noreferrer noopener\">site do Siex<\/a>.<\/p>\n\n\n\n<h3 class=\"wp-block-heading\">Saiba mais:<\/h3>\n\n\n\n<p>Para mais informa\u00e7\u00f5es sobre os cursos de extens\u00e3o da UFMG, acesse o <a href=\"https:\/\/www.ufmg.br\/proex\/\" target=\"_blank\" rel=\"noreferrer noopener\">site da Pr\u00f3-reitoria de Extens\u00e3o<\/a> (Proex).<\/p>\n","protected":false},"excerpt":{"rendered":"<p>A Universidade Federal de Minas Gerais (UFMG) oferece cursos e atividades de extens\u00e3o abertos \u00e0 sociedade na modalidade de extens\u00e3o. As atividades s\u00e3o promovidas pelas Unidades Acad\u00eamicas e Unidades Especiais, em todas as \u00e1reas do conhecimento. A pol\u00edtica de extens\u00e3o na UFMG \u00e9 gerenciada pela Pr\u00f3-reitoria de Extens\u00e3o (Proex) Cursos preparat\u00f3rios A UFMG oferece diversos [&hellip;]<\/p>\n","protected":false},"author":1,"featured_media":0,"parent":6756,"menu_order":0,"comment_status":"closed","ping_status":"closed","template":"","meta":{"_acf_changed":false,"footnotes":""},"class_list":["post-3734","page","type-page","status-publish","hentry"],"acf":[],"_links":{"self":[{"href":"http:\/\/150.164.63.212:9000\/portal-novo-test\/wp-json\/wp\/v2\/pages\/3734","targetHints":{"allow":["GET"]}}],"collection":[{"href":"http:\/\/150.164.63.212:9000\/portal-novo-test\/wp-json\/wp\/v2\/pages"}],"about":[{"href":"http:\/\/150.164.63.212:9000\/portal-novo-test\/wp-json\/wp\/v2\/types\/page"}],"author":[{"embeddable":true,"href":"http:\/\/150.164.63.212:9000\/portal-novo-test\/wp-json\/wp\/v2\/users\/1"}],"replies":[{"embeddable":true,"href":"http:\/\/150.164.63.212:9000\/portal-novo-test\/wp-json\/wp\/v2\/comments?post=3734"}],"version-history":[{"count":0,"href":"http:\/\/150.164.63.212:9000\/portal-novo-test\/wp-json\/wp\/v2\/pages\/3734\/revisions"}],"up":[{"embeddable":true,"href":"http:\/\/150.164.63.212:9000\/portal-novo-test\/wp-json\/wp\/v2\/pages\/6756"}],"wp:attachment":[{"href":"http:\/\/150.164.63.212:9000\/portal-novo-test\/wp-json\/wp\/v2\/media?parent=3734"}],"curies":[{"name":"wp","href":"https:\/\/api.w.org\/{rel}","templated":true}]}}